{"id":148175,"date":"2025-04-30T14:53:24","date_gmt":"2025-04-30T19:53:24","guid":{"rendered":"https:\/\/www.acrartex.com\/acr-dashboard-traeningsmaterialer-og-videoer\/"},"modified":"2025-07-07T08:31:55","modified_gmt":"2025-07-07T13:31:55","slug":"acr-dashboard-traeningsmaterialer-og-videoer","status":"publish","type":"page","link":"https:\/\/www.acrartex.com\/da\/acr-dashboard-traeningsmaterialer-og-videoer\/","title":{"rendered":"ACR Dashboard \u2013 Tr\u00e6ningsmaterialer og videoer"},"content":{"rendered":"\n<p>Dette afsnit giver adgang til alt tilg\u00e6ngeligt tr\u00e6ningsmateriale og instruktionsvideoer. F\u00f8lgende emner d\u00e6kkes. Klik p\u00e5 det\/de \u00f8nskede link(e) for at se det tilsvarende tr\u00e6ningsmateriale:  <\/p>\n\n<ul class=\"wp-block-list\">\n<li><a href=\"https:\/\/youtu.be\/L7br3CPHPwU\">Ordreoversigt<\/a><\/li>\n<\/ul>\n\n<ul class=\"wp-block-list\">\n<li><a href=\"https:\/\/youtu.be\/r7Oe95T5KNo\">Ordrevurdering og -afgivelse<\/a><\/li>\n<\/ul>\n\n<ul class=\"wp-block-list\">\n<li><a href=\"https:\/\/youtu.be\/rPK8R9qxoKs\">Forsendelsessporing<\/a><\/li>\n<\/ul>\n\n<ul class=\"wp-block-list\">\n<li><a href=\"https:\/\/youtu.be\/_gZYs--VSpY\">Fakturaer og betalinger<\/a><\/li>\n<\/ul>\n\n<ul class=\"wp-block-list\">\n<li><a href=\"https:\/\/youtu.be\/Axsj0lCfM7U\">Produktkatalognavigation og kontoudtog<\/a><\/li>\n<\/ul>\n\n<p><\/p>\n\n<p>Hvis du har sp\u00f8rgsm\u00e5l, bekymringer eller \u00f8nsker at planl\u00e6gge en-til-en-tr\u00e6ning med din kundeservicemedarbejder, bedes du kontakte os p\u00e5 <strong>cs.dashboard@acrartex.com<\/strong> og fort\u00e6lle os, hvordan vi kan hj\u00e6lpe dig.<\/p>\n","protected":false},"excerpt":{"rendered":"<p>Dette afsnit giver adgang til alt tilg\u00e6ngeligt tr\u00e6ningsmateriale og instruktionsvideoer. F\u00f8lgende emner d\u00e6kkes. Klik p\u00e5 det\/de \u00f8nskede link(e) for at se det tilsvarende tr\u00e6ningsmateriale: Hvis du har sp\u00f8rgsm\u00e5l, bekymringer eller \u00f8nsker at planl\u00e6gge en-til-en-tr\u00e6ning med din kundeservicemedarbejder, bedes du kontakte os p\u00e5 cs.dashboard@acrartex.com og fort\u00e6lle os, hvordan vi kan hj\u00e6lpe dig.<\/p>\n","protected":false},"author":23,"featured_media":0,"parent":0,"menu_order":0,"comment_status":"closed","ping_status":"closed","template":"","meta":{"_acf_changed":false,"om_disable_all_campaigns":false,"footnotes":""},"class_list":["post-148175","page","type-page","status-publish","hentry"],"acf":[],"_links":{"self":[{"href":"https:\/\/www.acrartex.com\/da\/wp-json\/wp\/v2\/pages\/148175","targetHints":{"allow":["GET"]}}],"collection":[{"href":"https:\/\/www.acrartex.com\/da\/wp-json\/wp\/v2\/pages"}],"about":[{"href":"https:\/\/www.acrartex.com\/da\/wp-json\/wp\/v2\/types\/page"}],"author":[{"embeddable":true,"href":"https:\/\/www.acrartex.com\/da\/wp-json\/wp\/v2\/users\/23"}],"replies":[{"embeddable":true,"href":"https:\/\/www.acrartex.com\/da\/wp-json\/wp\/v2\/comments?post=148175"}],"version-history":[{"count":3,"href":"https:\/\/www.acrartex.com\/da\/wp-json\/wp\/v2\/pages\/148175\/revisions"}],"predecessor-version":[{"id":148496,"href":"https:\/\/www.acrartex.com\/da\/wp-json\/wp\/v2\/pages\/148175\/revisions\/148496"}],"wp:attachment":[{"href":"https:\/\/www.acrartex.com\/da\/wp-json\/wp\/v2\/media?parent=148175"}],"curies":[{"name":"wp","href":"https:\/\/api.w.org\/{rel}","templated":true}]}}