{"id":147293,"date":"2025-04-30T14:37:08","date_gmt":"2025-04-30T19:37:08","guid":{"rendered":"https:\/\/www.acrartex.com\/acr-dashboard-returneringer-til-kredit\/"},"modified":"2025-07-07T07:04:23","modified_gmt":"2025-07-07T12:04:23","slug":"acr-dashboard-returneringer-til-kredit","status":"publish","type":"page","link":"https:\/\/www.acrartex.com\/da\/acr-dashboard-returneringer-til-kredit\/","title":{"rendered":"ACR dashboard \u2013 Returneringer til kredit"},"content":{"rendered":"\n<ul class=\"wp-block-list\">\n<li>Indsendelse af en returneringsanmodning godkender ikke automatisk returnering af varen. N\u00e5r din anmodning er indsendt, vil din dedikerede kundeservicemedarbejder gennemg\u00e5 oplysningerne og anmode om forh\u00e5ndsgodkendelse for at starte returneringsprocessen. Du m\u00e5 kun returnere varen efter at have modtaget officiel returdokumentation og instruktioner.  <\/li>\n<\/ul>\n\n<ul class=\"wp-block-list\">\n<li>For at sikre, at din pakke sendes til den rigtige afdeling, skal du tydeligt skrive dit RMA-nummer efterfulgt af <strong>&#8220;\u2013 Kredit&#8221;<\/strong> p\u00e5 ydersiden af \u200b\u200bkassen. Pakker modtaget uden et RMA-nummer kan blive sat i karant\u00e6ne og p\u00e5lagt et ekspeditionsgebyr. <\/li>\n<\/ul>\n\n<ul class=\"wp-block-list\">\n<li>Alle returneringer med kreditgodkendelse er underlagt ACR &#8216;s inspektion. Afh\u00e6ngigt af \u00e5rsagen til returneringen og resultatet af inspektionen kan der opkr\u00e6ves et gebyr p\u00e5 op til 20%. <\/li>\n<\/ul>\n\n<ul class=\"wp-block-list\">\n<li>For trinvise instruktioner om, hvordan du indsender en returanmodning fra din ordre i dashboardet, henvises til de medf\u00f8lgende tr\u00e6ningsmaterialer.<\/li>\n<\/ul>\n\n<ul class=\"wp-block-list\">\n<li>Hvis du har brug for hj\u00e6lp, bedes du kontakte os p\u00e5 cs.dashboard@acrarex.com og inkludere alle relevante oplysninger for at sikre hurtig support.<\/li>\n<\/ul>\n","protected":false},"excerpt":{"rendered":"","protected":false},"author":23,"featured_media":0,"parent":0,"menu_order":0,"comment_status":"closed","ping_status":"closed","template":"","meta":{"_acf_changed":false,"om_disable_all_campaigns":false,"footnotes":""},"class_list":["post-147293","page","type-page","status-publish","hentry"],"acf":[],"_links":{"self":[{"href":"https:\/\/www.acrartex.com\/da\/wp-json\/wp\/v2\/pages\/147293","targetHints":{"allow":["GET"]}}],"collection":[{"href":"https:\/\/www.acrartex.com\/da\/wp-json\/wp\/v2\/pages"}],"about":[{"href":"https:\/\/www.acrartex.com\/da\/wp-json\/wp\/v2\/types\/page"}],"author":[{"embeddable":true,"href":"https:\/\/www.acrartex.com\/da\/wp-json\/wp\/v2\/users\/23"}],"replies":[{"embeddable":true,"href":"https:\/\/www.acrartex.com\/da\/wp-json\/wp\/v2\/comments?post=147293"}],"version-history":[{"count":1,"href":"https:\/\/www.acrartex.com\/da\/wp-json\/wp\/v2\/pages\/147293\/revisions"}],"predecessor-version":[{"id":147294,"href":"https:\/\/www.acrartex.com\/da\/wp-json\/wp\/v2\/pages\/147293\/revisions\/147294"}],"wp:attachment":[{"href":"https:\/\/www.acrartex.com\/da\/wp-json\/wp\/v2\/media?parent=147293"}],"curies":[{"name":"wp","href":"https:\/\/api.w.org\/{rel}","templated":true}]}}