{"id":147285,"date":"2025-04-30T14:47:27","date_gmt":"2025-04-30T19:47:27","guid":{"rendered":"https:\/\/www.acrartex.com\/acr-dashboard-returnering-af-garanti-og-reparationsproblemer\/"},"modified":"2025-07-07T07:03:16","modified_gmt":"2025-07-07T12:03:16","slug":"acr-dashboard-returnering-af-garanti-og-reparationsproblemer","status":"publish","type":"page","link":"https:\/\/www.acrartex.com\/da\/acr-dashboard-returnering-af-garanti-og-reparationsproblemer\/","title":{"rendered":"ACR Dashboard \u2013 Returnering af garanti- og reparationsproblemer"},"content":{"rendered":"\n<p>N\u00e5r du har gennemf\u00f8rt serviceanmodningen, modtager du et arbejdsordrenummer. Dette nummer autoriserer returneringen af \u200b\u200bdin enhed. Skriv venligst arbejdsordrenummeret tydeligt p\u00e5 ydersiden af \u200b\u200bkassen for at sikre, at din pakke leveres til den rette afdeling. Pakker modtaget uden et synligt arbejdsordrenummer vil blive forsinket, sat i karant\u00e6ne og p\u00e5lagt et servicegebyr.   <\/p>\n\n<p><strong>Returadresse<\/strong><br\/> ACR Electronics<br\/> 5757 Ravenswood Rd<br\/> Fort Lauderdale, Florida 33312<\/p>\n\n<p>Ved modtagelse vil din pakke blive sendt til den korrekte afdeling. Vores standardbehandlingstid er 30-45 dage. <\/p>\n\n<p>Hvis du har sp\u00f8rgsm\u00e5l, bedes du kontakte os p\u00e5 <strong><a href=\"mailto:returns@acrartex.com\">returns@acrartex.com<\/a><\/strong> , s\u00e5 vil en dedikeret kundesupportmedarbejder f\u00f8lge op med dig.<\/p>\n","protected":false},"excerpt":{"rendered":"<p>N\u00e5r du har gennemf\u00f8rt serviceanmodningen, modtager du et arbejdsordrenummer. Dette nummer autoriserer returneringen af \u200b\u200bdin enhed. Skriv venligst arbejdsordrenummeret tydeligt p\u00e5 ydersiden af \u200b\u200bkassen for at sikre, at din pakke leveres til den rette afdeling. Pakker modtaget uden et synligt arbejdsordrenummer vil blive forsinket, sat i karant\u00e6ne og p\u00e5lagt et servicegebyr. Returadresse ACR Electronics 5757 [&hellip;]<\/p>\n","protected":false},"author":23,"featured_media":0,"parent":0,"menu_order":0,"comment_status":"closed","ping_status":"closed","template":"","meta":{"_acf_changed":false,"om_disable_all_campaigns":false,"footnotes":""},"class_list":["post-147285","page","type-page","status-publish","hentry"],"acf":[],"_links":{"self":[{"href":"https:\/\/www.acrartex.com\/da\/wp-json\/wp\/v2\/pages\/147285","targetHints":{"allow":["GET"]}}],"collection":[{"href":"https:\/\/www.acrartex.com\/da\/wp-json\/wp\/v2\/pages"}],"about":[{"href":"https:\/\/www.acrartex.com\/da\/wp-json\/wp\/v2\/types\/page"}],"author":[{"embeddable":true,"href":"https:\/\/www.acrartex.com\/da\/wp-json\/wp\/v2\/users\/23"}],"replies":[{"embeddable":true,"href":"https:\/\/www.acrartex.com\/da\/wp-json\/wp\/v2\/comments?post=147285"}],"version-history":[{"count":1,"href":"https:\/\/www.acrartex.com\/da\/wp-json\/wp\/v2\/pages\/147285\/revisions"}],"predecessor-version":[{"id":147286,"href":"https:\/\/www.acrartex.com\/da\/wp-json\/wp\/v2\/pages\/147285\/revisions\/147286"}],"wp:attachment":[{"href":"https:\/\/www.acrartex.com\/da\/wp-json\/wp\/v2\/media?parent=147285"}],"curies":[{"name":"wp","href":"https:\/\/api.w.org\/{rel}","templated":true}]}}