{"id":147246,"date":"2025-04-30T15:07:49","date_gmt":"2025-04-30T20:07:49","guid":{"rendered":"https:\/\/www.acrartex.com\/acr-dashboard-ofte-stillede-spoergsmaal\/"},"modified":"2025-07-07T07:01:38","modified_gmt":"2025-07-07T12:01:38","slug":"acr-dashboard-ofte-stillede-spoergsmaal","status":"publish","type":"page","link":"https:\/\/www.acrartex.com\/da\/acr-dashboard-ofte-stillede-spoergsmaal\/","title":{"rendered":"ACR dashboard \u2013 Ofte stillede sp\u00f8rgsm\u00e5l"},"content":{"rendered":"\n<p><strong>Q:<\/strong> Hvad hvis jeg glemmer min adgangskode?<\/p>\n\n<p><strong>A:<\/strong> Send en e-mail til vores team p\u00e5 <a href=\"mailto:cs.dashboard@acrartex.com\">cs.dashboard@acrartex.com<\/a> , s\u00e5 sender vi dig din adgangskode.<\/p>\n\n<div style=\"height:20px\" aria-hidden=\"true\" class=\"wp-block-spacer\"><\/div>\n\n<p><strong>Q:<\/strong> Jeg er en enkelt bruger af min konto, men jeg vil gerne tilf\u00f8je flere personer fra min virksomhed, s\u00e5 de f\u00e5r adgang.<\/p>\n\n<p><strong>A:<\/strong> Vi kan oprette et brugernavn og en adgangskode til gruppen, som alle kan dele. Send en e-mail til vores kundeserviceteam p\u00e5 <a href=\"mailto:cs.dashboard@acrartex.com\">cs.dashboard@acrartex.com<\/a> med din anmodning, s\u00e5 f\u00f8lger vi op med dine nye oplysninger. <\/p>\n\n<p>Q: Hvem skal jeg kontakte, hvis jeg har problemer med kundeportalen?<\/p>\n\n<p>A: Vi har et dedikeret kundeserviceteam, der er klar til at hj\u00e6lpe dig. Send venligst en e-mail til cs.dashboard@acrartex.com med en beskrivelse af dit problem eller dine sp\u00f8rgsm\u00e5l. En af vores agenter vil svare inden for 2 arbejdstimer efter modtagelse af din e-mail.    <\/p>\n\n<p>Q: Hvem skal jeg kontakte, hvis jeg har sp\u00f8rgsm\u00e5l vedr\u00f8rende min faktura?<\/p>\n\n<p>A: Hvis du har sp\u00f8rgsm\u00e5l vedr\u00f8rende din faktura eller kontoudtog, bedes du sende en e-mail til <strong><a>ar@acrartex.com<\/a><\/strong> . Et medlem af vores \u00f8konomiteam vil gennemg\u00e5 din foresp\u00f8rgsel og kontakte dig direkte. <\/p>\n\n<p>Hvis dine sp\u00f8rgsm\u00e5l eller bekymringer vedr\u00f8rer kreditkortbetalinger foretaget via kundeportalen, bedes du kontakte <strong><a>cs.dashboard@acrartex.com<\/a><\/strong> . En kundeservicemedarbejder vil hj\u00e6lpe dig. <\/p>\n\n<p><\/p>\n","protected":false},"excerpt":{"rendered":"<p>Q: Hvad hvis jeg glemmer min adgangskode? A: Send en e-mail til vores team p\u00e5 cs.dashboard@acrartex.com , s\u00e5 sender vi dig din adgangskode. Q: Jeg er en enkelt bruger af min konto, men jeg vil gerne tilf\u00f8je flere personer fra min virksomhed, s\u00e5 de f\u00e5r adgang. A: Vi kan oprette et brugernavn og en adgangskode [&hellip;]<\/p>\n","protected":false},"author":23,"featured_media":0,"parent":0,"menu_order":0,"comment_status":"closed","ping_status":"closed","template":"","meta":{"_acf_changed":false,"om_disable_all_campaigns":false,"footnotes":""},"class_list":["post-147246","page","type-page","status-publish","hentry"],"acf":[],"_links":{"self":[{"href":"https:\/\/www.acrartex.com\/da\/wp-json\/wp\/v2\/pages\/147246","targetHints":{"allow":["GET"]}}],"collection":[{"href":"https:\/\/www.acrartex.com\/da\/wp-json\/wp\/v2\/pages"}],"about":[{"href":"https:\/\/www.acrartex.com\/da\/wp-json\/wp\/v2\/types\/page"}],"author":[{"embeddable":true,"href":"https:\/\/www.acrartex.com\/da\/wp-json\/wp\/v2\/users\/23"}],"replies":[{"embeddable":true,"href":"https:\/\/www.acrartex.com\/da\/wp-json\/wp\/v2\/comments?post=147246"}],"version-history":[{"count":1,"href":"https:\/\/www.acrartex.com\/da\/wp-json\/wp\/v2\/pages\/147246\/revisions"}],"predecessor-version":[{"id":147248,"href":"https:\/\/www.acrartex.com\/da\/wp-json\/wp\/v2\/pages\/147246\/revisions\/147248"}],"wp:attachment":[{"href":"https:\/\/www.acrartex.com\/da\/wp-json\/wp\/v2\/media?parent=147246"}],"curies":[{"name":"wp","href":"https:\/\/api.w.org\/{rel}","templated":true}]}}