{"id":146875,"date":"2021-02-26T09:20:08","date_gmt":"2021-02-26T14:20:08","guid":{"rendered":"https:\/\/www.acrartex.com\/kvalitet\/"},"modified":"2025-07-07T06:01:03","modified_gmt":"2025-07-07T11:01:03","slug":"kvalitet","status":"publish","type":"page","link":"https:\/\/www.acrartex.com\/da\/kvalitet\/","title":{"rendered":"Kvalitet"},"content":{"rendered":"\n<p>Hos ACR \/Artex bygger vi kvalitetsprodukter, velvidende at de bruges til at redde liv. I vores branche er videnskab altafg\u00f8rende: den leverer love, processer og p\u00e5lidelige resultater, som vi bruger til at overliste det uforudsigelige. Vores virksomheds eksistens er baseret p\u00e5 princippet om kontinuerlig forbedring. Vi er kr\u00e6vende, detaljerede og pr\u00e6cise. Du vil aldrig h\u00f8re os undskylde for at v\u00e6re alt for omhyggelige og besatte af kvalitet. Vi bruger enorme m\u00e6ngder tid p\u00e5 at finde nye m\u00e5der at udfordre vores produkter p\u00e5, fordi vi mener, at vores kunder fortjener intet andet end det absolut bedste. Vi designer produkter, der overg\u00e5r enhver regulering, som myndighederne s\u00e6tter os. Med andre ord begynder vores testindsats ofte, hvor myndighedernes standarder stopper. For os betyder kvalitet at kende den n\u00f8jagtige kemiske og metalliske sammens\u00e6tning af hver komponent i hvert eneste af vores produkter. Det betyder at udvikle tests for at validere alle de p\u00e5stande, vi frems\u00e6tter. Det betyder blankt at afvise enhver fejlrate, som vores konkurrenter anser for acceptabel. Kort sagt, hvis det ikke er det bedste, er det ikke ACR \/Artex. KVALITETSSTYRINGSSYSTEM Alle ACR Electronics , Inc. ( ACR \/Artex) aktiviteter er underlagt tilsyn fra Federal Aviation Administration (FAA) og periodiske revisioner i henhold til Federal Aviation Regulations (FAR). ACR kvalitetsstyringssystem (QMS) er dokumenteret i en kvalitetsmanual og procedurer, der er godkendt af FAA. Artex ELT produkter er godkendt af FAA i henhold til Technical Standard Orders (TSO), i henhold til den tilsvarende europ\u00e6iske kvalifikation \u2013 ETSO og andre regionale godkendelsesorganer. For bedre at kunne betjene vores kunder har ACR \/Artex en kontraktlig FAR-145-godkendt reparationsstation, der er underlagt separat FAA-godkendelse og -tilsyn. For at opfylde kravene fra vores OEM-kunder har ACR \/Artex registreret sit QMS i henhold til de internationale kvalitetssystemstandarder AS9100D (Aerospace) og ISO-9001: 2015. ACR &#8216;s registrator er TUV USA, Inc. og er opf\u00f8rt i Online Aerospace Supplier Information System (IAQG-OASIS) databasen.                 <\/p>\n\n<figure class=\"wp-block-image size-large\"><a href=\"https:\/\/www.acrartex.com\/wp-content\/uploads\/2022\/03\/image.png\"><img loading=\"lazy\" decoding=\"async\" width=\"1024\" height=\"111\" src=\"https:\/\/www.acrartex.com\/wp-content\/uploads\/2022\/03\/image-1024x111.png\" alt=\"\" class=\"wp-image-28338\" srcset=\"https:\/\/www.acrartex.com\/wp-content\/uploads\/2022\/03\/image-1024x111.png 1024w, https:\/\/www.acrartex.com\/wp-content\/uploads\/2022\/03\/image-300x32.png 300w, https:\/\/www.acrartex.com\/wp-content\/uploads\/2022\/03\/image-768x83.png 768w, https:\/\/www.acrartex.com\/wp-content\/uploads\/2022\/03\/image-600x65.png 600w, https:\/\/www.acrartex.com\/wp-content\/uploads\/2022\/03\/image.png 1339w\" sizes=\"auto, (max-width: 1024px) 100vw, 1024px\" \/><\/a><\/figure>\n\n<p><strong>Kvalitetscertificeringer:<\/strong><\/p>\n\n<p class=\"has-vivid-cyan-blue-color has-text-color\"><a href=\"https:\/\/www.dropbox.com\/scl\/fi\/v5ydoa395w61i3hb47e8e\/ISO-9001-and-AS9100D-Certification.pdf?rlkey=rigwfe1zbfejlavr32ovnocfi&amp;st=8vv015y7&amp;dl=1\">ISO 9001 og AS9100D certificering<\/a><\/p>\n\n<p class=\"has-vivid-cyan-blue-color has-text-color\"><a href=\"https:\/\/www.dropbox.com\/scl\/fi\/bj7464lwwz577bvvvuzfo\/FAA-Air-Agency-Certificate_Manufacturer-Maintenance-Facility.pdf?rlkey=ncqrwf5xvba8eystumuox5iqd&amp;dl=1\">FAA Air Agency-certifikat (producentens vedligeholdelsesanl\u00e6g)<\/a><\/p>\n\n<p class=\"has-vivid-cyan-blue-color has-text-color\"><a href=\"https:\/\/www.dropbox.com\/scl\/fi\/m1mtjkp8v5tdgi4oh2fbn\/FAA-Air-Agency-Certificate_Repair-Station.pdf?rlkey=jblwgu85vrjp3xhp8590ssb17&amp;dl=1\">FAA Air Agency-certifikat (reparationsstation)<\/a><\/p>\n\n<p class=\"has-vivid-cyan-blue-color has-text-color\"><a href=\"https:\/\/www.dropbox.com\/scl\/fi\/dh8quhkwvbp0tetyiudah\/FAA_Operations-Specifications.pdf?rlkey=odkhobvjvzjzu6ddwne4xmhyo&amp;dl=1\">FAA-operationsspecifikationer<\/a><\/p>\n\n<p class=\"has-vivid-cyan-blue-color has-text-color\"><a href=\"https:\/\/www.dropbox.com\/scl\/fi\/ssjmpyvgrgushnbb1diln\/EASA-Part-145__Approval-Renewal__pg-1-2___Expires-_01-June-2026.pdf?rlkey=v92tqo9evrpwgujiq6rbk9shy&amp;st=kg2trlrv&amp;dl=1\">EASA Del 145 Godkendelsescertifikat<\/a><\/p>\n","protected":false},"excerpt":{"rendered":"<p>Hos ACR \/Artex bygger vi kvalitetsprodukter, velvidende at de bruges til at redde liv. I vores branche er videnskab altafg\u00f8rende: den leverer love, processer og p\u00e5lidelige resultater, som vi bruger til at overliste det uforudsigelige. Vores virksomheds eksistens er baseret p\u00e5 princippet om kontinuerlig forbedring. Vi er kr\u00e6vende, detaljerede og pr\u00e6cise. Du vil aldrig h\u00f8re [&hellip;]<\/p>\n","protected":false},"author":2,"featured_media":0,"parent":0,"menu_order":0,"comment_status":"closed","ping_status":"closed","template":"","meta":{"_acf_changed":false,"om_disable_all_campaigns":false,"footnotes":""},"class_list":["post-146875","page","type-page","status-publish","hentry"],"acf":[],"_links":{"self":[{"href":"https:\/\/www.acrartex.com\/da\/wp-json\/wp\/v2\/pages\/146875","targetHints":{"allow":["GET"]}}],"collection":[{"href":"https:\/\/www.acrartex.com\/da\/wp-json\/wp\/v2\/pages"}],"about":[{"href":"https:\/\/www.acrartex.com\/da\/wp-json\/wp\/v2\/types\/page"}],"author":[{"embeddable":true,"href":"https:\/\/www.acrartex.com\/da\/wp-json\/wp\/v2\/users\/2"}],"replies":[{"embeddable":true,"href":"https:\/\/www.acrartex.com\/da\/wp-json\/wp\/v2\/comments?post=146875"}],"version-history":[{"count":1,"href":"https:\/\/www.acrartex.com\/da\/wp-json\/wp\/v2\/pages\/146875\/revisions"}],"predecessor-version":[{"id":146877,"href":"https:\/\/www.acrartex.com\/da\/wp-json\/wp\/v2\/pages\/146875\/revisions\/146877"}],"wp:attachment":[{"href":"https:\/\/www.acrartex.com\/da\/wp-json\/wp\/v2\/media?parent=146875"}],"curies":[{"name":"wp","href":"https:\/\/api.w.org\/{rel}","templated":true}]}}