{"id":146678,"date":"2021-06-08T23:12:50","date_gmt":"2021-06-09T04:12:50","guid":{"rendered":"https:\/\/www.acrartex.com\/registrer-beacon\/"},"modified":"2025-07-07T05:55:34","modified_gmt":"2025-07-07T10:55:34","slug":"registrer-beacon","status":"publish","type":"page","link":"https:\/\/www.acrartex.com\/da\/registrer-beacon\/","title":{"rendered":"Registrer beacon"},"content":{"rendered":"\n<p>Registrering af din 406 MHz EPIRB , Personal Locator Beacon ( PLB ) og Emergency Locator Transmitter ( ELT ) er afg\u00f8rende for at maksimere deres effektivitet i n\u00f8dsituationer. Registrering sikrer, at vigtige oplysninger om dig og dit fart\u00f8j eller personlige oplysninger er let tilg\u00e6ngelige for efters\u00f8gnings- og redningsmyndigheder i tilf\u00e6lde af en n\u00f8dsituation. Dette inkluderer kontaktoplysninger, fart\u00f8jets karakteristika og n\u00f8dkontakter, hvilket muligg\u00f8r en hurtigere og mere pr\u00e6cis reaktion. Desuden hj\u00e6lper registrering med at forhindre falske alarmer ved at give myndighederne mulighed for hurtigt at verificere n\u00f8dsignaler og prioritere reaktioner. Ved at tage det enkle trin at registrere din n\u00f8dsfyr \u00f8ger du sandsynligheden for en vellykket redningsaktion betydeligt og bidrager generelt til den maritime sikkerhed.    <\/p>\n","protected":false},"excerpt":{"rendered":"<p>Registrering af din 406 MHz EPIRB , Personal Locator Beacon ( PLB ) og Emergency Locator Transmitter ( ELT ) er afg\u00f8rende for at maksimere deres effektivitet i n\u00f8dsituationer. Registrering sikrer, at vigtige oplysninger om dig og dit fart\u00f8j eller personlige oplysninger er let tilg\u00e6ngelige for efters\u00f8gnings- og redningsmyndigheder i tilf\u00e6lde af en n\u00f8dsituation. Dette [&hellip;]<\/p>\n","protected":false},"author":8,"featured_media":0,"parent":0,"menu_order":0,"comment_status":"closed","ping_status":"closed","template":"","meta":{"_acf_changed":false,"om_disable_all_campaigns":false,"footnotes":""},"class_list":["post-146678","page","type-page","status-publish","hentry"],"acf":[],"_links":{"self":[{"href":"https:\/\/www.acrartex.com\/da\/wp-json\/wp\/v2\/pages\/146678","targetHints":{"allow":["GET"]}}],"collection":[{"href":"https:\/\/www.acrartex.com\/da\/wp-json\/wp\/v2\/pages"}],"about":[{"href":"https:\/\/www.acrartex.com\/da\/wp-json\/wp\/v2\/types\/page"}],"author":[{"embeddable":true,"href":"https:\/\/www.acrartex.com\/da\/wp-json\/wp\/v2\/users\/8"}],"replies":[{"embeddable":true,"href":"https:\/\/www.acrartex.com\/da\/wp-json\/wp\/v2\/comments?post=146678"}],"version-history":[{"count":1,"href":"https:\/\/www.acrartex.com\/da\/wp-json\/wp\/v2\/pages\/146678\/revisions"}],"predecessor-version":[{"id":146679,"href":"https:\/\/www.acrartex.com\/da\/wp-json\/wp\/v2\/pages\/146678\/revisions\/146679"}],"wp:attachment":[{"href":"https:\/\/www.acrartex.com\/da\/wp-json\/wp\/v2\/media?parent=146678"}],"curies":[{"name":"wp","href":"https:\/\/api.w.org\/{rel}","templated":true}]}}