{"id":146611,"date":"2021-11-11T11:17:36","date_gmt":"2021-11-11T16:17:36","guid":{"rendered":"https:\/\/www.acrartex.com\/406link\/"},"modified":"2025-07-07T05:49:08","modified_gmt":"2025-07-07T10:49:08","slug":"406link","status":"publish","type":"page","link":"https:\/\/www.acrartex.com\/da\/406link\/","title":{"rendered":"406Link"},"content":{"rendered":"\n<div class=\"wp-block-cover has-background-dim-10 has-background-dim\" style=\"min-height:230px;aspect-ratio:unset;\"><img loading=\"lazy\" decoding=\"async\" width=\"2560\" height=\"933\" class=\"wp-block-cover__image-background wp-image-22670\" alt=\"\" src=\"https:\/\/www.acrartex.com\/wp-content\/uploads\/2021\/08\/406Link-Landing-Page-Banner-2-scaled.jpg\" style=\"object-position:50% 24%\" data-object-fit=\"cover\" data-object-position=\"50% 24%\" srcset=\"https:\/\/www.acrartex.com\/wp-content\/uploads\/2021\/08\/406Link-Landing-Page-Banner-2-scaled.jpg 2560w, https:\/\/www.acrartex.com\/wp-content\/uploads\/2021\/08\/406Link-Landing-Page-Banner-2-300x109.jpg 300w, https:\/\/www.acrartex.com\/wp-content\/uploads\/2021\/08\/406Link-Landing-Page-Banner-2-1024x373.jpg 1024w, https:\/\/www.acrartex.com\/wp-content\/uploads\/2021\/08\/406Link-Landing-Page-Banner-2-768x280.jpg 768w, https:\/\/www.acrartex.com\/wp-content\/uploads\/2021\/08\/406Link-Landing-Page-Banner-2-1536x560.jpg 1536w, https:\/\/www.acrartex.com\/wp-content\/uploads\/2021\/08\/406Link-Landing-Page-Banner-2-2048x747.jpg 2048w, https:\/\/www.acrartex.com\/wp-content\/uploads\/2021\/08\/406Link-Landing-Page-Banner-2-600x219.jpg 600w\" sizes=\"auto, (max-width: 2560px) 100vw, 2560px\" \/><div class=\"wp-block-cover__inner-container is-layout-flow wp-block-cover-is-layout-flow\">\n<div class=\"wp-block-media-text alignwide is-stacked-on-mobile\" style=\"grid-template-columns:29% auto\"><figure class=\"wp-block-media-text__media\"><img loading=\"lazy\" decoding=\"async\" width=\"900\" height=\"900\" src=\"https:\/\/www.acrartex.com\/wp-content\/uploads\/2021\/08\/406Link-Logo.png\" alt=\"406Link-logo\" class=\"wp-image-22671 size-full\" srcset=\"https:\/\/www.acrartex.com\/wp-content\/uploads\/2021\/08\/406Link-Logo.png 900w, https:\/\/www.acrartex.com\/wp-content\/uploads\/2021\/08\/406Link-Logo-300x300.png 300w, https:\/\/www.acrartex.com\/wp-content\/uploads\/2021\/08\/406Link-Logo-150x150.png 150w, https:\/\/www.acrartex.com\/wp-content\/uploads\/2021\/08\/406Link-Logo-768x768.png 768w, https:\/\/www.acrartex.com\/wp-content\/uploads\/2021\/08\/406Link-Logo-600x600.png 600w, https:\/\/www.acrartex.com\/wp-content\/uploads\/2021\/08\/406Link-Logo-100x100.png 100w\" sizes=\"auto, (max-width: 900px) 100vw, 900px\" \/><\/figure><div class=\"wp-block-media-text__content\">\n<p class=\"has-white-color has-text-color has-large-font-size\"><strong>Forbedret GPS test og SMS-bekr\u00e6ftelse<\/strong><\/p>\n<\/div><\/div>\n\n\n\n<div class=\"wp-block-buttons is-content-justification-center is-layout-flex wp-block-buttons-is-layout-flex\" id=\"https:\/\/www.acrartex.com\/products\/406link-beacon-self-testing-service\/\">\n<div class=\"wp-block-button has-custom-width wp-block-button__width-25\"><a class=\"wp-block-button__link has-text-color has-background\" href=\"https:\/\/www.acrartex.com\/products\/406link-beacon-self-testing-service\/\" style=\"background:linear-gradient(135deg,rgb(202,248,128) 0%,rgb(234,255,73) 100%);color:#545454\"><strong>Abonner nu<\/strong><\/a><\/div>\n<\/div>\n<\/div><\/div>\n\n<h2 class=\"wp-block-heading\" id=\"h-new-406link-beacon-testing-messaging-subscription-service-for-epirbs-personal-locator-beacons-and-elts\"><strong>Ny abonnementstjeneste til 406Link Beacon-testning og -beskeder til EPIRB&#8217;er, personlige lokaliserings-beacons og ELT&#8217;er<\/strong><\/h2>\n\n<p>406Link er det f\u00f8rste og eneste avancerede satellittestsystem, der kan modtage selvtestmeddelelser fra din Personal Locator Beacon ( PLB ), EPIRB eller ARTEX 406 MHz n\u00f8dlokaliseringssender ( ELT ). Denne valgfrie abonnementstjeneste er designet til at forbedre funktionaliteten af \u200b\u200bdin beacon og give dig og dine k\u00e6re ro i sindet, velvidende at din beacon fungerer korrekt, hvis I skulle st\u00f8de p\u00e5 en n\u00f8dsituation. <\/p>\n\n<p>406Link fungerer ved at sende et specielt kodet testsignal 35.000 km op i himlen til et netv\u00e6rk af efters\u00f8gnings- og redningssatellitter. N\u00e5r satellitterne modtager signalet, opfanges det af ACR jordstationer i Nordamerika. P\u00e5 mindre end et minut behandler vores patenterede software dine selvtestdata og sender derefter en bekr\u00e6ftelsesbesked til dig og dine angivne kontakter via e-mail og SMS.    <\/p>\n\n<div class=\"wp-block-media-text alignwide is-stacked-on-mobile\" style=\"grid-template-columns:38% auto\"><figure class=\"wp-block-media-text__media\"><img loading=\"lazy\" decoding=\"async\" width=\"300\" height=\"300\" src=\"https:\/\/www.acrartex.com\/wp-content\/uploads\/2021\/08\/406Link-SMS-Message-001-300x300-1.jpg\" alt=\"Mobiltelefonnotifikation via SMS-beskeder\" class=\"wp-image-22672 size-full\" srcset=\"https:\/\/www.acrartex.com\/wp-content\/uploads\/2021\/08\/406Link-SMS-Message-001-300x300-1.jpg 300w, https:\/\/www.acrartex.com\/wp-content\/uploads\/2021\/08\/406Link-SMS-Message-001-300x300-1-150x150.jpg 150w, https:\/\/www.acrartex.com\/wp-content\/uploads\/2021\/08\/406Link-SMS-Message-001-300x300-1-100x100.jpg 100w\" sizes=\"auto, (max-width: 300px) 100vw, 300px\" \/><\/figure><div class=\"wp-block-media-text__content\">\n<p class=\"has-large-font-size\"><strong>Mobilalarmer lige ved h\u00e5nden<\/strong><\/p>\n\n\n\n<p>Med 406Link kan du modtage en brugerdefineret tekstbesked, hver gang du tester din beacon.  <\/p>\n<\/div><\/div>\n\n<div class=\"wp-block-media-text alignwide has-media-on-the-right is-stacked-on-mobile\" style=\"grid-template-columns:auto 46%\"><figure class=\"wp-block-media-text__media\"><img loading=\"lazy\" decoding=\"async\" width=\"300\" height=\"300\" src=\"https:\/\/www.acrartex.com\/wp-content\/uploads\/2021\/08\/406Link-Email-Laptop-001-300x300-1.jpg\" alt=\"E-mail-notifikation tillader computeradgang\" class=\"wp-image-22675 size-full\" srcset=\"https:\/\/www.acrartex.com\/wp-content\/uploads\/2021\/08\/406Link-Email-Laptop-001-300x300-1.jpg 300w, https:\/\/www.acrartex.com\/wp-content\/uploads\/2021\/08\/406Link-Email-Laptop-001-300x300-1-150x150.jpg 150w, https:\/\/www.acrartex.com\/wp-content\/uploads\/2021\/08\/406Link-Email-Laptop-001-300x300-1-100x100.jpg 100w\" sizes=\"auto, (max-width: 300px) 100vw, 300px\" \/><\/figure><div class=\"wp-block-media-text__content\">\n<p class=\"has-large-font-size\"><strong>E-mail-advarsler for detaljerede optegnelser<\/strong><\/p>\n\n\n\n<p>Udover SMS-beskeder er e-mailkommunikation inkluderet.<\/p>\n<\/div><\/div>\n\n<div class=\"wp-block-media-text alignwide is-stacked-on-mobile\" style=\"grid-template-columns:39% auto\"><figure class=\"wp-block-media-text__media\"><img loading=\"lazy\" decoding=\"async\" width=\"300\" height=\"313\" src=\"https:\/\/www.acrartex.com\/wp-content\/uploads\/2021\/08\/406Link-5-Contacts.gif\" alt=\"Op til 5 mobil- og e-mailkontakter pr. konto\" class=\"wp-image-22676 size-full\"\/><\/figure><div class=\"wp-block-media-text__content\">\n<p class=\"has-large-font-size\"><strong>F\u00f8rsteklasses for alle<\/strong><\/p>\n\n\n\n<p>Alle 406Link-medlemmer f\u00e5r en tidligere PLUS-opgradering uden ekstra omkostninger!<\/p>\n\n\n\n<p>Op til 5 mobil- og e-mailkontakter pr. konto vil modtage din brugerdefinerede 406Link-besked.<\/p>\n<\/div><\/div>\n\n<p class=\"has-medium-font-size\"><strong>Med 406Link kan du:<\/strong><\/p>\n\n<ul class=\"wp-block-list\"><li>Test din beacon med det samme satellitsystem, der bruges i rigtig efters\u00f8gning og redning<\/li><li>Send brugerdefinerede bekr\u00e6ftelsesbeskeder via e-mail og SMS til op til 5 kontakter<\/li><li>Modtag GPS lokationsbekr\u00e6ftelse (hvis din beacon tillader GPS -selvtest)<\/li><li>Forbedr funktionaliteten af \u200b\u200bdin ACR eller Artex 406 MHz-beacon<\/li><li>Skab ro i sindet for dig selv og dine k\u00e6re<\/li><li>Spor antallet af selvtests og GPS tests, der er udf\u00f8rt i l\u00f8bet af din beacon&#8217;s levetid<\/li><\/ul>\n\n<p><br\/>Denne tjeneste er helt valgfri og ikke p\u00e5kr\u00e6vet, n\u00e5r du ejer en 406 MHz-beacon. 406 MHz-beacons kr\u00e6ver ikke nogen abonnementstjeneste for at underrette redningsstyrker verden over om din n\u00f8dbesked. S\u00e5 bare rolig, hvis dit abonnement udl\u00f8ber. N\u00e5r du trykker p\u00e5 aktiveringsknappen, er hj\u00e6lpen p\u00e5 vej!  <\/p>\n\n<p>Selvom din beacon vil fungere over hele verden, er 406Link i \u00f8jeblikket kun tilg\u00e6ngelig i USA.  <\/p>\n\n<div class=\"wp-block-media-text alignwide has-media-on-the-right is-stacked-on-mobile\" style=\"grid-template-columns:auto 62%\"><figure class=\"wp-block-media-text__media\"><img loading=\"lazy\" decoding=\"async\" width=\"969\" height=\"530\" src=\"https:\/\/www.acrartex.com\/wp-content\/uploads\/2021\/08\/406Link-Feature-Image.jpg\" alt=\"406Link-meddelelsesvisning for mobiltelefon og computer.\" class=\"wp-image-22677 size-full\" srcset=\"https:\/\/www.acrartex.com\/wp-content\/uploads\/2021\/08\/406Link-Feature-Image.jpg 969w, https:\/\/www.acrartex.com\/wp-content\/uploads\/2021\/08\/406Link-Feature-Image-300x164.jpg 300w, https:\/\/www.acrartex.com\/wp-content\/uploads\/2021\/08\/406Link-Feature-Image-768x420.jpg 768w, https:\/\/www.acrartex.com\/wp-content\/uploads\/2021\/08\/406Link-Feature-Image-600x328.jpg 600w\" sizes=\"auto, (max-width: 969px) 100vw, 969px\" \/><\/figure><div class=\"wp-block-media-text__content\">\n<div class=\"wp-block-image\"><figure class=\"aligncenter size-large is-resized\"><a href=\"https:\/\/www.acrartex.com\/wp-content\/uploads\/2021\/08\/406Link-Logo.png\"><img loading=\"lazy\" decoding=\"async\" src=\"https:\/\/www.acrartex.com\/wp-content\/uploads\/2021\/08\/406Link-Logo.png\" alt=\"406Link-logo\" class=\"wp-image-22671\" width=\"161\" height=\"161\" srcset=\"https:\/\/www.acrartex.com\/wp-content\/uploads\/2021\/08\/406Link-Logo.png 900w, https:\/\/www.acrartex.com\/wp-content\/uploads\/2021\/08\/406Link-Logo-300x300.png 300w, https:\/\/www.acrartex.com\/wp-content\/uploads\/2021\/08\/406Link-Logo-150x150.png 150w, https:\/\/www.acrartex.com\/wp-content\/uploads\/2021\/08\/406Link-Logo-768x768.png 768w, https:\/\/www.acrartex.com\/wp-content\/uploads\/2021\/08\/406Link-Logo-600x600.png 600w, https:\/\/www.acrartex.com\/wp-content\/uploads\/2021\/08\/406Link-Logo-100x100.png 100w\" sizes=\"auto, (max-width: 161px) 100vw, 161px\" \/><\/a><\/figure><\/div>\n\n\n\n<p class=\"has-medium-font-size\"><em>Fungerer med EPIRB&#8217;er og PLB&#8217;er fra ACR , Ocean Signal og ARTEX<\/em><\/p>\n<\/div><\/div>\n\n<div class=\"wp-block-buttons is-content-justification-center is-layout-flex wp-block-buttons-is-layout-flex\" id=\"https:\/\/www.acrartex.com\/products\/406link-beacon-self-testing-service\/\">\n<div class=\"wp-block-button has-custom-width wp-block-button__width-25\"><a class=\"wp-block-button__link has-text-color has-background\" href=\"https:\/\/www.acrartex.com\/products\/406link-beacon-self-testing-service\/\" style=\"background:linear-gradient(135deg,rgb(202,248,128) 0%,rgb(212,255,20) 100%);color:#545454\" rel=\"https:\/\/www.acrartex.com\/products\/406link-beacon-self-testing-service\/\"><strong>Abonner nu<\/strong><\/a><\/div>\n<\/div>\n\n<p><\/p>\n","protected":false},"excerpt":{"rendered":"<p>Ny abonnementstjeneste til 406Link Beacon-testning og -beskeder til EPIRB&#8217;er, personlige lokaliserings-beacons og ELT&#8217;er 406Link er det f\u00f8rste og eneste avancerede satellittestsystem, der kan modtage selvtestmeddelelser fra din Personal Locator Beacon ( PLB ), EPIRB eller ARTEX 406 MHz n\u00f8dlokaliseringssender ( ELT ). Denne valgfrie abonnementstjeneste er designet til at forbedre funktionaliteten af \u200b\u200bdin beacon og [&hellip;]<\/p>\n","protected":false},"author":22,"featured_media":0,"parent":0,"menu_order":0,"comment_status":"closed","ping_status":"closed","template":"","meta":{"_acf_changed":false,"om_disable_all_campaigns":false,"footnotes":""},"class_list":["post-146611","page","type-page","status-publish","hentry"],"acf":[],"_links":{"self":[{"href":"https:\/\/www.acrartex.com\/da\/wp-json\/wp\/v2\/pages\/146611","targetHints":{"allow":["GET"]}}],"collection":[{"href":"https:\/\/www.acrartex.com\/da\/wp-json\/wp\/v2\/pages"}],"about":[{"href":"https:\/\/www.acrartex.com\/da\/wp-json\/wp\/v2\/types\/page"}],"author":[{"embeddable":true,"href":"https:\/\/www.acrartex.com\/da\/wp-json\/wp\/v2\/users\/22"}],"replies":[{"embeddable":true,"href":"https:\/\/www.acrartex.com\/da\/wp-json\/wp\/v2\/comments?post=146611"}],"version-history":[{"count":1,"href":"https:\/\/www.acrartex.com\/da\/wp-json\/wp\/v2\/pages\/146611\/revisions"}],"predecessor-version":[{"id":146625,"href":"https:\/\/www.acrartex.com\/da\/wp-json\/wp\/v2\/pages\/146611\/revisions\/146625"}],"wp:attachment":[{"href":"https:\/\/www.acrartex.com\/da\/wp-json\/wp\/v2\/media?parent=146611"}],"curies":[{"name":"wp","href":"https:\/\/api.w.org\/{rel}","templated":true}]}}