{"id":146441,"date":"2021-11-11T11:07:00","date_gmt":"2021-11-11T16:07:00","guid":{"rendered":"https:\/\/www.acrartex.com\/aislink-mob-programmering\/"},"modified":"2025-07-07T05:44:58","modified_gmt":"2025-07-07T10:44:58","slug":"aislink-mob-programmering","status":"publish","type":"page","link":"https:\/\/www.acrartex.com\/da\/aislink-mob-programmering\/","title":{"rendered":"AISLink MOB -programmering"},"content":{"rendered":"\n<p>Denne side viser tilg\u00e6ngelige downloads.<\/p>\n\n<p><\/p>\n\n<p>Brug downloadlinket nedenfor til at installere programmet p\u00e5 din Windows-computer, eller brug alternativt Launch-linket nedenfor til at k\u00f8re applikationen som en webside p\u00e5 dine computere, tablets eller telefoner.<\/p>\n\n<p>BEM\u00c6RK: Hvis du har problemer med at programmere din AISLink MOB , kan du se fejlfindingsvejledningen, som du finder p\u00e5 programmets startside ved at trykke p\u00e5 F1-tasten i det downloadbare softwareprogram eller ved at klikke p\u00e5 &#8220;Hj\u00e6lp mig&#8221; i det webbaserede softwareprogram. Den mest almindelige \u00e5rsag til, at AISLink MOB ikke kan programmeres, er sk\u00e6rmens lysstyrke. S\u00f8rg for, at sk\u00e6rmen er indstillet til maksimal lysstyrke ved hj\u00e6lp af tasterne p\u00e5 dit b\u00e6rbare tastatur eller din sk\u00e6rm.  <\/p>\n\n<p>Den downloadbare eller webbaserede softwareversion, der er tilg\u00e6ngelig nedenfor, er specifik for de tilladte DSC-funktioner i det land, hvor du tilg\u00e5r denne webside fra.<\/p>\n\n<p><\/p>\n\n<h3 class=\"wp-block-heading\" id=\"h-downloadable-pc-software\">PC-SOFTWARE, DER KAN DOWNLOADS<a href=\"https:\/\/www.acrartex.com\/zone1-pc-software.zip\"><\/a><\/h3>\n\n<div class=\"wp-block-buttons is-layout-flex wp-block-buttons-is-layout-flex\">\n<div class=\"wp-block-button\"><a class=\"wp-block-button__link has-black-color has-text-color has-background\" href=\"https:\/\/www.dropbox.com\/s\/fo2qcyw0rx2l7ss\/zone1-pc-software.zip?dl=1\" style=\"background-color:#defa00\">Download programmeringssoftware (zone 1)<\/a><\/div>\n<\/div>\n\n<h3 class=\"wp-block-heading\">LANCERING AF WEBPROGRAMMERINGSSOFTWARE<\/h3>\n\n<div class=\"wp-block-buttons is-layout-flex wp-block-buttons-is-layout-flex\">\n<div class=\"wp-block-button\"><a class=\"wp-block-button__link has-black-color has-text-color has-background\" href=\"https:\/\/old.acrartex.com\/support\/configure-aislink-mob\/program\" style=\"background-color:#defa00\">Start webprogrammeringssoftware (zone 1)<\/a><\/div>\n<\/div>\n\n<p><a href=\"https:\/\/www.acrartex.com\/support\/configure-aislink-mob\/program\"><\/a><\/p>\n","protected":false},"excerpt":{"rendered":"<p>Denne side viser tilg\u00e6ngelige downloads. Brug downloadlinket nedenfor til at installere programmet p\u00e5 din Windows-computer, eller brug alternativt Launch-linket nedenfor til at k\u00f8re applikationen som en webside p\u00e5 dine computere, tablets eller telefoner. BEM\u00c6RK: Hvis du har problemer med at programmere din AISLink MOB , kan du se fejlfindingsvejledningen, som du finder p\u00e5 programmets startside [&hellip;]<\/p>\n","protected":false},"author":22,"featured_media":0,"parent":0,"menu_order":0,"comment_status":"closed","ping_status":"closed","template":"","meta":{"_acf_changed":false,"om_disable_all_campaigns":false,"footnotes":""},"class_list":["post-146441","page","type-page","status-publish","hentry"],"acf":[],"_links":{"self":[{"href":"https:\/\/www.acrartex.com\/da\/wp-json\/wp\/v2\/pages\/146441","targetHints":{"allow":["GET"]}}],"collection":[{"href":"https:\/\/www.acrartex.com\/da\/wp-json\/wp\/v2\/pages"}],"about":[{"href":"https:\/\/www.acrartex.com\/da\/wp-json\/wp\/v2\/types\/page"}],"author":[{"embeddable":true,"href":"https:\/\/www.acrartex.com\/da\/wp-json\/wp\/v2\/users\/22"}],"replies":[{"embeddable":true,"href":"https:\/\/www.acrartex.com\/da\/wp-json\/wp\/v2\/comments?post=146441"}],"version-history":[{"count":1,"href":"https:\/\/www.acrartex.com\/da\/wp-json\/wp\/v2\/pages\/146441\/revisions"}],"predecessor-version":[{"id":146443,"href":"https:\/\/www.acrartex.com\/da\/wp-json\/wp\/v2\/pages\/146441\/revisions\/146443"}],"wp:attachment":[{"href":"https:\/\/www.acrartex.com\/da\/wp-json\/wp\/v2\/media?parent=146441"}],"curies":[{"name":"wp","href":"https:\/\/api.w.org\/{rel}","templated":true}]}}