{"id":145333,"date":"2022-02-23T14:22:43","date_gmt":"2022-02-23T19:22:43","guid":{"rendered":"https:\/\/www.acrartex.com\/saadan-fungerer-en-epirb-plb-eller-elt-redning\/"},"modified":"2025-07-07T05:37:55","modified_gmt":"2025-07-07T10:37:55","slug":"saadan-fungerer-en-epirb-plb-eller-elt-redning","status":"publish","type":"page","link":"https:\/\/www.acrartex.com\/da\/saadan-fungerer-en-epirb-plb-eller-elt-redning\/","title":{"rendered":"S\u00e5dan fungerer en EPIRB , PLB eller ELT -redning"},"content":{"rendered":"\n<p>Der findes tre typer beacons, der fungerer direkte med det internationale redningssatellitsystem kendt som <a href=\"https:\/\/www.cospas-sarsat.int\/en\/\">Cospas-Sarsat<\/a> , hver med et unikt design til den p\u00e5g\u00e6ldende anvendelse: N\u00f8dlokaliseringssendere ( <a href=\"https:\/\/www.acrartex.com\/product-category\/aviation\/\">ELT&#8217;er<\/a> ), der anvendes af luftfartssamfundet, n\u00f8dradiobeacons ( <a href=\"https:\/\/www.acrartex.com\/products\/globalfix-v4-epirb-emergency-positioning-indicading-radio-beacon\/\">EPIRB&#8217;er<\/a> ), der anvendes i det maritime milj\u00f8, og personlige lokaliseringsbeacons ( <a href=\"https:\/\/www.acrartex.com\/products\/resqlink-400\/\">PLB&#8217;er<\/a> ), der anvendes af enkeltpersoner i forbindelse med flere udend\u00f8rsaktiviteter.<\/p>\n\n<p>N\u00e5r de aktiveres, sender ELT&#8217;er, EPIRB&#8217;er og PLB&#8217;er et unikt n\u00f8dsignal p\u00e5 406 MHz-frekvensen til efters\u00f8gnings- og redningssatellitterne. Hver beacon er programmeret med og sender en unik digital kode kaldet et HEX ID eller Unique ID. HEX ID&#8217;et identificerer typen af \u200b\u200bbeacon, og Search and Rescue bruger HEX ID&#8217;et til at identificere de beacon-registreringsoplysninger, der er angivet af beacon-ejeren. Disse oplysninger kan omfatte: hvem beacon-ejeren er, typen af \u200b\u200bluftfart\u00f8j eller fart\u00f8j, som beaconen er tilknyttet (for ELT&#8217;er og EPIRB&#8217;er), n\u00f8dkontaktpunkter, flyveplaner, flydeplaner og rejseplaner og meget mere.     <\/p>\n\n<p>N\u00e5r satellitten modtager et beacon-signal, videresender den signalet til jordstationer, der kaldes lokale brugerterminaler (LUT&#8217;er). LUT&#8217;en behandler dataene, beregner placeringen af \u200b\u200bn\u00f8dbeaconen og sender en dekodet alarmbesked til dens tilknyttede nationale Mission Control Center (MCC). Dette sker n\u00e6sten \u00f8jeblikkeligt efter, at det f\u00f8rste beacon-signal er modtaget.  <\/p>\n\n<p>Mission Control Center udf\u00f8rer derefter automatisk matchning og sammenl\u00e6gning af alarmmeddelelser med andre modtagne meddelelser, sorterer dataene geografisk og sender en n\u00f8dmeddelelse til den n\u00e6rmeste relevante SAR-myndighed, s\u00e5som et nationalt redningskoordinationscenter (RCC), et udenlandsk SAR-kontaktpunkt (SPOC) og en anden MCC, hvis fyret for eksempel er registreret i et andet land. RCC unders\u00f8ger fyralarmen og sender redningsressourcer for at finde de n\u00f8dlidende parter, hvis n\u00f8dsituationen anses for at v\u00e6re autentisk. Dette kan ske meget hurtigere, n\u00e5r fyret er korrekt registreret.  <\/p>\n\n<figure class=\"wp-block-video aligncenter\"><video height=\"1080\" style=\"aspect-ratio: 1920 \/ 1080;\" width=\"1920\" autoplay=\"\" loop=\"\" muted=\"\" src=\"https:\/\/www.acrartex.com\/wp-content\/uploads\/2022\/02\/ACR-How-Does-it-Work-15-sec.mp4\" playsinline=\"\"><\/video><\/figure>\n\n<h2 class=\"wp-block-heading\" id=\"h-rescue-overview\">Oversigt over redning<\/h2>\n\n<ol class=\"wp-block-list\"><li>406 MHz n\u00f8dopkald er aktiveret<\/li><li>S\u00f8ge- og redningssatellitter (SAR) sender n\u00f8dsignaler ned til jorden. Jordstationer kaldet lokale brugerterminaler (LUT).<\/li><li>Jordstationer videresender n\u00f8dmeldinger til Mission Control Centers (MCC)<\/li><li>MCC alarmerer de n\u00e6rmeste redningskoordinationscentre (RCC)<\/li><li>RCC ringer til n\u00f8dkontakter og sender de n\u00e6rmeste SAR-hold<\/li><li>SAR-hold ankommer til stedet og redder overlevende<\/li><\/ol>\n\n<h2 class=\"wp-block-heading\" id=\"h-lives-saved-since-1982\">Liv reddet siden 1982<\/h2>\n\n<ul class=\"wp-block-list\"><li>P\u00e5 verdensplan \u2013 <strong>Over 48.000+<\/strong> mennesker reddet<\/li><li>USA \u2013 <strong>9.753<\/strong> mennesker reddet<\/li><\/ul>\n\n<figure class=\"wp-block-embed is-type-video is-provider-youtube wp-block-embed-youtube wp-embed-aspect-16-9 wp-has-aspect-ratio\"><div class=\"wp-block-embed__wrapper\">\n<iframe loading=\"lazy\" title=\"Cospas-Sarsat - How it Works\" width=\"500\" height=\"281\" src=\"https:\/\/www.youtube.com\/embed\/8jHOvWZTNjI?start=3&#038;feature=oembed\" frameborder=\"0\" allow=\"accelerometer; autoplay; clipboard-write; encrypted-media; gyroscope; picture-in-picture; web-share\" referrerpolicy=\"strict-origin-when-cross-origin\" allowfullscreen><\/iframe>\n<\/div><\/figure>\n\n<p><\/p>\n","protected":false},"excerpt":{"rendered":"<p>Der findes tre typer beacons, der fungerer direkte med det internationale redningssatellitsystem kendt som Cospas-Sarsat , hver med et unikt design til den p\u00e5g\u00e6ldende anvendelse: N\u00f8dlokaliseringssendere ( ELT&#8217;er ), der anvendes af luftfartssamfundet, n\u00f8dradiobeacons ( EPIRB&#8217;er ), der anvendes i det maritime milj\u00f8, og personlige lokaliseringsbeacons ( PLB&#8217;er ), der anvendes af enkeltpersoner i forbindelse [&hellip;]<\/p>\n","protected":false},"author":5,"featured_media":0,"parent":0,"menu_order":0,"comment_status":"closed","ping_status":"closed","template":"","meta":{"_acf_changed":false,"om_disable_all_campaigns":false,"footnotes":""},"class_list":["post-145333","page","type-page","status-publish","hentry"],"acf":[],"_links":{"self":[{"href":"https:\/\/www.acrartex.com\/da\/wp-json\/wp\/v2\/pages\/145333","targetHints":{"allow":["GET"]}}],"collection":[{"href":"https:\/\/www.acrartex.com\/da\/wp-json\/wp\/v2\/pages"}],"about":[{"href":"https:\/\/www.acrartex.com\/da\/wp-json\/wp\/v2\/types\/page"}],"author":[{"embeddable":true,"href":"https:\/\/www.acrartex.com\/da\/wp-json\/wp\/v2\/users\/5"}],"replies":[{"embeddable":true,"href":"https:\/\/www.acrartex.com\/da\/wp-json\/wp\/v2\/comments?post=145333"}],"version-history":[{"count":1,"href":"https:\/\/www.acrartex.com\/da\/wp-json\/wp\/v2\/pages\/145333\/revisions"}],"predecessor-version":[{"id":145335,"href":"https:\/\/www.acrartex.com\/da\/wp-json\/wp\/v2\/pages\/145333\/revisions\/145335"}],"wp:attachment":[{"href":"https:\/\/www.acrartex.com\/da\/wp-json\/wp\/v2\/media?parent=145333"}],"curies":[{"name":"wp","href":"https:\/\/api.w.org\/{rel}","templated":true}]}}