{"id":145281,"date":"2022-03-14T15:50:31","date_gmt":"2022-03-14T20:50:31","guid":{"rendered":"https:\/\/www.acrartex.com\/acr-olas\/"},"modified":"2025-07-07T05:36:08","modified_gmt":"2025-07-07T10:36:08","slug":"acr-olas","status":"publish","type":"page","link":"https:\/\/www.acrartex.com\/da\/acr-olas\/","title":{"rendered":"ACR OLAS"},"content":{"rendered":"\n<div class=\"wp-block-cover alignfull has-background-dim\" style=\"background-color:#000000;min-height:474px;aspect-ratio:unset;\"><img loading=\"lazy\" decoding=\"async\" width=\"2560\" height=\"1709\" class=\"wp-block-cover__image-background wp-image-28295\" alt=\"\" src=\"https:\/\/www.acrartex.com\/wp-content\/uploads\/2022\/03\/ACR-Background-Photo-8-OLAS-scaled.jpg\" style=\"object-position:25% 59%\" data-object-fit=\"cover\" data-object-position=\"25% 59%\" srcset=\"https:\/\/www.acrartex.com\/wp-content\/uploads\/2022\/03\/ACR-Background-Photo-8-OLAS-scaled.jpg 2560w, https:\/\/www.acrartex.com\/wp-content\/uploads\/2022\/03\/ACR-Background-Photo-8-OLAS-300x200.jpg 300w, https:\/\/www.acrartex.com\/wp-content\/uploads\/2022\/03\/ACR-Background-Photo-8-OLAS-1024x684.jpg 1024w, https:\/\/www.acrartex.com\/wp-content\/uploads\/2022\/03\/ACR-Background-Photo-8-OLAS-768x513.jpg 768w, https:\/\/www.acrartex.com\/wp-content\/uploads\/2022\/03\/ACR-Background-Photo-8-OLAS-1536x1026.jpg 1536w, https:\/\/www.acrartex.com\/wp-content\/uploads\/2022\/03\/ACR-Background-Photo-8-OLAS-2048x1367.jpg 2048w, https:\/\/www.acrartex.com\/wp-content\/uploads\/2022\/03\/ACR-Background-Photo-8-OLAS-600x401.jpg 600w\" sizes=\"auto, (max-width: 2560px) 100vw, 2560px\" \/><div class=\"wp-block-cover__inner-container is-layout-flow wp-block-cover-is-layout-flow\">\n<div class=\"wp-block-image\"><figure class=\"aligncenter size-medium is-resized\"><a href=\"https:\/\/www.acrartex.com\/wp-content\/uploads\/2022\/03\/OLAS-Logo-White.png\"><img loading=\"lazy\" decoding=\"async\" src=\"https:\/\/www.acrartex.com\/wp-content\/uploads\/2022\/03\/OLAS-Logo-White-300x72.png\" alt=\"\" class=\"wp-image-28298\" width=\"387\" height=\"92\" srcset=\"https:\/\/www.acrartex.com\/wp-content\/uploads\/2022\/03\/OLAS-Logo-White-300x72.png 300w, https:\/\/www.acrartex.com\/wp-content\/uploads\/2022\/03\/OLAS-Logo-White-768x184.png 768w, https:\/\/www.acrartex.com\/wp-content\/uploads\/2022\/03\/OLAS-Logo-White-600x144.png 600w, https:\/\/www.acrartex.com\/wp-content\/uploads\/2022\/03\/OLAS-Logo-White.png 990w\" sizes=\"auto, (max-width: 387px) 100vw, 387px\" \/><\/a><\/figure><\/div>\n\n\n\n<h3 class=\"has-text-align-center alignwide has-white-color has-text-color has-medium-font-size wp-block-heading\" id=\"h-a-smartphone-connected-mob-solution\" style=\"line-height:1.2\">EN SMARTPHONE-FORBINDET <strong>MOB<\/strong><\/h3>\n<\/div><\/div>\n\n<div style=\"height:37px\" aria-hidden=\"true\" class=\"wp-block-spacer\"><\/div>\n\n<figure class=\"wp-block-embed is-type-video is-provider-youtube wp-block-embed-youtube wp-embed-aspect-16-9 wp-has-aspect-ratio\"><div class=\"wp-block-embed__wrapper\">\n<iframe loading=\"lazy\" title=\"George Poveromo&#039;s Tackle Locker: ACR Overboard Location Alert System (OLAS)\" width=\"500\" height=\"281\" src=\"https:\/\/www.youtube.com\/embed\/P2gI9HLAWvE?feature=oembed\" frameborder=\"0\" allow=\"accelerometer; autoplay; clipboard-write; encrypted-media; gyroscope; picture-in-picture; web-share\" referrerpolicy=\"strict-origin-when-cross-origin\" allowfullscreen><\/iframe>\n<\/div><\/figure>\n\n<div class=\"wp-block-cover has-black-background-color has-background-dim\" style=\"min-height:202px;aspect-ratio:unset;\"><img loading=\"lazy\" decoding=\"async\" width=\"1272\" height=\"850\" class=\"wp-block-cover__image-background wp-image-28296\" alt=\"\" src=\"https:\/\/www.acrartex.com\/wp-content\/uploads\/2022\/03\/ACR-OLAS-Tag-Fishing-070.jpg\" style=\"object-position:54% 53%\" data-object-fit=\"cover\" data-object-position=\"54% 53%\" srcset=\"https:\/\/www.acrartex.com\/wp-content\/uploads\/2022\/03\/ACR-OLAS-Tag-Fishing-070.jpg 1272w, https:\/\/www.acrartex.com\/wp-content\/uploads\/2022\/03\/ACR-OLAS-Tag-Fishing-070-300x200.jpg 300w, https:\/\/www.acrartex.com\/wp-content\/uploads\/2022\/03\/ACR-OLAS-Tag-Fishing-070-1024x684.jpg 1024w, https:\/\/www.acrartex.com\/wp-content\/uploads\/2022\/03\/ACR-OLAS-Tag-Fishing-070-768x513.jpg 768w, https:\/\/www.acrartex.com\/wp-content\/uploads\/2022\/03\/ACR-OLAS-Tag-Fishing-070-600x401.jpg 600w\" sizes=\"auto, (max-width: 1272px) 100vw, 1272px\" \/><div class=\"wp-block-cover__inner-container is-layout-flow wp-block-cover-is-layout-flow\">\n<h1 class=\"has-text-align-left wp-block-heading\" id=\"h-what-is\"><strong>\/\/ HVAD ER<\/strong><\/h1>\n\n\n\n<figure class=\"wp-block-image size-medium\"><a href=\"https:\/\/www.acrartex.com\/wp-content\/uploads\/2022\/03\/OLAS-Logo-White.png\"><img loading=\"lazy\" decoding=\"async\" width=\"300\" height=\"72\" src=\"https:\/\/www.acrartex.com\/wp-content\/uploads\/2022\/03\/OLAS-Logo-White-300x72.png\" alt=\"\" class=\"wp-image-28298\" srcset=\"https:\/\/www.acrartex.com\/wp-content\/uploads\/2022\/03\/OLAS-Logo-White-300x72.png 300w, https:\/\/www.acrartex.com\/wp-content\/uploads\/2022\/03\/OLAS-Logo-White-768x184.png 768w, https:\/\/www.acrartex.com\/wp-content\/uploads\/2022\/03\/OLAS-Logo-White-600x144.png 600w, https:\/\/www.acrartex.com\/wp-content\/uploads\/2022\/03\/OLAS-Logo-White.png 990w\" sizes=\"auto, (max-width: 300px) 100vw, 300px\" \/><\/a><\/figure>\n<\/div><\/div>\n\n<p class=\"has-medium-font-size\"><strong>ACR OLAS<\/strong> produktserien omfatter <strong>ACR OLAS Tag-<\/strong> og <strong>ACR OLAS Float-On<\/strong> MOB systemerne, som brugeren b\u00e6rer for at oprette forbindelse til ACR OLAS -appen p\u00e5 sin smartphone eller tablet, eller som kan skaleres til at fungere med <strong>OLAS CORE<\/strong> -basestationen, <strong>OLAS Guardian<\/strong> Engine Shut Off and Alarm eller <strong>OLAS EXTENDER<\/strong> .  <\/p>\n\n<p class=\"has-medium-font-size\">ACR OLAS -teknologien fungerer ved at registrere et brud i den &#8216;virtuelle forbindelse&#8217; fra din mobilenhed, Core-, Guardian- eller Extender-modtagere til ACR OLAS MOB systemet inden for 8 sekunder efter, at nogen er faldet over bord. Telefonen gemmer GPS positionen, udsender en h\u00f8j alarm og advarer bes\u00e6tningen om h\u00e6ndelsen med mand over bord, f\u00f8r OLAS -appen derefter hj\u00e6lper med at bj\u00e6rge med anvisninger til den gemte GPS position. <\/p>\n\n<div class=\"wp-block-cover alignfull has-background-dim-60 has-background-dim\" style=\"background-color:#000000;min-height:401px;aspect-ratio:unset;\"><img loading=\"lazy\" decoding=\"async\" width=\"2560\" height=\"1920\" class=\"wp-block-cover__image-background wp-image-28305\" alt=\"\" src=\"https:\/\/www.acrartex.com\/wp-content\/uploads\/2022\/03\/ResQLink-OLAS-Tag-Angler-18-scaled.jpg\" style=\"object-position:25% 59%\" data-object-fit=\"cover\" data-object-position=\"25% 59%\" srcset=\"https:\/\/www.acrartex.com\/wp-content\/uploads\/2022\/03\/ResQLink-OLAS-Tag-Angler-18-scaled.jpg 2560w, https:\/\/www.acrartex.com\/wp-content\/uploads\/2022\/03\/ResQLink-OLAS-Tag-Angler-18-300x225.jpg 300w, https:\/\/www.acrartex.com\/wp-content\/uploads\/2022\/03\/ResQLink-OLAS-Tag-Angler-18-1024x768.jpg 1024w, https:\/\/www.acrartex.com\/wp-content\/uploads\/2022\/03\/ResQLink-OLAS-Tag-Angler-18-768x576.jpg 768w, https:\/\/www.acrartex.com\/wp-content\/uploads\/2022\/03\/ResQLink-OLAS-Tag-Angler-18-1536x1152.jpg 1536w, https:\/\/www.acrartex.com\/wp-content\/uploads\/2022\/03\/ResQLink-OLAS-Tag-Angler-18-2048x1536.jpg 2048w, https:\/\/www.acrartex.com\/wp-content\/uploads\/2022\/03\/ResQLink-OLAS-Tag-Angler-18-600x450.jpg 600w\" sizes=\"auto, (max-width: 2560px) 100vw, 2560px\" \/><div class=\"wp-block-cover__inner-container is-layout-flow wp-block-cover-is-layout-flow\">\n<div class=\"wp-block-columns is-layout-flex wp-container-core-columns-is-layout-9d6595d7 wp-block-columns-is-layout-flex\">\n<div class=\"wp-block-column is-vertically-aligned-top is-layout-flow wp-block-column-is-layout-flow\">\n<figure class=\"wp-block-image size-large\"><img loading=\"lazy\" decoding=\"async\" width=\"2464\" height=\"2469\" src=\"https:\/\/www.acrartex.com\/wp-content\/uploads\/2022\/03\/ACR-OLAS-Tag-Family-1-edited.jpg\" alt=\"\" class=\"wp-image-28300\" srcset=\"https:\/\/www.acrartex.com\/wp-content\/uploads\/2022\/03\/ACR-OLAS-Tag-Family-1-edited.jpg 2464w, https:\/\/www.acrartex.com\/wp-content\/uploads\/2022\/03\/ACR-OLAS-Tag-Family-1-edited-300x300.jpg 300w, https:\/\/www.acrartex.com\/wp-content\/uploads\/2022\/03\/ACR-OLAS-Tag-Family-1-edited-1022x1024.jpg 1022w, https:\/\/www.acrartex.com\/wp-content\/uploads\/2022\/03\/ACR-OLAS-Tag-Family-1-edited-150x150.jpg 150w, https:\/\/www.acrartex.com\/wp-content\/uploads\/2022\/03\/ACR-OLAS-Tag-Family-1-edited-768x770.jpg 768w, https:\/\/www.acrartex.com\/wp-content\/uploads\/2022\/03\/ACR-OLAS-Tag-Family-1-edited-1533x1536.jpg 1533w, https:\/\/www.acrartex.com\/wp-content\/uploads\/2022\/03\/ACR-OLAS-Tag-Family-1-edited-2044x2048.jpg 2044w, https:\/\/www.acrartex.com\/wp-content\/uploads\/2022\/03\/ACR-OLAS-Tag-Family-1-edited-600x601.jpg 600w, https:\/\/www.acrartex.com\/wp-content\/uploads\/2022\/03\/ACR-OLAS-Tag-Family-1-edited-100x100.jpg 100w\" sizes=\"auto, (max-width: 2464px) 100vw, 2464px\" \/><\/figure>\n\n\n\n<h2 class=\"has-text-align-center wp-block-heading\" id=\"h-families\">Familier<\/h2>\n<\/div>\n\n\n\n<div class=\"wp-block-column is-vertically-aligned-top is-layout-flow wp-block-column-is-layout-flow\">\n<figure class=\"wp-block-image size-large\"><img loading=\"lazy\" decoding=\"async\" width=\"2310\" height=\"2314\" src=\"https:\/\/www.acrartex.com\/wp-content\/uploads\/2022\/03\/OLAS-Tag-Dog-edited.jpg\" alt=\"\" class=\"wp-image-28302\" srcset=\"https:\/\/www.acrartex.com\/wp-content\/uploads\/2022\/03\/OLAS-Tag-Dog-edited.jpg 2310w, https:\/\/www.acrartex.com\/wp-content\/uploads\/2022\/03\/OLAS-Tag-Dog-edited-300x300.jpg 300w, https:\/\/www.acrartex.com\/wp-content\/uploads\/2022\/03\/OLAS-Tag-Dog-edited-1022x1024.jpg 1022w, https:\/\/www.acrartex.com\/wp-content\/uploads\/2022\/03\/OLAS-Tag-Dog-edited-150x150.jpg 150w, https:\/\/www.acrartex.com\/wp-content\/uploads\/2022\/03\/OLAS-Tag-Dog-edited-768x769.jpg 768w, https:\/\/www.acrartex.com\/wp-content\/uploads\/2022\/03\/OLAS-Tag-Dog-edited-1533x1536.jpg 1533w, https:\/\/www.acrartex.com\/wp-content\/uploads\/2022\/03\/OLAS-Tag-Dog-edited-2044x2048.jpg 2044w, https:\/\/www.acrartex.com\/wp-content\/uploads\/2022\/03\/OLAS-Tag-Dog-edited-600x601.jpg 600w, https:\/\/www.acrartex.com\/wp-content\/uploads\/2022\/03\/OLAS-Tag-Dog-edited-100x100.jpg 100w\" sizes=\"auto, (max-width: 2310px) 100vw, 2310px\" \/><\/figure>\n\n\n\n<h2 class=\"has-text-align-center wp-block-heading\" id=\"h-pets\">K\u00e6ledyr<\/h2>\n<\/div>\n\n\n\n<div class=\"wp-block-column is-vertically-aligned-top is-layout-flow wp-block-column-is-layout-flow\">\n<figure class=\"wp-block-image size-large\"><img loading=\"lazy\" decoding=\"async\" width=\"1763\" height=\"1758\" src=\"https:\/\/www.acrartex.com\/wp-content\/uploads\/2022\/03\/ACR-OLAS_TAG_Sail-Boat-edited.jpg\" alt=\"\" class=\"wp-image-28304\" srcset=\"https:\/\/www.acrartex.com\/wp-content\/uploads\/2022\/03\/ACR-OLAS_TAG_Sail-Boat-edited.jpg 1763w, https:\/\/www.acrartex.com\/wp-content\/uploads\/2022\/03\/ACR-OLAS_TAG_Sail-Boat-edited-300x300.jpg 300w, https:\/\/www.acrartex.com\/wp-content\/uploads\/2022\/03\/ACR-OLAS_TAG_Sail-Boat-edited-1024x1021.jpg 1024w, https:\/\/www.acrartex.com\/wp-content\/uploads\/2022\/03\/ACR-OLAS_TAG_Sail-Boat-edited-150x150.jpg 150w, https:\/\/www.acrartex.com\/wp-content\/uploads\/2022\/03\/ACR-OLAS_TAG_Sail-Boat-edited-768x766.jpg 768w, https:\/\/www.acrartex.com\/wp-content\/uploads\/2022\/03\/ACR-OLAS_TAG_Sail-Boat-edited-1536x1532.jpg 1536w, https:\/\/www.acrartex.com\/wp-content\/uploads\/2022\/03\/ACR-OLAS_TAG_Sail-Boat-edited-600x598.jpg 600w, https:\/\/www.acrartex.com\/wp-content\/uploads\/2022\/03\/ACR-OLAS_TAG_Sail-Boat-edited-100x100.jpg 100w\" sizes=\"auto, (max-width: 1763px) 100vw, 1763px\" \/><\/figure>\n\n\n\n<h2 class=\"has-text-align-center wp-block-heading\" id=\"h-crew\">Mandskab<\/h2>\n<\/div>\n<\/div>\n<\/div><\/div>\n\n<div class=\"wp-block-columns is-layout-flex wp-container-core-columns-is-layout-9d6595d7 wp-block-columns-is-layout-flex\">\n<div class=\"wp-block-column is-layout-flow wp-block-column-is-layout-flow\" style=\"flex-basis:33.33%\">\n<p style=\"font-size:30px\"><strong>Et MOB -system designet til alle dine eventyr og alle dine eventyrere<\/strong><\/p>\n\n\n\n<figure class=\"wp-block-image size-full is-resized\"><img loading=\"lazy\" decoding=\"async\" src=\"https:\/\/www.acrartex.com\/wp-content\/uploads\/2022\/03\/ACR-OLAS-products-1.png\" alt=\"\" class=\"wp-image-28312\" width=\"339\" height=\"339\" srcset=\"https:\/\/www.acrartex.com\/wp-content\/uploads\/2022\/03\/ACR-OLAS-products-1.png 600w, https:\/\/www.acrartex.com\/wp-content\/uploads\/2022\/03\/ACR-OLAS-products-1-300x300.png 300w, https:\/\/www.acrartex.com\/wp-content\/uploads\/2022\/03\/ACR-OLAS-products-1-150x150.png 150w, https:\/\/www.acrartex.com\/wp-content\/uploads\/2022\/03\/ACR-OLAS-products-1-100x100.png 100w\" sizes=\"auto, (max-width: 339px) 100vw, 339px\" \/><\/figure>\n<\/div>\n\n\n\n<div class=\"wp-block-column is-layout-flow wp-block-column-is-layout-flow\" style=\"flex-basis:66.66%\">\n<figure class=\"wp-block-image size-full\"><img loading=\"lazy\" decoding=\"async\" width=\"1000\" height=\"818\" src=\"https:\/\/www.acrartex.com\/wp-content\/uploads\/2022\/03\/ACR-OLAS-Dog-Diagram.png\" alt=\"\" class=\"wp-image-28311\" srcset=\"https:\/\/www.acrartex.com\/wp-content\/uploads\/2022\/03\/ACR-OLAS-Dog-Diagram.png 1000w, https:\/\/www.acrartex.com\/wp-content\/uploads\/2022\/03\/ACR-OLAS-Dog-Diagram-300x245.png 300w, https:\/\/www.acrartex.com\/wp-content\/uploads\/2022\/03\/ACR-OLAS-Dog-Diagram-768x628.png 768w, https:\/\/www.acrartex.com\/wp-content\/uploads\/2022\/03\/ACR-OLAS-Dog-Diagram-600x491.png 600w\" sizes=\"auto, (max-width: 1000px) 100vw, 1000px\" \/><\/figure>\n<\/div>\n<\/div>\n\n<div class=\"wp-block-cover has-black-background-color has-background-dim is-repeated\" style=\"background-image:url(https:\/\/www.acrartex.com\/wp-content\/uploads\/2022\/03\/ACR-OLAS-Tag-Fishing-064.jpg);min-height:225px;aspect-ratio:unset;\"><div class=\"wp-block-cover__inner-container is-layout-flow wp-block-cover-is-layout-flow\">\n<h1 class=\"has-text-align-left wp-block-heading\" id=\"h-how-does-it-work\"><strong>\/\/ HVORDAN VIRKER DET?<\/strong><\/h1>\n\n\n\n<figure class=\"wp-block-image size-medium\"><a href=\"https:\/\/www.acrartex.com\/wp-content\/uploads\/2022\/03\/OLAS-Logo-White.png\"><img loading=\"lazy\" decoding=\"async\" width=\"300\" height=\"72\" src=\"https:\/\/www.acrartex.com\/wp-content\/uploads\/2022\/03\/OLAS-Logo-White-300x72.png\" alt=\"\" class=\"wp-image-28298\" srcset=\"https:\/\/www.acrartex.com\/wp-content\/uploads\/2022\/03\/OLAS-Logo-White-300x72.png 300w, https:\/\/www.acrartex.com\/wp-content\/uploads\/2022\/03\/OLAS-Logo-White-768x184.png 768w, https:\/\/www.acrartex.com\/wp-content\/uploads\/2022\/03\/OLAS-Logo-White-600x144.png 600w, https:\/\/www.acrartex.com\/wp-content\/uploads\/2022\/03\/OLAS-Logo-White.png 990w\" sizes=\"auto, (max-width: 300px) 100vw, 300px\" \/><\/a><\/figure>\n<\/div><\/div>\n\n<p class=\"has-medium-font-size\"><strong>ACR OLAS<\/strong> teknologi leverer et overkommeligt mand-over-bord-alarmsystem til b\u00e5de og sejlere, og det er tilg\u00e6ngeligt via <strong>ACR OLAS Tag<\/strong> og <strong>ACR OLAS Float-On<\/strong> , som begge parres med din mobilenhed og opretter forbindelse til den gratis iOS- og Android ACR OLAS -app.  <\/p>\n\n<p class=\"has-medium-font-size\">Tag&#8217;s universelle silikonerem er kompakt og alsidig til fastg\u00f8relse p\u00e5 h\u00e5ndleddet eller i redningsvesten. Den kan bruges af bes\u00e6tning, b\u00f8rn og dyr, og den er ideel til dagsejlads eller sejlads med f\u00e5 h\u00e6nder om dagen for konstant tryghed om bord. OLAS Float-On er en vandaktiveret USB-genopladelig lommelygte, der er nem at fastg\u00f8re til en redningsvest og ideel til b\u00e5dejere, der sejler b\u00e5de om dagen og om natten. <\/p>\n\n<p class=\"has-medium-font-size\">N\u00e5r den &#8216;virtuelle forbindelse&#8217; mellem dit OLAS system og enhed er brudt, udsender OLAS -mobilappen en alarm og et lyssignal, registrerer tidspunktet og GPS placeringen for h\u00e6ndelsen, illustrerer retningen og kursen for at vende tilbage til den alarmerende GPS placering og giver r\u00e5d om VHF Mayday Call ved hj\u00e6lp af forudindstillede fart\u00f8jsoplysninger. Op til 6 tags eller float-ons kan tilsluttes \u00e9n telefon eller tablet, og \u00e9n OLAS enhed kan tilsluttes et ubegr\u00e6nset antal telefoner eller tablets. <\/p>\n\n<figure class=\"wp-block-image size-large is-resized\"><img loading=\"lazy\" decoding=\"async\" src=\"https:\/\/www.acrartex.com\/wp-content\/uploads\/2022\/03\/OLAS-Diagram-01-1024x471.png\" alt=\"\" class=\"wp-image-28315\" width=\"840\" height=\"386\" srcset=\"https:\/\/www.acrartex.com\/wp-content\/uploads\/2022\/03\/OLAS-Diagram-01-1024x471.png 1024w, https:\/\/www.acrartex.com\/wp-content\/uploads\/2022\/03\/OLAS-Diagram-01-300x138.png 300w, https:\/\/www.acrartex.com\/wp-content\/uploads\/2022\/03\/OLAS-Diagram-01-768x353.png 768w, https:\/\/www.acrartex.com\/wp-content\/uploads\/2022\/03\/OLAS-Diagram-01-1536x706.png 1536w, https:\/\/www.acrartex.com\/wp-content\/uploads\/2022\/03\/OLAS-Diagram-01-2048x942.png 2048w, https:\/\/www.acrartex.com\/wp-content\/uploads\/2022\/03\/OLAS-Diagram-01-600x276.png 600w\" sizes=\"auto, (max-width: 840px) 100vw, 840px\" \/><\/figure>\n\n<div class=\"wp-block-columns is-layout-flex wp-container-core-columns-is-layout-9d6595d7 wp-block-columns-is-layout-flex\">\n<div class=\"wp-block-column is-layout-flow wp-block-column-is-layout-flow\">\n<p class=\"has-medium-font-size\"><strong>1. MOB -scenarie opst\u00e5r<\/strong><\/p>\n\n\n\n<p>OLAS -systemet er konstant forbundet til din smartphone, hvilket skaber en &#8216;virtuel forbindelse&#8217; mellem dig og dit team. Dette bevidsthedsomr\u00e5de skaber en boble, som en OLAS bruger efterlader, og som aktiverer systemet. <\/p>\n<\/div>\n\n\n\n<div class=\"wp-block-column is-layout-flow wp-block-column-is-layout-flow\">\n<p class=\"has-medium-font-size\"><strong>2. OLAS -systemet aktiveres<\/strong><\/p>\n\n\n\n<p>Der registreres et potentielt MOB -scenarie, der udl\u00f8ser en alarmnotifikation direkte til den\/de tilsluttede enhed(er). Denne alarm kan give en bredere vifte af muligheder afh\u00e6ngigt af din OLAS konfiguration. <\/p>\n<\/div>\n\n\n\n<div class=\"wp-block-column is-layout-flow wp-block-column-is-layout-flow\">\n<p class=\"has-medium-font-size\"><strong>3. MOB -data<\/strong> <strong>sendes til appen<\/strong><\/p>\n\n\n\n<p>Ved hj\u00e6lp af OLAS -appen sendes den sidst registrerede placering til smartphonen sammen med en retningspil, der navigerer til MOB positionen. Dette letter lokal redning eller selvredning. <\/p>\n<\/div>\n<\/div>\n\n<div class=\"wp-block-media-text alignwide is-stacked-on-mobile\" style=\"grid-template-columns:32% auto\"><figure class=\"wp-block-media-text__media\"><img loading=\"lazy\" decoding=\"async\" width=\"597\" height=\"1024\" src=\"https:\/\/www.acrartex.com\/wp-content\/uploads\/2022\/03\/ACR_OLAS-App_MOB-NAV-597x1024.png\" alt=\"\" class=\"wp-image-28319 size-full\" srcset=\"https:\/\/www.acrartex.com\/wp-content\/uploads\/2022\/03\/ACR_OLAS-App_MOB-NAV-597x1024.png 597w, https:\/\/www.acrartex.com\/wp-content\/uploads\/2022\/03\/ACR_OLAS-App_MOB-NAV-175x300.png 175w, https:\/\/www.acrartex.com\/wp-content\/uploads\/2022\/03\/ACR_OLAS-App_MOB-NAV-768x1316.png 768w, https:\/\/www.acrartex.com\/wp-content\/uploads\/2022\/03\/ACR_OLAS-App_MOB-NAV-896x1536.png 896w, https:\/\/www.acrartex.com\/wp-content\/uploads\/2022\/03\/ACR_OLAS-App_MOB-NAV-1195x2048.png 1195w, https:\/\/www.acrartex.com\/wp-content\/uploads\/2022\/03\/ACR_OLAS-App_MOB-NAV-600x1028.png 600w, https:\/\/www.acrartex.com\/wp-content\/uploads\/2022\/03\/ACR_OLAS-App_MOB-NAV.png 1819w\" sizes=\"auto, (max-width: 597px) 100vw, 597px\" \/><\/figure><div class=\"wp-block-media-text__content\">\n<p class=\"has-large-font-size\"><strong>ACR OLAS MOBILAPP<\/strong><\/p>\n\n\n\n<ul class=\"wp-block-list\"><li>Tilslut flere OLAS -sendere til 1 telefon eller tablet<\/li><li>Tilslut 1 OLAS -sender til flere telefoner eller tablets<\/li><li>Solo-tilstand sender tekstbeskeder til n\u00f8dkontakter med GPS koordinater (2G-mobilabonnement kr\u00e6ves)<\/li><li>App-navigation tilbage til den oprindelige MOB -placering<\/li><li>Automatisk VHF-script til MOB alarmer<\/li><\/ul>\n\n\n\n<div class=\"wp-block-columns is-layout-flex wp-container-core-columns-is-layout-9d6595d7 wp-block-columns-is-layout-flex\">\n<div class=\"wp-block-column is-layout-flow wp-block-column-is-layout-flow\">\n<div class=\"wp-block-image\"><figure class=\"aligncenter size-medium is-resized\"><a href=\"https:\/\/apps.apple.com\/us\/app\/acr-olas-marine-alert-system\/id1465222037\"><img loading=\"lazy\" decoding=\"async\" src=\"https:\/\/www.acrartex.com\/wp-content\/uploads\/2021\/08\/App_Store_Icon-300x89.png\" alt=\"\" class=\"wp-image-22770\" width=\"150\" height=\"45\" srcset=\"https:\/\/www.acrartex.com\/wp-content\/uploads\/2021\/08\/App_Store_Icon-300x89.png 300w, https:\/\/www.acrartex.com\/wp-content\/uploads\/2021\/08\/App_Store_Icon-1024x303.png 1024w, https:\/\/www.acrartex.com\/wp-content\/uploads\/2021\/08\/App_Store_Icon-768x227.png 768w, https:\/\/www.acrartex.com\/wp-content\/uploads\/2021\/08\/App_Store_Icon-1536x455.png 1536w, https:\/\/www.acrartex.com\/wp-content\/uploads\/2021\/08\/App_Store_Icon-600x178.png 600w, https:\/\/www.acrartex.com\/wp-content\/uploads\/2021\/08\/App_Store_Icon.png 1743w\" sizes=\"auto, (max-width: 150px) 100vw, 150px\" \/><\/a><\/figure><\/div>\n<\/div>\n\n\n\n<div class=\"wp-block-column is-layout-flow wp-block-column-is-layout-flow\">\n<div class=\"wp-block-image\"><figure class=\"aligncenter size-medium is-resized\"><a href=\"https:\/\/play.google.com\/store\/apps\/details?id=com.onix.ultimatesportsengineering.olas&amp;hl=en_US&amp;gl=US\"><img loading=\"lazy\" decoding=\"async\" src=\"https:\/\/www.acrartex.com\/wp-content\/uploads\/2021\/08\/Play_Store_Icon-300x89.png\" alt=\"\" class=\"wp-image-22771\" width=\"150\" height=\"45\" srcset=\"https:\/\/www.acrartex.com\/wp-content\/uploads\/2021\/08\/Play_Store_Icon-300x89.png 300w, https:\/\/www.acrartex.com\/wp-content\/uploads\/2021\/08\/Play_Store_Icon-1024x303.png 1024w, https:\/\/www.acrartex.com\/wp-content\/uploads\/2021\/08\/Play_Store_Icon-768x227.png 768w, https:\/\/www.acrartex.com\/wp-content\/uploads\/2021\/08\/Play_Store_Icon-1536x455.png 1536w, https:\/\/www.acrartex.com\/wp-content\/uploads\/2021\/08\/Play_Store_Icon-600x178.png 600w, https:\/\/www.acrartex.com\/wp-content\/uploads\/2021\/08\/Play_Store_Icon.png 1743w\" sizes=\"auto, (max-width: 150px) 100vw, 150px\" \/><\/a><\/figure><\/div>\n<\/div>\n<\/div>\n<\/div><\/div>\n\n<p><\/p>\n\n<div class=\"wp-block-cover alignfull has-background-dim-60 has-background-dim is-repeated\" style=\"background-image:url(https:\/\/www.acrartex.com\/wp-content\/uploads\/2022\/03\/ACR-OLAS-Tag-Fishing-142.jpg);background-color:#000000;min-height:904px;aspect-ratio:unset;\"><div class=\"wp-block-cover__inner-container is-layout-flow wp-block-cover-is-layout-flow\">\n<h2 class=\"alignwide has-white-color has-text-color wp-block-heading\" style=\"font-size:80px;line-height:1.2\"><strong><em><meta charset=\"utf-8\"\/><strong>ENDELIG ET SYSTEM DER KAN SKALERE!!<\/strong><\/em><\/strong><\/h2>\n\n\n\n<div class=\"wp-block-columns is-layout-flex wp-container-core-columns-is-layout-9d6595d7 wp-block-columns-is-layout-flex\">\n<div class=\"wp-block-column is-layout-flow wp-block-column-is-layout-flow\">\n<p class=\"has-text-color has-medium-font-size\" style=\"color:#ffffff\"><meta charset=\"utf-8\"\/>F\u00e5 mere alsidighed til din b\u00e5d ved at udvide OLAS systemet, efterh\u00e5nden som din b\u00e5d, familie og bes\u00e6tning vokser. Tilslut op til 6 Tag- eller OLAS Float-On-b\u00e5de til din mobile enhed, eller tilf\u00f8j dem til dit OLAS system med vores nye serie af basestationer og repeatere for at forbinde op til 15 enheder. <\/p>\n<\/div>\n<\/div>\n\n\n\n<div class=\"wp-block-image\"><figure class=\"aligncenter size-full is-resized\"><img loading=\"lazy\" decoding=\"async\" src=\"https:\/\/www.acrartex.com\/wp-content\/uploads\/2021\/03\/ACR-OLAS-GUARDIAN-Package-Items.png\" alt=\"ACR OLAS Guardian motorafbrydelsessystem med bes&#xE6;tningsm&#xE6;rke\" class=\"wp-image-26428\" width=\"360\" height=\"360\" srcset=\"https:\/\/www.acrartex.com\/wp-content\/uploads\/2021\/03\/ACR-OLAS-GUARDIAN-Package-Items.png 480w, https:\/\/www.acrartex.com\/wp-content\/uploads\/2021\/03\/ACR-OLAS-GUARDIAN-Package-Items-300x300.png 300w, https:\/\/www.acrartex.com\/wp-content\/uploads\/2021\/03\/ACR-OLAS-GUARDIAN-Package-Items-150x150.png 150w, https:\/\/www.acrartex.com\/wp-content\/uploads\/2021\/03\/ACR-OLAS-GUARDIAN-Package-Items-100x100.png 100w\" sizes=\"auto, (max-width: 360px) 100vw, 360px\" \/><\/figure><\/div>\n<\/div><\/div>\n\n<div style=\"height:48px\" aria-hidden=\"true\" class=\"wp-block-spacer\"><\/div>\n\n<div class=\"wp-block-image\"><figure class=\"aligncenter size-full is-resized\"><img loading=\"lazy\" decoding=\"async\" src=\"https:\/\/www.acrartex.com\/wp-content\/uploads\/2022\/03\/OLAS-Logo.png\" alt=\"\" class=\"wp-image-28322\" width=\"296\" height=\"71\" srcset=\"https:\/\/www.acrartex.com\/wp-content\/uploads\/2022\/03\/OLAS-Logo.png 990w, https:\/\/www.acrartex.com\/wp-content\/uploads\/2022\/03\/OLAS-Logo-300x72.png 300w, https:\/\/www.acrartex.com\/wp-content\/uploads\/2022\/03\/OLAS-Logo-768x184.png 768w, https:\/\/www.acrartex.com\/wp-content\/uploads\/2022\/03\/OLAS-Logo-600x144.png 600w\" sizes=\"auto, (max-width: 296px) 100vw, 296px\" \/><\/figure><\/div>\n","protected":false},"excerpt":{"rendered":"<p>ACR OLAS produktserien omfatter ACR OLAS Tag- og ACR OLAS Float-On MOB systemerne, som brugeren b\u00e6rer for at oprette forbindelse til ACR OLAS -appen p\u00e5 sin smartphone eller tablet, eller som kan skaleres til at fungere med OLAS CORE -basestationen, OLAS Guardian Engine Shut Off and Alarm eller OLAS EXTENDER . ACR OLAS -teknologien fungerer [&hellip;]<\/p>\n","protected":false},"author":22,"featured_media":0,"parent":0,"menu_order":0,"comment_status":"closed","ping_status":"closed","template":"","meta":{"_acf_changed":false,"om_disable_all_campaigns":false,"footnotes":""},"class_list":["post-145281","page","type-page","status-publish","hentry"],"acf":[],"_links":{"self":[{"href":"https:\/\/www.acrartex.com\/da\/wp-json\/wp\/v2\/pages\/145281","targetHints":{"allow":["GET"]}}],"collection":[{"href":"https:\/\/www.acrartex.com\/da\/wp-json\/wp\/v2\/pages"}],"about":[{"href":"https:\/\/www.acrartex.com\/da\/wp-json\/wp\/v2\/types\/page"}],"author":[{"embeddable":true,"href":"https:\/\/www.acrartex.com\/da\/wp-json\/wp\/v2\/users\/22"}],"replies":[{"embeddable":true,"href":"https:\/\/www.acrartex.com\/da\/wp-json\/wp\/v2\/comments?post=145281"}],"version-history":[{"count":1,"href":"https:\/\/www.acrartex.com\/da\/wp-json\/wp\/v2\/pages\/145281\/revisions"}],"predecessor-version":[{"id":145297,"href":"https:\/\/www.acrartex.com\/da\/wp-json\/wp\/v2\/pages\/145281\/revisions\/145297"}],"wp:attachment":[{"href":"https:\/\/www.acrartex.com\/da\/wp-json\/wp\/v2\/media?parent=145281"}],"curies":[{"name":"wp","href":"https:\/\/api.w.org\/{rel}","templated":true}]}}