{"id":144588,"date":"2023-02-06T17:04:50","date_gmt":"2023-02-06T22:04:50","guid":{"rendered":"https:\/\/www.acrartex.com\/den-nye-resqlink-ais\/"},"modified":"2025-09-08T15:56:24","modified_gmt":"2025-09-08T20:56:24","slug":"den-nye-resqlink-ais","status":"publish","type":"page","link":"https:\/\/www.acrartex.com\/da\/den-nye-resqlink-ais\/","title":{"rendered":"Den nye ResQLink AIS PLB"},"content":{"rendered":"\n<p class=\"has-text-align-left\"><span style=\"box-sizing: border-box; margin: 0px; padding: 0px;\">Den helt nye <a href=\"https:\/\/www.acrartex.com\/cs\/products\/personal-locator-beacon-resqlink-ais\/\"><strong>ACR ResQLink AIS<\/strong> PLB<\/a> , eller Personal Locator Beacon, er den mest teknologisk avancerede beacon i verden, da den har<\/span> teknologi til at varsle global efters\u00f8gning og redning via satellitter og lokal redning fra n\u00e6rliggende b\u00e5de med AIS. Med introduktionen af \u200b\u200b\u200b\u200bAutomatic Identification System (AIS) funktionalitet, Return Link Service (RLS) teknologi og Near Field Communication (NFC) funktionalitet i \u00e9n 406 MHz beacon repr\u00e6senterer ResQLink AIS et afg\u00f8rende fremskridt i udviklingen af \u200b\u200b\u200b\u200bPLB-teknologi. <\/p>\n<div class=\"wp-block-image\">\n<figure class=\"aligncenter size-large\"><a href=\"https:\/\/www.acrartex.com\/wp-content\/uploads\/2022\/11\/ACR-ResQLink-AIS-Header-Images.jpg\"><img loading=\"lazy\" decoding=\"async\" width=\"1024\" height=\"871\" src=\"https:\/\/www.acrartex.com\/wp-content\/uploads\/2022\/11\/ACR-ResQLink-AIS-Header-Images-1024x871.jpg\" alt=\"\" class=\"wp-image-33664\" srcset=\"https:\/\/www.acrartex.com\/wp-content\/uploads\/2022\/11\/ACR-ResQLink-AIS-Header-Images-1024x871.jpg 1024w, https:\/\/www.acrartex.com\/wp-content\/uploads\/2022\/11\/ACR-ResQLink-AIS-Header-Images-300x255.jpg 300w, https:\/\/www.acrartex.com\/wp-content\/uploads\/2022\/11\/ACR-ResQLink-AIS-Header-Images-768x654.jpg 768w, https:\/\/www.acrartex.com\/wp-content\/uploads\/2022\/11\/ACR-ResQLink-AIS-Header-Images-1536x1307.jpg 1536w, https:\/\/www.acrartex.com\/wp-content\/uploads\/2022\/11\/ACR-ResQLink-AIS-Header-Images-600x511.jpg 600w, https:\/\/www.acrartex.com\/wp-content\/uploads\/2022\/11\/ACR-ResQLink-AIS-Header-Images.jpg 2000w\" sizes=\"auto, (max-width: 1024px) 100vw, 1024px\" \/><\/a><\/figure>\n<\/div>\n<figure class=\"wp-block-embed is-type-video is-provider-youtube wp-block-embed-youtube wp-embed-aspect-16-9 wp-has-aspect-ratio\"><div class=\"wp-block-embed__wrapper\">\n<iframe loading=\"lazy\" title=\"ResQLink AIS PLB with Mobile App | ACR Electronics\" width=\"500\" height=\"281\" src=\"https:\/\/www.youtube.com\/embed\/GaoRXslmcH8?feature=oembed\" frameborder=\"0\" allow=\"accelerometer; autoplay; clipboard-write; encrypted-media; gyroscope; picture-in-picture; web-share\" referrerpolicy=\"strict-origin-when-cross-origin\" allowfullscreen><\/iframe>\n<\/div><\/figure>\n\n<div class=\"wp-block-columns is-layout-flex wp-container-core-columns-is-layout-9d6595d7 wp-block-columns-is-layout-flex\">\n<div class=\"wp-block-column is-layout-flow wp-block-column-is-layout-flow\">\n<figure class=\"wp-block-video\"><video height=\"650\" style=\"aspect-ratio: 650 \/ 650;\" width=\"650\" autoplay=\"\" loop=\"\" muted=\"\" src=\"https:\/\/www.acrartex.com\/wp-content\/uploads\/2022\/11\/ACR_PLB4503_360.mp4\"><\/video><\/figure>\n<\/div>\n\n\n\n<div class=\"wp-block-column is-layout-flow wp-block-column-is-layout-flow\">\n<p class=\"has-large-font-size\"><meta charset=\"utf-8\"\/><strong>ACR ResQLink AIS<\/strong><\/p>\n\n\n\n<p class=\"has-text-color has-medium-font-size\" style=\"color:#899198\">Kombinationen af \u200b\u200b406 MHz og AIS n\u00f8dmeldinger kombinerer for f\u00f8rste gang b\u00e5de global og lokal redning i \u00e9n PLB , hvilket udvider adgangen til kystvagten og efters\u00f8gnings- og redningstjenesten samt kommercielle og fritidsb\u00e5de i omr\u00e5det. Ved at advare lokale AIS udstyrede b\u00e5de i din n\u00e6rhed kan yderligere fart\u00f8jer reagere direkte p\u00e5 den digitale n\u00f8dsituation med din pr\u00e6cise placering. <\/p>\n\n\n\n<p class=\"has-text-color has-medium-font-size\" style=\"color:#899198\">Derudover giver NFC funktionen brugerne verdens f\u00f8rste smartphone-tilsluttede PLB , og den nye Return Link Service funktion giver brugerne ro i sindet, velvidende at deres n\u00f8dbesked er modtaget, og deres placering er registreret.<\/p>\n<\/div>\n<\/div>\n\n<div class=\"wp-block-buttons is-horizontal is-content-justification-center is-layout-flex wp-container-core-buttons-is-layout-499968f5 wp-block-buttons-is-layout-flex\">\n<div class=\"wp-block-button\"><a class=\"wp-block-button__link has-vivid-green-cyan-background-color has-background wp-element-button\" href=\"https:\/\/www.acrartex.com\/el\/products\/personal-locator-beacon-resqlink-ais\/\">Klik her for at l\u00e6re mere<\/a><\/div>\n<\/div>\n\n<div class=\"wp-block-columns is-layout-flex wp-container-core-columns-is-layout-9d6595d7 wp-block-columns-is-layout-flex\">\n<div class=\"wp-block-column is-layout-flow wp-block-column-is-layout-flow\">\n<figure class=\"wp-block-image size-full\"><img loading=\"lazy\" decoding=\"async\" width=\"379\" height=\"578\" src=\"https:\/\/www.acrartex.com\/wp-content\/uploads\/2022\/11\/Medium-Vertical-L-1.png\" alt=\"\" class=\"wp-image-33667\" srcset=\"https:\/\/www.acrartex.com\/wp-content\/uploads\/2022\/11\/Medium-Vertical-L-1.png 379w, https:\/\/www.acrartex.com\/wp-content\/uploads\/2022\/11\/Medium-Vertical-L-1-197x300.png 197w\" sizes=\"auto, (max-width: 379px) 100vw, 379px\" \/><\/figure>\n<\/div>\n\n\n\n<div class=\"wp-block-column is-layout-flow wp-block-column-is-layout-flow\">\n<p class=\"has-large-font-size\"><meta charset=\"utf-8\"\/><strong>Parring af global og lokal redning<\/strong><\/p>\n\n\n\n<p class=\"has-text-color has-medium-font-size\" style=\"color:#899198\">AIS-udstyrede fart\u00f8jer inden for VHF-r\u00e6kkevidde af PLB vil se en sikkerhedsmeddelelse p\u00e5 deres sk\u00e6rme, inklusive MMSI-fart\u00f8jsidentifikation.  <\/p>\n\n\n\n<p class=\"has-text-color has-medium-font-size\" style=\"color:#899198\">Fart\u00f8jer i det omr\u00e5de, hvor PLB&#8217;en er blevet aktiveret, kan derefter straks iv\u00e6rks\u00e6tte rednings- og bj\u00e6rgningsoperationer uden at skulle vente p\u00e5 en n\u00f8dindsats. AIS g\u00f8r det ogs\u00e5 muligt for lokale redningsmandskaber nemt at finde PLB&#8217;ens position, som vises som et AIS-m\u00e5l p\u00e5 deres indbyggede display. N\u00e6rliggende fart\u00f8jer med indbygget AIS kan navigere direkte til PLB&#8217;en ved at v\u00e6lge AIS-m\u00e5let.  <\/p>\n\n\n\n<p class=\"has-medium-font-size\"><strong>Denne utrolige teknologiske udvikling vil fremskynde helbredelsestiden, hvilket helt sikkert vil redde liv.<\/strong><\/p>\n<\/div>\n<\/div>\n\n<div class=\"wp-block-columns is-layout-flex wp-container-core-columns-is-layout-9d6595d7 wp-block-columns-is-layout-flex\">\n<div class=\"wp-block-column is-layout-flow wp-block-column-is-layout-flow\">\n<p class=\"has-large-font-size\"><meta charset=\"utf-8\"\/><strong>Return Link Service ( RLS ) aktiveret<\/strong><\/p>\n\n\n\n<p class=\"has-text-color has-medium-font-size\" style=\"color:#899198\">RLS-funktionen fungerer ved at sende et signal tilbage gennem Galileo <a href=\"https:\/\/www.cospas-sarsat.int\/en\/\">-satellitnetv\u00e6rket<\/a> for at bekr\u00e6fte til beacon-brugeren, at deres n\u00f8dbesked er modtaget, og at deres placering er blevet registreret. Et blinkende bl\u00e5t lys p\u00e5 PLB&#8217;en indikerer tydeligt en bekr\u00e6ftelsesbesked. Ligesom andre ACR-beacons, der inkluderer den kritiske RLS-funktion, giver ResQLink AIS trygheden ved at vide, at en n\u00f8dbesked er blevet leveret.    <\/p>\n\n\n\n<p class=\"has-text-color has-medium-font-size\" style=\"color:#899198\">At redningsmandskab er opm\u00e6rksomme p\u00e5 signalets transmission og placering, reducerer den stress, der ofte er forbundet med mand overbord-h\u00e6ndelser.<\/p>\n<\/div>\n\n\n\n<div class=\"wp-block-column is-layout-flow wp-block-column-is-layout-flow\"><div class=\"wp-block-image\">\n<figure class=\"aligncenter size-full\"><img loading=\"lazy\" decoding=\"async\" width=\"379\" height=\"578\" src=\"https:\/\/www.acrartex.com\/wp-content\/uploads\/2022\/11\/Medium-Vertical-R-1.png\" alt=\"\" class=\"wp-image-33668\" srcset=\"https:\/\/www.acrartex.com\/wp-content\/uploads\/2022\/11\/Medium-Vertical-R-1.png 379w, https:\/\/www.acrartex.com\/wp-content\/uploads\/2022\/11\/Medium-Vertical-R-1-197x300.png 197w\" sizes=\"auto, (max-width: 379px) 100vw, 379px\" \/><\/figure>\n<\/div><\/div>\n<\/div>\n\n<figure class=\"wp-block-image size-large\"><img loading=\"lazy\" decoding=\"async\" width=\"1024\" height=\"844\" src=\"https:\/\/www.acrartex.com\/wp-content\/uploads\/2023\/02\/PLB450-Mobile-App-Large-Box-1024x844.png\" alt=\"\" class=\"wp-image-34642\" srcset=\"https:\/\/www.acrartex.com\/wp-content\/uploads\/2023\/02\/PLB450-Mobile-App-Large-Box-1024x844.png 1024w, https:\/\/www.acrartex.com\/wp-content\/uploads\/2023\/02\/PLB450-Mobile-App-Large-Box-300x247.png 300w, https:\/\/www.acrartex.com\/wp-content\/uploads\/2023\/02\/PLB450-Mobile-App-Large-Box-768x633.png 768w, https:\/\/www.acrartex.com\/wp-content\/uploads\/2023\/02\/PLB450-Mobile-App-Large-Box-600x495.png 600w, https:\/\/www.acrartex.com\/wp-content\/uploads\/2023\/02\/PLB450-Mobile-App-Large-Box.png 1048w\" sizes=\"auto, (max-width: 1024px) 100vw, 1024px\" \/><\/figure>\n\n<div class=\"wp-block-media-text alignwide is-stacked-on-mobile is-vertically-aligned-center\" style=\"grid-template-columns:39% auto\"><figure class=\"wp-block-media-text__media\"><img loading=\"lazy\" decoding=\"async\" width=\"379\" height=\"578\" src=\"https:\/\/www.acrartex.com\/wp-content\/uploads\/2023\/02\/GlobalFix-V5-Mobile-App-2.png\" alt=\"\" class=\"wp-image-34607 size-full\" srcset=\"https:\/\/www.acrartex.com\/wp-content\/uploads\/2023\/02\/GlobalFix-V5-Mobile-App-2.png 379w, https:\/\/www.acrartex.com\/wp-content\/uploads\/2023\/02\/GlobalFix-V5-Mobile-App-2-197x300.png 197w\" sizes=\"auto, (max-width: 379px) 100vw, 379px\" \/><\/figure><div class=\"wp-block-media-text__content\">\n<p class=\"has-large-font-size\"><strong>Smartphone-forbindelse ved hj\u00e6lp af Near Field Communication ( NFC )<\/strong><\/p>\n\n\n\n<p>Integrationen af \u200b\u200bNFC-teknologi g\u00f8r det muligt for brugerne nemt at f\u00e5 adgang til beacon-data fra deres mobiltelefoner. Den simple handling at placere en telefon i n\u00e6rheden af \u200b\u200bbeaconen \u00e5bner automatisk ACR Product App, der giver adgang til en m\u00e6ngde brugsdata, herunder den aktuelle batterilevetid, antallet af gennemf\u00f8rte selvtests, antallet af gennemf\u00f8rte GNSS-tests og, hvis relevant, hvor l\u00e6nge beaconen har v\u00e6ret aktiveret.   <\/p>\n\n\n\n<p>Detaljerede oplysninger om hver selvtest og GNSS-test udf\u00f8rt af beaconen er ogs\u00e5 tilg\u00e6ngelige, hvis det \u00f8nskes. For hver vellykket GNSS-test kan brugerne se et kort, der viser pr\u00e6cis, hvor testen blev udf\u00f8rt, dato og tidspunkt for testen, den tid det tog beaconen at f\u00e5 en positionsbestemmelse p\u00e5 sine GNSS-koordinater, antallet af satellitter, som beaconen brugte til at opn\u00e5 denne positionsbestemmelse, og n\u00f8jagtigheden af \u200b\u200bpositionen. <\/p>\n<\/div><\/div>\n\n<hr class=\"wp-block-separator has-css-opacity\"\/>\n\n<p class=\"has-text-align-center has-large-font-size\"><strong>ResQLink AIS leveres som standard med<\/strong><\/p>\n<figure class=\"wp-block-image aligncenter size-full is-resized\"><img loading=\"lazy\" decoding=\"async\" width=\"800\" height=\"232\" class=\"wp-image-33676\" style=\"width: 837px; height: 243px;\" src=\"https:\/\/www.acrartex.com\/wp-content\/uploads\/2022\/11\/Wide-Banner.png\" alt=\"\" srcset=\"https:\/\/www.acrartex.com\/wp-content\/uploads\/2022\/11\/Wide-Banner.png 800w, https:\/\/www.acrartex.com\/wp-content\/uploads\/2022\/11\/Wide-Banner-300x87.png 300w, https:\/\/www.acrartex.com\/wp-content\/uploads\/2022\/11\/Wide-Banner-768x223.png 768w, https:\/\/www.acrartex.com\/wp-content\/uploads\/2022\/11\/Wide-Banner-600x174.png 600w\" sizes=\"auto, (max-width: 800px) 100vw, 800px\" \/><\/figure>\n\n<figure class=\"wp-block-image size-large\"><img loading=\"lazy\" decoding=\"async\" width=\"1024\" height=\"422\" src=\"https:\/\/www.acrartex.com\/wp-content\/uploads\/2022\/11\/Large-Medium-Banner-1024x422.png\" alt=\"\" class=\"wp-image-33677\" srcset=\"https:\/\/www.acrartex.com\/wp-content\/uploads\/2022\/11\/Large-Medium-Banner-1024x422.png 1024w, https:\/\/www.acrartex.com\/wp-content\/uploads\/2022\/11\/Large-Medium-Banner-300x124.png 300w, https:\/\/www.acrartex.com\/wp-content\/uploads\/2022\/11\/Large-Medium-Banner-768x317.png 768w, https:\/\/www.acrartex.com\/wp-content\/uploads\/2022\/11\/Large-Medium-Banner-600x247.png 600w, https:\/\/www.acrartex.com\/wp-content\/uploads\/2022\/11\/Large-Medium-Banner.png 1048w\" sizes=\"auto, (max-width: 1024px) 100vw, 1024px\" \/><\/figure>\n\n<figure class=\"wp-block-image size-large\"><img loading=\"lazy\" decoding=\"async\" width=\"1024\" height=\"422\" src=\"https:\/\/www.acrartex.com\/wp-content\/uploads\/2022\/11\/Large-Medium-Banner-2-1-1024x422.png\" alt=\"\" class=\"wp-image-33678\" srcset=\"https:\/\/www.acrartex.com\/wp-content\/uploads\/2022\/11\/Large-Medium-Banner-2-1-1024x422.png 1024w, https:\/\/www.acrartex.com\/wp-content\/uploads\/2022\/11\/Large-Medium-Banner-2-1-300x124.png 300w, https:\/\/www.acrartex.com\/wp-content\/uploads\/2022\/11\/Large-Medium-Banner-2-1-768x317.png 768w, https:\/\/www.acrartex.com\/wp-content\/uploads\/2022\/11\/Large-Medium-Banner-2-1-600x247.png 600w, https:\/\/www.acrartex.com\/wp-content\/uploads\/2022\/11\/Large-Medium-Banner-2-1.png 1048w\" sizes=\"auto, (max-width: 1024px) 100vw, 1024px\" \/><\/figure>\n\n<div class=\"wp-block-columns is-layout-flex wp-container-core-columns-is-layout-9d6595d7 wp-block-columns-is-layout-flex\">\n<div class=\"wp-block-column is-layout-flow wp-block-column-is-layout-flow\">\n<figure class=\"wp-block-image size-full\"><img loading=\"lazy\" decoding=\"async\" width=\"400\" height=\"400\" src=\"https:\/\/www.acrartex.com\/wp-content\/uploads\/2022\/11\/Small-Box-copy-2.png\" alt=\"\" class=\"wp-image-33672\" srcset=\"https:\/\/www.acrartex.com\/wp-content\/uploads\/2022\/11\/Small-Box-copy-2.png 400w, https:\/\/www.acrartex.com\/wp-content\/uploads\/2022\/11\/Small-Box-copy-2-300x300.png 300w, https:\/\/www.acrartex.com\/wp-content\/uploads\/2022\/11\/Small-Box-copy-2-150x150.png 150w, https:\/\/www.acrartex.com\/wp-content\/uploads\/2022\/11\/Small-Box-copy-2-100x100.png 100w\" sizes=\"auto, (max-width: 400px) 100vw, 400px\" \/><\/figure>\n<\/div>\n\n\n\n<div class=\"wp-block-column is-layout-flow wp-block-column-is-layout-flow\">\n<figure class=\"wp-block-image size-full\"><img loading=\"lazy\" decoding=\"async\" width=\"400\" height=\"400\" src=\"https:\/\/www.acrartex.com\/wp-content\/uploads\/2022\/11\/Small-Box-copy-3.png\" alt=\"\" class=\"wp-image-33673\" srcset=\"https:\/\/www.acrartex.com\/wp-content\/uploads\/2022\/11\/Small-Box-copy-3.png 400w, https:\/\/www.acrartex.com\/wp-content\/uploads\/2022\/11\/Small-Box-copy-3-300x300.png 300w, https:\/\/www.acrartex.com\/wp-content\/uploads\/2022\/11\/Small-Box-copy-3-150x150.png 150w, https:\/\/www.acrartex.com\/wp-content\/uploads\/2022\/11\/Small-Box-copy-3-100x100.png 100w\" sizes=\"auto, (max-width: 400px) 100vw, 400px\" \/><\/figure>\n<\/div>\n\n\n\n<div class=\"wp-block-column is-layout-flow wp-block-column-is-layout-flow\">\n<figure class=\"wp-block-image size-full\"><img loading=\"lazy\" decoding=\"async\" width=\"400\" height=\"400\" src=\"https:\/\/www.acrartex.com\/wp-content\/uploads\/2022\/11\/Small-Box.png\" alt=\"\" class=\"wp-image-33674\" srcset=\"https:\/\/www.acrartex.com\/wp-content\/uploads\/2022\/11\/Small-Box.png 400w, https:\/\/www.acrartex.com\/wp-content\/uploads\/2022\/11\/Small-Box-300x300.png 300w, https:\/\/www.acrartex.com\/wp-content\/uploads\/2022\/11\/Small-Box-150x150.png 150w, https:\/\/www.acrartex.com\/wp-content\/uploads\/2022\/11\/Small-Box-100x100.png 100w\" sizes=\"auto, (max-width: 400px) 100vw, 400px\" \/><\/figure>\n<\/div>\n\n\n\n<div class=\"wp-block-column is-layout-flow wp-block-column-is-layout-flow\">\n<figure class=\"wp-block-image size-full\"><img loading=\"lazy\" decoding=\"async\" width=\"400\" height=\"400\" src=\"https:\/\/www.acrartex.com\/wp-content\/uploads\/2022\/11\/Small-Box-copy.png\" alt=\"\" class=\"wp-image-33675\" srcset=\"https:\/\/www.acrartex.com\/wp-content\/uploads\/2022\/11\/Small-Box-copy.png 400w, https:\/\/www.acrartex.com\/wp-content\/uploads\/2022\/11\/Small-Box-copy-300x300.png 300w, https:\/\/www.acrartex.com\/wp-content\/uploads\/2022\/11\/Small-Box-copy-150x150.png 150w, https:\/\/www.acrartex.com\/wp-content\/uploads\/2022\/11\/Small-Box-copy-100x100.png 100w\" sizes=\"auto, (max-width: 400px) 100vw, 400px\" \/><\/figure>\n<\/div>\n<\/div>\n\n<div style=\"height:44px\" aria-hidden=\"true\" class=\"wp-block-spacer\"><\/div>\n\n<p><\/p>\n","protected":false},"excerpt":{"rendered":"<p>Den helt nye ACR ResQLink AIS PLB , eller Personal Locator Beacon, er den mest teknologisk avancerede beacon i verden, da den har teknologi til at varsle global efters\u00f8gning og redning via satellitter og lokal redning fra n\u00e6rliggende b\u00e5de med AIS. Med introduktionen af \u200b\u200b\u200b\u200bAutomatic Identification System (AIS) funktionalitet, Return Link Service (RLS) teknologi og [&hellip;]<\/p>\n","protected":false},"author":5,"featured_media":0,"parent":0,"menu_order":0,"comment_status":"closed","ping_status":"closed","template":"","meta":{"_acf_changed":false,"om_disable_all_campaigns":false,"footnotes":""},"class_list":["post-144588","page","type-page","status-publish","hentry"],"acf":[],"_links":{"self":[{"href":"https:\/\/www.acrartex.com\/da\/wp-json\/wp\/v2\/pages\/144588","targetHints":{"allow":["GET"]}}],"collection":[{"href":"https:\/\/www.acrartex.com\/da\/wp-json\/wp\/v2\/pages"}],"about":[{"href":"https:\/\/www.acrartex.com\/da\/wp-json\/wp\/v2\/types\/page"}],"author":[{"embeddable":true,"href":"https:\/\/www.acrartex.com\/da\/wp-json\/wp\/v2\/users\/5"}],"replies":[{"embeddable":true,"href":"https:\/\/www.acrartex.com\/da\/wp-json\/wp\/v2\/comments?post=144588"}],"version-history":[{"count":7,"href":"https:\/\/www.acrartex.com\/da\/wp-json\/wp\/v2\/pages\/144588\/revisions"}],"predecessor-version":[{"id":162428,"href":"https:\/\/www.acrartex.com\/da\/wp-json\/wp\/v2\/pages\/144588\/revisions\/162428"}],"wp:attachment":[{"href":"https:\/\/www.acrartex.com\/da\/wp-json\/wp\/v2\/media?parent=144588"}],"curies":[{"name":"wp","href":"https:\/\/api.w.org\/{rel}","templated":true}]}}