{"id":144410,"date":"2023-01-04T17:34:34","date_gmt":"2023-01-04T22:34:34","guid":{"rendered":"https:\/\/www.acrartex.com\/gadss-elt-dt-konsultationsanmodning\/"},"modified":"2025-07-07T05:29:51","modified_gmt":"2025-07-07T10:29:51","slug":"gadss-elt-dt-konsultationsanmodning","status":"publish","type":"page","link":"https:\/\/www.acrartex.com\/da\/gadss-elt-dt-konsultationsanmodning\/","title":{"rendered":"GADSS ELT DT KONSULTATIONSANMODNING"},"content":{"rendered":"\n<p>Har du brug for at l\u00e6re mere om GADSS og hvordan dette vil p\u00e5virke dine fremtidige flyordrer? Vores GADSS-eksperter er klar til at hj\u00e6lpe dig.<\/p>\n\n<p>ARTEX kontaktoplysninger:<\/p>\n\n<p>Salgskontakt: <a href=\"Jeff.Geraci@acrartex.com\">Jeff Geraci<\/a> p\u00e5 +1 954-612-9592 eller <a href=\"mailto:Jeff.Geraci@acrartex.com\">Jeff.Geraci@acrartex.com<\/a><\/p>\n\n<p>Marketingkontakt: Mikele D&#8217;Arcangelo p\u00e5 +1 954-614-6703 eller <a href=\"mailto:mikele.darcangelo@acrartex.com\" target=\"_blank\" rel=\"noreferrer noopener\">mikele.darcangelo@acrartex.com<\/a><\/p>\n\n<p><\/p>\n\n<iframe loading=\"lazy\" src=\"https:\/\/forms.monday.com\/forms\/embed\/bb05362e9314db80adc186100ed2cb7b?r=use1\" width=\"650\" height=\"500\" style=\"border: 0; box-shadow: 5px 5px 56px 0px rgba(0,0,0,0.25);\"><\/iframe>\n\n<p><\/p>\n","protected":false},"excerpt":{"rendered":"<p>Har du brug for at l\u00e6re mere om GADSS og hvordan dette vil p\u00e5virke dine fremtidige flyordrer? Vores GADSS-eksperter er klar til at hj\u00e6lpe dig. ARTEX kontaktoplysninger: Salgskontakt: Jeff Geraci p\u00e5 +1 954-612-9592 eller Jeff.Geraci@acrartex.com Marketingkontakt: Mikele D&#8217;Arcangelo p\u00e5 +1 954-614-6703 eller mikele.darcangelo@acrartex.com<\/p>\n","protected":false},"author":5,"featured_media":0,"parent":0,"menu_order":0,"comment_status":"closed","ping_status":"closed","template":"","meta":{"_acf_changed":false,"om_disable_all_campaigns":false,"footnotes":""},"class_list":["post-144410","page","type-page","status-publish","hentry"],"acf":[],"_links":{"self":[{"href":"https:\/\/www.acrartex.com\/da\/wp-json\/wp\/v2\/pages\/144410","targetHints":{"allow":["GET"]}}],"collection":[{"href":"https:\/\/www.acrartex.com\/da\/wp-json\/wp\/v2\/pages"}],"about":[{"href":"https:\/\/www.acrartex.com\/da\/wp-json\/wp\/v2\/types\/page"}],"author":[{"embeddable":true,"href":"https:\/\/www.acrartex.com\/da\/wp-json\/wp\/v2\/users\/5"}],"replies":[{"embeddable":true,"href":"https:\/\/www.acrartex.com\/da\/wp-json\/wp\/v2\/comments?post=144410"}],"version-history":[{"count":1,"href":"https:\/\/www.acrartex.com\/da\/wp-json\/wp\/v2\/pages\/144410\/revisions"}],"predecessor-version":[{"id":144426,"href":"https:\/\/www.acrartex.com\/da\/wp-json\/wp\/v2\/pages\/144410\/revisions\/144426"}],"wp:attachment":[{"href":"https:\/\/www.acrartex.com\/da\/wp-json\/wp\/v2\/media?parent=144410"}],"curies":[{"name":"wp","href":"https:\/\/api.w.org\/{rel}","templated":true}]}}