{"id":144324,"date":"2025-04-30T14:03:40","date_gmt":"2025-04-30T19:03:40","guid":{"rendered":"https:\/\/www.acrartex.com\/acr-dashboard-artex-programmering\/"},"modified":"2025-07-07T05:27:03","modified_gmt":"2025-07-07T10:27:03","slug":"acr-dashboard-artex-programmering","status":"publish","type":"page","link":"https:\/\/www.acrartex.com\/da\/acr-dashboard-artex-programmering\/","title":{"rendered":"ACR Dashboard \u2013 ARTEX Programmering"},"content":{"rendered":"\n<p><strong>Bestillingsvejledning til ELT og programmeringsadaptere<\/strong><\/p>\n\n<p>N\u00e5r du bestiller ELT eller programmeringsadaptere, skal du s\u00f8rge for at udfylde og vedh\u00e6fte den korrekte formular til din ordre. Hvis du f.eks. bestiller varenummer <strong>453-5060<\/strong> , skal du v\u00e6lge <strong>programmeringsformularen C406-2<\/strong> . Programmeringsformularer kan tilg\u00e5s via linkene nedenfor.  <\/p>\n\n<p>Hvis standardprogrammering allerede er registreret for din konto, kr\u00e6ves der ikke yderligere formularer.<\/p>\n\n<p>Hvis du har brug for hj\u00e6lp til at v\u00e6lge eller udfylde den korrekte formular, er du velkommen til at kontakte os p\u00e5 cs.dashboard@acrartex.com, s\u00e5 vil en dedikeret kundeservicemedarbejder straks f\u00f8lge op med dig.<\/p>\n\n<div style=\"height:12px\" aria-hidden=\"true\" class=\"wp-block-spacer\"><\/div>\n\n<p><strong><span style=\"text-decoration: underline;\">Programmeringsformularer:<\/span><\/strong><\/p>\n\n<p><a href=\"https:\/\/www.dropbox.com\/scl\/fi\/ent1bonmu5lbfvy9iyd1o\/ELT-345_1000-Programming-Form.pdf?rlkey=zncahtzfirgzgdzufeikshxfd&amp;st=d2jo7qjh&amp;dl=1\">ELT 345 &amp; ELT 1000 Programmeringsformular<\/a><\/p>\n\n<p><a href=\"https:\/\/www.dropbox.com\/scl\/fi\/7kk6htykwdiisum80pvob\/ELT-3000-Programming-Form.pdf?rlkey=niqik450asxqiyvju8aqjmjg0&amp;st=hqukv37c&amp;dl=1\">ELT 3000 Programmeringsformular<\/a><\/p>\n\n<p><a href=\"https:\/\/www.dropbox.com\/scl\/fi\/fiks709fo911kf1ru2r1d\/ELT-4000-Programming-Form.pdf?rlkey=h6o41gfmq9pnc2pap8o8qwyhq&amp;st=fro5jgbo&amp;dl=1\">ELT 4000 Programmeringsformular<\/a><\/p>\n\n<p><a href=\"https:\/\/www.dropbox.com\/scl\/fi\/it6fj1dgskpi5t9qb7o44\/ELT-4000S-Programming-Form.pdf?rlkey=n4kpw75bwlqpm4z8pfdi0j4p8&amp;st=v56waiyk&amp;dl=1\">ELT 4000S programmeringsformular<\/a><\/p>\n\n<p><a href=\"https:\/\/www.dropbox.com\/scl\/fi\/re9wwfh5a6sl41d57769z\/ACR-Electronics-ELT-DT-ELT-5000-Programming-Form-September-2024-v6-1.docx?rlkey=gxk3hm6hu4txa0aipuq8npmcx&amp;st=kavbv6v9&amp;dl=1\">ELT 5000 (DT) Programmeringsformular<\/a><\/p>\n\n<p><a href=\"https:\/\/www.dropbox.com\/scl\/fi\/31tegowx8wvu1vch6sbi4\/C-B-G-Programming-Updated-Feb-2023.pdf?rlkey=bjdiis6ipcp7mc9taxh733ywx&amp;st=39q8nphm&amp;dl=1\">Programmeringsformular for serie C, B og G<\/a><\/p>\n\n<p><a href=\"https:\/\/www.dropbox.com\/scl\/fi\/7spagfm1n5ultgczctfgx\/C406-N-Programming-Adapter-Form.pdf?rlkey=4ng3amibu26x7x3abx7b3cyyt&amp;st=tvvya2jg&amp;dl=1\">C406-N programmeringsadapterformular<\/a><\/p>\n\n<p><a href=\"https:\/\/www.dropbox.com\/scl\/fi\/tu6w28yx6j95bdxvo7k36\/C406-N-Programming-Form.pdf?rlkey=bofn7e4b2k31jm9chj8tfx406&amp;st=i3to1w3m&amp;dl=1\">C406-N Programmeringsformular<\/a><\/p>\n\n<p><a href=\"https:\/\/www.dropbox.com\/scl\/fi\/utlfrppyrko9y3kwpbuel\/ME-406-Programming-Form.pdf?rlkey=pc5wgyzo653azjkxu3qsa6z0l&amp;st=f9o9295z&amp;dl=1\">ME 406 Programmeringsformular<\/a><\/p>\n","protected":false},"excerpt":{"rendered":"<p>Bestillingsvejledning til ELT og programmeringsadaptere N\u00e5r du bestiller ELT eller programmeringsadaptere, skal du s\u00f8rge for at udfylde og vedh\u00e6fte den korrekte formular til din ordre. Hvis du f.eks. bestiller varenummer 453-5060 , skal du v\u00e6lge programmeringsformularen C406-2 . Programmeringsformularer kan tilg\u00e5s via linkene nedenfor. Hvis standardprogrammering allerede er registreret for din konto, kr\u00e6ves der ikke [&hellip;]<\/p>\n","protected":false},"author":23,"featured_media":0,"parent":0,"menu_order":0,"comment_status":"closed","ping_status":"closed","template":"","meta":{"_acf_changed":false,"om_disable_all_campaigns":false,"footnotes":""},"class_list":["post-144324","page","type-page","status-publish","hentry"],"acf":[],"_links":{"self":[{"href":"https:\/\/www.acrartex.com\/da\/wp-json\/wp\/v2\/pages\/144324","targetHints":{"allow":["GET"]}}],"collection":[{"href":"https:\/\/www.acrartex.com\/da\/wp-json\/wp\/v2\/pages"}],"about":[{"href":"https:\/\/www.acrartex.com\/da\/wp-json\/wp\/v2\/types\/page"}],"author":[{"embeddable":true,"href":"https:\/\/www.acrartex.com\/da\/wp-json\/wp\/v2\/users\/23"}],"replies":[{"embeddable":true,"href":"https:\/\/www.acrartex.com\/da\/wp-json\/wp\/v2\/comments?post=144324"}],"version-history":[{"count":1,"href":"https:\/\/www.acrartex.com\/da\/wp-json\/wp\/v2\/pages\/144324\/revisions"}],"predecessor-version":[{"id":144325,"href":"https:\/\/www.acrartex.com\/da\/wp-json\/wp\/v2\/pages\/144324\/revisions\/144325"}],"wp:attachment":[{"href":"https:\/\/www.acrartex.com\/da\/wp-json\/wp\/v2\/media?parent=144324"}],"curies":[{"name":"wp","href":"https:\/\/api.w.org\/{rel}","templated":true}]}}