{"id":144310,"date":"2025-04-24T09:52:48","date_gmt":"2025-04-24T14:52:48","guid":{"rendered":"https:\/\/www.acrartex.com\/acr-dashboard-ressourcer\/"},"modified":"2025-07-07T08:17:43","modified_gmt":"2025-07-07T13:17:43","slug":"acr-dashboard-ressourcer","status":"publish","type":"page","link":"https:\/\/www.acrartex.com\/da\/acr-dashboard-ressourcer\/","title":{"rendered":"ACR -dashboard \u2013 Ressourcer"},"content":{"rendered":"\n<p><strong>Velkommen til ACR Electronics kundeportal dashboard informationsside<\/strong><\/p>\n\n<p>Denne side er designet til at hj\u00e6lpe dig med at navigere og administrere dit kundeportals dashboard effektivt. Nedenfor finder du links til oplysninger og ressourcer kategoriseret som f\u00f8lger: <\/p>\n\n<ul class=\"wp-block-list\">\n<li><a href=\"https:\/\/www.acrartex.com\/da\/acr-dashboard-artex-programmering\/\">ARTEX -programmeringsformularer<\/a><\/li>\n\n\n\n<li><a href=\"https:\/\/www.acrartex.com\/da\/acr-dashboard-returnering-kredit-eller-garanti-og-reparation\/\">Returnering (kredit, garanti og reparation)<\/a><\/li>\n\n\n\n<li><a href=\"https:\/\/www.acrartex.com\/da\/acr-dashboard-traeningsmaterialer-og-videoer\/\">Tr\u00e6ningsmaterialer og videoer<\/a><\/li>\n\n\n\n<li><a href=\"https:\/\/www.acrartex.com\/da\/acr-dashboard-funktionsopdateringer-og-forbedringer\/\">Funktionsopdateringer og kommende forbedringer<\/a><\/li>\n\n\n\n<li><a href=\"https:\/\/www.acrartex.com\/da\/acr-dashboard-ofte-stillede-spoergsmaal\/\">Ofte stillede sp\u00f8rgsm\u00e5l<\/a><\/li>\n<\/ul>\n\n<p>Klik p\u00e5 et af ovenst\u00e5ende links for at f\u00e5 adgang til detaljerede oplysninger og relaterede materialer.<\/p>\n\n<p>Hvis du har brug for hj\u00e6lp p\u00e5 et hvilket som helst tidspunkt, er vores kundeserviceteam her for at hj\u00e6lpe. Kontakt os venligst p\u00e5 <strong>cs.dashboard@acrartex.com<\/strong> og oplys dit kontonummer. En dedikeret kundeservicemedarbejder vil straks kontakte dig.  <\/p>\n\n<div style=\"height:16px\" aria-hidden=\"true\" class=\"wp-block-spacer\"><\/div>\n\n<p><strong>Vi vil meget gerne have din feedback!<\/strong>  Vi vil gerne sikre os, at vores kundeportal fungerer godt for dig. Brug venligst et \u00f8jeblik p\u00e5 at udfylde den korte unders\u00f8gelse nedenfor \u2013 det tager kun et minut, og din feedback hj\u00e6lper os med at forbedre din oplevelse. <\/p>\n\n<script>(function(t,e,s,n){var o,a,c;t.SMCX=t.SMCX||[],e.getElementById(n)||(o=e.getElementsByTagName(s),a=o[o.length-1],c=e.createElement(s),c.type=\"text\/javascript\",c.async=!0,c.id=n,c.src=\"https:\/\/widget.surveymonkey.com\/collect\/website\/js\/tRaiETqnLgj758hTBazgd9x_2FFUbL4jRmHb1Lm6VtZ98F4st3owneNjL2W6jIOnz6.js\",a.parentNode.insertBefore(c,a))})(window,document,\"script\",\"smcx-sdk\");<\/script><a style=\"font: 12px Helvetica, sans-serif; color: #999; text-decoration: none;\" href=\"www.surveymonkey.com\">  Opret din egen brugerfeedbackunders\u00f8gelse  <\/a>\n\n<p><\/p>\n\n<p><\/p>\n\n<p><\/p>\n\n<p><\/p>\n\n<p><\/p>\n\n<p><\/p>\n\n<p><\/p>\n","protected":false},"excerpt":{"rendered":"<p>Velkommen til ACR Electronics kundeportal dashboard informationsside Denne side er designet til at hj\u00e6lpe dig med at navigere og administrere dit kundeportals dashboard effektivt. Nedenfor finder du links til oplysninger og ressourcer kategoriseret som f\u00f8lger: Klik p\u00e5 et af ovenst\u00e5ende links for at f\u00e5 adgang til detaljerede oplysninger og relaterede materialer. Hvis du har brug [&hellip;]<\/p>\n","protected":false},"author":23,"featured_media":0,"parent":0,"menu_order":0,"comment_status":"closed","ping_status":"closed","template":"","meta":{"_acf_changed":false,"om_disable_all_campaigns":false,"footnotes":""},"class_list":["post-144310","page","type-page","status-publish","hentry"],"acf":[],"_links":{"self":[{"href":"https:\/\/www.acrartex.com\/da\/wp-json\/wp\/v2\/pages\/144310","targetHints":{"allow":["GET"]}}],"collection":[{"href":"https:\/\/www.acrartex.com\/da\/wp-json\/wp\/v2\/pages"}],"about":[{"href":"https:\/\/www.acrartex.com\/da\/wp-json\/wp\/v2\/types\/page"}],"author":[{"embeddable":true,"href":"https:\/\/www.acrartex.com\/da\/wp-json\/wp\/v2\/users\/23"}],"replies":[{"embeddable":true,"href":"https:\/\/www.acrartex.com\/da\/wp-json\/wp\/v2\/comments?post=144310"}],"version-history":[{"count":5,"href":"https:\/\/www.acrartex.com\/da\/wp-json\/wp\/v2\/pages\/144310\/revisions"}],"predecessor-version":[{"id":148485,"href":"https:\/\/www.acrartex.com\/da\/wp-json\/wp\/v2\/pages\/144310\/revisions\/148485"}],"wp:attachment":[{"href":"https:\/\/www.acrartex.com\/da\/wp-json\/wp\/v2\/media?parent=144310"}],"curies":[{"name":"wp","href":"https:\/\/api.w.org\/{rel}","templated":true}]}}