{"id":144238,"date":"2024-03-06T13:47:16","date_gmt":"2024-03-06T18:47:16","guid":{"rendered":"https:\/\/www.acrartex.com\/survivorclubs-vilkaar-og-betingelser\/"},"modified":"2025-07-07T05:14:50","modified_gmt":"2025-07-07T10:14:50","slug":"survivorclubs-vilkaar-og-betingelser","status":"publish","type":"page","link":"https:\/\/www.acrartex.com\/da\/survivorclubs-vilkaar-og-betingelser\/","title":{"rendered":"SurvivorClubs vilk\u00e5r og betingelser"},"content":{"rendered":"\n<p><strong>Programbeskrivelse:<\/strong><\/p>\n\n<p>Hvis du bruger din ACR eller ARTEX 406 MHz EPIRB , ELT , Personal Locator Beacon eller Bivy Stick i en livreddende n\u00f8dsituation, der resulterer i, at et liv reddes af efters\u00f8gnings- og redningspersonale, vil ACR Electronics , Inc. ( ACR ) erstatte din beacon med en ny beacon af samme eller st\u00f8rre v\u00e6rdi (herefter &#8220;Programmet&#8221;) i henhold til de vilk\u00e5r og betingelser, der er beskrevet heri.<\/p>\n\n<p><strong>S\u00e5dan deltager du:<\/strong><\/p>\n\n<p>For at anmode om en erstatning, bes\u00f8g venligst <a href=\"http:\/\/www.suvivorclub.com\/\">http:\/\/www.survivorclub.com<\/a> og indsend din redningshistorie sammen med et foto eller en video relateret til redningen. Du skal ogs\u00e5 sende din eksisterende 406 MHz-beacon (det er ikke n\u00f8dvendigt at returnere en Bivy Stick) sammen med den tilh\u00f8rende registreringsbevis til ACR Electronics , Inc., Re: 406 Survivor Club , 5757 Ravenswood Road, Fort Lauderdale, FL 33312. For 406 MHz-beacons sender vi dig en ny beacon af samme eller h\u00f8jere v\u00e6rdi, n\u00e5r vi har verificeret din redning med de rette myndigheder, forudsat at alle andre vilk\u00e5r og betingelser er opfyldt. For Bivy Stick-kunder giver vi dig den gratis sendetid som beskrevet i disse vilk\u00e5r og betingelser, forudsat at alle andre vilk\u00e5r og betingelser er opfyldt. For mere information, bes\u00f8g: <a href=\"http:\/\/www.suvivorclub.com\/\">http:\/\/www.survivorclub.com<\/a> .    <\/p>\n\n<p>Ved at deltage accepterer du at v\u00e6re bundet af ACR &#8216;s krav vedr\u00f8rende programmet, herunder disse vilk\u00e5r og betingelser. Du bekr\u00e6fter ogs\u00e5, at du er 13 \u00e5r eller \u00e6ldre p\u00e5 tidspunktet for indsendelsen. ACR &#8216;s afg\u00f8relser er endelige i alle sp\u00f8rgsm\u00e5l vedr\u00f8rende programmet.  <\/p>\n\n<p><strong>Yderligere vilk\u00e5r:<\/strong><\/p>\n\n<p>Programmet vil v\u00e6re underlagt f\u00f8lgende yderligere vilk\u00e5r og betingelser:<\/p>\n\n<ol class=\"wp-block-list\">\n<li>Den fyrt\u00e5rn, der bruges i en faktisk redningsaktion, skal v\u00e6re en 406 MHz EPIRB , en 406 MHz Personal Locator Beacon , en 406 MHz Emergency Locator Transmitter eller ACR Bivy Stick fremstillet af ACR Electronics Inc.<\/li>\n\n\n\n<li>406 MHz EPIRB \/ PLB \/ ELT skal v\u00e6re korrekt registreret hos de nationale myndigheder i brugerens bop\u00e6lsland inden n\u00f8daktivering.<\/li>\n\n\n\n<li>406 MHz-registrering er hurtig, nem og gratis. Uregistrerede 406 MHz-beacons er ikke kvalificerede. For mere information om registrering af din 406 MHz-beacon, bes\u00f8g https:\/\/www.acrartex.com\/register-beacon\/  <\/li>\n\n\n\n<li>406 MHz EPIRB \/ PLB \/ ELT skal have gyldige batterier. 406 MHz-beaconer med udl\u00f8bne batterier, som angivet p\u00e5 batteriudskiftningsdatoen p\u00e5 hver beacon, er ikke berettigede. <\/li>\n\n\n\n<li>Programmet g\u00e6lder kun for udskiftning af beacons. Beacon-tilbeh\u00f8r s\u00e5som ELT antenner, ELT fjernbetjeninger, installationsomkostninger osv. er ikke d\u00e6kket af dette program. <\/li>\n\n\n\n<li>406 MHz-beacons skal returneres til ACR p\u00e5 adressen ACR Electronics , Inc., Re: 406 Survivor Club , 5757 Ravenswood Road, Fort Lauderdale, FL 33312. Beacons, der mistes under redningsaktionen, vil blive h\u00e5ndteret individuelt efter ACR &#8216;s sk\u00f8n. <\/li>\n\n\n\n<li>ACR har ret til at verificere detaljerne i redningsaktionen med de rette myndigheder. Deltagerne skal samarbejde fuldt ud med ACR i denne henseende og straks give alle oplysninger, som ACR anmoder om. <\/li>\n\n\n\n<li>ACR vil erstatte din 406 MHz-beacon med en ny beacon med samme eller bedre teknologi, som bestemt af ACR efter eget sk\u00f8n og afh\u00e6ngigt af tilg\u00e6ngelighed. Begr\u00e6nsning p\u00e5 \u00e9n udskiftning pr. person. Erstatningsbeacons vil ikke v\u00e6re berettigede til udskiftning, medmindre de bruges igen i en n\u00f8dsituation, der resulterer i en redningsoperation.  <\/li>\n\n\n\n<li>Undtagelser g\u00e6lder. Redninger foretaget f\u00f8r 1. oktober 2012 berettiger ikke til en ny beacon. <\/li>\n\n\n\n<li>Beacons, der findes aktiveret i en ikke-n\u00f8dsituation, eller falske aktiveringer eller udladninger, der ikke resulterer i en livreddende redning, vil ikke blive accepteret. Enhver fors\u00e6tlig falsk aktivering. ACR kan overgive s\u00e5danne sager til politiet eller andre relevante myndigheder, og overtr\u00e6dere vil blive p\u00e5lagt b\u00f8der, erstatning og strafferetlige sanktioner. <\/li>\n\n\n\n<li>ACR forbeholder sig retten til at afbryde programmet n\u00e5r som helst ved at offentligg\u00f8re en meddelelse p\u00e5 hjemmesiden <a href=\"http:\/\/www.acrartex.com\/\">www.acrartex.com<\/a> .<\/li>\n\n\n\n<li>Alle internationale, f\u00f8derale, statslige og lokale skatter er deltagerens\/deltagernes eget ansvar.<\/li>\n\n\n\n<li>Hvis en Bivy Stick blev brugt under en redningsaktion, vil du i stedet for en erstatningsfyr blive tildelt et \u00e5rs &#8220;ubegr\u00e6nset \u00e5rligt&#8221; abonnement. Denne bonus g\u00e6lder i to situationer: a) N\u00e5r du bruger din Bivy Stick til at blive reddet. b) N\u00e5r du bruger din Bivy Stick til at hj\u00e6lpe en person i n\u00f8d med at blive reddet. Denne bonus vil blive tilf\u00f8jet til slutningen af \u200b\u200bdit nuv\u00e6rende Bivy -abonnement.    <\/li>\n\n\n\n<li>Alle andre vilk\u00e5r og betingelser i denne aftale g\u00e6lder for brugen af Bivy Stick, herunder, men ikke begr\u00e6nset til, brugen af \u200b\u200bpersonlige oplysninger, offentlighedsrettigheder og ansvarsbegr\u00e6nsninger.<\/li>\n<\/ol>\n\n<p><strong>Brug af personlige oplysninger og omtale:<\/strong><\/p>\n\n<p>ACR overtager fuldt ejerskab af alle returnerede beacons og kan fremvise, fotografere eller bruge s\u00e5danne beacons til markedsf\u00f8rings- eller reklameform\u00e5l. ACR kan ogs\u00e5 give eller l\u00e5ne returnerede beacons ud til kunder og forhandlere efter eget sk\u00f8n.   <\/p>\n\n<p>Oplysninger indsamlet i forbindelse med programmet vil blive brugt af ACR til at administrere programmet og til at informere deltagerne om deres produkter, tjenester, kampagner og tilbud. Derudover giver accept af erstatningsbeaconen ACR , dets associerede selskaber, datterselskaber, licenstagere og agenturer tilladelse til at bruge og licensere den overlevendes fornavn, by, stat, billede, overlevelseshistorie, fotos og\/eller videoindsendelser til reklame- og handelsform\u00e5l uden yderligere kompensation, medmindre det er forbudt ved lov. Uanset ovenst\u00e5ende vil deltagerens(e) efternavne og andre kontaktoplysninger s\u00e5som e-mailadresse, postadresse, telefonnummer osv. ikke blive offentliggjort af ACR uden deltagerens samtykke.    <\/p>\n\n<p>Deltageren(e) kan ogs\u00e5 blive inviteret til at optr\u00e6de i reklamer eller deltage i reklameoptagelser, men deltagelse er ikke obligatorisk.  <\/p>\n\n<p><strong>Ansvarsbegr\u00e6nsning:<\/strong><\/p>\n\n<p>Ved at acceptere erstatningsbeaconen accepterer deltageren at holde ACR og deres respektive direkt\u00f8rer, funktion\u00e6rer, medarbejdere og stedfortr\u00e6dere skadesl\u00f8se for ethvert krav og ethvert ansvar, der m\u00e5tte opst\u00e5 som f\u00f8lge af brugen af \u200b\u200berstatningsbeaconen. Deltagerne p\u00e5tager sig ethvert ansvar for enhver skade eller skade, der er for\u00e5rsaget eller h\u00e6vdes at v\u00e6re for\u00e5rsaget af deltagelse i programmet eller brug eller indl\u00f8sning af enhver erstatningsbeacon.   <\/p>\n\n<p>ACR er ikke ansvarlig for typografiske eller andre fejl i trykningen af \u200b\u200btilbuddet eller administrationen af \u200b\u200bProgrammet. ACR er ikke ansvarlig for ufuldst\u00e6ndige, mistede, forsinkede, beskadigede, ul\u00e6selige eller fejladresserede e-mails eller for tekniske problemer, funktionsfejl i telefonlinjer, computersystemer, servere, udbydere, hardware\/software, mistede eller utilg\u00e6ngelige netv\u00e6rksforbindelser eller mislykkede, ufuldst\u00e6ndige, forvr\u00e6ngede eller forsinkede computertransmissioner eller nogen kombination heraf. ACR er ikke ansvarlig for skader p\u00e5 computersystemer som f\u00f8lge af deltagelse i eller adgang til eller download af oplysninger i forbindelse med Programmet.  <\/p>\n\n<p><strong>ACR ER UNDER INGEN OMST\u00c6NDIGHEDER ANSVARLIG FOR DIREKTE, INDIREKTE, S\u00c6RLIGE, TILF\u00c6LDIGE, EKSEMPLARISKE, P\u00d8RALE ELLER F\u00d8LGESKADER, DER M\u00c5 OPST\u00c5 SOM F\u00d8LGE AF ELLER I FORBINDELSE MED DIN DELTAGELSE I PROGRAMMET, UANSET OM S\u00c5DANT ANSVAR OPST\u00c5R FRA ET KRAV BASERET P\u00c5 KONTRAKT, GARANTI, ERSTATNINGSRET (HERUNDER UAGTSOMHED), STRIKT ANSVAR ELLER ANDET, OG UANSET ACR \/ ARTEX ER BLEVET UNDERRETTET OM MULIGHEDEN FOR S\u00c5DANT TAB ELLER SKADE. UDEN AT BEGR\u00c6NSE DET GENERELLE OMFATTELSE AF DET FOREG\u00c5ENDE ACR \/ ARTEX &#8216;S SAMLEDE ANSVAR I FORBINDELSE MED PROGRAMMET IKKE OVERSTIGE V\u00c6RDIEN AF ERSTATNINGSSIGNET. <\/strong>  Nogle jurisdiktioner tillader ikke begr\u00e6nsning eller udelukkelse af ansvar for h\u00e6ndelige skader eller f\u00f8lgeskader, s\u00e5 ovenst\u00e5ende begr\u00e6nsning eller udelukkelse g\u00e6lder muligvis ikke.<\/p>\n\n<p><strong>Diverse:<\/strong><\/p>\n\n<p>ADVARSEL: ETHVERT FORS\u00d8G P\u00c5 BEVIDST AT BESKADIGE EN HJEMMESIDE ELLER UNDERTRYKKE PROGRAMMETS LEGITIME DRIFT ER EN OVERTR\u00c6DELSE AF STRAFFERET OG CIVILRET. SKULLE ET S\u00c5DANT FORS\u00d8G G\u00d8RES, FORBEHOLDER ACR SIG RETTEN TIL AT DISKVALIFICERE OG S\u00d8GE ERSTATNING FRA ENHVER S\u00c5DANNE PERSON I DET VIDEST TILLADE OMFANG VED LOV. I tilf\u00e6lde af en tvist vedr\u00f8rende en indsendelse anses indsendelsen for at v\u00e6re foretaget af den oprindelige k\u00f8ber af den registrerede beacon. ACR forbeholder sig retten til at \u00e6ndre programmet eller diskvalificere en deltager, hvis bedrageri, forseelser eller tekniske fejl \u00f8del\u00e6gger programmets integritet, som bestemt af ACR efter eget sk\u00f8n. Disse vilk\u00e5r og betingelser er underlagt lovgivningen i staten Florida, eksklusive regler om lovvalg. Enhver s\u00f8gsm\u00e5l, retssag eller sag, der udspringer af eller i forbindelse med Programmet eller disse Vilk\u00e5r og Betingelser, skal anl\u00e6gges ved enten de f\u00f8derale domstole i det syd\u00f8stlige distrikt i Florida eller de statslige domstole i Broward County, Florida.     <\/p>\n\n<p>Alle standardvilk\u00e5r, -betingelser og -garantier, der g\u00e6lder for udskiftningsfyrene, finder anvendelse. I tilf\u00e6lde af uoverensstemmelser mellem s\u00e5danne vilk\u00e5r, -betingelser og -garantier og disse vilk\u00e5r og betingelser, har disse vilk\u00e5r og betingelser forrang. <\/p>\n","protected":false},"excerpt":{"rendered":"<p>Programbeskrivelse: Hvis du bruger din ACR eller ARTEX 406 MHz EPIRB , ELT , Personal Locator Beacon eller Bivy Stick i en livreddende n\u00f8dsituation, der resulterer i, at et liv reddes af efters\u00f8gnings- og redningspersonale, vil ACR Electronics , Inc. ( ACR ) erstatte din beacon med en ny beacon af samme eller st\u00f8rre v\u00e6rdi [&hellip;]<\/p>\n","protected":false},"author":23,"featured_media":0,"parent":0,"menu_order":0,"comment_status":"closed","ping_status":"closed","template":"","meta":{"_acf_changed":false,"om_disable_all_campaigns":false,"footnotes":""},"class_list":["post-144238","page","type-page","status-publish","hentry"],"acf":[],"_links":{"self":[{"href":"https:\/\/www.acrartex.com\/da\/wp-json\/wp\/v2\/pages\/144238","targetHints":{"allow":["GET"]}}],"collection":[{"href":"https:\/\/www.acrartex.com\/da\/wp-json\/wp\/v2\/pages"}],"about":[{"href":"https:\/\/www.acrartex.com\/da\/wp-json\/wp\/v2\/types\/page"}],"author":[{"embeddable":true,"href":"https:\/\/www.acrartex.com\/da\/wp-json\/wp\/v2\/users\/23"}],"replies":[{"embeddable":true,"href":"https:\/\/www.acrartex.com\/da\/wp-json\/wp\/v2\/comments?post=144238"}],"version-history":[{"count":1,"href":"https:\/\/www.acrartex.com\/da\/wp-json\/wp\/v2\/pages\/144238\/revisions"}],"predecessor-version":[{"id":144239,"href":"https:\/\/www.acrartex.com\/da\/wp-json\/wp\/v2\/pages\/144238\/revisions\/144239"}],"wp:attachment":[{"href":"https:\/\/www.acrartex.com\/da\/wp-json\/wp\/v2\/media?parent=144238"}],"curies":[{"name":"wp","href":"https:\/\/api.w.org\/{rel}","templated":true}]}}