{"id":144178,"date":"2024-02-19T20:55:26","date_gmt":"2024-02-20T01:55:26","guid":{"rendered":"https:\/\/www.acrartex.com\/tak-for-din-tilmelding\/"},"modified":"2025-07-07T05:08:16","modified_gmt":"2025-07-07T10:08:16","slug":"tak-for-din-tilmelding","status":"publish","type":"page","link":"https:\/\/www.acrartex.com\/da\/tak-for-din-tilmelding\/","title":{"rendered":"Tak for din tilmelding"},"content":{"rendered":"\n<p class=\"has-medium-font-size\">Tjek din indbakke for din f\u00f8rste e-mail. Hvis du ikke modtager den inden for de n\u00e6ste par minutter, s\u00e5 tjek venligst din spam-mappe for at se, om den er havnet i din postkasse. <\/p>\n","protected":false},"excerpt":{"rendered":"<p>Tjek din indbakke for din f\u00f8rste e-mail. Hvis du ikke modtager den inden for de n\u00e6ste par minutter, s\u00e5 tjek venligst din spam-mappe for at se, om den er havnet i din postkasse.<\/p>\n","protected":false},"author":169101,"featured_media":0,"parent":0,"menu_order":0,"comment_status":"closed","ping_status":"closed","template":"","meta":{"_acf_changed":false,"om_disable_all_campaigns":false,"footnotes":""},"class_list":["post-144178","page","type-page","status-publish","hentry"],"acf":[],"_links":{"self":[{"href":"https:\/\/www.acrartex.com\/da\/wp-json\/wp\/v2\/pages\/144178","targetHints":{"allow":["GET"]}}],"collection":[{"href":"https:\/\/www.acrartex.com\/da\/wp-json\/wp\/v2\/pages"}],"about":[{"href":"https:\/\/www.acrartex.com\/da\/wp-json\/wp\/v2\/types\/page"}],"author":[{"embeddable":true,"href":"https:\/\/www.acrartex.com\/da\/wp-json\/wp\/v2\/users\/169101"}],"replies":[{"embeddable":true,"href":"https:\/\/www.acrartex.com\/da\/wp-json\/wp\/v2\/comments?post=144178"}],"version-history":[{"count":1,"href":"https:\/\/www.acrartex.com\/da\/wp-json\/wp\/v2\/pages\/144178\/revisions"}],"predecessor-version":[{"id":144179,"href":"https:\/\/www.acrartex.com\/da\/wp-json\/wp\/v2\/pages\/144178\/revisions\/144179"}],"wp:attachment":[{"href":"https:\/\/www.acrartex.com\/da\/wp-json\/wp\/v2\/media?parent=144178"}],"curies":[{"name":"wp","href":"https:\/\/api.w.org\/{rel}","templated":true}]}}