{"id":144052,"date":"2024-03-23T12:33:11","date_gmt":"2024-03-23T17:33:11","guid":{"rendered":"https:\/\/www.acrartex.com\/batteriudskiftning-til-din-epirb-personal-locator-beacon-eller-elt\/"},"modified":"2025-07-07T04:55:27","modified_gmt":"2025-07-07T09:55:27","slug":"batteriudskiftning-til-din-epirb-personal-locator-beacon-eller-elt","status":"publish","type":"page","link":"https:\/\/www.acrartex.com\/da\/batteriudskiftning-til-din-epirb-personal-locator-beacon-eller-elt\/","title":{"rendered":"Batteriudskiftning til din EPIRB , Personal Locator Beacon eller ELT"},"content":{"rendered":"\n<p>En EPIRB eller Personal Locator Beacon er en vigtig sikkerhedsanordning, der bruges til at sende n\u00f8dsignaler til efters\u00f8gnings- og redningsmyndigheder i tilf\u00e6lde af en n\u00f8dsituation. Det er vigtigt at bem\u00e6rke, at batterier i signalerne har en begr\u00e6nset levetid p\u00e5 omkring 5-10 \u00e5r og skal udskiftes med j\u00e6vne mellemrum for at sikre, at enheden fungerer korrekt, n\u00e5r det er n\u00f8dvendigt. Udskiftningsintervallet kan variere afh\u00e6ngigt af signalets type og model samt producentens anbefalinger.  <\/p>\n\n<figure class=\"wp-block-embed is-type-video is-provider-youtube wp-block-embed-youtube wp-embed-aspect-16-9 wp-has-aspect-ratio\"><div class=\"wp-block-embed__wrapper\">\n<iframe loading=\"lazy\" title=\"Battery Replacement | ACR ARTEX\" width=\"500\" height=\"281\" src=\"https:\/\/www.youtube.com\/embed\/fcXReqeFNSo?feature=oembed\" frameborder=\"0\" allow=\"accelerometer; autoplay; clipboard-write; encrypted-media; gyroscope; picture-in-picture; web-share\" referrerpolicy=\"strict-origin-when-cross-origin\" allowfullscreen><\/iframe>\n<\/div><\/figure>\n\n<p>Udskiftning af et EPIRB eller PLB -batteri b\u00f8r kun udf\u00f8res af en certificeret tekniker eller et autoriseret servicecenter for at sikre, at enheden er korrekt serviceret og testet efter batteriudskiftning. Batteriudskiftning er ikke som at udskifte batterier i din tv-fjernbetjening. Dette produkt har \u00e9t form\u00e5l, og det er at redde dit liv. Derfor har vi et fuldt uddannet netv\u00e6rk af batteriudskiftningscentre over hele verden, som har gennemg\u00e5et al ACR -tr\u00e6ning og er fuldt forsikrede, s\u00e5 de kan hj\u00e6lpe dig med disse batteriudskiftninger. <\/p>\n\n<p>De vil kontrollere din beacons hus og antenne for revner eller slitage. De vil ikke blot udskifte batteripakken med et nyt, friskt batteri fra ACR , men de vil derefter samle beacons igen med helt nye O-ringe, pakninger og hardware og uds\u00e6tte din beacons for en r\u00e6kke tests for at sikre, at den sender korrekt, er vandt\u00e6t og klar til brug, f\u00f8r de returnerer den til dig. <\/p>\n\n<p>S\u00e5 hvad skal du g\u00f8re?<\/p>\n\n<p>G\u00e5 til vores hjemmeside, og <a href=\"https:\/\/www.acrartex.com\/support\/dealer-locator\/\">klik p\u00e5 linket for at finde vores forhandler<\/a> . Brug filteret til batteriudskiftning, og indtast dit postnummer for at finde det n\u00e6rmeste autoriserede batteriudskiftningscenter.   <\/p>\n\n<div class=\"wp-block-buttons is-horizontal is-content-justification-center is-layout-flex wp-container-core-buttons-is-layout-499968f5 wp-block-buttons-is-layout-flex\">\n<div class=\"wp-block-button is-style-outline is-style-outline--1\"><a class=\"wp-block-button__link wp-element-button\" href=\"https:\/\/www.acrartex.com\/support\/dealer-locator\/\">Find dit lokale batteriudskiftningscenter<\/a><\/div>\n<\/div>\n\n<p>Hvis du har en lokalt, burde du kunne aflevere din EPIRB og f\u00e5 servicet udf\u00f8rt i l\u00f8bet af et par dage.<\/p>\n\n<p>Desv\u00e6rre kan det v\u00e6re n\u00f8dvendigt for nogle af jer at sende jeres beacon til dem for at f\u00e5 servicen udf\u00f8rt, men start f\u00f8rst med at ringe til dem og f\u00e5 et tilbud. Vores netv\u00e6rk for batteriudskiftning vil hj\u00e6lpe jer med, hvordan I sender beaconen til dem.   <\/p>\n\n<p>P\u00e5 grund af stor eftersp\u00f8rgsel efter nye produkter tilbyder ACR Electronics Fort Lauderdales hovedkvarter i \u00f8jeblikket ikke batteriudskiftningsservice. Alle batteriudskiftninger skal planl\u00e6gges og udf\u00f8res af en af \u200b\u200bvores h\u00f8jt kvalificerede, uddannede batteriudskiftningspartnere.   <\/p>\n\n<div class=\"wp-block-buttons is-horizontal is-content-justification-center is-layout-flex wp-container-core-buttons-is-layout-499968f5 wp-block-buttons-is-layout-flex\">\n<div class=\"wp-block-button is-style-outline is-style-outline--2\"><a class=\"wp-block-button__link wp-element-button\" href=\"https:\/\/www.acrartex.com\/support\/dealer-locator\/\">Find dit lokale batteriudskiftningscenter<\/a><\/div>\n<\/div>\n","protected":false},"excerpt":{"rendered":"<p>En EPIRB eller Personal Locator Beacon er en vigtig sikkerhedsanordning, der bruges til at sende n\u00f8dsignaler til efters\u00f8gnings- og redningsmyndigheder i tilf\u00e6lde af en n\u00f8dsituation. Det er vigtigt at bem\u00e6rke, at batterier i signalerne har en begr\u00e6nset levetid p\u00e5 omkring 5-10 \u00e5r og skal udskiftes med j\u00e6vne mellemrum for at sikre, at enheden fungerer korrekt, [&hellip;]<\/p>\n","protected":false},"author":5,"featured_media":144053,"parent":0,"menu_order":0,"comment_status":"closed","ping_status":"closed","template":"","meta":{"_acf_changed":false,"om_disable_all_campaigns":false,"footnotes":""},"class_list":["post-144052","page","type-page","status-publish","has-post-thumbnail","hentry"],"acf":[],"_links":{"self":[{"href":"https:\/\/www.acrartex.com\/da\/wp-json\/wp\/v2\/pages\/144052","targetHints":{"allow":["GET"]}}],"collection":[{"href":"https:\/\/www.acrartex.com\/da\/wp-json\/wp\/v2\/pages"}],"about":[{"href":"https:\/\/www.acrartex.com\/da\/wp-json\/wp\/v2\/types\/page"}],"author":[{"embeddable":true,"href":"https:\/\/www.acrartex.com\/da\/wp-json\/wp\/v2\/users\/5"}],"replies":[{"embeddable":true,"href":"https:\/\/www.acrartex.com\/da\/wp-json\/wp\/v2\/comments?post=144052"}],"version-history":[{"count":1,"href":"https:\/\/www.acrartex.com\/da\/wp-json\/wp\/v2\/pages\/144052\/revisions"}],"predecessor-version":[{"id":144054,"href":"https:\/\/www.acrartex.com\/da\/wp-json\/wp\/v2\/pages\/144052\/revisions\/144054"}],"wp:featuredmedia":[{"embeddable":true,"href":"https:\/\/www.acrartex.com\/da\/wp-json\/wp\/v2\/media\/144053"}],"wp:attachment":[{"href":"https:\/\/www.acrartex.com\/da\/wp-json\/wp\/v2\/media?parent=144052"}],"curies":[{"name":"wp","href":"https:\/\/api.w.org\/{rel}","templated":true}]}}