{"id":144045,"date":"2020-12-03T12:41:26","date_gmt":"2020-12-03T17:41:26","guid":{"rendered":"https:\/\/www.acrartex.com\/stoette\/returnering-ombytning-og-kampagner\/"},"modified":"2025-07-08T10:41:51","modified_gmt":"2025-07-08T15:41:51","slug":"returnering-ombytning-og-kampagner","status":"publish","type":"page","link":"https:\/\/www.acrartex.com\/da\/stoette\/returnering-ombytning-og-kampagner\/","title":{"rendered":"Returnering, ombytning og kampagner"},"content":{"rendered":"\n<h2 class=\"wp-block-heading\" id=\"h-return-policy\">Returpolitik  <\/h2>\n\n<h4 class=\"wp-block-heading\" id=\"h-purchases-made-online-at-www-acrartex-com\">K\u00f8b foretaget online p\u00e5 www.ACRARTEX.com<\/h4>\n\n<p>Vi st\u00e5r inde for vores produkter. Hvis dit k\u00f8b p\u00e5 www.ACRARTEX.com ikke lever op til dine forventninger, kan du returnere det og f\u00e5 pengene tilbage (eksklusive forsendelsesomkostninger og et potentielt gebyr p\u00e5 20% for lagerf\u00f8ring) inden for 30 dage efter k\u00f8bsdatoen, medmindre andet er angivet nedenfor. Download venligst en kopi af din k\u00f8bskvittering, og vedl\u00e6g den sammen med den returnerede vare ved hj\u00e6lp af vores returgodkendelsesformular til e-handels-RMA.  <\/p>\n\n<p>N\u00f8dpositionsangivende radiofyr (EPIRB&#8217;er), personlige lokaliseringsfyr (PLB&#8217;er) og n\u00f8dlokaliseringsudstyr<br\/> Sendere (ELT&#8217;er) kan kun returneres med fuld refusion inden for 30 dage fra k\u00f8bsdatoen, hvis forseglingen ikke er blevet<br\/> brudt p\u00e5 \u00e6sken. Derudover m\u00e5 den ikke v\u00e6re registreret hos den nationale registreringsmyndighed. Ethvert produkt<br\/> berettiget til et kampagnetilbud (kontantrabatter eller gratis varer), der er blevet indl\u00f8st, er ikke berettiget.  <\/p>\n\n<p>Returinstruktioner:<\/p>\n\n<p>N\u00e5r du har f\u00e5et et returgodkendelsesnummer (E-handels-RMA), skal du pakke varen tilbage i dens originale emballage og sende varerne tilbage til os med dit RMA-nummer tydeligt skrevet p\u00e5 den ydre emballage til den adresse, der er angivet p\u00e5 RMA-formularen. Varer, der indeholder farligt materiale, m\u00e5 kun returneres til ACR via landforsendelser og skal v\u00e6re m\u00e6rket med den korrekte forsendelsesdokumentation for farligt materiale (bes\u00f8g produktsiden for at se, om dit produkt er kvalificeret). <\/p>\n\n<p>Medmindre returneringen skyldes en fejl fra ACR , eller varen ankommer beskadiget eller defekt, refunderes de oprindelige forsendelsesomkostninger ikke, og du er ansvarlig for alle returforsendelsesomkostninger. ACR er ikke ansvarlig for returneringer, der g\u00e5r tabt under transport eller returneres til den forkerte adresse. Gem venligst dine retursporingsoplysninger. <\/p>\n\n<p><\/p>\n\n<p class=\"has-vivid-cyan-blue-color has-text-color\"><strong><a href=\"https:\/\/www.dropbox.com\/s\/lpd25ezounpckok\/2023%20RMA%20Policy.pdf?dl=1\">View vores fulde politik for godkendelse af returmaterialer her<\/a><\/strong><\/p>\n\n<h4 class=\"wp-block-heading\" id=\"h-purchases-not-made-acrartex-com\">K\u00f8b ikke foretaget ACRARTEX.com<\/h4>\n\n<p>K\u00f8b, der ikke er foretaget p\u00e5 denne hjemmeside (www.acrartex.com), kan kun returneres til den forhandler, du har modtaget varen fra.<br\/> k\u00f8bte produktet og ikke til ACR .  <\/p>\n\n<p>Hvis produktet skal returneres til garantireparation, skal du bruge linket nedenfor til at downloade RMA-anmodningsformularen. Udfyldte formularer skal sendes til <a href=\"mailto:returns@acrartex.com\">returns@acrartex.com<\/a>   <br\/><\/p>\n\n<p>Udfyld ikke RMA-formularen for udskiftning af ACR batterier (EPIRB&#8217;er og PLB&#8217;er) \u2013 <a href=\"https:\/\/www.acrartex.com\/da\/stoette\/forhandlersoegning\/\">Find et lokalt servicecenter her<\/a> .  <\/p>\n\n<p><br\/><strong><a href=\"https:\/\/www.dropbox.com\/s\/rrz1jhjz55p1bjz\/RMA%20Form%202020.pdf?dl=1\"><span class=\"has-inline-color has-vivid-cyan-blue-color\">Anmodningsformular til godkendelse af returmateriale<\/span><\/a><\/strong> <\/p>\n\n<p><strong>Du skal bruge f\u00f8lgende oplysninger for at fuldf\u00f8re din RMA-anmodning;<\/strong><br\/> 1. Produktmodelnummer<br\/> 2. Produktets varenummer<br\/> 3. Produktets serienummer<br\/> 4. Fremstillingsdato<\/p>\n\n<p>Ved at returnere eller sende produkter tilbage til ACR Electronics , Inc. g\u00f8r du det i overensstemmelse med vores politik for godkendelse af returmaterialer.<\/p>\n\n<p><strong>For hj\u00e6lp med din RMA-anmodning,<\/strong> kontakt os p\u00e5 954-981-3333, valgmulighed 4, eller send os en e-mail p\u00e5 <a href=\"mailto:returns@acrartex.com\" target=\"_blank\" rel=\"noreferrer noopener\">returns@acrartex.com<\/a><\/p>\n\n<p><\/p>\n\n<h2 class=\"wp-block-heading\" id=\"h-refund-methods\">Refusionsmetoder<\/h2>\n\n<p>Returneringer foretaget inden for 30 dage efter k\u00f8bet refunderes med den betalingsmetode, der blev brugt i det oprindelige salg. Der kan g\u00e5 op til 14 hverdage, f\u00f8r en refusion bliver bogf\u00f8rt p\u00e5 din kreditkortkonto fra den dato, refusionen er behandlet. <\/p>\n\n<h2 class=\"wp-block-heading\" id=\"h-order-status\">Ordrestatus<\/h2>\n\n<p>Du vil kunne bekr\u00e6fte din ordre, f\u00f8r du afsender den. N\u00e5r du har afsendt din ordre, modtager du en e-mailbekr\u00e6ftelse. Hvis nogen af \u200b\u200bvarerne ikke kan sendes, vil du blive underrettet af vores kundeserviceteam om, hvordan du skal forts\u00e6tte. For at tjekke status p\u00e5 din ordre skal du logge ind p\u00e5 din konto p\u00e5 webstedet, g\u00e5 til Ordrehistorik og klikke p\u00e5 den specifikke ordre.   <\/p>\n\n<h2 class=\"wp-block-heading\" id=\"h-chargeback-policy\">Politik for tilbagebetaling<\/h2>\n\n<p>ACR Electronics vil g\u00f8re alt for at forlige eventuelle svigagtige k\u00f8b med vores v\u00e6rdsatte kunder. Ved ethvert beacon-k\u00f8b, der bestrides med en chargeback, som enten ikke: (1) er l\u00f8st ved at underrette din bank om at lukke chargebacken; eller (2) varerne returneres til ACR i overensstemmelse med vores returpolitik, vil ACR rapportere det\/de omstridte produkt(er)s unikke identifikationsnummer og serienumre som stj\u00e5let til den nationale myndigheds registreringsdatabase, indtil chargebacken er l\u00f8st. <\/p>\n\n<h2 class=\"wp-block-heading\" id=\"h-\"><\/h2>\n\n<p><\/p>\n\n<h2 class=\"wp-block-heading\" id=\"h-\"><\/h2>\n","protected":false},"excerpt":{"rendered":"<p>Returpolitik K\u00f8b foretaget online p\u00e5 www.ACRARTEX.com Vi st\u00e5r inde for vores produkter. Hvis dit k\u00f8b p\u00e5 www.ACRARTEX.com ikke lever op til dine forventninger, kan du returnere det og f\u00e5 pengene tilbage (eksklusive forsendelsesomkostninger og et potentielt gebyr p\u00e5 20% for lagerf\u00f8ring) inden for 30 dage efter k\u00f8bsdatoen, medmindre andet er angivet nedenfor. Download venligst en [&hellip;]<\/p>\n","protected":false},"author":1,"featured_media":0,"parent":144020,"menu_order":0,"comment_status":"closed","ping_status":"closed","template":"","meta":{"_acf_changed":false,"om_disable_all_campaigns":false,"footnotes":""},"class_list":["post-144045","page","type-page","status-publish","hentry"],"acf":[],"_links":{"self":[{"href":"https:\/\/www.acrartex.com\/da\/wp-json\/wp\/v2\/pages\/144045","targetHints":{"allow":["GET"]}}],"collection":[{"href":"https:\/\/www.acrartex.com\/da\/wp-json\/wp\/v2\/pages"}],"about":[{"href":"https:\/\/www.acrartex.com\/da\/wp-json\/wp\/v2\/types\/page"}],"author":[{"embeddable":true,"href":"https:\/\/www.acrartex.com\/da\/wp-json\/wp\/v2\/users\/1"}],"replies":[{"embeddable":true,"href":"https:\/\/www.acrartex.com\/da\/wp-json\/wp\/v2\/comments?post=144045"}],"version-history":[{"count":3,"href":"https:\/\/www.acrartex.com\/da\/wp-json\/wp\/v2\/pages\/144045\/revisions"}],"predecessor-version":[{"id":160916,"href":"https:\/\/www.acrartex.com\/da\/wp-json\/wp\/v2\/pages\/144045\/revisions\/160916"}],"up":[{"embeddable":true,"href":"https:\/\/www.acrartex.com\/da\/wp-json\/wp\/v2\/pages\/144020"}],"wp:attachment":[{"href":"https:\/\/www.acrartex.com\/da\/wp-json\/wp\/v2\/media?parent=144045"}],"curies":[{"name":"wp","href":"https:\/\/api.w.org\/{rel}","templated":true}]}}