{"id":143960,"date":"2020-12-21T19:18:06","date_gmt":"2020-12-22T00:18:06","guid":{"rendered":"https:\/\/www.acrartex.com\/evne\/"},"modified":"2025-07-07T04:46:19","modified_gmt":"2025-07-07T09:46:19","slug":"evne","status":"publish","type":"page","link":"https:\/\/www.acrartex.com\/da\/evne\/","title":{"rendered":"Evne"},"content":{"rendered":"\n<p>ACR \/Artex har over 60 \u00e5rs erfaring med at udvikle, fremstille og underst\u00f8tte livreddende produkter, herunder EPIRB&#8217;er, n\u00f8dsendere (ELT&#8217;er), personlige lokaliseringsfyr, efters\u00f8gnings- og redningstranspondere (SART&#8217;er), redningsstrobelys og mere.<\/p>\n\n<p>Ved hj\u00e6lp af vores kundefokuserede ledelsesfilosofi f\u00f8lger vores medarbejdere AS9100 \/ ISO 9001-registrerede procedurer for at levere l\u00f8sninger, der opfylder vores kunders behov.<\/p>\n\n<p>En st\u00e6rk forpligtelse til implementering af lean-principper for produktion, kommunikation og andre forretningssystemer startede i sommeren 2004 for at skabe et fundament for forbedret ydeevne med m\u00e5let om 100% levering af perfekte produkter til tiden. Vores lean-transformation er en integreret del af det l\u00f8bende forbedringsprogram, en konstant gennemgang af vores processer for at forbedre vores vigtigste balanced scorecard-m\u00e5linger, eliminere spild og forbedre kundetilfredsheden. <\/p>\n\n<p>Ved at udvide vores kernekompetencer gennem l\u00f8bende uddannelsesprogrammer kan vi udvikle os fra at v\u00e6re en producent af livreddende udstyr til en v\u00e6rdsat partner med fleksibiliteten til at udvide vores brand til nye forretningsomr\u00e5der.<\/p>\n\n<p>Nuv\u00e6rende muligheder omfatter:<\/p>\n\n<p>3D-modellering til design og specifikation af vores plastik- (spr\u00f8jtest\u00f8beforme) og metalhuse<br\/> Finite Element Analysis for at analysere vores design i forhold til milj\u00f8kriterier som specificeret af FAA og RTCO<br\/> Internt printkort- og PCA-design ved hj\u00e6lp af den nyeste CAD-software<br\/> EMI-probleml\u00f8sning i RF-design<br\/> Design af brugerdefinerede batteripakker til barske milj\u00f8m\u00e6ssige applikationer (milit\u00e6r, medicinsk,&#8230;)<br\/> Brugerdefinerede fjernbetjeningsdesigns med eller uden kompatibilitet med nattesynsbriller til producenter af kommercielle, forretningsm\u00e6ssige og milit\u00e6re platforme<br\/> Konform bel\u00e6gning af printkort for at forhindre EMI, forl\u00e6nge produktets levetid og beskytte kortet mod vand og\/eller snavs, hvis kabinettet skulle blive kompromitteret.<\/p>\n","protected":false},"excerpt":{"rendered":"<p>ACR \/Artex har over 60 \u00e5rs erfaring med at udvikle, fremstille og underst\u00f8tte livreddende produkter, herunder EPIRB&#8217;er, n\u00f8dsendere (ELT&#8217;er), personlige lokaliseringsfyr, efters\u00f8gnings- og redningstranspondere (SART&#8217;er), redningsstrobelys og mere. Ved hj\u00e6lp af vores kundefokuserede ledelsesfilosofi f\u00f8lger vores medarbejdere AS9100 \/ ISO 9001-registrerede procedurer for at levere l\u00f8sninger, der opfylder vores kunders behov. En st\u00e6rk forpligtelse til [&hellip;]<\/p>\n","protected":false},"author":2,"featured_media":0,"parent":0,"menu_order":0,"comment_status":"closed","ping_status":"closed","template":"","meta":{"_acf_changed":false,"om_disable_all_campaigns":false,"footnotes":""},"class_list":["post-143960","page","type-page","status-publish","hentry"],"acf":[],"_links":{"self":[{"href":"https:\/\/www.acrartex.com\/da\/wp-json\/wp\/v2\/pages\/143960","targetHints":{"allow":["GET"]}}],"collection":[{"href":"https:\/\/www.acrartex.com\/da\/wp-json\/wp\/v2\/pages"}],"about":[{"href":"https:\/\/www.acrartex.com\/da\/wp-json\/wp\/v2\/types\/page"}],"author":[{"embeddable":true,"href":"https:\/\/www.acrartex.com\/da\/wp-json\/wp\/v2\/users\/2"}],"replies":[{"embeddable":true,"href":"https:\/\/www.acrartex.com\/da\/wp-json\/wp\/v2\/comments?post=143960"}],"version-history":[{"count":1,"href":"https:\/\/www.acrartex.com\/da\/wp-json\/wp\/v2\/pages\/143960\/revisions"}],"predecessor-version":[{"id":143961,"href":"https:\/\/www.acrartex.com\/da\/wp-json\/wp\/v2\/pages\/143960\/revisions\/143961"}],"wp:attachment":[{"href":"https:\/\/www.acrartex.com\/da\/wp-json\/wp\/v2\/media?parent=143960"}],"curies":[{"name":"wp","href":"https:\/\/api.w.org\/{rel}","templated":true}]}}