{"id":143933,"date":"2020-12-21T19:25:44","date_gmt":"2020-12-22T00:25:44","guid":{"rendered":"https:\/\/www.acrartex.com\/reparationer\/"},"modified":"2025-07-07T04:52:44","modified_gmt":"2025-07-07T09:52:44","slug":"reparationer","status":"publish","type":"page","link":"https:\/\/www.acrartex.com\/da\/stoette\/reparationer\/","title":{"rendered":"Reparationer"},"content":{"rendered":"\n<h3 class=\"wp-block-heading\" id=\"h-repairs-and-battery-replacement\">REPARATIONER OG BATTERIUDSKIFTNING<\/h3>\n\n<p>Hvis du har produkter, der skal repareres, er vi her for at hj\u00e6lpe. Batterier kan udskiftes p\u00e5 et hvilket som helst af vores batteriudskiftningscentre (BRC) i n\u00e6rheden af \u200b\u200bdig, eller du kan kontakte os p\u00e5 nummeret nedenfor.   <\/p>\n\n<figure class=\"wp-block-embed is-type-video is-provider-youtube wp-block-embed-youtube wp-embed-aspect-16-9 wp-has-aspect-ratio\"><div class=\"wp-block-embed__wrapper\">\n<iframe loading=\"lazy\" title=\"Battery Replacement | ACR ARTEX\" width=\"500\" height=\"281\" src=\"https:\/\/www.youtube.com\/embed\/fcXReqeFNSo?feature=oembed\" frameborder=\"0\" allow=\"accelerometer; autoplay; clipboard-write; encrypted-media; gyroscope; picture-in-picture; web-share\" referrerpolicy=\"strict-origin-when-cross-origin\" allowfullscreen><\/iframe>\n<\/div><\/figure>\n\n<p>L\u00e6r mere om <a href=\"https:\/\/www.acrartex.com\/battery\/\">ACR EPRIB og PLB batteriudskiftninger her<\/a><\/p>\n\n<p>(954) 981-3333<\/p>\n\n<p>For service af G-Switch henvises til vores <a href=\"https:\/\/www.dropbox.com\/s\/ap48w250ar7c3xz\/AUTHORIZED%20SERVICE%20CENTER%20LIST%202022.pdf?dl=1\">liste over autoriserede ARTEX servicecentre<\/a> .<\/p>\n\n<h2 class=\"wp-block-heading\" id=\"h-rmas-return-material-authorization\">RMA&#8217;er (godkendelse af returmateriale):<\/h2>\n\n<p>Bes\u00f8g venligst f\u00f8lgende side:<span class=\"has-inline-color has-pale-cyan-blue-color\"> <\/span><a href=\"https:\/\/www.acrartex.com\/support\/return-and-exchanges\/\">Returnering \/ RMA \/ Ombytning<\/a><\/p>\n\n<p>Se mere information om batteriudskiftning i vores <a href=\"https:\/\/stg.acrelectronics.com\/support\/faqs\/\">ofte stillede sp\u00f8rgsm\u00e5l<\/a> .<\/p>\n\n<h2 class=\"wp-block-heading\" id=\"h-hours\">Timer<\/h2>\n\n<p>Mandag \u2013 fredag<br\/> 7:30 \u2013 16:30 (EST)<\/p>\n","protected":false},"excerpt":{"rendered":"<p>REPARATIONER OG BATTERIUDSKIFTNING Hvis du har produkter, der skal repareres, er vi her for at hj\u00e6lpe. Batterier kan udskiftes p\u00e5 et hvilket som helst af vores batteriudskiftningscentre (BRC) i n\u00e6rheden af \u200b\u200bdig, eller du kan kontakte os p\u00e5 nummeret nedenfor. L\u00e6r mere om ACR EPRIB og PLB batteriudskiftninger her (954) 981-3333 For service af G-Switch [&hellip;]<\/p>\n","protected":false},"author":5,"featured_media":0,"parent":144020,"menu_order":0,"comment_status":"closed","ping_status":"closed","template":"","meta":{"_acf_changed":false,"om_disable_all_campaigns":false,"footnotes":""},"class_list":["post-143933","page","type-page","status-publish","hentry"],"acf":[],"_links":{"self":[{"href":"https:\/\/www.acrartex.com\/da\/wp-json\/wp\/v2\/pages\/143933","targetHints":{"allow":["GET"]}}],"collection":[{"href":"https:\/\/www.acrartex.com\/da\/wp-json\/wp\/v2\/pages"}],"about":[{"href":"https:\/\/www.acrartex.com\/da\/wp-json\/wp\/v2\/types\/page"}],"author":[{"embeddable":true,"href":"https:\/\/www.acrartex.com\/da\/wp-json\/wp\/v2\/users\/5"}],"replies":[{"embeddable":true,"href":"https:\/\/www.acrartex.com\/da\/wp-json\/wp\/v2\/comments?post=143933"}],"version-history":[{"count":1,"href":"https:\/\/www.acrartex.com\/da\/wp-json\/wp\/v2\/pages\/143933\/revisions"}],"predecessor-version":[{"id":143938,"href":"https:\/\/www.acrartex.com\/da\/wp-json\/wp\/v2\/pages\/143933\/revisions\/143938"}],"up":[{"embeddable":true,"href":"https:\/\/www.acrartex.com\/da\/wp-json\/wp\/v2\/pages\/144020"}],"wp:attachment":[{"href":"https:\/\/www.acrartex.com\/da\/wp-json\/wp\/v2\/media?parent=143933"}],"curies":[{"name":"wp","href":"https:\/\/api.w.org\/{rel}","templated":true}]}}