{"id":166689,"date":"2025-11-12T18:18:59","date_gmt":"2025-11-12T23:18:59","guid":{"rendered":"https:\/\/www.acrartex.com\/products\/vhf-radio-sr303\/"},"modified":"2026-03-24T10:36:59","modified_gmt":"2026-03-24T15:36:59","slug":"vhf-radio-sr303","status":"publish","type":"product","link":"https:\/\/www.acrartex.com\/cs\/products\/vhf-radio-sr303\/","title":{"rendered":"VHF r\u00e1dio SR303"},"content":{"rendered":"<p>R\u00e1diov\u00e1 stanice ACR Electronics SR303, kter\u00e1 je nab\u00edzena ve dvou praktick\u00fdch form\u00e1tech, bu\u010f jako nouzov\u00e1 VHF radiostanice GMDSS pro nouzov\u00e9 pou\u017eit\u00ed, nebo jako kompletn\u00ed sada pro b\u011b\u017en\u00e9 ka\u017edodenn\u00ed pou\u017eit\u00ed a\/nebo pro nouzov\u00e9 pou\u017eit\u00ed, slou\u017e\u00ed jako komplexn\u00ed \u0159e\u0161en\u00ed pro v\u0161echny va\u0161e pot\u0159eby v oblasti n\u00e1mo\u0159n\u00ed komunikace.<\/p>\n<p>Nouzov\u00e1 VHF radiostanice GMDSS je dod\u00e1v\u00e1na s prim\u00e1rn\u00ed lithiovou bateri\u00ed, kter\u00e1 je opat\u0159ena \u0161t\u00edtkem s potvrzen\u00edm o stavu baterie, tak\u017ee nikdy nevzniknou pochybnosti o tom, zda byla prim\u00e1rn\u00ed baterie pou\u017eita \u010di nikoli. Po odstran\u011bn\u00ed \u0161t\u00edtku se radiostanice po p\u0159ipojen\u00ed baterie automaticky zapne a jednotka se tak\u00e9 automaticky p\u0159epne do provozn\u00edho re\u017eimu GMDSS s n\u00e1sleduj\u00edc\u00edmi p\u0159ednastaven\u00fdmi nastaven\u00edmi: kan\u00e1l 16, \u00farove\u0148 hlasitosti 8 a \u0161um na 2. <\/p>\n<p>Kompletn\u00ed sada obsahuje prim\u00e1rn\u00ed lithiovou baterii, jak je pops\u00e1no, a tak\u00e9 lithium-iontovou dob\u00edjec\u00ed baterii a nab\u00edjec\u00ed z\u00e1kladnu. Standardn\u00ed p\u0159\u00edslu\u0161enstv\u00ed dod\u00e1van\u00e9 jak se samostatnou volbou nouzov\u00e9 VHF GMDSS, tak s kompletn\u00ed sadou zahrnuje flexibiln\u00ed gumovou ant\u00e9nu, sponu na opasek a \u0161\u0148\u016frku na z\u00e1p\u011bst\u00ed. <\/p>\n<p>SR303, navr\u017een\u00fd s ohledem na snadn\u00e9 pou\u017eit\u00ed jako prioritu designu, je vhodn\u00fd pro provoz s nasazen\u00fdmi ochrann\u00fdmi rukavicemi a je vybaven snadno \u010diteln\u00fdm digit\u00e1ln\u00edm displejem. Displej i kl\u00e1vesnice jsou podsv\u00edcen\u00e9, co\u017e usnad\u0148uje ovl\u00e1d\u00e1n\u00ed i v prost\u0159ed\u00ed se slab\u00fdm osv\u011btlen\u00edm. SR303 je tak\u00e9 vybaven technologi\u00ed NFC (Near Field Communication), kter\u00e1 umo\u017e\u0148uje p\u0159\u00edstup k datu v\u00fdm\u011bny baterie a informac\u00edm o produktu na mobiln\u00edm za\u0159\u00edzen\u00ed.  <\/p>\n<p>Odoln\u00e1 konstrukce SR303 ji \u010din\u00ed vhodnou pro v\u0161echny n\u00e1mo\u0159n\u00ed aplikace a ide\u00e1ln\u00ed volbou pro povinnou i dobrovolnou p\u0159epravu. D\u00edky rozs\u00e1hl\u00fdm zku\u0161enostem v oblasti technologi\u00ed n\u00e1mo\u0159n\u00ed bezpe\u010dnosti a neust\u00e1l\u00e9mu z\u00e1vazku ke kvalit\u011b a inovac\u00edm poskytuje n\u00e1mo\u0159n\u00ed GMDSS VHF radiostanice ACR Electronics SR303 bezkonkuren\u010dn\u00ed v\u00fdkon, kter\u00fd n\u00e1mo\u0159n\u00edci po cel\u00e9m sv\u011bt\u011b o\u010dek\u00e1vaj\u00ed od v\u0161ech produkt\u016f vyr\u00e1b\u011bn\u00fdch spole\u010dnost\u00ed ACR Electronics. <\/p>\n","protected":false},"excerpt":{"rendered":"<p>N\u00e1mo\u0159n\u00ed GMDSS VHF r\u00e1dio ACR Electronics SR303 je navr\u017eeno s ohledem na flexibilitu a nab\u00edz\u00ed u\u017eivatel\u016fm pohodln\u00e9 mo\u017enosti pro usnadn\u011bn\u00ed komunikace na mo\u0159i bez ohledu na okolnosti. Toto vodot\u011bsn\u00e9 VHF r\u00e1dio, navr\u017een\u00e9 jako produkt GMDSS (Glob\u00e1ln\u00ed n\u00e1mo\u0159n\u00ed t\u00eds\u0148ov\u00fd a bezpe\u010dnostn\u00ed syst\u00e9m), je pln\u011b certifikov\u00e1no podle p\u0159edpis\u016f IMO a SOLAS a bezprobl\u00e9mov\u011b poskytuje z\u00e1kladn\u00ed komunika\u010dn\u00ed podporu jak v kritick\u00fdch situac\u00edch, tak b\u011bhem ka\u017edodenn\u00edch rutinn\u00edch n\u00e1mo\u0159n\u00edch operac\u00ed. <\/p>\n","protected":false},"featured_media":166694,"template":"","meta":{"_acf_changed":false,"om_disable_all_campaigns":false},"product_brand":[],"product_cat":[5953,5719,5951],"product_tag":[9724,9721,9719,9730,9727,9731,9725,9728,9726,9720,9722,9729,9732],"class_list":{"0":"post-166689","1":"product","2":"type-product","3":"status-publish","4":"has-post-thumbnail","6":"product_cat-komercni","7":"product_cat-namorni","8":"product_cat-pobrezni","9":"product_tag-antena-pro-namorni-vhf-radio","10":"product_tag-namorni-vhf-radia","11":"product_tag-namorni-vhf-radio","12":"product_tag-prezivsi-radio-gmdss","13":"product_tag-prodam-namorni-vhf-radia","14":"product_tag-radio-schvalene-gmdss","15":"product_tag-recenze-namornich-vhf-radii","16":"product_tag-rucni-namorni-vhf-radio","17":"product_tag-rucni-vhf-radio","18":"product_tag-vhf-namorni-radio","19":"product_tag-vhf-radio-cs","20":"product_tag-vhf-radio-gmdss-cs","21":"product_tag-vhf-radio-gmdss-cs-2","23":"first","24":"outofstock","25":"taxable","26":"shipping-taxable","27":"product-type-simple"},"acf":[],"_links":{"self":[{"href":"https:\/\/www.acrartex.com\/cs\/wp-json\/wp\/v2\/product\/166689","targetHints":{"allow":["GET"]}}],"collection":[{"href":"https:\/\/www.acrartex.com\/cs\/wp-json\/wp\/v2\/product"}],"about":[{"href":"https:\/\/www.acrartex.com\/cs\/wp-json\/wp\/v2\/types\/product"}],"wp:featuredmedia":[{"embeddable":true,"href":"https:\/\/www.acrartex.com\/cs\/wp-json\/wp\/v2\/media\/166694"}],"wp:attachment":[{"href":"https:\/\/www.acrartex.com\/cs\/wp-json\/wp\/v2\/media?parent=166689"}],"wp:term":[{"taxonomy":"product_brand","embeddable":true,"href":"https:\/\/www.acrartex.com\/cs\/wp-json\/wp\/v2\/product_brand?post=166689"},{"taxonomy":"product_cat","embeddable":true,"href":"https:\/\/www.acrartex.com\/cs\/wp-json\/wp\/v2\/product_cat?post=166689"},{"taxonomy":"product_tag","embeddable":true,"href":"https:\/\/www.acrartex.com\/cs\/wp-json\/wp\/v2\/product_tag?post=166689"}],"curies":[{"name":"wp","href":"https:\/\/api.w.org\/{rel}","templated":true}]}}