{"id":166538,"date":"2024-06-11T08:30:35","date_gmt":"2024-06-11T13:30:35","guid":{"rendered":"https:\/\/www.acrartex.com\/products\/expozice-olas-tag\/"},"modified":"2026-03-06T09:09:16","modified_gmt":"2026-03-06T14:09:16","slug":"expozice-olas-tag","status":"publish","type":"product","link":"https:\/\/www.acrartex.com\/cs\/products\/expozice-olas-tag\/","title":{"rendered":"EXPOZICE OLAS TAG"},"content":{"rendered":"<h3>Co to d\u011bl\u00e1<\/h3>\n<p><strong>Sledov\u00e1n\u00ed s mobiln\u00ed aplikac\u00ed OLAS<\/strong><\/p>\n<p>Do 8 sekund od p\u00e1du \u010dlov\u011bka p\u0159es palubu detekuje mobiln\u00ed aplikace OLAS p\u0159eru\u0161en\u00ed sv\u00e9ho \u201evirtu\u00e1ln\u00edho propojen\u00ed\u201c s tagovac\u00ed jednotkou. Mobiln\u00ed telefon(y) pot\u00e9 spust\u00ed hlasit\u00fd alarm, kter\u00fd upozorn\u00ed pos\u00e1dku na skute\u010dnost, \u017ee n\u011bkdo je p\u0159es palubu. OLAS pot\u00e9 pom\u00e1h\u00e1 pos\u00e1dce s vypro\u0161t\u011bn\u00edm osoby p\u0159es palubu a jasn\u011b ji nasm\u011bruje na m\u00edsto GPS, kde k incidentu do\u0161lo, pomoc\u00ed jasn\u00fdch vizu\u00e1ln\u00edch sign\u00e1l\u016f a \u00fadaj\u016f o azimutu. OLAS ukl\u00e1d\u00e1 ve\u0161ker\u00e9 \u00fadaje o poloze a \u010dase incidentu, kter\u00e9 z\u00e1chrann\u00e9 slo\u017eky pot\u0159ebuj\u00ed.   <\/p>\n<p><strong>Sledov\u00e1n\u00ed pomoc\u00ed OLAS Guardian a Core (plavidla do 15 metr\u016f)<\/strong><\/p>\n<p>P\u0159ipojte a\u017e 15 vys\u00edla\u010d\u016f OLAS (tag OLAS nebo plovouc\u00ed vys\u00edla\u010de OLAS) k libovoln\u00e9mu p\u0159ij\u00edma\u010di OLAS. Do 2 sekund od p\u0159eru\u0161en\u00ed spojen\u00ed se aktivuje v\u00fdstraha MOB, kter\u00e1 upozorn\u00ed pos\u00e1dku na incident. <\/p>\n<h3>V\u00fdhody tagu OLAS<\/h3>\n<ul>\n<li>Dlouh\u00e1 v\u00fddr\u017e baterie (a\u017e 4 m\u011bs\u00edce)<\/li>\n<li>Nejv\u0161estrann\u011bj\u0161\u00ed \u0159e\u0161en\u00ed upevn\u011bn\u00ed \u2013 z\u00e1p\u011bst\u00ed, z\u00e1chrann\u00e1 vesta, za\u0159\u00edzen\u00ed MOB s 1 popruhem<\/li>\n<li>Bezplatn\u00e1 aplikace pro iOS a Android<\/li>\n<li>P\u0159ipojen\u00ed v\u00edce zna\u010dek k 1 telefonu nebo tabletu<\/li>\n<li>P\u0159ipojen\u00ed 1 tagu k v\u00edce telefon\u016fm \/ tablet\u016fm<\/li>\n<li>P\u0159ipojen\u00ed k libovoln\u00e9mu p\u0159ij\u00edma\u010di OLAS. Zp\u011btn\u00e1 vazba o stavu baterie (v mobiln\u00ed aplikaci OLAS).<\/li>\n<li>Ka\u017ed\u00e1 zna\u010dka je dod\u00e1v\u00e1na s univerz\u00e1ln\u00edm silikonov\u00fdm \u0159em\u00ednkem na z\u00e1p\u011bst\u00ed s p\u0159ezkou z nerezov\u00e9 oceli a p\u0159edinstalovanou bateri\u00ed CR2477 (vym\u011bnitelnou u\u017eivatelem).<\/li>\n<li>Kompatibiln\u00ed se <a href=\"https:\/\/www.acrartex.com\/cs\/products\/acr-olas-guardian\/\">syst\u00e9mem OLAS Guardian Engine Shut Off System<\/a> ( <a href=\"https:\/\/uscgboating.org\/recreational-boaters\/engine-cut-off-devices.php\">nov\u00e9 p\u0159edpisy pob\u0159e\u017en\u00ed str\u00e1\u017ee USA<\/a> )<\/li>\n<\/ul>\n<h3><\/h3>\n<h3>Funkce mobiln\u00ed aplikace<\/h3>\n<p>Aplikace Guardian se snadno ovl\u00e1d\u00e1 pomoc\u00ed aplikace OLAS, kterou si m\u016f\u017eete zdarma st\u00e1hnout z App Storu pro iOS a z Obchodu Google Play pro Android. Aplikace OLAS vy\u017eaduje pro fungov\u00e1n\u00ed za\u0159\u00edzen\u00ed s opera\u010dn\u00edm syst\u00e9mem alespo\u0148 iOS 11 nebo Android 5.1. Aplikace OLAS je v\u00fdkonn\u00fd n\u00e1stroj pro ovl\u00e1d\u00e1n\u00ed funkc\u00ed Guardians a pro rychlou z\u00e1chranu.  <\/p>\n<p><strong>Monitor<\/strong><\/p>\n<ul>\n<li>Monitorujte v\u0161echny vys\u00edla\u010de OLAS, kter\u00e9 jsou sledov\u00e1ny<\/li>\n<li>P\u0159izp\u016fsobte si n\u00e1zvy vys\u00edla\u010d\u016f OLAS pro snadn\u00e9 p\u0159id\u011blov\u00e1n\u00ed<\/li>\n<li>Kontrola stavu baterie u \u0161t\u00edtk\u016f OLAS<\/li>\n<\/ul>\n<p><strong>Kontrola str\u00e1\u017ec\u016f<\/strong><\/p>\n<ul>\n<li>P\u0159id\u00e1n\u00ed nov\u00fdch vys\u00edla\u010d\u016f OLAS do syst\u00e9mu Guardian<\/li>\n<li>Pokud vys\u00edla\u010de na kr\u00e1tkou dobu opou\u0161t\u011bj\u00ed oblast, pozastavte syst\u00e9m Guardian.<\/li>\n<li>Upravte dobu, ne\u017e Guardian zareaguje na vys\u00edla\u010d p\u0159es palubu, v rozmez\u00ed 2 a\u017e 15 sekund, co\u017e umo\u017e\u0148uje v\u011bt\u0161\u00ed volnost u v\u011bt\u0161\u00edch plavidel.<\/li>\n<li>P\u0159ep\u00edn\u00e1n\u00ed mezi vyp\u00edna\u010dem a re\u017eimem extern\u00edho alarmu<\/li>\n<\/ul>\n<ul>\n<li>Re\u017eim Kill Switch aktivuje vestav\u011bn\u00fd sp\u00edna\u010d na 5 sekund, \u010d\u00edm\u017e vypne motor, ale umo\u017e\u0148uje u\u017eivatel\u016fm po 5 sekund\u00e1ch motor znovu nastartovat.<\/li>\n<li>Re\u017eim extern\u00edho alarmu aktivuje vestav\u011bn\u00fd sp\u00edna\u010d, dokud nen\u00ed ru\u010dn\u011b zru\u0161en. To umo\u017e\u0148uje s\u00e9riov\u00e9 zapojen\u00ed extern\u00edch alarm\u016f s vysok\u00fdm v\u00fdkonem. <\/li>\n<li>Pozastaven\u00ed stavu alarmu<\/li>\n<\/ul>\n<p><strong>Ovl\u00e1d\u00e1n\u00ed vys\u00edla\u010de<\/strong><\/p>\n<ul>\n<li>Snadno nastavte jednotliv\u00e9 vys\u00edla\u010de mezi vypnut\u00edm motoru (pro kapit\u00e1na), pouze alarmem (pro cestuj\u00edc\u00ed) a pauzou (pro cestuj\u00edc\u00ed do\u010dasn\u011b opou\u0161t\u011bj\u00edc\u00ed plavidlo).<\/li>\n<li>spu\u0161t\u011bn\u00ed extern\u00edho alarmu, pokud je nositel \u0161t\u00edtku mimo dosah za\u0159\u00edzen\u00ed Guardian i va\u0161eho mobiln\u00edho za\u0159\u00edzen\u00ed.<\/li>\n<li>Nastaven\u00ed \u010dasu p\u0159ed spu\u0161t\u011bn\u00edm vyp\u00edna\u010de nebo alarmu \u2013 v\u011bt\u0161\u00ed volnost<\/li>\n<\/ul>\n<p><strong>Extern\u00ed alarm a z\u00e1chrann\u00e1 pomoc<\/strong><\/p>\n<ul>\n<li>Maxim\u00e1ln\u00ed hlasitost alarmu a vibrac\u00ed na va\u0161em mobiln\u00edm telefonu, synchronizovan\u00e9 s Guardianem.<\/li>\n<li>Indikace, kter\u00fd vys\u00edla\u010d spustil alarm.<\/li>\n<li>Zaznamenejte GPS polohu spu\u0161t\u011bn\u00ed alarmu \u2022 Jasn\u00e9 nav\u00e1d\u011bn\u00ed zp\u011bt k GPS poloze, kde byl alarm spu\u0161t\u011bn.<\/li>\n<li>Jasn\u00e9 zobrazen\u00ed \u010dasu a GPS polohy spu\u0161t\u011bn\u00ed alarmu a aktu\u00e1ln\u00ed polohy u\u017eivatele. \u2022 VHF nouzov\u00fd skript s automatick\u00fdm zad\u00e1v\u00e1n\u00edm GPS sou\u0159adnic a vlastn\u00edch informac\u00ed o plavidle v re\u017eimu Solo.<\/li>\n<li>Ur\u010deno pro plavbu na vlastn\u00ed lodi v dosahu mobiln\u00edho sign\u00e1lu 2G nebo Wi-Fi na mo\u0159i. V re\u017eimu Solo se na zvolen\u00e9 \u010d\u00edslo ode\u0161le automatick\u00e1 textov\u00e1 zpr\u00e1va s va\u0161\u00ed polohou a \u010dasem incidentu. Pokud se poda\u0159\u00ed prov\u00e9st sv\u00e9pomocnou z\u00e1chranu, bude odesl\u00e1na automatick\u00e1 textov\u00e1 zpr\u00e1va o zru\u0161en\u00ed v\u00fdstrahy.  <\/li>\n<\/ul>\n","protected":false},"excerpt":{"rendered":"<p>OLAS tag je kompaktn\u00ed OLAS vys\u00edla\u010d, kter\u00fd se snadno p\u0159ipevn\u00ed k dosp\u011bl\u00fdm, d\u011btem, dom\u00e1c\u00edm mazl\u00ed\u010dk\u016fm a p\u0159edm\u011bt\u016fm, jako jsou nap\u0159\u00edklad plovac\u00ed pom\u016fcky pro osoby p\u00e1du p\u0159es palubu. Tagy jsou sledov\u00e1ny aplikac\u00ed OLAS v mobiln\u00edm za\u0159\u00edzen\u00ed nebo prost\u0159ednictv\u00edm za\u0159\u00edzen\u00ed Core, Guardian a Extender. <\/p>\n<p>N\u011bkolik sekund pot\u00e9, co tag p\u0159eru\u0161\u00ed spojen\u00ed s p\u0159ij\u00edma\u010dem OLAS, je pos\u00e1dka upozorn\u011bna alarmem a sv\u011btlem OLAS, zat\u00edmco v mobiln\u00ed aplikaci OLAS se aktivuje z\u00e1chrann\u00e1 obrazovka OLAS MOB.<\/p>\n<p>Ka\u017ed\u00e1 zna\u010dka je dod\u00e1v\u00e1na s univerz\u00e1ln\u00edm silikonov\u00fdm \u0159em\u00ednkem na z\u00e1p\u011bst\u00ed s p\u0159ezkou z nerezov\u00e9 oceli a p\u0159edinstalovanou bateri\u00ed CR2477 (vym\u011bnitelnou u\u017eivatelem).<\/p>\n<p>&nbsp;<\/p>\n<p>&nbsp;<\/p>\n","protected":false},"featured_media":163773,"template":"","meta":{"_acf_changed":false,"om_disable_all_campaigns":false},"product_brand":[],"product_cat":[5949,5953,5719,5951,5947],"product_tag":[12260,12181,11299,11319,15030,12277,12245,16180,15001,11931,9034,16182,15014],"class_list":{"0":"post-166538","1":"product","2":"type-product","3":"status-publish","4":"has-post-thumbnail","6":"product_cat-blizko-pobrezi","7":"product_cat-komercni","8":"product_cat-namorni","9":"product_cat-pobrezni","10":"product_cat-vnitrozemi","11":"product_tag-bezpecnost-deti-na-lodi","12":"product_tag-gps-sledovani","13":"product_tag-mob-cs","14":"product_tag-muz-pres-palubu","15":"product_tag-muz-pres-palubu-s-bluetooth","16":"product_tag-pes-pres-palubu","17":"product_tag-sledovac-posadky","18":"product_tag-stitek","19":"product_tag-stitek-olas","20":"product_tag-system-pro-muze-pres-palubu","21":"product_tag-vysilac","22":"product_tag-vysilac-davu","23":"product_tag-vysilac-olas","24":"pa_activity-rybolov","25":"pa_boat-size-0-20-cs","26":"pa_boat-size-21-40-cs","27":"pa_boat-size-40-80-cs","28":"pa_boat-size-80-cs","29":"pa_boat-type-charterova-jachta","30":"pa_boat-type-jachta","31":"pa_boat-type-komercni-rybolov","32":"pa_boat-type-motorovy-clun","33":"pa_boat-type-nakladni-lod","34":"pa_boat-type-plachetnice","35":"pa_boat-type-remorker","36":"pa_boat-type-sportcraft-cs","38":"first","39":"instock","40":"taxable","41":"shipping-taxable","42":"purchasable","43":"product-type-variable"},"acf":[],"_links":{"self":[{"href":"https:\/\/www.acrartex.com\/cs\/wp-json\/wp\/v2\/product\/166538","targetHints":{"allow":["GET"]}}],"collection":[{"href":"https:\/\/www.acrartex.com\/cs\/wp-json\/wp\/v2\/product"}],"about":[{"href":"https:\/\/www.acrartex.com\/cs\/wp-json\/wp\/v2\/types\/product"}],"wp:featuredmedia":[{"embeddable":true,"href":"https:\/\/www.acrartex.com\/cs\/wp-json\/wp\/v2\/media\/163773"}],"wp:attachment":[{"href":"https:\/\/www.acrartex.com\/cs\/wp-json\/wp\/v2\/media?parent=166538"}],"wp:term":[{"taxonomy":"product_brand","embeddable":true,"href":"https:\/\/www.acrartex.com\/cs\/wp-json\/wp\/v2\/product_brand?post=166538"},{"taxonomy":"product_cat","embeddable":true,"href":"https:\/\/www.acrartex.com\/cs\/wp-json\/wp\/v2\/product_cat?post=166538"},{"taxonomy":"product_tag","embeddable":true,"href":"https:\/\/www.acrartex.com\/cs\/wp-json\/wp\/v2\/product_tag?post=166538"}],"curies":[{"name":"wp","href":"https:\/\/api.w.org\/{rel}","templated":true}]}}