{"id":166533,"date":"2024-06-11T10:31:17","date_gmt":"2024-06-11T15:31:17","guid":{"rendered":"https:\/\/www.acrartex.com\/products\/expozice-plovouci-horak-bez-olas\/"},"modified":"2026-03-06T09:03:15","modified_gmt":"2026-03-06T14:03:15","slug":"expozice-plovouci-horak-bez-olas","status":"publish","type":"product","link":"https:\/\/www.acrartex.com\/cs\/products\/expozice-plovouci-horak-bez-olas\/","title":{"rendered":"EXPOZICE Plovouc\u00ed ho\u0159\u00e1k (bez OLAS)"},"content":{"rendered":"<p data-sleek-node-id=\"NyjVtB\">Float-On je vodot\u011bsn\u00e1 plovouc\u00ed kapesn\u00ed sv\u00edtilna, kter\u00e1 unik\u00e1tn\u00edm zp\u016fsobem integruje technologii MOB od spole\u010dnosti Exposure. Multifunk\u010dn\u00ed bezpe\u010dnostn\u00ed pom\u016fcka a sv\u00edtilna pro za\u010d\u00ednaj\u00edc\u00ed i zku\u0161en\u00e9 jachta\u0159e. <br data-sleek-node-id=\"ehDiFc\"><br data-sleek-node-id=\"323HQV\">Kdy\u017e je hozen p\u0159es palubu nebo ho nos\u00ed osoba, kter\u00e1 pad\u00e1 p\u0159es palubu, bude plavat. Technologie MOB detekuje 6 sekund p\u0159ipojen\u00ed k vod\u011b a aktivuje stroboskopick\u00e9 sv\u011btlo, kter\u00e9 blik\u00e1 jednou za sekundu po dobu a\u017e 24 hodin, viditeln\u00e9 a\u017e do vzd\u00e1lenosti 3 n\u00e1mo\u0159n\u00edch mil. Samostatn\u00e9 a zapu\u0161t\u011bn\u00e9 termin\u00e1ly pro p\u0159ipojen\u00ed vody zaji\u0161\u0165uj\u00ed, \u017ee technologie MOB je aktivn\u00ed pouze p\u0159i pono\u0159en\u00ed do vody.  <\/p>\n<p>Funkce, kter\u00e1 se vejde do dlan\u011b, umo\u017e\u0148uje snadnou lokalizaci ve tm\u011b. \u010co\u010dka slou\u017e\u00ed jako sv\u00edtilna na d\u00e1lku a z\u00e1rove\u0148 vyd\u00e1v\u00e1 bo\u010dn\u00ed sv\u011btlo pro zaji\u0161t\u011bn\u00ed dokonal\u00e9 viditelnosti v\u0161emi sm\u011bry, kdy\u017e funguje jako indika\u010dn\u00ed sv\u011btlo nebo stroboskop. Float-On lze snadno ulo\u017eit na jak\u00fdkoli st\u00e1vaj\u00edc\u00ed bezpe\u010dnostn\u00ed v\u00fdstroj nebo do kapsy z\u00e1chrann\u00e9 vesty.  <\/p>\n<p><strong>Upozor\u0148ujeme, \u017ee technologie OLAS nen\u00ed v tomto produktu integrov\u00e1na. Klikn\u011bte zde pro OLAS Float-On. <\/strong><\/p>\n<p style=\"margin: 0in 0in 0.0001pt;\"><span style=\"font-size: 16px;\"><span style=\"line-height: 150%;\"><strong>Obsah balen\u00ed:<\/strong> Plovouc\u00ed n\u00e1vlek, Nab\u00edjec\u00ed kabel micro USB, Reflexn\u00ed \u0161\u0148\u016frka na krk, U\u017eivatelsk\u00e1 p\u0159\u00edru\u010dka.<\/span><\/span><\/p>\n<p>&nbsp;<\/p>\n<p style=\"margin: 0in 0in 0.0001pt;\"><span style=\"font-size: 16px;\"><span style=\"line-height: 150%;\"> <strong>Vlastnosti:<\/strong><\/span><\/span><\/p>\n<ul>\n<li style=\"margin: 0in 0in 0.0001pt;\"><span style=\"font-size: 16px;\">Vodot\u011bsn\u00fd<\/span><\/li>\n<li style=\"margin: 0in 0in 0.0001pt;\"><span style=\"font-size: 16px;\">Vztlak<\/span><\/li>\n<li style=\"margin: 0in 0in 0.0001pt;\"><span style=\"font-size: 16px;\">Stroboskop aktivovan\u00fd vodou<\/span><\/li>\n<li style=\"margin: 0in 0in 0.0001pt;\"><span style=\"font-size: 16px;\">LED sv\u00edtilna<\/span><\/li>\n<li style=\"margin: 0in 0in 0.0001pt;\"><span style=\"font-size: 16px;\">Indik\u00e1tor \u017eivotnosti baterie<\/span><\/li>\n<li style=\"margin: 0in 0in 0.0001pt;\"><span style=\"font-size: 16px;\">Rychl\u00e9 nab\u00edjen\u00ed<\/span><\/li>\n<li style=\"margin: 0in 0in 0.0001pt;\"><span style=\"font-size: 16px;\">Dob\u00edjec\u00ed USB<\/span><\/li>\n<\/ul>\n","protected":false},"excerpt":{"rendered":"<p>Float-On je vodot\u011bsn\u00e1 plovouc\u00ed kapesn\u00ed sv\u00edtilna, kter\u00e1 unik\u00e1tn\u00edm zp\u016fsobem integruje technologii MOB od spole\u010dnosti Exposure. Multifunk\u010dn\u00ed bezpe\u010dnostn\u00ed pom\u016fcka a sv\u00edtilna pro za\u010d\u00ednaj\u00edc\u00ed i zku\u0161en\u00e9 jachta\u0159e. <\/p>\n<p>Kdy\u017e je hozen p\u0159es palubu nebo ho nos\u00ed osoba, kter\u00e1 pad\u00e1 p\u0159es palubu, bude plavat. Technologie MOB detekuje 6 sekund p\u0159ipojen\u00ed k vod\u011b a aktivuje stroboskopick\u00e9 sv\u011btlo, kter\u00e9 blik\u00e1 jednou za sekundu po dobu a\u017e 24 hodin, viditeln\u00e9 a\u017e do vzd\u00e1lenosti 3 n\u00e1mo\u0159n\u00edch mil. Samostatn\u00e9 a zapu\u0161t\u011bn\u00e9 termin\u00e1ly pro p\u0159ipojen\u00ed vody zaji\u0161\u0165uj\u00ed, \u017ee technologie MOB je aktivn\u00ed pouze p\u0159i pono\u0159en\u00ed do vody.  <\/p>\n<p style=\"margin: 0in 0in 0.0001pt;\"><a href=\"https:\/\/www.dropbox.com\/s\/fk04stqsp2hgk5f\/Prop%2065%20-%20DEHP.pdf?dl=0\">VAROV\u00c1N\u00cd: PROP 65<\/a><\/p>\n<p>&nbsp;<\/p>\n<p>&nbsp;<\/p>\n","protected":false},"featured_media":163900,"template":"","meta":{"_acf_changed":false,"om_disable_all_campaigns":false},"product_brand":[],"product_cat":[5957,5949,5953,5719,5962,5951,5955,5790,5947],"product_tag":[16175,16177,16176,16179,16178,16181],"class_list":{"0":"post-166533","1":"product","2":"type-product","3":"status-publish","4":"has-post-thumbnail","6":"product_cat-akcni-sporty-terenni-jizdy","7":"product_cat-blizko-pobrezi","8":"product_cat-komercni","9":"product_cat-namorni","10":"product_cat-padlovaci-sporty-rybareni","11":"product_cat-pobrezni","12":"product_cat-turistika-horolezectvi-tabor","13":"product_cat-venkovni","14":"product_cat-vnitrozemi","15":"product_tag-expozicni-horak","16":"product_tag-expozicni-plovouci","17":"product_tag-expozicni-plovouci-horak","18":"product_tag-vodou-aktivovany-stroboskop","19":"product_tag-vztlakovy-stroboskop","20":"product_tag-vztlakovy-vodni-aktivovany-stroboskop","21":"pa_boat-type-sportcraft-cs","22":"pa_product-bezpecnostni-prislusenstvi","23":"pa_terrain-reky-mokrady-jezera-cs","25":"first","26":"instock","27":"taxable","28":"shipping-taxable","29":"purchasable","30":"product-type-simple"},"acf":[],"_links":{"self":[{"href":"https:\/\/www.acrartex.com\/cs\/wp-json\/wp\/v2\/product\/166533","targetHints":{"allow":["GET"]}}],"collection":[{"href":"https:\/\/www.acrartex.com\/cs\/wp-json\/wp\/v2\/product"}],"about":[{"href":"https:\/\/www.acrartex.com\/cs\/wp-json\/wp\/v2\/types\/product"}],"wp:featuredmedia":[{"embeddable":true,"href":"https:\/\/www.acrartex.com\/cs\/wp-json\/wp\/v2\/media\/163900"}],"wp:attachment":[{"href":"https:\/\/www.acrartex.com\/cs\/wp-json\/wp\/v2\/media?parent=166533"}],"wp:term":[{"taxonomy":"product_brand","embeddable":true,"href":"https:\/\/www.acrartex.com\/cs\/wp-json\/wp\/v2\/product_brand?post=166533"},{"taxonomy":"product_cat","embeddable":true,"href":"https:\/\/www.acrartex.com\/cs\/wp-json\/wp\/v2\/product_cat?post=166533"},{"taxonomy":"product_tag","embeddable":true,"href":"https:\/\/www.acrartex.com\/cs\/wp-json\/wp\/v2\/product_tag?post=166533"}],"curies":[{"name":"wp","href":"https:\/\/api.w.org\/{rel}","templated":true}]}}