{"id":166511,"date":"2025-11-06T04:46:44","date_gmt":"2025-11-06T09:46:44","guid":{"rendered":"https:\/\/www.acrartex.com\/products\/bivy-go-plan-bivakovaci-tyc-neomezena-data\/"},"modified":"2025-11-06T04:46:44","modified_gmt":"2025-11-06T09:46:44","slug":"bivy-go-plan-bivakovaci-tyc-neomezena-data","status":"publish","type":"product","link":"https:\/\/www.acrartex.com\/cs\/products\/bivy-go-plan-bivakovaci-tyc-neomezena-data\/","title":{"rendered":"Bivy Go Plan \u2013 Bivakovac\u00ed ty\u010d + neomezen\u00e1 data"},"content":{"rendered":"<p>Z\u016fsta\u0148te ve spojen\u00ed a v bezpe\u010d\u00ed kdekoli na Zemi s Bivy Stick \u2013 kompaktn\u00edm a v\u00fdkonn\u00fdm za\u0159\u00edzen\u00edm, kter\u00e9 prom\u011bn\u00ed v\u00e1\u0161 chytr\u00fd telefon v glob\u00e1ln\u00ed satelitn\u00ed komunik\u00e1tor. Bivy Stick, nap\u00e1jen\u00fd satelitn\u00ed s\u00edt\u00ed Iridium, zaji\u0161\u0165uje 100% glob\u00e1ln\u00ed pokryt\u00ed, a to i v t\u011bch nejodlehlej\u0161\u00edch a nejdrsn\u011bj\u0161\u00edch prost\u0159ed\u00edch. <\/p>\n<p>Bivy Stick, navr\u017een\u00fd pro dobrodruhy, objevitele a pro nouzov\u00e9 situace, umo\u017e\u0148uje obousm\u011brn\u00e9 satelitn\u00ed zas\u00edl\u00e1n\u00ed zpr\u00e1v, sd\u00edlen\u00ed GPS polohy a aktualizace po\u010das\u00ed \u2013 to v\u0161e dostupn\u00e9 prost\u0159ednictv\u00edm aplikace Bivy pro iOS nebo Android. Jeho unik\u00e1tn\u00ed funkce GroupTrack\u2122 umo\u017e\u0148uje zas\u00edlat zpr\u00e1vy a sledovat a\u017e 12 u\u017eivatel\u016f Bivy Stick sou\u010dasn\u011b, co\u017e usnad\u0148uje t\u00fdm\u016fm, pr\u016fvodc\u016fm a rodin\u00e1m z\u016fstat ve spojen\u00ed a viditeln\u00ed na sd\u00edlen\u00e9 skupinov\u00e9 map\u011b. <\/p>\n<p>V p\u0159\u00edpad\u011b nouze sta\u010d\u00ed stisknout speci\u00e1ln\u00ed tla\u010d\u00edtko SOS a okam\u017eit\u011b upozorn\u00edte z\u00e1chrannou slu\u017ebu Global Rescue, kter\u00e1 v\u00e1m poskytne nep\u0159etr\u017eit\u00fd p\u0159\u00edstup k z\u00e1chrann\u00fdm slo\u017ek\u00e1m \u2013 kdekoli na sv\u011bt\u011b. A\u0165 u\u017e stahujete offline mapy, proch\u00e1z\u00edte neprob\u00e1dan\u00e9 stezky nebo se informujete o sv\u00fdch bl\u00edzk\u00fdch, bivakovac\u00ed ty\u010d v\u00e1m poskytne klid a nezbytnou komunikaci, kdy\u017e na tom nejv\u00edce z\u00e1le\u017e\u00ed. <\/p>\n<p><b>Role aplikace Bivy<\/b><\/p>\n<p>Objevte v\u00edce ne\u017e 50 000 outdoorov\u00fdch dobrodru\u017estv\u00ed s aplikac\u00ed Bivy \u2013 va\u0161\u00edm univerz\u00e1ln\u00edm n\u00e1strojem pro objevov\u00e1n\u00ed divo\u010diny. A\u0165 u\u017e se v\u011bnujete turistice, cyklistice, p\u00e1dlov\u00e1n\u00ed, lezen\u00ed nebo kter\u00e9mukoli z 20 podporovan\u00fdch typ\u016f dobrodru\u017estv\u00ed v aplikaci, Bivy v\u00e1m pom\u016f\u017ee naj\u00edt perfektn\u00ed m\u00edsto a s jistotou se v n\u011bm orientovat. <\/p>\n<p>Sledujte sv\u00e9 tempo, ujet\u00e9 kilometry, nadmo\u0159skou v\u00fd\u0161ku a dal\u0161\u00ed informace p\u0159i pr\u016fzkumu a zaznamen\u00e1vejte ka\u017edou cestu, abyste si uchovali osobn\u00ed z\u00e1znamy o sv\u00fdch dobrodru\u017estv\u00edch. D\u00edky p\u0159\u00edstupu k podrobn\u00fdm glob\u00e1ln\u00edm offline map\u00e1m budete v\u017edy p\u0159esn\u011b v\u011bd\u011bt, kde se nach\u00e1z\u00edte, a to i bez mobiln\u00edho sign\u00e1lu. <\/p>\n<p>Ve spojen\u00ed s Bivy Stick od ACR kombinuje aplikace Bivy navigaci, sledov\u00e1n\u00ed cesty a spolehlivou satelitn\u00ed komunikaci, co\u017e poskytuje cenov\u011b dostupnou bezpe\u010dnost a klid pro ka\u017ed\u00e9ho, od v\u00edkendov\u00fdch pr\u016fzkumn\u00edk\u016f a\u017e po zku\u0161en\u00e9 profesion\u00e1ly.<\/p>\n<p><b>Vlastnosti a v\u00fdhody:<\/b><\/p>\n<ul>\n<li><b>Spolehliv\u00e9 obousm\u011brn\u00e9 zas\u00edl\u00e1n\u00ed zpr\u00e1v<\/b> : Z\u016fsta\u0148te ve spojen\u00ed i mimo mobiln\u00ed sign\u00e1l d\u00edky obousm\u011brn\u00e9mu zas\u00edl\u00e1n\u00ed textov\u00fdch zpr\u00e1v prost\u0159ednictv\u00edm glob\u00e1ln\u00ed satelitn\u00ed s\u00edt\u011b Iridium\u00ae.<\/li>\n<li><b>Vyhrazen\u00e9 telefonn\u00ed \u010d\u00edslo a e-mail<\/b> : Pro bezprobl\u00e9movou komunikaci m\u016f\u017eete pos\u00edlat zpr\u00e1vy s vlastn\u00edm telefonn\u00edm \u010d\u00edslem a e-mailem.<\/li>\n<li><b>Skupinov\u00e9 zas\u00edl\u00e1n\u00ed zpr\u00e1v a sledov\u00e1n\u00ed s GroupTrack\u2122<\/b> : Komunikujte a sd\u00edlejte polohu a\u017e s 12 u\u017eivateli bivakovac\u00ed ty\u010de. P\u0159\u00e1tel\u00e9 a rodina mohou sledovat va\u0161i cestu a p\u0159ipojovat se ke skupinov\u00fdm chat\u016fm prost\u0159ednictv\u00edm sd\u00edlen\u00e9 webov\u00e9 str\u00e1nky. <\/li>\n<li><b>Neomezen\u00fd po\u010det vlastn\u00edch check-in\u016f<\/b> : Odes\u00edlejte GPS check-in zpr\u00e1vy s va\u0161\u00ed p\u0159esnou polohou. Neomezen\u00fd po\u010det check-in\u016f je sou\u010d\u00e1st\u00ed p\u0159edplatn\u00e9ho.* <\/li>\n<li><b>Sledov\u00e1n\u00ed v re\u00e1ln\u00e9m \u010dase a sd\u00edlen\u00ed polohy<\/b> : Webov\u00e1 str\u00e1nka Sd\u00edlen\u00ed polohy zobrazuje va\u0161i trasu, historii zpr\u00e1v s odpov\u011b\u010fmi a sd\u00edlen\u00e9 trasy \u2013 v\u0161e na jednom m\u00edst\u011b.<\/li>\n<li><b>Nonstop SOS monitoring od Global Rescue\u2122<\/b> : Aktivujte nouzov\u00e1 upozorn\u011bn\u00ed pomoc\u00ed aplikace nebo tla\u010d\u00edtka SOS na za\u0159\u00edzen\u00ed. Komunikujte p\u0159\u00edmo se z\u00e1chrann\u00fdmi slu\u017ebami a SOS upozorn\u011bn\u00ed lze zru\u0161it prost\u0159ednictv\u00edm za\u0159\u00edzen\u00ed nebo aplikace. <\/li>\n<li><b>Pokro\u010dil\u00e9 n\u00e1stroje pro navigaci a dobrodru\u017estv\u00ed<\/b> : St\u00e1hn\u011bte si offline mapy a prozkoumejte tis\u00edce dobrodru\u017estv\u00ed od komunity, v\u010detn\u011b turistick\u00fdch stezek, stoup\u00e1n\u00ed a vodn\u00edch tok\u016f.<\/li>\n<li><b>Robustn\u00ed a vodot\u011bsn\u00fd design<\/b> : s kryt\u00edm IPX7<\/li>\n<li><b>Kompatibiln\u00ed s GoPro<\/b> : Pln\u011b kompatibiln\u00ed s dr\u017e\u00e1ky GoPro a obsahuje adapt\u00e9r p\u0159\u00edslu\u0161enstv\u00ed GoPro pro snadnou integraci.<\/li>\n<li><b>Kompletn\u00ed sada v balen\u00ed \u2013<\/b> Dod\u00e1v\u00e1 se s nab\u00edjec\u00edm kabelem USB-C, karabinou, \u0161\u0148\u016frkou, stru\u010dnou \u00favodn\u00ed p\u0159\u00edru\u010dkou a adapt\u00e9rem GoPro \u2013 v\u0161e, co pot\u0159ebujete k zah\u00e1jen\u00ed.<\/li>\n<li><b>Vyrobeno v USA \u2013<\/b> S ro\u010dn\u00ed z\u00e1rukou v\u00fdrobce pro klid.<\/li>\n<li>* <a href=\"https:\/\/bivystick.com\/plans\/\" data-cke-saved-href=\"https:\/\/www.bivy.com\/data-plans\">Vy\u017eaduje se m\u011bs\u00ed\u010dn\u00ed p\u0159edplatn\u00e9<\/a> . Podrobnosti naleznete na webov\u00fdch str\u00e1nk\u00e1ch v\u00fdrobce. <\/li>\n<\/ul>\n<p>&nbsp;<\/p>\n<p>Nouzov\u00e9 vol\u00e1n\u00ed SOS Aktivuje se v aplikaci nebo tla\u010d\u00edtkem na za\u0159\u00edzen\u00ed. Poskytuje GlobalRescue\u2122 <\/p>\n<p><a href=\"https:\/\/www.acrartex.com\/wp-content\/uploads\/2021\/06\/ProductOverview.png\"><img loading=\"lazy\" decoding=\"async\" class=\"alignnone size-medium wp-image-37736\" src=\"https:\/\/www.acrartex.com\/wp-content\/uploads\/2021\/06\/ProductOverview-300x300.png\" alt=\"\" width=\"300\" height=\"300\" srcset=\"https:\/\/www.acrartex.com\/wp-content\/uploads\/2021\/06\/ProductOverview-300x300.png 300w, https:\/\/www.acrartex.com\/wp-content\/uploads\/2021\/06\/ProductOverview-1024x1024.png 1024w, https:\/\/www.acrartex.com\/wp-content\/uploads\/2021\/06\/ProductOverview-150x150.png 150w, https:\/\/www.acrartex.com\/wp-content\/uploads\/2021\/06\/ProductOverview-768x768.png 768w, https:\/\/www.acrartex.com\/wp-content\/uploads\/2021\/06\/ProductOverview-1536x1536.png 1536w, https:\/\/www.acrartex.com\/wp-content\/uploads\/2021\/06\/ProductOverview-600x600.png 600w, https:\/\/www.acrartex.com\/wp-content\/uploads\/2021\/06\/ProductOverview-100x100.png 100w, https:\/\/www.acrartex.com\/wp-content\/uploads\/2021\/06\/ProductOverview.png 1601w\" sizes=\"auto, (max-width: 300px) 100vw, 300px\" \/><\/a> <a href=\"https:\/\/www.acrartex.com\/wp-content\/uploads\/2021\/06\/2_ProductOverview-04.png\"><img loading=\"lazy\" decoding=\"async\" class=\"alignnone size-medium wp-image-37732\" src=\"https:\/\/www.acrartex.com\/wp-content\/uploads\/2021\/06\/2_ProductOverview-04-300x300.png\" alt=\"\" width=\"300\" height=\"300\" srcset=\"https:\/\/www.acrartex.com\/wp-content\/uploads\/2021\/06\/2_ProductOverview-04-300x300.png 300w, https:\/\/www.acrartex.com\/wp-content\/uploads\/2021\/06\/2_ProductOverview-04-1024x1024.png 1024w, https:\/\/www.acrartex.com\/wp-content\/uploads\/2021\/06\/2_ProductOverview-04-150x150.png 150w, https:\/\/www.acrartex.com\/wp-content\/uploads\/2021\/06\/2_ProductOverview-04-768x768.png 768w, https:\/\/www.acrartex.com\/wp-content\/uploads\/2021\/06\/2_ProductOverview-04-1536x1536.png 1536w, https:\/\/www.acrartex.com\/wp-content\/uploads\/2021\/06\/2_ProductOverview-04-2048x2048.png 2048w, https:\/\/www.acrartex.com\/wp-content\/uploads\/2021\/06\/2_ProductOverview-04-600x600.png 600w, https:\/\/www.acrartex.com\/wp-content\/uploads\/2021\/06\/2_ProductOverview-04-100x100.png 100w\" sizes=\"auto, (max-width: 300px) 100vw, 300px\" \/><\/a> <a href=\"https:\/\/www.acrartex.com\/wp-content\/uploads\/2021\/06\/SOS.png\"><img loading=\"lazy\" decoding=\"async\" class=\"alignnone size-medium wp-image-37734\" src=\"https:\/\/www.acrartex.com\/wp-content\/uploads\/2021\/06\/SOS-300x300.png\" alt=\"\" width=\"300\" height=\"300\" srcset=\"https:\/\/www.acrartex.com\/wp-content\/uploads\/2021\/06\/SOS-300x300.png 300w, https:\/\/www.acrartex.com\/wp-content\/uploads\/2021\/06\/SOS-1024x1024.png 1024w, https:\/\/www.acrartex.com\/wp-content\/uploads\/2021\/06\/SOS-150x150.png 150w, https:\/\/www.acrartex.com\/wp-content\/uploads\/2021\/06\/SOS-768x768.png 768w, https:\/\/www.acrartex.com\/wp-content\/uploads\/2021\/06\/SOS-1536x1536.png 1536w, https:\/\/www.acrartex.com\/wp-content\/uploads\/2021\/06\/SOS-600x600.png 600w, https:\/\/www.acrartex.com\/wp-content\/uploads\/2021\/06\/SOS-100x100.png 100w, https:\/\/www.acrartex.com\/wp-content\/uploads\/2021\/06\/SOS.png 1601w\" sizes=\"auto, (max-width: 300px) 100vw, 300px\" \/><\/a><a href=\"https:\/\/www.acrartex.com\/wp-content\/uploads\/2021\/06\/2_ProductOverview-06.png\"><img loading=\"lazy\" decoding=\"async\" class=\"alignnone size-medium wp-image-37733\" src=\"https:\/\/www.acrartex.com\/wp-content\/uploads\/2021\/06\/2_ProductOverview-06-300x300.png\" alt=\"\" width=\"300\" height=\"300\" srcset=\"https:\/\/www.acrartex.com\/wp-content\/uploads\/2021\/06\/2_ProductOverview-06-300x300.png 300w, https:\/\/www.acrartex.com\/wp-content\/uploads\/2021\/06\/2_ProductOverview-06-1024x1024.png 1024w, https:\/\/www.acrartex.com\/wp-content\/uploads\/2021\/06\/2_ProductOverview-06-150x150.png 150w, https:\/\/www.acrartex.com\/wp-content\/uploads\/2021\/06\/2_ProductOverview-06-768x768.png 768w, https:\/\/www.acrartex.com\/wp-content\/uploads\/2021\/06\/2_ProductOverview-06-1536x1536.png 1536w, https:\/\/www.acrartex.com\/wp-content\/uploads\/2021\/06\/2_ProductOverview-06-2048x2048.png 2048w, https:\/\/www.acrartex.com\/wp-content\/uploads\/2021\/06\/2_ProductOverview-06-600x600.png 600w, https:\/\/www.acrartex.com\/wp-content\/uploads\/2021\/06\/2_ProductOverview-06-100x100.png 100w\" sizes=\"auto, (max-width: 300px) 100vw, 300px\" \/><\/a><\/p>\n","protected":false},"excerpt":{"rendered":"<p><span class=\"TextRun SCXW244057555 BCX0\" lang=\"EN-US\" data-contrast=\"none\" xml:lang=\"EN-US\"><span class=\"NormalTextRun SCXW244057555 BCX0\">S Bivy Stick si u\u017eijte<\/span><span class=\"NormalTextRun SCXW244057555 BCX0\"> <\/span><span class=\"NormalTextRun SCXW244057555 BCX0\">spolehliv\u00fd<\/span><span class=\"NormalTextRun SCXW244057555 BCX0\"> <\/span><\/span><span class=\"TextRun SCXW244057555 BCX0\" lang=\"EN-US\" data-contrast=\"none\"><span class=\"NormalTextRun SCXW244057555 BCX0\">2-cestn\u00e1<\/span><\/span> <span class=\"TextRun SCXW244057555 BCX0\" lang=\"EN-US\" data-contrast=\"auto\"><span class=\"NormalTextRun SCXW244057555 BCX0\">satelitn\u00ed<\/span> <span class=\"NormalTextRun SCXW244057555 BCX0\">komunikace<\/span><\/span><span class=\"TextRun SCXW244057555 BCX0\" lang=\"EN-US\" data-contrast=\"none\" xml:lang=\"EN-US\"><span class=\"NormalTextRun SCXW244057555 BCX0\">,  <\/span><\/span><span class=\"TextRun SCXW244057555 BCX0\" lang=\"EN-US\" data-contrast=\"none\" xml:lang=\"EN-US\"><span class=\"NormalTextRun SCXW244057555 BCX0\">skupinov\u00e9 zas\u00edl\u00e1n\u00ed zpr\u00e1v<\/span><\/span><span class=\"TextRun SCXW244057555 BCX0\" lang=\"EN-US\" data-contrast=\"none\" xml:lang=\"EN-US\"><span class=\"NormalTextRun SCXW244057555 BCX0\">,  <\/span><\/span><span class=\"TextRun SCXW244057555 BCX0\" lang=\"EN-US\" data-contrast=\"none\" xml:lang=\"EN-US\"><span class=\"NormalTextRun SCXW244057555 BCX0\">Nonstop podpora SOS<\/span><\/span><span class=\"TextRun SCXW244057555 BCX0\" lang=\"EN-US\" data-contrast=\"none\" xml:lang=\"EN-US\"><span class=\"NormalTextRun SCXW244057555 BCX0\">,  <\/span><\/span><span class=\"TextRun SCXW244057555 BCX0\" lang=\"EN-US\" data-contrast=\"none\" xml:lang=\"EN-US\"><span class=\"NormalTextRun SCXW244057555 BCX0\">GPS sledov\u00e1n\u00ed<\/span><\/span><span class=\"TextRun SCXW244057555 BCX0\" lang=\"EN-US\" data-contrast=\"none\" xml:lang=\"EN-US\"><span class=\"NormalTextRun SCXW244057555 BCX0\">a  <\/span><\/span><span class=\"TextRun SCXW244057555 BCX0\" lang=\"EN-US\" data-contrast=\"none\" xml:lang=\"EN-US\"><span class=\"NormalTextRun SCXW244057555 BCX0\">sd\u00edlen\u00ed polohy  <\/span><\/span><span class=\"TextRun SCXW244057555 BCX0\" lang=\"EN-US\" data-contrast=\"none\" xml:lang=\"EN-US\"><span class=\"NormalTextRun SCXW244057555 BCX0\">v\u0161e v jednom  <\/span><\/span><span class=\"TextRun SCXW244057555 BCX0\" lang=\"EN-US\" data-contrast=\"none\" xml:lang=\"EN-US\"><span class=\"NormalTextRun SCXW244057555 BCX0\">kompaktn\u00ed<\/span><\/span><span class=\"TextRun SCXW244057555 BCX0\" lang=\"EN-US\" data-contrast=\"none\" xml:lang=\"EN-US\"><span class=\"NormalTextRun SCXW244057555 BCX0\">  a  <\/span><\/span><span class=\"TextRun SCXW244057555 BCX0\" lang=\"EN-US\" data-contrast=\"none\" xml:lang=\"EN-US\"><span class=\"NormalTextRun SCXW244057555 BCX0\">lehk\u00fd<\/span><\/span><span class=\"TextRun SCXW244057555 BCX0\" lang=\"EN-US\" data-contrast=\"none\" xml:lang=\"EN-US\"><span class=\"NormalTextRun SCXW244057555 BCX0\">  za\u0159\u00edzen\u00ed. Poskytuje v\u00e1m   <\/span><\/span><span class=\"TextRun SCXW244057555 BCX0\" lang=\"EN-US\" data-contrast=\"none\"><span class=\"NormalTextRun SCXW244057555 BCX0\">svoboda komunikace mimo s\u00ed\u0165<\/span><\/span> <span class=\"TextRun SCXW244057555 BCX0\" lang=\"EN-US\" data-contrast=\"none\"><span class=\"NormalTextRun SCXW244057555 BCX0\">za<\/span><\/span> <span class=\"TextRun SCXW244057555 BCX0\" lang=\"EN-US\" data-contrast=\"none\"><span class=\"NormalTextRun SCXW244057555 BCX0\">nejdostupn\u011bj\u0161\u00ed cenu na trhu<\/span><\/span> <span class=\"TextRun SCXW244057555 BCX0\" lang=\"EN-US\" data-contrast=\"none\"><span class=\"NormalTextRun SCXW244057555 BCX0\">.<\/span><\/span><\/p>\n","protected":false},"featured_media":163275,"template":"","meta":{"_acf_changed":false,"om_disable_all_campaigns":false},"product_brand":[],"product_cat":[5719,5790],"product_tag":[12961,12951,12941,12949,12947],"class_list":{"0":"post-166511","1":"product","2":"type-product","3":"status-publish","4":"has-post-thumbnail","6":"product_cat-namorni","7":"product_cat-venkovni","8":"product_tag-4601-cs","9":"product_tag-aplikace-bivy","10":"product_tag-bivy-cs","11":"product_tag-bivy-acr","12":"product_tag-obousmerna-komunikace","14":"first","15":"instock","16":"taxable","17":"shipping-taxable","18":"purchasable","19":"product-type-subscription"},"acf":[],"_links":{"self":[{"href":"https:\/\/www.acrartex.com\/cs\/wp-json\/wp\/v2\/product\/166511","targetHints":{"allow":["GET"]}}],"collection":[{"href":"https:\/\/www.acrartex.com\/cs\/wp-json\/wp\/v2\/product"}],"about":[{"href":"https:\/\/www.acrartex.com\/cs\/wp-json\/wp\/v2\/types\/product"}],"wp:featuredmedia":[{"embeddable":true,"href":"https:\/\/www.acrartex.com\/cs\/wp-json\/wp\/v2\/media\/163275"}],"wp:attachment":[{"href":"https:\/\/www.acrartex.com\/cs\/wp-json\/wp\/v2\/media?parent=166511"}],"wp:term":[{"taxonomy":"product_brand","embeddable":true,"href":"https:\/\/www.acrartex.com\/cs\/wp-json\/wp\/v2\/product_brand?post=166511"},{"taxonomy":"product_cat","embeddable":true,"href":"https:\/\/www.acrartex.com\/cs\/wp-json\/wp\/v2\/product_cat?post=166511"},{"taxonomy":"product_tag","embeddable":true,"href":"https:\/\/www.acrartex.com\/cs\/wp-json\/wp\/v2\/product_tag?post=166511"}],"curies":[{"name":"wp","href":"https:\/\/api.w.org\/{rel}","templated":true}]}}