{"id":166489,"date":"2024-06-11T14:10:58","date_gmt":"2024-06-11T19:10:58","guid":{"rendered":"https:\/\/www.acrartex.com\/products\/prodlouzeni-olas-expozice\/"},"modified":"2026-03-06T08:53:20","modified_gmt":"2026-03-06T13:53:20","slug":"prodlouzeni-olas-expozice","status":"publish","type":"product","link":"https:\/\/www.acrartex.com\/cs\/products\/prodlouzeni-olas-expozice\/","title":{"rendered":"PRODLOU\u017dEN\u00cd OLAS EXPOZICE"},"content":{"rendered":"<h3>V\u00fdhody extenderu<\/h3>\n<h3 class=\"title\"><strong>Rychl\u00e9 a snadn\u00e9 nastaven\u00ed bez nutnosti pevn\u00e9 kabel\u00e1\u017ee<\/strong><\/h3>\n<ul>\n<li>P\u0159epn\u011bte sv\u016fj N2K, Guardian nebo Core do re\u017eimu p\u00e1rov\u00e1n\u00ed a extender se automaticky p\u0159ipoj\u00ed a z\u016fstane sp\u00e1rovan\u00fd.<\/li>\n<li>Pomoc\u00ed LED indik\u00e1toru na p\u0159ep\u00edna\u010di um\u00edst\u011bte prodlu\u017eovac\u00ed za\u0159\u00edzen\u00ed do optim\u00e1ln\u00ed polohy na plavidle. D\u00edky dob\u00edjec\u00ed baterii lze s prodlu\u017eovac\u00edm za\u0159\u00edzen\u00edm chodit po plavidle a jakmile se LED dioda na p\u0159ep\u00edna\u010di rozsv\u00edt\u00ed trvale \u010derven\u011b, spojen\u00ed bylo p\u0159eru\u0161eno. Vra\u0165te se do polohy, kde je prodlu\u017eovac\u00ed za\u0159\u00edzen\u00ed znovu p\u0159ipojeno, a zajist\u011bte jej v tomto m\u00edst\u011b.  <\/li>\n<\/ul>\n<h3 class=\"title\"><strong>P\u0159enosn\u00fd a s n\u00edzkou spot\u0159ebou energie (5V USB)<\/strong><\/h3>\n<ul>\n<li>Prodlu\u017eova\u010d m\u016f\u017ee pracovat s intern\u00ed dob\u00edjec\u00ed bateri\u00ed a\u017e 80 hodin nebo jej lze pro trval\u00e9 \u0159e\u0161en\u00ed p\u0159ipojit k 5V zdroji nap\u00e1jen\u00ed pomoc\u00ed USB kabelu.<\/li>\n<\/ul>\n<h3 class=\"title\"><strong>Automatick\u00e9 p\u0159ipojen\u00ed vys\u00edla\u010de<\/strong><\/h3>\n<ul>\n<li>P\u0159epn\u011bte sv\u016fj N2K, Guardian nebo Core do re\u017eimu p\u00e1rov\u00e1n\u00ed a extender se automaticky p\u0159ipoj\u00ed a z\u016fstane sp\u00e1rovan\u00fd.<\/li>\n<\/ul>\n<h3 class=\"title\"><strong>Roz\u0161i\u0159uje syst\u00e9m OLAS<\/strong><\/h3>\n<ul>\n<li>P\u0159id\u00e1v\u00e1 a\u017e 15 metr\u016f k z\u00e1kladn\u00edm syst\u00e9m\u016fm N2K, Guardian a Core dal\u0161\u00ed dosah. Pozn\u00e1mka: Jeden prodlu\u017eova\u010d dosahu prodlu\u017euje o 7,6 metru a celkem 2 prodlu\u017eova\u010de lze pou\u017e\u00edt k prodlou\u017een\u00ed dosahu syst\u00e9mu o celkem 15 metr\u016f. <\/li>\n<\/ul>\n<p>&nbsp;<\/p>\n<p>&nbsp;<\/p>\n","protected":false},"excerpt":{"rendered":"<p>OLAS Extender je kompaktn\u00ed, p\u0159enosn\u00fd bezdr\u00e1tov\u00fd opakova\u010d pro syst\u00e9my OLAS N2K NMEA 2000 MOB Alarm and Wireless Kill Switch, OLAS Guardian MOB Alarm and Wireless Kill Switch a OLAS Core MOB Alarm. Zat\u00edmco OLAS Tag, T2 a OLAS Float-On pou\u017e\u00edvan\u00e9 samostatn\u011b s mobiln\u00ed aplikac\u00ed umo\u017e\u0148uj\u00ed pokryt\u00ed plavidel do d\u00e9lky 12 metr\u016f, N2K, Guardian a Core umo\u017e\u0148uj\u00ed pokryt\u00ed plavidel do d\u00e9lky 15 metr\u016f. Extender lze pou\u017e\u00edt s Core, Guardian nebo N2K pro zv\u00fd\u0161en\u00ed pokryt\u00ed plavidel do d\u00e9lky 30 metr\u016f. <\/p>\n<p>&nbsp;<\/p>\n","protected":false},"featured_media":163628,"template":"","meta":{"_acf_changed":false,"om_disable_all_campaigns":false},"product_brand":[],"product_cat":[5949,5953,5719,5951,5947],"product_tag":[16117,16116,12181,11299,11319,16113,16115,11931],"class_list":{"0":"post-166489","1":"product","2":"type-product","3":"status-publish","4":"has-post-thumbnail","6":"product_cat-blizko-pobrezi","7":"product_cat-komercni","8":"product_cat-namorni","9":"product_cat-pobrezni","10":"product_cat-vnitrozemi","11":"product_tag-bezdratovy-extender","12":"product_tag-bezdratovy-opakovac","13":"product_tag-gps-sledovani","14":"product_tag-mob-cs","15":"product_tag-muz-pres-palubu","16":"product_tag-opakovac","17":"product_tag-prodluzovac","18":"product_tag-system-pro-muze-pres-palubu","19":"pa_boat-type-motorovy-clun","20":"pa_terrain-reky-mokrady-jezera-cs","22":"first","23":"instock","24":"taxable","25":"shipping-taxable","26":"purchasable","27":"product-type-simple"},"acf":[],"_links":{"self":[{"href":"https:\/\/www.acrartex.com\/cs\/wp-json\/wp\/v2\/product\/166489","targetHints":{"allow":["GET"]}}],"collection":[{"href":"https:\/\/www.acrartex.com\/cs\/wp-json\/wp\/v2\/product"}],"about":[{"href":"https:\/\/www.acrartex.com\/cs\/wp-json\/wp\/v2\/types\/product"}],"wp:featuredmedia":[{"embeddable":true,"href":"https:\/\/www.acrartex.com\/cs\/wp-json\/wp\/v2\/media\/163628"}],"wp:attachment":[{"href":"https:\/\/www.acrartex.com\/cs\/wp-json\/wp\/v2\/media?parent=166489"}],"wp:term":[{"taxonomy":"product_brand","embeddable":true,"href":"https:\/\/www.acrartex.com\/cs\/wp-json\/wp\/v2\/product_brand?post=166489"},{"taxonomy":"product_cat","embeddable":true,"href":"https:\/\/www.acrartex.com\/cs\/wp-json\/wp\/v2\/product_cat?post=166489"},{"taxonomy":"product_tag","embeddable":true,"href":"https:\/\/www.acrartex.com\/cs\/wp-json\/wp\/v2\/product_tag?post=166489"}],"curies":[{"name":"wp","href":"https:\/\/api.w.org\/{rel}","templated":true}]}}