{"id":166457,"date":"2024-06-11T14:20:02","date_gmt":"2024-06-11T19:20:02","guid":{"rendered":"https:\/\/www.acrartex.com\/products\/expozice-olas-guardian\/"},"modified":"2024-06-11T14:20:02","modified_gmt":"2024-06-11T19:20:02","slug":"expozice-olas-guardian","status":"publish","type":"product","link":"https:\/\/www.acrartex.com\/cs\/products\/expozice-olas-guardian\/","title":{"rendered":"EXPOZICE OLAS GUARDIAN"},"content":{"rendered":"<h3>Co to d\u011bl\u00e1<\/h3>\n<p>Syst\u00e9m OLAS Guardian zaji\u0161\u0165uje, \u017ee \u0159idi\u010di motorov\u00fdch \u010dlun\u016f a RIB mohou svou lo\u010f okam\u017eit\u011b zastavit, pokud se kapit\u00e1n nebo pos\u00e1dka odd\u011bl\u00ed, \u010d\u00edm\u017e se p\u0159edejde nehod\u00e1m zp\u016fsoben\u00fdm nekontrolovan\u00fdmi a neobsluhovan\u00fdmi plavidly. Mohou se voln\u011b pohybovat po sv\u00e9 lodi, ani\u017e by si museli neust\u00e1le pamatovat na p\u0159ipojov\u00e1n\u00ed, odpojov\u00e1n\u00ed a op\u011btovn\u00e9 p\u0159ipojov\u00e1n\u00ed fyzick\u00e9ho kabelov\u00e9ho uvol\u0148ovac\u00edho lana. <\/p>\n<h3>P\u0159izp\u016fsobiteln\u00e9 re\u017eimy \u0161t\u00edtk\u016f pro flexibilitu<\/h3>\n<p>OLAS Guardian nab\u00edz\u00ed t\u0159i u\u017eivatelsky voliteln\u00e9 re\u017eimy \u0161t\u00edtk\u016f, kter\u00e9 v\u00e1m umo\u017e\u0148uj\u00ed p\u0159izp\u016fsobit za\u0159\u00edzen\u00ed va\u0161im specifick\u00fdm pot\u0159eb\u00e1m. Mezi re\u017eimy m\u016f\u017eete snadno p\u0159ep\u00ednat pomoc\u00ed mobiln\u00ed aplikace OLAS. Zde je rozpis re\u017eim\u016f \u0161t\u00edtk\u016f:  <\/p>\n<ul>\n<li><strong>Zastaven\u00ed motoru<\/strong> \u2013 funguje jako \u0161krtic\u00ed \u0161\u0148\u016fra a zastav\u00ed plavidlo, kdy\u017e je zna\u010dka mimo dosah, ani\u017e by spustila upozorn\u011bn\u00ed na nep\u0159\u00edtomnost osoby v plavb\u011b.<\/li>\n<\/ul>\n<ul>\n<li><strong>V\u00fdstraha MOB<\/strong> \u2013 upozorn\u00ed plavidlo bez vypnut\u00ed motoru.<\/li>\n<\/ul>\n<ul>\n<li><strong>Zastaven\u00ed motoru + v\u00fdstraha MOB<\/strong> \u2013 tento re\u017eim spust\u00ed v\u00fdstrahy pos\u00e1dky a vypne motor.<\/li>\n<\/ul>\n<h3>Jak to funguje<\/h3>\n<ul>\n<li>Syst\u00e9m Guardian m\u016f\u017ee sledovat a\u017e 25 vys\u00edlac\u00edch za\u0159\u00edzen\u00ed OLAS (OLAS T2\/ OLAS Tag\/ OLAS Float-On) v dosahu plavidla. To umo\u017e\u0148uje pos\u00e1dce a kapit\u00e1novi voln\u00fd pohyb po plavidle s jistotou, \u017ee pokud n\u011bkdo spadne p\u0159es palubu, motor se vypne a\/nebo se spust\u00ed alarm a pop\u00e1lenina bude rychle vypro\u0161t\u011bna. <\/li>\n<li>Guardian se p\u0159ipojuje k lodn\u00edmu nap\u00e1jen\u00ed 12\/24 V a st\u00e1vaj\u00edc\u00edmu vyp\u00edna\u010di pomoc\u00ed dodan\u00fdch konektor\u016f, co\u017e usnad\u0148uje jeho instalaci a okam\u017eit\u00e9 pou\u017eit\u00ed.<\/li>\n<li>Pro instalaci 20mm nerezov\u00e9ho LED ovl\u00e1dac\u00edho sp\u00edna\u010de je v bl\u00edzkosti st\u00e1vaj\u00edc\u00edho vyp\u00edna\u010de pot\u0159eba otvor o pr\u016fm\u011bru 21 mm.<\/li>\n<\/ul>\n<p><em>Odborn\u00e1 instalace nen\u00ed nutn\u00e1, ale doporu\u010duje se, proto\u017ee spole\u010dnost ACR Electronics nep\u0159eb\u00edr\u00e1 \u017e\u00e1dnou odpov\u011bdnost za nespr\u00e1vnou instalaci.<\/em><\/p>\n<div class=\"row\">\n<div class=\"col-xs-12 col-sm-12\">\n<h3>Pro koho je to<\/h3>\n<p>OLAS Guardian je ur\u010den pro \u0159idi\u010de motorov\u00fdch a motorov\u00fdch \u010dlun\u016f a v\u0161echny kapit\u00e1ny a majitele lod\u00ed, kte\u0159\u00ed se zaj\u00edmaj\u00ed o bezpe\u010dnost na palub\u011b. Bezdr\u00e1tov\u011b propojuje a\u017e 25 \u010dlen\u016f pos\u00e1dky prost\u0159ednictv\u00edm nositeln\u00fdch vys\u00edla\u010d\u016f OLAS (T2, Tag nebo OLAS Float On Light) a vytv\u00e1\u0159\u00ed tak virtu\u00e1ln\u00ed z\u00e1chrannou \u0161\u0148\u016fru. <\/p>\n<\/div>\n<\/div>\n<div>\n<div class=\"row\">\n<div class=\"col-sm-12 col-xs-12\">\n<h3>Hlavn\u00ed v\u00fdhody<\/h3>\n<\/div>\n<\/div>\n<div class=\"row\">\n<div class=\"col-xs-12 col-sm-6\">\n<ul>\n<li><strong>Propojen\u00ed se st\u00e1vaj\u00edc\u00edm vyp\u00edna\u010dem Kill Switch<\/strong> \u2013 Za\u0159\u00edzen\u00ed Guardian lze pou\u017e\u00edt m\u00edsto st\u00e1vaj\u00edc\u00edho vyp\u00edna\u010de Kill Switch nebo vedle n\u011bj a bude fungovat, i kdy\u017e k \u0159idi\u010di nen\u00ed p\u0159ipojen fyzick\u00fd vyp\u00edna\u010d Kill Switch. \u2013 U v\u011bt\u0161iny motor\u016f umo\u017en\u00ed jednoduch\u00e9 paraleln\u00ed p\u0159ipojen\u00ed ke st\u00e1vaj\u00edc\u00edmu vyp\u00edna\u010di Kill Switch plnou bezdr\u00e1tovou funkci vypnut\u00ed. <\/li>\n<li><strong>Automatick\u00fd restart<\/strong> \u2013 Po 5 sekund\u00e1ch se vyp\u00edna\u010d deaktivuje, co\u017e umo\u017en\u00ed restart motoru.<\/li>\n<li><strong>Vestav\u011bn\u00fd alarm<\/strong> \u2013 Zazn\u00ed alarm o s\u00edle 85 dB, kter\u00fd signalizuje, \u017ee se vys\u00edla\u010d OLAS dostal mimo dosah.<\/li>\n<li><strong>Vestav\u011bn\u00e9 nouzov\u00e9 sv\u011btlo (pokud je namontov\u00e1no extern\u011b)<\/strong> \u2013 Rozsv\u00edt\u00ed se v\u00fdkonn\u00e9 nouzov\u00e9 \u010derven\u00e9 sv\u011btlo, kter\u00e9 poskytuje jasnou vizu\u00e1ln\u00ed indikaci poplachu a z\u00e1rove\u0148 osv\u011btluje okoln\u00ed prostor.<\/li>\n<li><strong>V\u00fdb\u011br rel\u00e9<\/strong> \u2013 Aplikace OLAS umo\u017e\u0148uje individu\u00e1ln\u00ed v\u00fdb\u011br rel\u00e9 pro snadn\u00e9 nastaven\u00ed, zda vys\u00edla\u010d OLAS spou\u0161t\u00ed vypnut\u00ed motoru\/rel\u00e9, nebo zda spou\u0161t\u00ed pouze vestav\u011bn\u00fd alarm MOB syst\u00e9mu Guardian.<\/li>\n<li><strong>Automatick\u00e9 p\u0159ipojen\u00ed<\/strong> \u2013 Kdy\u017e nastoup\u00edte na palubu plavidla a zapnete nap\u00e1jen\u00ed, p\u0159\u00edstroj The Guardian se automaticky p\u0159ipoj\u00ed ke v\u0161em zapnut\u00fdm vys\u00edlac\u00edm za\u0159\u00edzen\u00edm OLAS v dosahu 2 metr\u016f.<\/li>\n<\/ul>\n<\/div>\n<div class=\"col-xs-12 col-sm-6\">\n<ul>\n<li><strong>V\u00fdstraha a potla\u010den\u00ed p\u0159ipojen\u00ed<\/strong> \u2013 Pokud nastoup\u00edte na plavidlo a nejsou zapnut\u00e9 \u017e\u00e1dn\u00e9 vys\u00edla\u010de, Guardian spust\u00ed v\u00fdstrahu. Tuto v\u00fdstrahu lze zastavit bu\u010f p\u0159ipojen\u00edm vys\u00edla\u010de OLAS k Guardianu, nebo lze Guardian ru\u010dn\u011b vypnout. Pot\u00e9 lze plavidlo ovl\u00e1dat jako obvykle pomoc\u00ed existuj\u00edc\u00edho fyzick\u00e9ho bezpe\u010dnostn\u00edho lanka.  <\/li>\n<li><strong>Re\u017eim pauzy<\/strong> \u2013 Syst\u00e9m lze p\u0159epnout do re\u017eimu pauzy. Ten se pou\u017e\u00edv\u00e1, kdy\u017e pot\u0159ebujete opustit lo\u010f s b\u011b\u017e\u00edc\u00edm motorem, nap\u0159\u00edklad p\u0159i ch\u016fzi po pontonu, s v\u011bdom\u00edm, \u017ee vys\u00edla\u010d OLAS bude mimo dosah. <\/li>\n<li><strong>P\u0159ipojuje a\u017e 25 vys\u00edla\u010d\u016f OLAS (OLAS T2, OLAS Tag nebo OLAS Float-On)<\/strong> \u2013 A\u017e 25 vys\u00edla\u010d\u016f umo\u017e\u0148uje v\u011bt\u0161\u00edm plavidl\u016fm propojit pos\u00e1dku a objekty se za\u0159\u00edzen\u00edm Guardian. Jednoduch\u00fdm p\u0159ipojen\u00edm vys\u00edla\u010de k \u200b\u200bobjektu, jako je nap\u0159\u00edklad plovac\u00ed za\u0159\u00edzen\u00ed MOB nebo pomocn\u00fd \u010dlun pro jachty, m\u016f\u017eete b\u00fdt v\u017edy informov\u00e1ni o p\u0159\u00edpadn\u00e9 ztr\u00e1t\u011b. <\/li>\n<li><strong>Kompatibiln\u00ed s prodlu\u017eova\u010dem sign\u00e1lu<\/strong> K pokryt\u00ed oblast\u00ed, kde m\u016f\u017ee b\u00fdt sign\u00e1l vys\u00edla\u010de blokov\u00e1n, lze pou\u017e\u00edt jeden nebo dva prodlu\u017eova\u010de sign\u00e1lu OLAS. To umo\u017e\u0148uje pou\u017eit\u00ed na v\u011bt\u0161\u00edch plavidlech a\u017e do d\u00e9lky 30 metr\u016f. <\/li>\n<\/ul>\n<h3>Funkce mobiln\u00ed aplikace<\/h3>\n<p>Za\u0159\u00edzen\u00ed Guardian se snadno ovl\u00e1d\u00e1 pomoc\u00ed aplikace OLAS, kterou si m\u016f\u017eete zdarma st\u00e1hnout z App Storu pro iOS a z Obchodu Google Play pro Android. Aplikace OLAS vy\u017eaduje pro fungov\u00e1n\u00ed za\u0159\u00edzen\u00ed s opera\u010dn\u00edm syst\u00e9mem alespo\u0148 iOS 11 nebo Android 5.1. Aplikace OLAS je v\u00fdkonn\u00fd n\u00e1stroj pro ovl\u00e1d\u00e1n\u00ed funkc\u00ed za\u0159\u00edzen\u00ed Guardians a pro rychlou z\u00e1chranu. Aplikace nab\u00edz\u00ed n\u00e1sleduj\u00edc\u00ed funkce:   <\/p>\n<ul>\n<li>Monitorujte v\u0161echny vys\u00edla\u010de OLAS, kter\u00e9 jsou sledov\u00e1ny<\/li>\n<li>P\u0159izp\u016fsobte si n\u00e1zvy vys\u00edla\u010d\u016f OLAS pro snadn\u00e9 p\u0159id\u011blov\u00e1n\u00ed<\/li>\n<li>Kontrola stavu bateri\u00ed u vys\u00edla\u010d\u016f OLAS<\/li>\n<li>P\u0159idejte do syst\u00e9mu Guardian nov\u00e9 vys\u00edla\u010de OLAS.<\/li>\n<li>Pokud vys\u00edla\u010de na kr\u00e1tkou dobu opou\u0161t\u011bj\u00ed oblast, pozastavte syst\u00e9m Guardian.<\/li>\n<li>Nastavte dobu, za kterou Guardian zareaguje na vys\u00edla\u010d p\u0159es palubu, v rozmez\u00ed 2 a\u017e 15 sekund, co\u017e v\u00e1m umo\u017en\u00ed v\u011bt\u0161\u00ed volnost u v\u011bt\u0161\u00edch plavidel.<\/li>\n<li>P\u0159ep\u00edn\u00e1 mezi vyp\u00edna\u010dem a re\u017eimem extern\u00edho alarmu.<\/li>\n<li>Re\u017eim Kill Switch aktivuje vestav\u011bn\u00fd sp\u00edna\u010d na 5 sekund, \u010d\u00edm\u017e se motor vypne, ale u\u017eivatel\u00e9 jej mohou po 5 sekund\u00e1ch znovu nastartovat.<\/li>\n<li>Re\u017eim extern\u00edho alarmu aktivuje vestav\u011bn\u00fd sp\u00edna\u010d, dokud nen\u00ed ru\u010dn\u011b zru\u0161en. To umo\u017e\u0148uje s\u00e9riov\u00e9 zapojen\u00ed extern\u00edch alarm\u016f s vysok\u00fdm v\u00fdkonem. <\/li>\n<li>Pozastavit stav alarmu.<\/li>\n<li>Snadno si m\u016f\u017eete nastavit jednotliv\u00e9 vys\u00edla\u010de mezi Vypnut\u00ed motoru (pro kapit\u00e1na), Pouze alarm (pro cestuj\u00edc\u00ed) a Pozastaven\u00ed (pro cestuj\u00edc\u00ed do\u010dasn\u011b opou\u0161t\u011bj\u00edc\u00ed plavidlo).<\/li>\n<li>spu\u0161t\u011bn\u00ed extern\u00edho alarmu, pokud je nositel \u0161t\u00edtku mimo dosah za\u0159\u00edzen\u00ed Guardian i va\u0161eho mobiln\u00edho za\u0159\u00edzen\u00ed.<\/li>\n<li>Nastavte \u010das p\u0159ed spu\u0161t\u011bn\u00edm vyp\u00edna\u010de nebo alarmu \u2013 nab\u00edz\u00edte tak v\u011bt\u0161\u00ed volnost.<\/li>\n<li>Maxim\u00e1ln\u00ed hlasitost alarmu a vibrac\u00ed na va\u0161em mobiln\u00edm telefonu, synchronizovan\u00e9 s Guardianem.<\/li>\n<li>Indikace, kter\u00fd vys\u00edla\u010d spustil alarm.<\/li>\n<li>Zaznamenejte si GPS polohu, kde byl spu\u0161t\u011bn alarm<\/li>\n<li>Jasn\u00e9 nav\u00e1d\u011bn\u00ed zp\u011bt k m\u00edstu GPS, kde byl spu\u0161t\u011bn alarm.<\/li>\n<li>Jasn\u00e9 zobrazen\u00ed \u010dasu a GPS polohy spu\u0161t\u011bn\u00ed alarmu a aktu\u00e1ln\u00ed polohy u\u017eivatele. \u2022 VHF nouzov\u00fd skript s automatick\u00fdm zad\u00e1v\u00e1n\u00edm GPS sou\u0159adnic a vlastn\u00edch informac\u00ed o plavidle v re\u017eimu Solo.<\/li>\n<li>Ur\u010deno pro plavbu na vlastn\u00ed lodi v dosahu mobiln\u00edho sign\u00e1lu 2G nebo Wi-Fi na mo\u0159i. V re\u017eimu Solo se na zvolen\u00e9 \u010d\u00edslo ode\u0161le automatick\u00e1 textov\u00e1 zpr\u00e1va s va\u0161\u00ed polohou a \u010dasem incidentu. Pokud se poda\u0159\u00ed prov\u00e9st sv\u00e9pomocnou z\u00e1chranu, bude odesl\u00e1na automatick\u00e1 textov\u00e1 zpr\u00e1va o zru\u0161en\u00ed v\u00fdstrahy.  <\/li>\n<\/ul>\n<h3>Nastaven\u00ed a mont\u00e1\u017e<\/h3>\n<p><strong>12\/24V kabelov\u00e9<\/strong><\/p>\n<p>Modul Guardian lze p\u0159ipojit k nap\u00e1jen\u00ed va\u0161\u00ed lodi, aby byl v\u017edy p\u0159ipojen, kdy\u017e je nap\u00e1jen\u00ed zapnut\u00e9. Nap\u00e1jec\u00ed kabely lze jednodu\u0161e zapojit do st\u00e1vaj\u00edc\u00edho zdroje nap\u00e1jen\u00ed z baterie lodi. <\/p>\n<p><strong>Mont\u00e1\u017e skrz panel<\/strong><\/p>\n<p>Kompaktn\u00ed sp\u00edna\u010d z nerezov\u00e9 oceli vy\u017eaduje minim\u00e1ln\u00ed \u00fapravy na st\u00e1vaj\u00edc\u00ed st\u0159edov\u00e9 konzoli a umo\u017e\u0148uje jeho mont\u00e1\u017e otvorem o pr\u016fm\u011bru 21 mm.<\/p>\n<p><strong>Barevn\u011b k\u00f3dovan\u00fd ovl\u00e1dac\u00ed sp\u00edna\u010d<\/strong><\/p>\n<p>Barevn\u011b k\u00f3dovan\u00fd ovl\u00e1dac\u00ed p\u0159ep\u00edna\u010d usnad\u0148uje ovl\u00e1d\u00e1n\u00ed a nastaven\u00ed syst\u00e9mu bez nutnosti pou\u017eit\u00ed aplikace OLAS. B\u011bhem procesu nastaven\u00ed signalizuje f\u00e1ze automatick\u00e9ho nastaven\u00ed \u010derven\u00fdm kontroln\u00edm sv\u011btlem. Kdy\u017e syst\u00e9m b\u011b\u017e\u00ed, sv\u00edt\u00ed zelen\u011b a v p\u0159\u00edpad\u011b alarmu se rozsv\u00edt\u00ed zp\u011bt na \u010dervenou.  <\/p>\n<p><strong>Zp\u011btn\u00e1 vazba syst\u00e9mu<\/strong><\/p>\n<p>GUARDIAN b\u011bhem procesu nastaven\u00ed jasn\u011b ukazuje, kolik vys\u00edla\u010d\u016f OLAS je p\u0159ipojeno.<\/p>\n<p>Vys\u00edla\u010de lze do syst\u00e9mu p\u0159idat bu\u010f pomoc\u00ed mobiln\u00ed aplikace, nebo jednoduch\u00fdm vestav\u011bn\u00fdm p\u0159ep\u00ednac\u00edm procesem.<\/p>\n<\/div>\n<\/div>\n<\/div>\n<div class=\"row\"><\/div>\n","protected":false},"excerpt":{"rendered":"<p>OLAS Guardian je bezdr\u00e1tov\u00fd vyp\u00edna\u010d motoru, kter\u00fd se aktivuje do dvou sekund po p\u00e1du osoby p\u0159es palubu. M\u00e1 dvoj\u00ed funkci \u2013 tak\u00e9 slou\u017e\u00ed jako okam\u017eit\u00fd alarm pro osoby p\u0159es palubu. Guardian se jednodu\u0161e p\u0159ipoj\u00ed a\u017e k 25 vys\u00edla\u010d\u016fm OLAS a dok\u00e1\u017ee pokr\u00fdt plavidlo do hloubky 15 metr\u016f.  <\/p>\n<p><strong>Obsah balen\u00ed:<\/strong> Guardian, OLAS Tag + baterie, nap\u00e1jec\u00ed kabely, p\u0159ipojovac\u00ed kabely pro Kill cord, nerezov\u00fd sp\u00edna\u010d, u\u017eivatelsk\u00e1 p\u0159\u00edru\u010dka, 5x lodn\u00ed konektor.<\/p>\n<p>&nbsp;<\/p>\n<p><a href=\"https:\/\/www.dropbox.com\/s\/fk04stqsp2hgk5f\/Prop%2065%20-%20DEHP.pdf?dl=0\">VAROV\u00c1N\u00cd: PROP 65<\/a><\/p>\n","protected":false},"featured_media":163368,"template":"","meta":{"_acf_changed":false,"om_disable_all_campaigns":false},"product_brand":[],"product_cat":[5949,5953,5719,5951,5947],"product_tag":[12270,12253,12181,11299,11319,11953,11931,12209,12297,12224,12239,12285],"class_list":{"0":"post-166457","1":"product","2":"type-product","3":"status-publish","4":"has-post-thumbnail","6":"product_cat-blizko-pobrezi","7":"product_cat-komercni","8":"product_cat-namorni","9":"product_cat-pobrezni","10":"product_cat-vnitrozemi","11":"product_tag-ecos-cs","12":"product_tag-esos-cs","13":"product_tag-gps-sledovani","14":"product_tag-mob-cs","15":"product_tag-muz-pres-palubu","16":"product_tag-olas-cs","17":"product_tag-system-pro-muze-pres-palubu","18":"product_tag-vypinac-motoru","19":"product_tag-vypinac-motoru-pobrezni-straze-usa","20":"product_tag-vypnuti-motoru","21":"product_tag-vypnuti-motoru-cs","22":"product_tag-vypnuti-motoru-pobrezni-straze-usa","23":"pa_boat-size-0-20-cs","24":"pa_boat-size-21-40-cs","25":"pa_boat-size-40-80-cs","26":"pa_boat-size-80-cs","27":"pa_boat-type-charterova-jachta","28":"pa_boat-type-jachta","29":"pa_boat-type-komercni-rybolov","30":"pa_boat-type-motorovy-clun","31":"pa_boat-type-nakladni-lod","32":"pa_boat-type-plachetnice","33":"pa_boat-type-remorker","34":"pa_boat-type-sportcraft-cs","35":"pa_product-signalizacni-produkty","37":"first","38":"instock","39":"taxable","40":"shipping-taxable","41":"purchasable","42":"product-type-variable"},"acf":[],"_links":{"self":[{"href":"https:\/\/www.acrartex.com\/cs\/wp-json\/wp\/v2\/product\/166457","targetHints":{"allow":["GET"]}}],"collection":[{"href":"https:\/\/www.acrartex.com\/cs\/wp-json\/wp\/v2\/product"}],"about":[{"href":"https:\/\/www.acrartex.com\/cs\/wp-json\/wp\/v2\/types\/product"}],"wp:featuredmedia":[{"embeddable":true,"href":"https:\/\/www.acrartex.com\/cs\/wp-json\/wp\/v2\/media\/163368"}],"wp:attachment":[{"href":"https:\/\/www.acrartex.com\/cs\/wp-json\/wp\/v2\/media?parent=166457"}],"wp:term":[{"taxonomy":"product_brand","embeddable":true,"href":"https:\/\/www.acrartex.com\/cs\/wp-json\/wp\/v2\/product_brand?post=166457"},{"taxonomy":"product_cat","embeddable":true,"href":"https:\/\/www.acrartex.com\/cs\/wp-json\/wp\/v2\/product_cat?post=166457"},{"taxonomy":"product_tag","embeddable":true,"href":"https:\/\/www.acrartex.com\/cs\/wp-json\/wp\/v2\/product_tag?post=166457"}],"curies":[{"name":"wp","href":"https:\/\/api.w.org\/{rel}","templated":true}]}}