{"id":162668,"date":"2025-09-18T08:34:05","date_gmt":"2025-09-18T13:34:05","guid":{"rendered":"https:\/\/www.acrartex.com\/products\/pathfinder-ais\/"},"modified":"2026-03-06T10:35:38","modified_gmt":"2026-03-06T15:35:38","slug":"pathfinder-ais","status":"publish","type":"product","link":"https:\/\/www.acrartex.com\/cs\/products\/pathfinder-ais\/","title":{"rendered":"Pathfinder AIS SART"},"content":{"rendered":"<p>D\u00edky osv\u011bd\u010den\u00e9 robustn\u00ed konstrukci a pohodln\u00e9mu proveden\u00ed Pathfinder Pro SART je Pathfinder AIS vybaven automatick\u00fdm identifika\u010dn\u00edm syst\u00e9mem (AIS) pro signalizaci nouze na rozd\u00edl od tradi\u010dn\u00edho radarov\u00e9ho syst\u00e9mu. Nov\u00fd, nejmodern\u011bj\u0161\u00ed Pathfinder AIS p\u0159en\u00e1\u0161\u00ed sou\u0159adnice satelitn\u00ed polohy GNSS\/GPS v\u0161em plavidl\u016fm vybaven\u00fdm AIS v dosahu VHF a upozor\u0148uje je na nutnost nouzov\u00e9 pomoci. <\/p>\n<p>Pathfinder AIS m\u00e1 pr\u016fm\u011brn\u00fd detek\u010dn\u00ed dosah 5 n\u00e1mo\u0159n\u00edch mil, je vybaven technologi\u00ed Near Field Communication (NFC), kter\u00e1 usnad\u0148uje registraci produkt\u016f a poskytuje testovac\u00ed data, a vyu\u017e\u00edv\u00e1 lithiovou baterii s v\u00fddr\u017e\u00ed 96 hodin. Mezi dal\u0161\u00ed v\u00fdhody pat\u0159\u00ed p\u0159esn\u00e9 ur\u010dov\u00e1n\u00ed polohy pomoc\u00ed GNSS\/GPS, sledov\u00e1n\u00ed v re\u00e1ln\u00e9m \u010dase a na rozd\u00edl od radarov\u00fdch SART jsou AIS SART m\u00e9n\u011b n\u00e1chyln\u00e9 k nep\u0159\u00edzniv\u00fdm pov\u011btrnostn\u00edm podm\u00ednk\u00e1m, jako je siln\u00fd d\u00e9\u0161\u0165 nebo mlha. <\/p>\n<p>Pathfinder AIS je dod\u00e1v\u00e1n s elegantn\u00edm n\u00e1st\u011bnn\u00fdm dr\u017e\u00e1kem, kter\u00fd nep\u0159ek\u00e1\u017e\u00ed, ale je v p\u0159\u00edpad\u011b nouze snadno dostupn\u00fd. Voliteln\u00e1 teleskopick\u00e1 ty\u010d se pohodln\u011b p\u0159ipojuje ke spodn\u00ed \u010d\u00e1sti z\u00e1chrann\u00e9ho plavidla SART a poskytuje maxim\u00e1ln\u00ed v\u00fd\u0161ku (vysunut\u00ed o 1 m) a viditelnost ze z\u00e1chrann\u00e9ho plavidla. Za\u0159\u00edzen\u00ed SART lze tak\u00e9 zav\u011bsit uvnit\u0159 plavidla pro pou\u017eit\u00ed bez pou\u017eit\u00ed rukou.  <\/p>\n<p>Syst\u00e9m Pathfinder AIS, navr\u017een\u00fd tak, aby odolal nejn\u00e1ro\u010dn\u011bj\u0161\u00edm mo\u0159sk\u00fdm podm\u00ednk\u00e1m, je p\u0159ipraven k provozu v jak\u00e9koli nouzov\u00e9 situaci a zajist\u00ed, \u017ee v\u00e1\u0161 nouzov\u00fd sign\u00e1l bude detekov\u00e1n jak\u00fdmkoli plavidlem vybaven\u00fdm syst\u00e9mem AIS v dosahu. Jeho robustn\u00ed konstrukce zaji\u0161\u0165uje, \u017ee z\u016fstane funk\u010dn\u00ed, kdy\u017e ho nejv\u00edce pot\u0159ebujete. <\/p>\n<p><strong><em><u>Po\u017eadavky na p\u0159epravu<\/u><\/em><\/strong><\/p>\n<ul>\n<li>Ka\u017ed\u00e9 plavidlo IMO SOLAS na mezin\u00e1rodn\u00edch plavb\u00e1ch je povinno m\u00edt na palub\u011b za\u0159\u00edzen\u00ed SART.<\/li>\n<li>300-500 hrub\u00e9 registrovan\u00e9 prostornosti (GRT) mus\u00ed n\u00e9st minim\u00e1ln\u011b 1 SART<\/li>\n<li>Nad 500 GRT hrub\u00e9 registrovan\u00e9 prostornosti (GRT) mus\u00ed n\u00e9st minim\u00e1ln\u011b 2 SARTy.<\/li>\n<li>1 SART na ka\u017ed\u00e9 \u010dty\u0159i z\u00e1chrann\u00e9 vory na osobn\u00edch lod\u00edch Ro-Ro<\/li>\n<li>Osobn\u00ed lod\u011b jak\u00e9koli velikosti mus\u00ed p\u0159epravovat minim\u00e1ln\u011b 2 rakety SART bez ohledu na jejich prostornost.<\/li>\n<li>Z\u00e1chrann\u00e9 \u010dluny: \u00damluva SOLAS vy\u017eaduje, aby v ka\u017ed\u00e9m z\u00e1chrann\u00e9m plavidle byl k dispozici alespo\u0148 1 z\u00e1chrann\u00fd \u010dlun SART.<\/li>\n<li>Z\u00e1chrann\u00e9 vory: V p\u0159\u00edpad\u011b osobn\u00edch lod\u00ed, pokud je na nich v\u00edce ne\u017e 2 z\u00e1chrann\u00e9 vory, by m\u011bly b\u00fdt k dispozici dal\u0161\u00ed z\u00e1chrann\u00e9 vory (SART), aby na ka\u017ed\u00e9 2 z\u00e1chrann\u00e9 vory byl k dispozici alespo\u0148 jeden SART.<\/li>\n<\/ul>\n","protected":false},"excerpt":{"rendered":"<p style=\"margin: 0in; line-height: 16.05pt;\"><span style=\"font-family: 'Tahoma',sans-serif; color: black;\">Pathfinder AIS SART je pln\u011b schv\u00e1len\u00fd vys\u00edla\u010d AIS pro p\u00e1tr\u00e1n\u00ed a z\u00e1chranu, kter\u00fd spl\u0148uje p\u0159edpisy IMO SOLAS a umo\u017e\u0148uje plavidl\u016fm, kter\u00e1 mus\u00ed spl\u0148ovat GMDSS, splnit povinn\u00fd po\u017eadavek na vybaven\u00ed vys\u00edla\u010dem SART. S vyu\u017eit\u00edm hl\u00e1\u0161en\u00ed polohy AIS t\u0159\u00eddy A odes\u00edl\u00e1 Pathfinder AIS SART celkem osm zpr\u00e1v s hl\u00e1\u0161en\u00edm polohy jednou za minutu, aby umo\u017enil sledov\u00e1n\u00ed v re\u00e1ln\u00e9m \u010dase. <\/span><\/p>\n<p><strong><span style=\"font-family: 'Tahoma',sans-serif; color: black;\">Toto za\u0159\u00edzen\u00ed nebylo schv\u00e1leno v souladu s p\u0159edpisy FCC (Feder\u00e1ln\u00ed komunika\u010dn\u00ed komise).<br \/>\nToto za\u0159\u00edzen\u00ed nen\u00ed a nesm\u00ed b\u00fdt nab\u00edzeno k prodeji ani leasingu, ani prod\u00e1v\u00e1no \u010di pronaj\u00edm\u00e1no ve Spojen\u00fdch st\u00e1tech, dokud nebude z\u00edsk\u00e1no povolen\u00ed.<\/span><\/strong><\/p>\n<p><a href=\"https:\/\/www.dropbox.com\/s\/fk04stqsp2hgk5f\/Prop%2065%20-%20DEHP.pdf?dl=0\">VAROV\u00c1N\u00cd: PROP 65<\/a><\/p>\n","protected":false},"featured_media":162674,"template":"","meta":{"_acf_changed":false,"om_disable_all_campaigns":false},"product_brand":[],"product_cat":[5953,5719],"product_tag":[9763,9760,9783,9781,9769,9775,9773,9789,9779,9794,9756,9793,9765,9777,9767,9795,9785,9787,9759,9771,9791],"class_list":{"0":"post-162668","1":"product","2":"type-product","3":"status-publish","4":"has-post-thumbnail","6":"product_cat-komercni","7":"product_cat-namorni","8":"product_tag-acr-sart-cs","9":"product_tag-baterie-sart","10":"product_tag-epirb-sart-cs","11":"product_tag-gmdss-sart-cs","12":"product_tag-jotron-sart-cs","13":"product_tag-jotron-tron-sart-cs","14":"product_tag-mcmurdo-sart-cs","15":"product_tag-namornik-sart","16":"product_tag-nejlepsi-sart","17":"product_tag-pozadavky-sart","18":"product_tag-sart-cs","19":"product_tag-sart-gmdss-cs","20":"product_tag-sart-ivf-cs","21":"product_tag-sart-test-cs","22":"product_tag-sartuv-pad","23":"product_tag-schvaleni-sart","24":"product_tag-tester-sart-cs","25":"product_tag-testovani-sart","26":"product_tag-transponder-sart-cs","27":"product_tag-tron-sart-cs","28":"product_tag-tron-sart-20-cs","30":"first","31":"outofstock","32":"taxable","33":"shipping-taxable","34":"product-type-simple"},"acf":[],"_links":{"self":[{"href":"https:\/\/www.acrartex.com\/cs\/wp-json\/wp\/v2\/product\/162668","targetHints":{"allow":["GET"]}}],"collection":[{"href":"https:\/\/www.acrartex.com\/cs\/wp-json\/wp\/v2\/product"}],"about":[{"href":"https:\/\/www.acrartex.com\/cs\/wp-json\/wp\/v2\/types\/product"}],"wp:featuredmedia":[{"embeddable":true,"href":"https:\/\/www.acrartex.com\/cs\/wp-json\/wp\/v2\/media\/162674"}],"wp:attachment":[{"href":"https:\/\/www.acrartex.com\/cs\/wp-json\/wp\/v2\/media?parent=162668"}],"wp:term":[{"taxonomy":"product_brand","embeddable":true,"href":"https:\/\/www.acrartex.com\/cs\/wp-json\/wp\/v2\/product_brand?post=162668"},{"taxonomy":"product_cat","embeddable":true,"href":"https:\/\/www.acrartex.com\/cs\/wp-json\/wp\/v2\/product_cat?post=162668"},{"taxonomy":"product_tag","embeddable":true,"href":"https:\/\/www.acrartex.com\/cs\/wp-json\/wp\/v2\/product_tag?post=162668"}],"curies":[{"name":"wp","href":"https:\/\/api.w.org\/{rel}","templated":true}]}}