{"id":162003,"date":"2025-08-20T09:58:30","date_gmt":"2025-08-20T14:58:30","guid":{"rendered":"https:\/\/www.acrartex.com\/products\/prislusenstvi-pro-led-svetlomety-rcl-100-a-rcl-50\/"},"modified":"2026-03-06T09:04:41","modified_gmt":"2026-03-06T14:04:41","slug":"prislusenstvi-pro-led-svetlomety-rcl-100-a-rcl-50","status":"publish","type":"product","link":"https:\/\/www.acrartex.com\/cs\/products\/prislusenstvi-pro-led-svetlomety-rcl-100-a-rcl-50\/","title":{"rendered":"P\u0159\u00edslu\u0161enstv\u00ed pro LED sv\u011btlomety RCL-100 a RCL-50"},"content":{"rendered":"<p><strong><em>Modern\u00ed ovl\u00e1d\u00e1n\u00ed. Klasick\u00e1 spolehlivost. <\/em><\/strong><\/p>\n<p>&nbsp;<\/p>\n<p><strong><em>Bodov\u00fd blok URP-103:<\/em><\/strong><\/p>\n<p>&nbsp;<\/p>\n<p>Bodov\u00fd panel URP-103 je navr\u017een s ohledem na modern\u00ed jachta\u0159e a vyzna\u010duje se aktualizovan\u00fdm stylem a elegantn\u00edm, modern\u00edm vzhledem, kter\u00fd se bez probl\u00e9m\u016f hod\u00ed k dne\u0161n\u00edm lodn\u00edm palubn\u00edm desk\u00e1m a ovl\u00e1dac\u00edm panel\u016fm \u2013 ide\u00e1ln\u00ed pro repase i nov\u00e9 instalace. A\u0165 u\u017e modernizujete st\u00e1vaj\u00edc\u00ed za\u0159\u00edzen\u00ed nebo vybavujete novou lo\u010f, bodov\u00fd panel nov\u00e9 generace pro vyhled\u00e1vac\u00ed sv\u011btlomety od ACR s sebou p\u0159in\u00e1\u0161\u00ed novou \u00farove\u0148 stylu, funk\u010dnosti a flexibility. <\/p>\n<p>&nbsp;<\/p>\n<ul>\n<li><strong>Styl \u2013<\/strong> Modern\u011bj\u0161\u00ed vzhled a dojem se stylizovanou ikonografi\u00ed funk\u010dn\u00edch tla\u010d\u00edtek a elegantn\u00edm prstencem z nerezov\u00e9 oceli, kter\u00fd obklopuje hlavn\u00ed sm\u011brov\u00e1 tla\u010d\u00edtka. Podsv\u00edcen\u00e9 logo ACR dod\u00e1v\u00e1 dal\u0161\u00ed prvek modern\u00edho vkusu a z\u00e1rove\u0148 slou\u017e\u00ed jako z\u00e1v\u011bre\u010dn\u00fd detail, kter\u00fd dotv\u00e1\u0159\u00ed Point Pad a vylep\u0161uje jak jeho styl, tak funk\u010dnost. <\/li>\n<\/ul>\n<p>&nbsp;<\/p>\n<ul>\n<li><strong>Funkce \u2013<\/strong> V\u0161echna tla\u010d\u00edtka, v\u010detn\u011b centralizovan\u00e9ho loga ACR, jsou podsv\u00edcena pomoc\u00ed v\u00edce barev pro indikaci r\u016fzn\u00fdch re\u017eim\u016f a\/nebo funkc\u00ed. D\u00edky mo\u017enosti ovl\u00e1dat jeden nebo dva sv\u011btlomety nez\u00e1visle nebo sou\u010dasn\u011b mohou u\u017eivatel\u00e9 snadno p\u0159ep\u00ednat mezi sv\u011btly nebo ovl\u00e1dat oba pro koordinovan\u00e9 osv\u011btlen\u00ed. URP-103 obsahuje funkci n\u00e1vratu do v\u00fdchoz\u00edho re\u017eimu, kter\u00e1 vrac\u00ed sv\u011btlomet(y) do polohy sm\u011b\u0159uj\u00edc\u00ed dop\u0159edu, a d\u00edky exkluzivn\u00ed technologii XRCiZ\u2122 od spole\u010dnosti ACR z\u016fstane v\u00e1\u0161 sv\u011btlomet p\u0159ipraven, kdy\u017e ho nejv\u00edce pot\u0159ebujete. Tato funkce samoobsluhy automaticky ot\u00e1\u010d\u00ed sv\u011btlo ka\u017ed\u00fdch 30 dn\u00ed, aby se zabr\u00e1nilo korozi a aby v\u0161echny pohybliv\u00e9 \u010d\u00e1sti a elektrick\u00e9 komponenty fungovaly bezchybn\u011b.   <\/li>\n<\/ul>\n<p>&nbsp;<\/p>\n<ul>\n<li><strong>Flexibilita \u2013<\/strong> Dod\u00e1v\u00e1 se s lepic\u00edmi \u010deln\u00edmi panely v \u010dern\u00e9 a b\u00edl\u00e9 barv\u011b. Vyberte si \u010deln\u00ed panel, kter\u00fd nejl\u00e9pe lad\u00ed s va\u0161\u00ed konzol\u00ed, a jednodu\u0161e jej p\u0159ilepte na bodov\u00fd panel, abyste zachovali jednotn\u00fd a konzistentn\u00ed vzhled a dojem z va\u0161\u00ed lodi. <\/li>\n<\/ul>\n<p>&nbsp;<\/p>\n<p><strong><em>Ru\u010dn\u00ed bezdr\u00e1tov\u00fd d\u00e1lkov\u00fd ovlada\u010d URH-103:<\/em><\/strong><\/p>\n<p><em> <\/em><\/p>\n<p>Ru\u010dn\u00ed bezdr\u00e1tov\u00fd ovlada\u010d URH-103 p\u0159in\u00e1\u0161\u00ed bezkonkuren\u010dn\u00ed pohodl\u00ed a ovl\u00e1d\u00e1n\u00ed na dosah ruky. Je to prvn\u00ed ru\u010dn\u00ed ovlada\u010d sv\u00e9ho druhu pro LED sv\u011btlomety RCL-100 a RCL-50. D\u00e1lkov\u00fd ovlada\u010d se vyzna\u010duje ergonomick\u00fdm modern\u00edm designem, kter\u00fd je navr\u017een s ohledem na formu i funk\u010dnost. Reli\u00e9fn\u00ed logo ACR dod\u00e1v\u00e1 ovlada\u010di osobit\u00fd vzhled a podsv\u00edcen\u00e1 tla\u010d\u00edtka zaji\u0161\u0165uj\u00ed bezprobl\u00e9mov\u00e9 ovl\u00e1d\u00e1n\u00ed i v noci. Promy\u0161len\u011b navr\u017een\u00e9 v\u00fdstupky po obou stran\u00e1ch poskytuj\u00ed bezpe\u010dn\u00fd a protiskluzov\u00fd \u00fachop \u2013 a to i za mokra nebo rozbou\u0159en\u00e9ho mo\u0159e \u2013 tak\u017ee m\u00e1te v\u0161e pod kontrolou, kdy\u017e na tom nejv\u00edce z\u00e1le\u017e\u00ed.   <\/p>\n<p>&nbsp;<\/p>\n<p><strong><em>Hlavn\u00ed \u0159\u00eddic\u00ed jednotka URC-104:<\/em><\/strong><\/p>\n<p>&nbsp;<\/p>\n<p>Hlavn\u00ed ovlada\u010d URC-104 m\u016f\u017ee b\u00fdt nen\u00e1padn\u00fd, ale je \u00fast\u0159edn\u00edm bodem v\u0161eho. Je navr\u017een pro diskr\u00e9tn\u00ed mont\u00e1\u017e za palubn\u00ed desku a je kl\u00ed\u010dov\u00fdm prvkem, kter\u00fd umo\u017e\u0148uje bezprobl\u00e9mov\u00e9 d\u00e1lkov\u00e9 ovl\u00e1d\u00e1n\u00ed LED diod RCL-100 a RCL-50. <strong> <\/strong>sv\u011btlomety. Je to mozek za cel\u00fdm provozem, kter\u00fd zaji\u0161\u0165uje plnou funk\u010dnost jak ovlada\u010de bodov\u00e9ho panelu URP-103, tak i ru\u010dn\u00edho bezdr\u00e1tov\u00e9ho d\u00e1lkov\u00e9ho ovlada\u010de URH-103. <\/p>\n<p>&nbsp;<\/p>\n<p><strong><u>\u010c\u00edsla d\u00edl\u016f:<\/u><\/strong><\/p>\n<p>&nbsp;<\/p>\n<p>S uveden\u00edm nov\u00fdch mo\u017enost\u00ed ovl\u00e1d\u00e1n\u00ed sv\u011btlomet\u016f od spole\u010dnosti ACR jsou k dispozici n\u00e1sleduj\u00edc\u00ed \u010d\u00edsla d\u00edl\u016f pro sady sv\u011btlomet\u016f (RCL-100 LED nebo RCL-50 LED prod\u00e1van\u00e9 s nov\u00fdm p\u0159\u00edslu\u0161enstv\u00edm) a samostatn\u00e9 p\u0159\u00edslu\u0161enstv\u00ed (nov\u00e9 p\u0159\u00edslu\u0161enstv\u00ed prod\u00e1van\u00e9 jednotliv\u011b):<\/p>\n<p>&nbsp;<\/p>\n<p><strong><em>Sady reflektor\u016f:<\/em><\/strong><\/p>\n<p>&nbsp;<\/p>\n<table>\n<tbody>\n<tr>\n<td width=\"120\"><strong>\u010c\u00cdSLO D\u00cdLU<\/strong><\/td>\n<td width=\"852\"><strong>POPIS<\/strong><\/td>\n<\/tr>\n<tr>\n<td width=\"120\">1978<\/td>\n<td width=\"852\">RCL-100 LED, b\u00edl\u00e1, s nov\u00fdm hlavn\u00edm ovlada\u010dem URC-104 a bodov\u00fdm ovlada\u010dem URP-103<\/td>\n<\/tr>\n<tr>\n<td width=\"120\">1979<\/td>\n<td width=\"852\">RCL-100 LED, \u010dern\u00e1, s nov\u00fdm hlavn\u00edm ovlada\u010dem URC-104 a bodov\u00fdm ovlada\u010dem URP-103<\/td>\n<\/tr>\n<tr>\n<td width=\"120\">1982<\/td>\n<td width=\"852\">RCL-50 LED, b\u00edl\u00e1, s nov\u00fdm hlavn\u00edm ovlada\u010dem URC-104 a bodov\u00fdm ovlada\u010dem URP-103<\/td>\n<\/tr>\n<tr>\n<td width=\"120\">1983<\/td>\n<td width=\"852\">RCL-50 LED, \u010dern\u00e1, s nov\u00fdm hlavn\u00edm ovlada\u010dem URC-104 a bodov\u00fdm ovlada\u010dem URP-103<\/td>\n<\/tr>\n<tr>\n<td width=\"120\">1976<\/td>\n<td width=\"852\">RCL-100 LED, b\u00edl\u00e1, s nov\u00fdm hlavn\u00edm ovlada\u010dem URC-104, bodov\u00fdm ovlada\u010dem URP-103 a ru\u010dn\u00edm bezdr\u00e1tov\u00fdm d\u00e1lkov\u00fdm ovlada\u010dem URH-103<\/td>\n<\/tr>\n<tr>\n<td width=\"120\">1977<\/td>\n<td width=\"852\">RCL-100 LED, \u010dern\u00e1, s nov\u00fdm hlavn\u00edm ovlada\u010dem URC-104, bodov\u00fdm ovlada\u010dem URP-103 a ru\u010dn\u00edm bezdr\u00e1tov\u00fdm d\u00e1lkov\u00fdm ovlada\u010dem URH-103<\/td>\n<\/tr>\n<tr>\n<td width=\"120\">1980<\/td>\n<td width=\"852\">RCL-50 LED, b\u00edl\u00e1, s nov\u00fdm hlavn\u00edm ovlada\u010dem URC-104, bodov\u00fdm ovlada\u010dem URP-103 a ru\u010dn\u00edm bezdr\u00e1tov\u00fdm d\u00e1lkov\u00fdm ovlada\u010dem URH-103<\/td>\n<\/tr>\n<tr>\n<td width=\"120\">1981<\/td>\n<td width=\"852\">RCL-50 LED, \u010dern\u00e1, s nov\u00fdm hlavn\u00edm ovlada\u010dem URC-104, bodov\u00fdm ovlada\u010dem URP-103 a ru\u010dn\u00edm bezdr\u00e1tov\u00fdm d\u00e1lkov\u00fdm ovlada\u010dem URH-103<\/td>\n<\/tr>\n<\/tbody>\n<\/table>\n<p>&nbsp;<\/p>\n<p><strong><em>Individu\u00e1ln\u00ed p\u0159\u00edslu\u0161enstv\u00ed:<\/em><\/strong><\/p>\n<p>&nbsp;<\/p>\n<table>\n<tbody>\n<tr>\n<td width=\"120\"><strong>\u010c\u00cdSLO D\u00cdLU<\/strong><\/td>\n<td width=\"855\"><strong>POPIS<\/strong><\/td>\n<\/tr>\n<tr>\n<td width=\"120\">1967<\/td>\n<td width=\"855\">Ru\u010dn\u00ed bezdr\u00e1tov\u00fd d\u00e1lkov\u00fd ovlada\u010d URH-103<\/td>\n<\/tr>\n<tr>\n<td width=\"120\">1968<\/td>\n<td width=\"855\">Bodov\u00e1 podlo\u017eka URP-103<\/td>\n<\/tr>\n<tr>\n<td width=\"120\">1970<\/td>\n<td width=\"855\">Hlavn\u00ed \u0159\u00eddic\u00ed jednotka URC-104<\/td>\n<\/tr>\n<tr>\n<td width=\"120\">1971<\/td>\n<td width=\"855\">Kryt desti\u010dky URP-103 Retrofit (pro z\u00e1kazn\u00edky, kte\u0159\u00ed si vym\u011b\u0148uj\u00ed starou hrotovou desti\u010dku URP-102 za novou URP-103)<\/td>\n<\/tr>\n<tr>\n<td width=\"120\">1975<\/td>\n<td width=\"855\">Sada univerz\u00e1ln\u00edho d\u00e1lkov\u00e9ho ovl\u00e1d\u00e1n\u00ed (bodov\u00fd ovlada\u010d URP-103, hlavn\u00ed ovlada\u010d URC-104 a ru\u010dn\u00ed bezdr\u00e1tov\u00fd ovlada\u010d URH-103)<\/td>\n<\/tr>\n<tr>\n<td width=\"120\">1984<\/td>\n<td width=\"855\">Sada pro dodate\u010dnou mont\u00e1\u017e (kryc\u00ed deska pro dodate\u010dnou mont\u00e1\u017e URP-103, URC-104 a URP-103)<\/td>\n<\/tr>\n<\/tbody>\n<\/table>\n","protected":false},"excerpt":{"rendered":"<p>Bodov\u00fd ovlada\u010d URP-103, hlavn\u00ed ovlada\u010d URC-104 a ru\u010dn\u00ed d\u00e1lkov\u00e9 ovl\u00e1d\u00e1n\u00ed URH-103 p\u0159edstavuj\u00ed novou generaci p\u0159\u00edslu\u0161enstv\u00ed pro ovl\u00e1d\u00e1n\u00ed sv\u011btlomet\u016f ACR, kter\u00e9 nab\u00edz\u00ed modernizovan\u00e9 mo\u017enosti ovl\u00e1d\u00e1n\u00ed s vylep\u0161enou pou\u017eitelnost\u00ed a v\u011bt\u0161\u00ed v\u0161estrannost\u00ed. Tyto nov\u00e9 dopl\u0148ky jsou navr\u017eeny tak, aby byly zp\u011btn\u011b kompatibiln\u00ed, a bezprobl\u00e9mov\u011b se integruj\u00ed se st\u00e1vaj\u00edc\u00edmi obl\u00edben\u00fdmi LED sv\u011btlomety ACR RCL-100 a RCL-50.  Tato sada (\u010d. d\u00edlu 1975) obsahuje ve\u0161ker\u00e9 nov\u00e9 p\u0159\u00edslu\u0161enstv\u00ed pro ovl\u00e1d\u00e1n\u00ed sv\u011btlomet\u016f. Dal\u0161\u00ed mo\u017enosti p\u0159\u00edslu\u0161enstv\u00ed, v\u010detn\u011b sady pro dodate\u010dnou mont\u00e1\u017e pro st\u00e1vaj\u00edc\u00ed majitele RCL-100 LED nebo RCL-50 LED, kte\u0159\u00ed si p\u0159ej\u00ed upgradovat, jsou k dispozici v rozbalovac\u00ed nab\u00eddce n\u00ed\u017ee na str\u00e1nce produktu. <\/p>\n","protected":false},"featured_media":161893,"template":"","meta":{"_acf_changed":false,"om_disable_all_campaigns":false},"product_brand":[],"product_cat":[5719,7249],"product_tag":[],"class_list":{"0":"post-162003","1":"product","2":"type-product","3":"status-publish","4":"has-post-thumbnail","6":"product_cat-namorni","7":"product_cat-reflektory","9":"first","10":"onbackorder","11":"taxable","12":"shipping-taxable","13":"purchasable","14":"product-type-variable"},"acf":[],"_links":{"self":[{"href":"https:\/\/www.acrartex.com\/cs\/wp-json\/wp\/v2\/product\/162003","targetHints":{"allow":["GET"]}}],"collection":[{"href":"https:\/\/www.acrartex.com\/cs\/wp-json\/wp\/v2\/product"}],"about":[{"href":"https:\/\/www.acrartex.com\/cs\/wp-json\/wp\/v2\/types\/product"}],"wp:featuredmedia":[{"embeddable":true,"href":"https:\/\/www.acrartex.com\/cs\/wp-json\/wp\/v2\/media\/161893"}],"wp:attachment":[{"href":"https:\/\/www.acrartex.com\/cs\/wp-json\/wp\/v2\/media?parent=162003"}],"wp:term":[{"taxonomy":"product_brand","embeddable":true,"href":"https:\/\/www.acrartex.com\/cs\/wp-json\/wp\/v2\/product_brand?post=162003"},{"taxonomy":"product_cat","embeddable":true,"href":"https:\/\/www.acrartex.com\/cs\/wp-json\/wp\/v2\/product_cat?post=162003"},{"taxonomy":"product_tag","embeddable":true,"href":"https:\/\/www.acrartex.com\/cs\/wp-json\/wp\/v2\/product_tag?post=162003"}],"curies":[{"name":"wp","href":"https:\/\/api.w.org\/{rel}","templated":true}]}}