{"id":160398,"date":"2021-07-29T17:07:01","date_gmt":"2021-07-29T22:07:01","guid":{"rendered":"https:\/\/www.acrartex.com\/products\/globalfix-rlb-35\/"},"modified":"2021-07-29T17:07:01","modified_gmt":"2021-07-29T22:07:01","slug":"globalfix-rlb-35","status":"publish","type":"product","link":"https:\/\/www.acrartex.com\/cs\/products\/globalfix-rlb-35\/","title":{"rendered":"GlobalFix RLB-35"},"content":{"rendered":"<p><a href=\"https:\/\/www.acrartex.com\/cs\/products\/globalfix-v5-ais-epirb-se-return-link-service-a-mobilni-aplikaci\/\"><em><strong>Tento produkt byl upgradov\u00e1n.<\/strong><\/em><\/a><\/p>\n<div data-canvas-width=\"547.4670718954251\">\n<div data-canvas-width=\"539.4155986928106\">GPS modul FastACQ\u2122 z\u00edsk\u00e1v\u00e1 zem\u011bpisnou \u0161\u00ed\u0159ku\/d\u00e9lku (LAT\/LON) l\u00e9pe ne\u017e b\u011b\u017en\u00e9 GPS moduly i p\u0159i studen\u00e9m startu.<\/div>\n<div data-canvas-width=\"371.07709150326815\"><\/div>\n<div data-canvas-width=\"371.07709150326815\">GPS FastACQ\u2122 je zapnut\u00fd a\u017e 25 minut b\u011bhem prvn\u00edch 45 minut provozu.<\/div>\n<div data-canvas-width=\"516.3214869281046\"><\/div>\n<div data-canvas-width=\"516.3214869281046\">Patentovan\u00fd propriet\u00e1rn\u00ed elektronick\u00fd box poskytuje v\u011bt\u0161\u00ed frekven\u010dn\u00ed stabilitu pro co nejp\u0159esn\u011bj\u0161\u00ed polohu prost\u0159ednictv\u00edm satelit\u016f LEOSAR. P\u0159esnost polohy GPS 100 m (110 yard\u016f), optim\u00e1ln\u00ed pro COSPAS-SARSAT. <\/div>\n<div data-canvas-width=\"482.5856732026145\"><\/div>\n<div data-canvas-width=\"482.5856732026145\">Jedin\u00fd dostupn\u00fd EPIRB , kter\u00fd umo\u017e\u0148uje test zachycen\u00ed GPS , pln\u011b funk\u010dn\u00ed autotest vnit\u0159n\u00edch obvod\u016f a test nap\u011bt\u00ed baterie.<\/div>\n<div data-canvas-width=\"482.5856732026145\"><\/div>\n<div data-canvas-width=\"482.5856732026145\">Kategorie 1: Pln\u011b uzav\u0159en\u00fd polyethylen s vysokou hustotou a UV stabilizac\u00ed<\/div>\n<div data-canvas-width=\"474.1053562091504\">Dr\u017e\u00e1k s hydrostatick\u00fdm uvoln\u011bn\u00edm. Odol\u00e1v\u00e1 extr\u00e9mn\u011b n\u00e1ro\u010dn\u00fdm prost\u0159ed\u00edm. Hydrostatick\u00e9 uvoln\u011bn\u00ed automaticky aktivuje EPIRB , pokud se plavidlo potop\u00ed p\u0159ibli\u017en\u011b do 4 m (13 stop).  <\/div>\n<div data-canvas-width=\"506.93075816993485\">Kategorie 2: Univerz\u00e1ln\u00ed n\u00edzk\u00fd dr\u017e\u00e1k Pro2; zahrnuje mo\u017enost mont\u00e1\u017ee na p\u0159ep\u00e1\u017eku a li\u0161tu.<\/div>\n<div data-canvas-width=\"506.93075816993485\"><\/div>\n<div data-canvas-width=\"547.7559820261438\">Vys\u00edl\u00e1 na 406 MHz (COSPAS-SARSAT) s va\u0161\u00edm registrovan\u00fdm, digit\u00e1ln\u011b k\u00f3dovan\u00fdm t\u00eds\u0148ov\u00fdm sign\u00e1lem a 121,5 MHz (nav\u00e1d\u011bc\u00ed frekvence SAR).<\/div>\n<\/div>\n","protected":false},"excerpt":{"rendered":"<p><em><strong>Tento produkt byl upgradov\u00e1n. <a href=\"https:\/\/www.acrartex.com\/products\/globalfix-v5-ais-epirb\/\">Klikn\u011bte zde<\/a> pro zobrazen\u00ed dostupn\u00fdch upgrad\u016f produktu.<\/strong><\/em><\/p>\n<div data-canvas-width=\"547.4670718954251\">A\u0165 u\u017e jezd\u00edte jakkoli, nehody se na vod\u011b st\u00e1vaj\u00ed ka\u017ed\u00fd den. Kdy\u017e se situace zhor\u0161\u00ed, ujist\u011bte se, \u017ee jste p\u0159ipraveni! <\/div>\n<div data-canvas-width=\"496.097777777778\">Nejmodern\u011bj\u0161\u00ed technologie pro z\u00e1chranu mo\u0159sk\u00fdch \u017eivot\u016f je nyn\u00ed snadno dostupn\u00e1. Vyu\u017eijte s\u00edlu GPS EPIRB GlobalFix \u2122 406 MHz a prom\u011b\u0148te \u017eivot ohro\u017euj\u00edc\u00ed situaci v \u00fasp\u011b\u0161n\u00fd z\u00e1chrann\u00fd p\u0159\u00edb\u011bh. <\/div>\n<div data-canvas-width=\"141.5316320261438\">Je to snadn\u00e9 jako p\u0159epnut\u00ed vyp\u00edna\u010de a d\u00edky intern\u00edmu GPS p\u0159ij\u00edma\u010di GlobalFix \u2122 z\u00edsk\u00e1 va\u0161i GPS polohu a ode\u0161le ji spolu s va\u0161\u00edm personalizovan\u00fdm identifika\u010dn\u00edm k\u00f3dem p\u0159es satelity SARSAT, \u010d\u00edm\u017e okam\u017eit\u011b upozorn\u00ed z\u00e1chrann\u00e9 slo\u017eky, \u017ee pot\u0159ebujete pomoc!<\/div>\n<div data-canvas-width=\"133.5515816993464\">GlobalFix pracuje rychle. Jakmile jsou v prvn\u00edm z\u00e1blesku sign\u00e1lu maj\u00e1k\u016f k dispozici data GPS , mohou b\u00fdt z\u00e1chrann\u00e9 s\u00edly informov\u00e1ny a za\u010d\u00edt pl\u00e1novat z\u00e1chranu b\u011bhem pouh\u00fdch t\u0159\u00ed minut. GlobalFix , nez\u00e1visle testovan\u00fd v re\u00e1ln\u00fdch situac\u00edch, p\u0159ekonal v\u0161echny ostatn\u00ed EPIRBy na trhu s frekvenc\u00ed 406 MHz. <\/div>\n<p>&nbsp;<\/p>\n<p>&nbsp;<\/p>\n","protected":false},"featured_media":160399,"template":"","meta":{"_acf_changed":false,"om_disable_all_campaigns":false},"product_brand":[],"product_cat":[5719],"product_tag":[16049,16050,16051,16052,5720,5724,5730,5747,5541,16054,16053],"class_list":{"0":"post-160398","1":"product","2":"type-product","3":"status-publish","4":"has-post-thumbnail","6":"product_cat-namorni","7":"product_tag-2742-cs","8":"product_tag-2742nh-cs","9":"product_tag-2744-cs","10":"product_tag-2744nh-cs","11":"product_tag-epirb-cs","12":"product_tag-globalni-oprava","13":"product_tag-globalni-oprava-cs","14":"product_tag-gpirb-cs","15":"product_tag-nouzovy-majak","16":"product_tag-rlb-35-cs","17":"product_tag-rlb35-cs","18":"pa_product-dedictvi","20":"first","21":"outofstock","22":"taxable","23":"shipping-taxable","24":"product-type-simple"},"acf":[],"_links":{"self":[{"href":"https:\/\/www.acrartex.com\/cs\/wp-json\/wp\/v2\/product\/160398","targetHints":{"allow":["GET"]}}],"collection":[{"href":"https:\/\/www.acrartex.com\/cs\/wp-json\/wp\/v2\/product"}],"about":[{"href":"https:\/\/www.acrartex.com\/cs\/wp-json\/wp\/v2\/types\/product"}],"wp:featuredmedia":[{"embeddable":true,"href":"https:\/\/www.acrartex.com\/cs\/wp-json\/wp\/v2\/media\/160399"}],"wp:attachment":[{"href":"https:\/\/www.acrartex.com\/cs\/wp-json\/wp\/v2\/media?parent=160398"}],"wp:term":[{"taxonomy":"product_brand","embeddable":true,"href":"https:\/\/www.acrartex.com\/cs\/wp-json\/wp\/v2\/product_brand?post=160398"},{"taxonomy":"product_cat","embeddable":true,"href":"https:\/\/www.acrartex.com\/cs\/wp-json\/wp\/v2\/product_cat?post=160398"},{"taxonomy":"product_tag","embeddable":true,"href":"https:\/\/www.acrartex.com\/cs\/wp-json\/wp\/v2\/product_tag?post=160398"}],"curies":[{"name":"wp","href":"https:\/\/api.w.org\/{rel}","templated":true}]}}