{"id":160357,"date":"2021-08-04T14:51:40","date_gmt":"2021-08-04T19:51:40","guid":{"rendered":"https:\/\/www.acrartex.com\/products\/rapidfix-rlb-33-epirb\/"},"modified":"2021-08-04T14:51:40","modified_gmt":"2021-08-04T19:51:40","slug":"rapidfix-rlb-33-epirb","status":"publish","type":"product","link":"https:\/\/www.acrartex.com\/cs\/products\/rapidfix-rlb-33-epirb\/","title":{"rendered":"RapidFix RLB-33 EPIRB"},"content":{"rendered":"<p><a href=\"https:\/\/www.acrartex.com\/de\/products\/globalfix-v5-ais-epirb-mit-return-link-service-und-mobiler-app\/\"><b><i>Tento produkt byl upgradov\u00e1n.<\/i><\/b><\/a><\/p>\n<div data-canvas-width=\"547.4670718954251\">\n<div data-canvas-width=\"482.5856732026145\">Kategorie 1: Pln\u011b uzav\u0159en\u00fd polyethylen s vysokou hustotou a UV stabilizac\u00ed<\/div>\n<div data-canvas-width=\"474.1053562091504\">Dr\u017e\u00e1k s hydrostatick\u00fdm uvoln\u011bn\u00edm. Odol\u00e1v\u00e1 extr\u00e9mn\u011b n\u00e1ro\u010dn\u00fdm prost\u0159ed\u00edm. Hydrostatick\u00e9 uvoln\u011bn\u00ed automaticky aktivuje EPIRB , pokud se plavidlo potop\u00ed p\u0159ibli\u017en\u011b do 4 m (13 stop).  <\/div>\n<div data-canvas-width=\"506.93075816993485\">Kategorie 2: Univerz\u00e1ln\u00ed n\u00edzk\u00fd dr\u017e\u00e1k Pro2; zahrnuje mo\u017enost mont\u00e1\u017ee na p\u0159ep\u00e1\u017eku a li\u0161tu.<\/div>\n<div data-canvas-width=\"506.93075816993485\"><\/div>\n<div data-canvas-width=\"547.7559820261438\">Vys\u00edl\u00e1 na 406 MHz (COSPAS-SARSAT) s va\u0161\u00edm registrovan\u00fdm, digit\u00e1ln\u011b k\u00f3dovan\u00fdm t\u00eds\u0148ov\u00fdm sign\u00e1lem a 121,5 MHz (nav\u00e1d\u011bc\u00ed frekvence SAR).<\/div>\n<\/div>\n","protected":false},"excerpt":{"rendered":"<p><b><i>Tento produkt byl aktualizov\u00e1n. <a href=\"https:\/\/www.acrartex.com\/products\/globalfix-v5-ais-epirb\/\">Klikn\u011bte zde<\/a> pro dostupn\u00e9 aktualizace.<\/i><\/b><\/p>\n<div data-canvas-width=\"133.5515816993464\">\n<div data-canvas-width=\"516.3214869281046\">RapidFix\u2122 je GPS maj\u00e1k, kter\u00fd se propojuje s extern\u00edm GPS a p\u0159ed aktivac\u00ed si st\u00e1hne polohu.<\/div>\n<div data-canvas-width=\"516.3214869281046\"><\/div>\n<div data-canvas-width=\"516.3214869281046\">Patentovan\u00e1 elektronick\u00e1 sada poskytuje v\u011bt\u0161\u00ed frekven\u010dn\u00ed stabilitu pro co nejp\u0159esn\u011bj\u0161\u00ed polohu prost\u0159ednictv\u00edm satelit\u016f LEOSAR. GPS rozhran\u00ed poskytuje p\u0159esnost polohy GPS 100 m (110 yard\u016f), co\u017e je optim\u00e1ln\u00ed hodnota povolen\u00e1 syst\u00e9my COSPAS-SARSAT. <\/div>\n<\/div>\n<p>&nbsp;<\/p>\n<p>&nbsp;<\/p>\n","protected":false},"featured_media":160358,"template":"","meta":{"_acf_changed":false,"om_disable_all_campaigns":false},"product_brand":[],"product_cat":[5719],"product_tag":[15972,15973,15974,15976,15975,15971,5720,5747,5541,15970,15969,15968],"class_list":{"0":"post-160357","1":"product","2":"type-product","3":"status-publish","4":"has-post-thumbnail","6":"product_cat-namorni","7":"product_tag-2776-cs","8":"product_tag-2776nh-cs","9":"product_tag-2777-cs","10":"product_tag-27775nh-cs","11":"product_tag-2777-5-cs","12":"product_tag-acr-rapidfix-cs","13":"product_tag-epirb-cs","14":"product_tag-gpirb-cs","15":"product_tag-nouzovy-majak","16":"product_tag-rlb-33-cs","17":"product_tag-rlb33-cs","18":"product_tag-rychla-oprava","19":"pa_product-dedictvi","21":"first","22":"outofstock","23":"taxable","24":"shipping-taxable","25":"product-type-simple"},"acf":[],"_links":{"self":[{"href":"https:\/\/www.acrartex.com\/cs\/wp-json\/wp\/v2\/product\/160357","targetHints":{"allow":["GET"]}}],"collection":[{"href":"https:\/\/www.acrartex.com\/cs\/wp-json\/wp\/v2\/product"}],"about":[{"href":"https:\/\/www.acrartex.com\/cs\/wp-json\/wp\/v2\/types\/product"}],"wp:featuredmedia":[{"embeddable":true,"href":"https:\/\/www.acrartex.com\/cs\/wp-json\/wp\/v2\/media\/160358"}],"wp:attachment":[{"href":"https:\/\/www.acrartex.com\/cs\/wp-json\/wp\/v2\/media?parent=160357"}],"wp:term":[{"taxonomy":"product_brand","embeddable":true,"href":"https:\/\/www.acrartex.com\/cs\/wp-json\/wp\/v2\/product_brand?post=160357"},{"taxonomy":"product_cat","embeddable":true,"href":"https:\/\/www.acrartex.com\/cs\/wp-json\/wp\/v2\/product_cat?post=160357"},{"taxonomy":"product_tag","embeddable":true,"href":"https:\/\/www.acrartex.com\/cs\/wp-json\/wp\/v2\/product_tag?post=160357"}],"curies":[{"name":"wp","href":"https:\/\/api.w.org\/{rel}","templated":true}]}}