{"id":160322,"date":"2021-08-04T18:10:30","date_gmt":"2021-08-04T23:10:30","guid":{"rendered":"https:\/\/www.acrartex.com\/products\/pathfinder3-sart\/"},"modified":"2021-08-04T18:10:30","modified_gmt":"2021-08-04T23:10:30","slug":"pathfinder3-sart","status":"publish","type":"product","link":"https:\/\/www.acrartex.com\/cs\/products\/pathfinder3-sart\/","title":{"rendered":"Pathfinder3 SART"},"content":{"rendered":"<p><a href=\"https:\/\/www.acrartex.com\/da\/products\/pathfinder-pro-sart\/\"><b>Tento produkt byl upgradov\u00e1n.<\/b><\/a><\/p>\n<ul>\n<li>Kompaktn\u00ed jednotka se snadno sbal\u00ed do z\u00e1chrann\u00e9ho \u010dlunu<\/li>\n<li>Sou\u010d\u00e1st\u00ed je rychloup\u00ednac\u00ed mont\u00e1\u017en\u00ed dr\u017e\u00e1k<\/li>\n<li>Provozn\u00ed \u017eivotnost: 96 hodin v pohotovostn\u00edm re\u017eimu; v\u00edce ne\u017e 8 hodin v provozn\u00edm re\u017eimu<\/li>\n<li>Pouzdro z vysoce odoln\u00e9ho polystyrenu navr\u017een\u00e9 pro odolnost v\u016f\u010di n\u00e1ro\u010dn\u00fdm podm\u00ednk\u00e1m<\/li>\n<li>Sou\u010d\u00e1st\u00ed je bezpe\u010dnostn\u00ed pojistka o d\u00e9lce 10 m a skl\u00e1dac\u00ed ty\u010d, oboj\u00ed ulo\u017eeno uvnit\u0159 SART<\/li>\n<li>Vodot\u011bsnost do 10 m<\/li>\n<li>Bezpe\u010dn\u00e1 lithiov\u00e1 baterie s dlouhou \u017eivotnost\u00ed pro p\u0159epravu (\u017eivotnost 5 let) (pouze 2714NH)<\/li>\n<li>Celosv\u011btov\u00e1 certifikace; spl\u0148uje normy GMDSS, IEC, IMO\/SOLAS 88, ETSI 300 151 a RTCM, schv\u00e1leno FCC, MED<\/li>\n<\/ul>\n","protected":false},"excerpt":{"rendered":"<p><strong>Tento produkt byl upgradov\u00e1n. <a href=\"https:\/\/www.acrartex.com\/products\/pathfinder-pro-sart\/\">Klikn\u011bte zde<\/a> pro dostupn\u00e9 upgrady produktu.<\/strong><\/p>\n<p>Po zachycen\u00ed radarem tato jednotka vy\u0161le 12 intenzivn\u00edch radarov\u00fdch sign\u00e1l\u016f, co\u017e v\u00fdrazn\u011b zlep\u0161uje p\u00e1trac\u00ed a z\u00e1chrann\u00e9 operace. Transpond\u00e9r pro p\u00e1tr\u00e1n\u00ed a z\u00e1chranu je ve skute\u010dnosti povinn\u00fd pro v\u0161echna komer\u010dn\u00ed plavidla, kter\u00e1 mus\u00ed spl\u0148ovat normy GMDSS, a pro v\u0161echna plavidla p\u0159epravuj\u00edc\u00ed v\u00edce ne\u017e jeden z\u00e1chrann\u00fd \u010dlun. Exkluzivn\u00ed testovac\u00ed re\u017eim ACR poskytuje vizu\u00e1ln\u00ed\/zvukovou zp\u011btnou vazbu potvrzuj\u00edc\u00ed provozn\u00ed stav.  <\/p>\n<p>&nbsp;<\/p>\n<p><a href=\"https:\/\/www.acrartex.com\/products\/pathfinder-pro-sart\/\"><strong>Tento produkt NEN\u00cd k dispozici pro prodej v e-shopu.  <\/strong><\/a><\/p>\n<p>&nbsp;<\/p>\n","protected":false},"featured_media":160325,"template":"","meta":{"_acf_changed":false,"om_disable_all_campaigns":false},"product_brand":[],"product_cat":[5953,5719,5951],"product_tag":[15894,15896,9763,9760,9781,9769,9775,9773,9789,15891,15892,9794,9756,9793,9765,9777,9767,9795,9785,9787,9759,9771,9791],"class_list":{"0":"post-160322","1":"product","2":"type-product","3":"status-publish","4":"has-post-thumbnail","6":"product_cat-komercni","7":"product_cat-namorni","8":"product_cat-pobrezni","9":"product_tag-2714-cs","10":"product_tag-2714nh-cs","11":"product_tag-acr-sart-cs","12":"product_tag-baterie-sart","13":"product_tag-gmdss-sart-cs","14":"product_tag-jotron-sart-cs","15":"product_tag-jotron-tron-sart-cs","16":"product_tag-mcmurdo-sart-cs","17":"product_tag-namornik-sart","18":"product_tag-pathfinder2-cs","19":"product_tag-pathfinder3-cs","20":"product_tag-pozadavky-sart","21":"product_tag-sart-cs","22":"product_tag-sart-gmdss-cs","23":"product_tag-sart-ivf-cs","24":"product_tag-sart-test-cs","25":"product_tag-sartuv-pad","26":"product_tag-schvaleni-sart","27":"product_tag-tester-sart-cs","28":"product_tag-testovani-sart","29":"product_tag-transponder-sart-cs","30":"product_tag-tron-sart-cs","31":"product_tag-tron-sart-20-cs","32":"pa_product-dedictvi","34":"first","35":"outofstock","36":"taxable","37":"shipping-taxable","38":"product-type-simple"},"acf":[],"_links":{"self":[{"href":"https:\/\/www.acrartex.com\/cs\/wp-json\/wp\/v2\/product\/160322","targetHints":{"allow":["GET"]}}],"collection":[{"href":"https:\/\/www.acrartex.com\/cs\/wp-json\/wp\/v2\/product"}],"about":[{"href":"https:\/\/www.acrartex.com\/cs\/wp-json\/wp\/v2\/types\/product"}],"wp:featuredmedia":[{"embeddable":true,"href":"https:\/\/www.acrartex.com\/cs\/wp-json\/wp\/v2\/media\/160325"}],"wp:attachment":[{"href":"https:\/\/www.acrartex.com\/cs\/wp-json\/wp\/v2\/media?parent=160322"}],"wp:term":[{"taxonomy":"product_brand","embeddable":true,"href":"https:\/\/www.acrartex.com\/cs\/wp-json\/wp\/v2\/product_brand?post=160322"},{"taxonomy":"product_cat","embeddable":true,"href":"https:\/\/www.acrartex.com\/cs\/wp-json\/wp\/v2\/product_cat?post=160322"},{"taxonomy":"product_tag","embeddable":true,"href":"https:\/\/www.acrartex.com\/cs\/wp-json\/wp\/v2\/product_tag?post=160322"}],"curies":[{"name":"wp","href":"https:\/\/api.w.org\/{rel}","templated":true}]}}