{"id":160137,"date":"2022-01-28T12:52:37","date_gmt":"2022-01-28T17:52:37","guid":{"rendered":"https:\/\/www.acrartex.com\/products\/kompletni-sada-montazi-pro-bivy\/"},"modified":"2022-01-28T12:52:37","modified_gmt":"2022-01-28T17:52:37","slug":"kompletni-sada-montazi-pro-bivy","status":"publish","type":"product","link":"https:\/\/www.acrartex.com\/cs\/products\/kompletni-sada-montazi-pro-bivy\/","title":{"rendered":"Kompletn\u00ed sada mont\u00e1\u017e\u00ed pro Bivy"},"content":{"rendered":"<p>Vezm\u011bte si Bivy ty\u010d v\u0161ude s kompletn\u00ed mont\u00e1\u017en\u00ed sadou Bivy Stick. Ta je ide\u00e1ln\u00ed pro dobrodruhy, kte\u0159\u00ed se neust\u00e1le v\u011bnuj\u00ed r\u016fzn\u00fdm aktivit\u00e1m. Cel\u00e1 sada se snadno vejde do p\u0159ilo\u017een\u00e9ho vodot\u011bsn\u00e9ho a n\u00e1razuvzdorn\u00e9ho pouzdra, tak\u017ee si Bivy ty\u010d snadno p\u0159izp\u016fsob\u00edte sv\u00fdm pot\u0159eb\u00e1m.  <\/p>\n<ul class=\"a-unordered-list a-vertical a-spacing-mini\">\n<li><strong>Stativ pro chobotnici<br \/>\n<\/strong> Lehk\u00fd a kompaktn\u00ed, lze pou\u017e\u00edt jako ru\u010dn\u00ed ty\u010d, stativ na nerovn\u00fd povrch nebo k omot\u00e1n\u00ed p\u0159edm\u011bt\u016f<\/li>\n<li><strong>Nastaviteln\u00fd krk pro uchycen\u00ed \u010delist\u00ed Flex<br \/>\n<\/strong> Rychl\u00e9 upevn\u011bn\u00ed k ty\u010d\u00edm nebo jin\u00fdm p\u0159edm\u011bt\u016fm. Snadno nastaviteln\u00e9 a lehk\u00e9. <\/li>\n<li><strong>Ru\u010dn\u00ed plovouc\u00ed EVA<\/strong><br \/>\n Extra zabezpe\u010den\u00ed proti n\u00e1hodn\u00e9mu upu\u0161t\u011bn\u00ed do vody. Ut\u011bsn\u011bn\u00fd \u00falo\u017en\u00fd prostor pro mal\u00e9 p\u0159edm\u011bty. Adapt\u00e9r 1\/4&#8243; pro upevn\u011bn\u00ed na stativ.  <\/li>\n<li><span class=\"a-list-item\"><strong>Dr\u017e\u00e1k s p\u0159\u00edsavkou<\/strong><br \/>\n P\u0159\u00edsavka p\u0159ipevn\u00ed va\u0161i Bivy ty\u010d k autu.  <\/span><\/li>\n<li><span class=\"a-list-item\"><strong>Dr\u017e\u00e1k na \u0159\u00edd\u00edtka<\/strong><br \/>\n Dr\u017e\u00e1k na \u0159\u00edd\u00edtka je vhodn\u00fd pro \u0159\u00edd\u00edtka o pr\u016fm\u011bru 1,9\u20133,6 cm (0,75\u201d\u20131,4\u201d) na va\u0161em kole a motorce a umo\u017e\u0148uje n\u00e1klon o 180\u00b0.  <\/span><\/li>\n<li><strong>Klip na batoh<\/strong><br \/>\n Oto\u010dn\u00fd klip na v\u00ed\u010dko batohu o 360 stup\u0148\u016f + sada dlouh\u00fdch \u0161roub\u016f<\/li>\n<li><strong>P\u0159ezka s J-h\u00e1kem<\/strong><br \/>\n <span data-spm-anchor-id=\"a2700.wholesale.0.i26.35472ba2pcG0VM\">Pevn\u011b \u200b\u200bse p\u0159ipev\u0148uje k lepidlov\u00e9mu dr\u017e\u00e1ku pro bezprobl\u00e9mov\u00e9 a hands-free ovl\u00e1d\u00e1n\u00ed.<\/span><\/li>\n<li><strong>Uvol\u0148ovac\u00ed p\u0159ezky a adapt\u00e9r t\u0159\u00edcestn\u00e9ho oto\u010dn\u00e9ho ramene, dlouh\u00e9 a kr\u00e1tk\u00e9 spoje<\/strong><\/li>\n<li><strong>Adapt\u00e9ry se z\u00e1vitem 1\/4&#8243;<\/strong><\/li>\n<li><strong>Dr\u017e\u00e1ky s lepic\u00ed podlo\u017ekou 3M<\/strong><\/li>\n<li><strong>Extra dlouh\u00e9 a kr\u00e1tk\u00e9 \u0161rouby<\/strong><\/li>\n<li><strong>Popruhy Tether<\/strong><\/li>\n<li><strong>P\u0159enosn\u00e9 pouzdro<\/strong><\/li>\n<\/ul>\n","protected":false},"excerpt":{"rendered":"<p>&nbsp;<\/p>\n<p><a href=\"https:\/\/www.dropbox.com\/s\/fk04stqsp2hgk5f\/Prop%2065%20-%20DEHP.pdf?dl=0\" data-cke-saved-href=\"https:\/\/www.dropbox.com\/s\/fk04stqsp2hgk5f\/Prop%2065%20-%20DEHP.pdf?dl=0\">VAROV\u00c1N\u00cd: PROP 65<\/a><\/p>\n","protected":false},"featured_media":160151,"template":"","meta":{"_acf_changed":false,"om_disable_all_campaigns":false},"product_brand":[],"product_cat":[5719,5790],"product_tag":[13026,12951,12941,12949,12943,12960,11969,12953,5539,12945,12977,12955,12957,12947,12962,12975,12939,12964,12973,12959,12946,12970],"class_list":{"0":"post-160137","1":"product","2":"type-product","3":"status-publish","4":"has-post-thumbnail","6":"product_cat-namorni","7":"product_cat-venkovni","8":"product_tag-4605-cs","9":"product_tag-aplikace-bivy","10":"product_tag-bivy-cs","11":"product_tag-bivy-acr","12":"product_tag-bivy-tyc","13":"product_tag-bivy-vs-plb-cs","14":"product_tag-bluetooth-cs","15":"product_tag-globalni-zachrana","16":"product_tag-gps-cs","17":"product_tag-iridium-cs","18":"product_tag-mini-gps-cs","19":"product_tag-miniaturni","20":"product_tag-nejmensi-satelitni-komunikator","21":"product_tag-obousmerna-komunikace","22":"product_tag-preziti-bivy","23":"product_tag-sada-bivy-a-solarni-panely","24":"product_tag-sada-pro-preziti-cs","25":"product_tag-sada-pro-preziti-bivy","26":"product_tag-sada-pro-preziti-bivy-tyci-a-solarnim-panelem","27":"product_tag-satelitni-gps-sledovani","28":"product_tag-sledovani","29":"product_tag-solarni-panel-bivy","30":"pa_activity-beh-na-lyzich","31":"pa_activity-kempovani","32":"pa_activity-kolo","33":"pa_activity-lezeni","34":"pa_activity-lyzovani-snowboarding","35":"pa_activity-padlovaci-sporty","36":"pa_activity-rybolov","37":"pa_activity-snezny-skutr","38":"pa_activity-terenni-4x4","39":"pa_activity-turistika","40":"pa_aircraft-type-experimentalni","41":"pa_aircraft-type-jeden-motor","42":"pa_aircraft-type-lehke-trysky","43":"pa_aircraft-type-proudove-letadlo-pro-cestujici","44":"pa_aircraft-type-rotorcraft","45":"pa_aircraft-type-stredne-velke-tryskace","46":"pa_aircraft-type-turbovrtulovy","47":"pa_aircraft-type-velke-trysky","48":"pa_aircraft-type-vicemotorovy","49":"pa_boat-type-charterova-jachta","50":"pa_boat-type-jachta","51":"pa_boat-type-komercni-rybolov","52":"pa_boat-type-motorovy-clun","53":"pa_boat-type-nakladni-lod","54":"pa_boat-type-plachetnice","55":"pa_boat-type-remorker","56":"pa_boat-type-sportcraft-cs","57":"pa_product-bezpecnostni-prislusenstvi","58":"pa_terrain-kopec-a-hora","59":"pa_terrain-les-a-dzungle","60":"pa_terrain-reky-mokrady-jezera-cs","61":"pa_terrain-tundra-cs-2","63":"first","64":"instock","65":"taxable","66":"shipping-taxable","67":"purchasable","68":"product-type-simple"},"acf":[],"_links":{"self":[{"href":"https:\/\/www.acrartex.com\/cs\/wp-json\/wp\/v2\/product\/160137","targetHints":{"allow":["GET"]}}],"collection":[{"href":"https:\/\/www.acrartex.com\/cs\/wp-json\/wp\/v2\/product"}],"about":[{"href":"https:\/\/www.acrartex.com\/cs\/wp-json\/wp\/v2\/types\/product"}],"wp:featuredmedia":[{"embeddable":true,"href":"https:\/\/www.acrartex.com\/cs\/wp-json\/wp\/v2\/media\/160151"}],"wp:attachment":[{"href":"https:\/\/www.acrartex.com\/cs\/wp-json\/wp\/v2\/media?parent=160137"}],"wp:term":[{"taxonomy":"product_brand","embeddable":true,"href":"https:\/\/www.acrartex.com\/cs\/wp-json\/wp\/v2\/product_brand?post=160137"},{"taxonomy":"product_cat","embeddable":true,"href":"https:\/\/www.acrartex.com\/cs\/wp-json\/wp\/v2\/product_cat?post=160137"},{"taxonomy":"product_tag","embeddable":true,"href":"https:\/\/www.acrartex.com\/cs\/wp-json\/wp\/v2\/product_tag?post=160137"}],"curies":[{"name":"wp","href":"https:\/\/api.w.org\/{rel}","templated":true}]}}