{"id":159992,"date":"2022-07-06T11:31:11","date_gmt":"2022-07-06T16:31:11","guid":{"rendered":"https:\/\/www.acrartex.com\/products\/plb-bivy-pouzdro-a-karabina-se-suchym-zipem\/"},"modified":"2022-07-06T11:31:11","modified_gmt":"2022-07-06T16:31:11","slug":"plb-bivy-pouzdro-a-karabina-se-suchym-zipem","status":"publish","type":"product","link":"https:\/\/www.acrartex.com\/cs\/products\/plb-bivy-pouzdro-a-karabina-se-suchym-zipem\/","title":{"rendered":"PLB + Bivy pouzdro a karabina se such\u00fdm zipem"},"content":{"rendered":"<p>Tato sada je kompatibiln\u00ed s ACR Bivy Stick a modely ACR PLB -400, PLB -410, PLB -425 a PLB -435 a je d\u016fle\u017eit\u00fdm dopl\u0148kem bezpe\u010dnostn\u00ed v\u00fdbavy, proto\u017ee v\u00e1m pom\u00e1h\u00e1 zajistit, abyste m\u011bli z\u00e1chrann\u00e9 produkty ACR bezpe\u010dn\u011b u sebe, abyste je m\u011bli po ruce, kdy\u017e je nejv\u00edce pot\u0159ebujete.<\/p>\n<p>Karabinu se such\u00fdm zipem lze pou\u017e\u00edt k p\u0159ipevn\u011bn\u00ed PLB nebo Bivy ty\u010de k batohu, z\u00e1chrann\u00e9 vest\u011b nebo jednodu\u0161e k svrchn\u00edmu oble\u010den\u00ed pou\u017e\u00edvan\u00e9mu p\u0159i nejr\u016fzn\u011bj\u0161\u00edch outdoorov\u00fdch aktivit\u00e1ch. Ochrann\u00e9 pouzdro m\u00e1 tak\u00e9 \u00fachyt na opasek, kter\u00fd umo\u017e\u0148uje p\u0159ipevn\u011bn\u00ed k r\u016fzn\u00fdm \u0161\u00ed\u0159k\u00e1m opasku krom\u011b popruh\u016f batohu nebo z\u00e1chrann\u00e9 vesty. <\/p>\n<p>A\u0165 u\u017e v\u00e1s va\u0161e dobrodru\u017estv\u00ed zavede kamkoli, a\u0165 u\u017e je to v\u00fdlet na nejvy\u0161\u0161\u00ed horsk\u00e9 vrcholky, do nejm\u00e9n\u011b prozkouman\u00e9ho ter\u00e9nu nebo do nejrozlehlej\u0161\u00edch oce\u00e1n\u016f, u\u017eijte si snadn\u011bj\u0161\u00ed no\u0161en\u00ed PLB nebo Bivy ty\u010de na sob\u011b nebo s vybaven\u00edm, d\u00edky \u010demu\u017e budou v\u0161echna va\u0161e dobrodru\u017estv\u00ed nejen bezpe\u010dn\u011bj\u0161\u00ed, ale i pohodln\u011bj\u0161\u00ed.<\/p>\n","protected":false},"excerpt":{"rendered":"<p>Sada p\u0159\u00edslu\u0161enstv\u00ed ACR Pouch and Carabiner se such\u00fdm zipem nab\u00edz\u00ed \u0159adu mo\u017enost\u00ed no\u0161en\u00ed a je vhodn\u00e1 pro r\u016fzn\u00e9 aplikace a produkty ACR .<\/p>\n<p>Tato sada je kompatibiln\u00ed s ACR Bivy Stick a \u0159adou Personal Locator Beacon ACR ResQLink (v\u010detn\u011b PLB -375, PLB -400, PLB -410, PLB -425 a PLB -435) a je d\u016fle\u017eit\u00fdm dopl\u0148kem bezpe\u010dnostn\u00ed v\u00fdbavy, proto\u017ee pom\u00e1h\u00e1 zajistit, abyste m\u011bli z\u00e1chrann\u00e9 produkty ACR bezpe\u010dn\u011b u sebe, abyste je m\u011bli po ruce, kdy\u017e je nejv\u00edce pot\u0159ebujete.<\/p>\n<p>&nbsp;<\/p>\n<p>Toto pouzdro NEN\u00cd kompatibiln\u00ed s nov\u00fdm ResQLink AIS PLB -450.<\/p>\n<p>&nbsp;<\/p>\n<p>&nbsp;<\/p>\n<p><a href=\"https:\/\/www.dropbox.com\/s\/fk04stqsp2hgk5f\/Prop%2065%20-%20DEHP.pdf?dl=0\">VAROV\u00c1N\u00cd: PROP 65<\/a><\/p>\n","protected":false},"featured_media":27632,"template":"","meta":{"_acf_changed":false,"om_disable_all_campaigns":false},"product_brand":[],"product_cat":[6688,5719,5790],"product_tag":[],"class_list":{"0":"post-159992","1":"product","2":"type-product","3":"status-publish","4":"has-post-thumbnail","6":"product_cat-bezpecnostni-prislusenstvi","7":"product_cat-namorni","8":"product_cat-venkovni","9":"pa_activity-beh-na-lyzich","10":"pa_activity-kempovani","11":"pa_activity-kolo","12":"pa_activity-lezeni","13":"pa_activity-lyzovani-snowboarding","14":"pa_activity-padlovaci-sporty","15":"pa_activity-rybolov","16":"pa_activity-snezny-skutr","17":"pa_activity-terenni-4x4","18":"pa_activity-turistika","19":"pa_product-bezpecnostni-prislusenstvi","21":"first","22":"instock","23":"taxable","24":"shipping-taxable","25":"purchasable","26":"product-type-simple"},"acf":[],"_links":{"self":[{"href":"https:\/\/www.acrartex.com\/cs\/wp-json\/wp\/v2\/product\/159992","targetHints":{"allow":["GET"]}}],"collection":[{"href":"https:\/\/www.acrartex.com\/cs\/wp-json\/wp\/v2\/product"}],"about":[{"href":"https:\/\/www.acrartex.com\/cs\/wp-json\/wp\/v2\/types\/product"}],"wp:featuredmedia":[{"embeddable":true,"href":"https:\/\/www.acrartex.com\/cs\/wp-json\/wp\/v2\/media\/27632"}],"wp:attachment":[{"href":"https:\/\/www.acrartex.com\/cs\/wp-json\/wp\/v2\/media?parent=159992"}],"wp:term":[{"taxonomy":"product_brand","embeddable":true,"href":"https:\/\/www.acrartex.com\/cs\/wp-json\/wp\/v2\/product_brand?post=159992"},{"taxonomy":"product_cat","embeddable":true,"href":"https:\/\/www.acrartex.com\/cs\/wp-json\/wp\/v2\/product_cat?post=159992"},{"taxonomy":"product_tag","embeddable":true,"href":"https:\/\/www.acrartex.com\/cs\/wp-json\/wp\/v2\/product_tag?post=159992"}],"curies":[{"name":"wp","href":"https:\/\/api.w.org\/{rel}","templated":true}]}}