{"id":159873,"date":"2023-01-10T13:30:30","date_gmt":"2023-01-10T18:30:30","guid":{"rendered":"https:\/\/www.acrartex.com\/products\/exkluzivni-nabidka-boatus-leden-2023\/"},"modified":"2023-01-10T13:30:30","modified_gmt":"2023-01-10T18:30:30","slug":"exkluzivni-nabidka-boatus-leden-2023","status":"publish","type":"product","link":"https:\/\/www.acrartex.com\/cs\/products\/exkluzivni-nabidka-boatus-leden-2023\/","title":{"rendered":"Exkluzivn\u00ed nab\u00eddka BoatUS \u2013 leden 2023"},"content":{"rendered":"<p>\u010casov\u011b omezen\u00e1 nab\u00eddka<\/p>\n","protected":false},"excerpt":{"rendered":"<p>S pot\u011b\u0161en\u00edm nab\u00edz\u00edme \u010dlen\u016fm BoatUS obrovskou slevu, kte\u0159\u00ed si zakoup\u00ed sadu ResQLink View Survival Kit a sadu p\u0159\u00edslu\u0161enstv\u00ed Pouch and Carabin with Velcro. <strong>P\u0159idejte tyto dv\u011b polo\u017eky do ko\u0161\u00edku n\u00ed\u017ee, prohl\u00e9dn\u011bte si ko\u0161\u00edk a pot\u00e9 zadejte slevov\u00fd k\u00f3d BUSKit2023<\/strong> <strong>a klikn\u011bte na \u201ePou\u017e\u00edt kup\u00f3n\u201c<\/strong> , abyste z\u00edskali sadu ResQLink View PLB ( <a href=\"https:\/\/www.acrartex.com\/products\/resqlink-view\">V\u00edce informac\u00ed<\/a> ) a z\u00e1rove\u0148 zdarma obdr\u017eeli n\u00e1sleduj\u00edc\u00ed polo\u017eky:<\/p>\n<ul>\n<li>Z\u00e1chrann\u00e9 sv\u011btlo C-Strobe\u2122 H2O \u2013 <a href=\"https:\/\/www.acrartex.com\/products\/c-strobe-h20\">Zjist\u011bte v\u00edce<\/a><\/li>\n<li>P\u00ed\u0161\u0165alka Res-Q\u2122 \u2013 <a href=\"https:\/\/www.acrartex.com\/products\/ww-3-res-q-whistle\">Zjist\u011bte v\u00edce<\/a><\/li>\n<li>Pouzdro a karabina se such\u00fdm zipem \u2013 <a href=\"https:\/\/www.acrartex.com\/products\/pouch-and-carabiner-with-velcro-strap\/\">Zjist\u011bte v\u00edce<\/a><\/li>\n<li>Such\u00fd vak RapidDitch<\/li>\n<li>Sign\u00e1ln\u00ed zrcadlo<\/li>\n<\/ul>\n<p><strong>Pozn\u00e1mka: Samostatn\u011b zakoupen\u00fd sadu ResQLink View PLB stoj\u00ed 399,95 USD, ale \u010dlenov\u00e9 BoatUS s k\u00f3dem kup\u00f3nu BUSKit2023 obdr\u017e\u00ed v\u0161echny v\u00fd\u0161e uveden\u00e9 polo\u017eky za 399,95 USD p\u0159i zakoupen\u00ed alespo\u0148 jedn\u00e9 sady ResQLink View Survival Kit a jedn\u00e9 sady p\u0159\u00edslu\u0161enstv\u00ed s pouzdrem a karabinou na such\u00fd zip.<\/strong><\/p>\n<p>A\u0165 u\u017e v\u00e1s va\u0161e dobrodru\u017estv\u00ed zavede kamkoli, a\u0165 u\u017e je to v\u00fdlet na nejvy\u0161\u0161\u00ed horsk\u00e9 vrcholky, do nejm\u00e9n\u011b prozkouman\u00e9ho ter\u00e9nu nebo do nejrozlehlej\u0161\u00edch oce\u00e1n\u016f, sbalte si sadu ResQLink View Survival Kit a bu\u010fte si jisti svou bezpe\u010dnost\u00ed. Jednodu\u0161e aktivujte ResQLink View rozlo\u017een\u00edm ant\u00e9ny, stisknut\u00edm tla\u010d\u00edtka zapnut\u00ed a maj\u00e1k se postar\u00e1 o zbytek za v\u00e1s t\u00edm, \u017ee bez n\u00e1mahy navede z\u00e1chran\u00e1\u0159e do vzd\u00e1lenosti 100 metr\u016f nebo m\u00e9n\u011b od va\u0161\u00ed polohy a z\u00e1rove\u0148 na vestav\u011bn\u00e9m digit\u00e1ln\u00edm displeji zobraz\u00ed aktu\u00e1ln\u00ed stav maj\u00e1ku a GPS sou\u0159adnice. <\/p>\n<p>Kdy\u017e na m\u00edsto doraz\u00ed z\u00e1chrann\u00e1 slu\u017eba, jasn\u00e9 LED stroboskopick\u00e9 sv\u011btlo C-Strobe H2O v noci upout\u00e1 pozornost z\u00e1chran\u00e1\u0159\u016f, nebo za denn\u00edho sv\u011btla k upout\u00e1n\u00ed jejich pozornosti pou\u017eijte sign\u00e1ln\u00ed zrc\u00e1tko. Ve\u0161ker\u00e9 nouzov\u00e9 vybaven\u00ed ulo\u017ete do such\u00e9ho vaku RapidDitch , abyste m\u011bli svou sadu pro p\u0159e\u017eit\u00ed pohodln\u011b pohromad\u011b. <\/p>\n<p>Sada p\u0159\u00edslu\u0161enstv\u00ed ACR Pouch and Carabiner se such\u00fdm zipem nav\u00edc nab\u00edz\u00ed \u0159adu mo\u017enost\u00ed no\u0161en\u00ed va\u0161eho ResQLink View PLB . Tato sada, kter\u00e1 je ur\u010dena pro r\u016fzn\u00e9 aplikace, je d\u016fle\u017eit\u00fdm dopl\u0148kem bezpe\u010dnostn\u00ed v\u00fdbavy, proto\u017ee pom\u00e1h\u00e1 zajistit, abyste si ResQLink View bezpe\u010dn\u011b udr\u017eeli u sebe, abyste ho m\u011bli po ruce, kdy\u017e ho nejv\u00edce pot\u0159ebujete. <\/p>\n<p>&nbsp;<\/p>\n<p><a href=\"https:\/\/www.dropbox.com\/s\/fk04stqsp2hgk5f\/Prop%2065%20-%20DEHP.pdf?dl=0\">VAROV\u00c1N\u00cd: PROP 65<\/a><\/p>\n<p>&nbsp;<\/p>\n","protected":false},"featured_media":159875,"template":"","meta":{"_acf_changed":false,"om_disable_all_campaigns":false},"product_brand":[],"product_cat":[6135],"product_tag":[],"class_list":{"0":"post-159873","1":"product","2":"type-product","3":"status-publish","4":"has-post-thumbnail","6":"product_cat-nezarazene","8":"first","9":"instock","10":"taxable","11":"shipping-taxable","12":"product-type-grouped"},"acf":[],"_links":{"self":[{"href":"https:\/\/www.acrartex.com\/cs\/wp-json\/wp\/v2\/product\/159873","targetHints":{"allow":["GET"]}}],"collection":[{"href":"https:\/\/www.acrartex.com\/cs\/wp-json\/wp\/v2\/product"}],"about":[{"href":"https:\/\/www.acrartex.com\/cs\/wp-json\/wp\/v2\/types\/product"}],"wp:featuredmedia":[{"embeddable":true,"href":"https:\/\/www.acrartex.com\/cs\/wp-json\/wp\/v2\/media\/159875"}],"wp:attachment":[{"href":"https:\/\/www.acrartex.com\/cs\/wp-json\/wp\/v2\/media?parent=159873"}],"wp:term":[{"taxonomy":"product_brand","embeddable":true,"href":"https:\/\/www.acrartex.com\/cs\/wp-json\/wp\/v2\/product_brand?post=159873"},{"taxonomy":"product_cat","embeddable":true,"href":"https:\/\/www.acrartex.com\/cs\/wp-json\/wp\/v2\/product_cat?post=159873"},{"taxonomy":"product_tag","embeddable":true,"href":"https:\/\/www.acrartex.com\/cs\/wp-json\/wp\/v2\/product_tag?post=159873"}],"curies":[{"name":"wp","href":"https:\/\/api.w.org\/{rel}","templated":true}]}}