{"id":159823,"date":"2022-11-14T17:30:44","date_gmt":"2022-11-14T22:30:44","guid":{"rendered":"https:\/\/www.acrartex.com\/products\/acr-globalfix-v6-epirb-se-return-link-service-a-mobilni-aplikaci\/"},"modified":"2026-03-11T03:42:53","modified_gmt":"2026-03-11T08:42:53","slug":"acr-globalfix-v6-epirb-se-return-link-service-a-mobilni-aplikaci","status":"publish","type":"product","link":"https:\/\/www.acrartex.com\/cs\/products\/acr-globalfix-v6-epirb-se-return-link-service-a-mobilni-aplikaci\/","title":{"rendered":"ACR GlobalFix V6 EPIRB se Return Link Service a mobiln\u00ed aplikac\u00ed"},"content":{"rendered":"<p><iframe loading=\"lazy\" title=\"GlobalFix V6 RLS EPIRB with Mobile App | ACR ARTEX\" width=\"500\" height=\"281\" src=\"https:\/\/www.youtube.com\/embed\/hm4YxhdzD5w?feature=oembed\" frameborder=\"0\" allow=\"accelerometer; autoplay; clipboard-write; encrypted-media; gyroscope; picture-in-picture; web-share\" referrerpolicy=\"strict-origin-when-cross-origin\" allowfullscreen><\/iframe><\/p>\n<p>ACR , sv\u011btov\u00fd l\u00eddr v oblasti elektronick\u00fdch bezpe\u010dnostn\u00edch za\u0159\u00edzen\u00ed pro n\u00e1mo\u0159n\u00ed dopravu, p\u0159edstavuje nov\u00fd high-tech EPIRB (nouzov\u00fd pozi\u010dn\u00ed r\u00e1diomaj\u00e1k). Nov\u00fd ACR GlobalFix V6 EPIRB vyu\u017e\u00edv\u00e1 satelitn\u00ed p\u0159ipojen\u00ed k frekvenci 406 MHz k p\u0159enosu nouzov\u00fdch sign\u00e1l\u016f do glob\u00e1ln\u00edho z\u00e1chrann\u00e9ho syst\u00e9mu Cospas Sarsat. Technologie Return Link Service ( RLS ) poskytuje u\u017eivateli vizu\u00e1ln\u00ed potvrzen\u00ed, \u017ee jeho t\u00eds\u0148ov\u00e1 zpr\u00e1va byla p\u0159ijata. Nav\u00e1d\u011bc\u00ed sign\u00e1l 121,5 MHz pom\u00e1h\u00e1 z\u00e1chran\u00e1\u0159\u016fm naj\u00edt aktivovan\u00fd maj\u00e1k na m\u00edst\u011b \u010dinu. Viditeln\u00e1 a infra\u010derven\u00e1 z\u00e1bleskov\u00e1 sv\u011btla pom\u00e1haj\u00ed s identifikac\u00ed c\u00edle v noci nebo p\u0159i omezen\u00e9 viditelnosti, co\u017e urychluje z\u00e1chranu a vypro\u0161\u0165ov\u00e1n\u00ed. Nov\u00e1 funkce s n\u00e1zvem Near Field Communication ( NFC ) umo\u017e\u0148uje u\u017eivatel\u016fm sledovat funkce sv\u00e9ho EPIRB pomoc\u00ed aplikace pro chytr\u00e9 telefony. ACR se v\u011bnuje bezpe\u010dnosti na mo\u0159i a nov\u00fd GlobalFix V6 EPIRB poskytuje sofistikovanou z\u00e1chrannou technologii v odoln\u00e9m a spolehliv\u00e9m za\u0159\u00edzen\u00ed, kter\u00e9 funguje glob\u00e1ln\u011b.      <\/p>\n<p>&nbsp;<\/p>\n<h3><strong>Spolehliv\u00fd celosv\u011btov\u00fd digit\u00e1ln\u00ed syst\u00e9m Mayday \u0159\u00edk\u00e1 z\u00e1chran\u00e1\u0159\u016fm, kde hledat.<\/strong><\/h3>\n<p>EPIRB ACR GlobalFix V6 p\u0159esn\u011b ur\u010duje svou polohu glob\u00e1ln\u011b prost\u0159ednictv\u00edm polohovac\u00edch s\u00edt\u00ed GNSS ( GPS , Galileo, Glonass). Aktivac\u00ed za\u0159\u00edzen\u00ed vy\u0161le digit\u00e1ln\u00ed hl\u00e1\u0161en\u00ed o pohotovosti pomoc\u00ed t\u00eds\u0148ov\u00e9ho vys\u00edl\u00e1n\u00ed na frekvenci 406 MHz, kter\u00e9 p\u0159en\u00e1\u0161\u00ed polohu GPS EPIRB (GPIRB) s p\u0159esnost\u00ed na 100 metr\u016f do celosv\u011btov\u00e9 p\u00e1trac\u00ed a z\u00e1chrann\u00e9 satelitn\u00ed s\u00edt\u011b Cospas Sarsat. Informace o poloze a identifikaci plavidla jsou pot\u00e9 satelity p\u0159en\u00e1\u0161eny na pozemn\u00ed stanice, co\u017e nakonec pom\u00e1h\u00e1 rozhodnout o rozsahu z\u00e1chrann\u00e9 operace. Po aktivaci EPIRB je krom\u011b sign\u00e1lu satelitu s vy\u0161\u0161\u00ed frekvenc\u00ed vys\u00edl\u00e1n i sign\u00e1l o frekvenci 121,5 MHz. Tento nav\u00e1d\u011bc\u00ed sign\u00e1l o frekvenci 121,5 MHz pom\u00e1h\u00e1 z\u00e1chran\u00e1\u0159\u016fm naj\u00edt za\u0159\u00edzen\u00ed po p\u0159\u00edjezdu na m\u00edsto z\u00e1sahu, co\u017e je zvl\u00e1\u0161t\u011b d\u016fle\u017eit\u00e9, pokud se maj\u00e1k vzd\u00e1lil od sv\u00e9ho p\u016fvodn\u00edho um\u00edst\u011bn\u00ed. GlobalFix V6 EPIRB tak\u00e9 vys\u00edl\u00e1 vizu\u00e1ln\u00ed i infra\u010derven\u00fd stroboskop, kter\u00fd pom\u00e1h\u00e1 z\u00e1chran\u00e1\u0159\u016fm p\u0159esn\u011b ur\u010dit polohu maj\u00e1ku a urychluje z\u00e1chrann\u00e9 operace.     <\/p>\n<h3><strong>Near Field Communication ( NFC ) zaji\u0161\u0165uje spr\u00e1vn\u00e9 fungov\u00e1n\u00ed EPIRB  <\/strong><\/h3>\n<p>Pomoc\u00ed <a href=\"https:\/\/www.youtube.com\/watch?v=WqE0ag4yqG4\">bezplatn\u00e9 aplikace pro chytr\u00e9 telefony ACR a technologie NFC ( Near Field Communication )<\/a> mohou u\u017eivatel\u00e9 snadno p\u0159istupovat k diagnostice EPIRB . Um\u00edst\u011bn\u00edm chytr\u00e9ho telefonu vedle EPIRB GlobalFix V6 se otev\u0159e aplikace ACR Product App, kter\u00e1 zobrazuje data EPIRB . Aplikace zobrazuje aktu\u00e1ln\u00ed v\u00fddr\u017e baterie maj\u00e1ku, po\u010det dokon\u010den\u00fdch test\u016f GNSS a autotest\u016f a dobu, po kterou byl EPIRB aktivov\u00e1n. U\u017eivatel\u00e9 si mohou prohl\u00e9dnout podrobn\u00e9 informace o ka\u017ed\u00e9m autotestu a testu GNSS proveden\u00e9m za\u0159\u00edzen\u00edm. Testy GNSS zahrnuj\u00ed zobrazen\u00ed mapy s uveden\u00edm m\u00edsta proveden\u00ed p\u0159edchoz\u00edch test\u016f, data a \u010dasu test\u016f, doby, po kterou EPIRB z\u00edskal fix na sou\u0159adnic\u00edch GNSS, po\u010dtu satelit\u016f pou\u017eit\u00fdch k z\u00edsk\u00e1n\u00ed fixu a p\u0159esnosti fixu. NFC umo\u017e\u0148uje u\u017eivatel\u016fm pravideln\u011b kontrolovat stav v\u0161ech funkc\u00ed EPIRB , aby se zajistilo, \u017ee funguje spr\u00e1vn\u011b a je p\u0159ipraven k pou\u017eit\u00ed v p\u0159\u00edpad\u011b nouze.     <\/p>\n<p>&nbsp;<\/p>\n<h3><strong>Return Link Service ( RLS )<\/strong><\/h3>\n<p>Return Link Service informuje u\u017eivatele o p\u0159ijet\u00ed z\u00e1chrann\u00e9ho vys\u00edl\u00e1n\u00ed EPIRB . Sign\u00e1l RLS je odesl\u00e1n zp\u011bt prost\u0159ednictv\u00edm satelitn\u00ed s\u00edt\u011b Galileo a potvrzuje tak, \u017ee bylo doru\u010deno digit\u00e1ln\u00ed hl\u00e1\u0161en\u00ed o pohotovosti v\u010detn\u011b p\u0159esn\u00e9 polohy maj\u00e1ku a identifik\u00e1tor\u016f. Dob\u0159e viditeln\u00e9 blikaj\u00edc\u00ed modr\u00e9 sv\u011btlo indikuje \u00fasp\u011b\u0161n\u00fd p\u0159\u00edjem zpr\u00e1vy zp\u011btn\u00e9ho spojen\u00ed EPIRB prost\u0159ednictv\u00edm satelitn\u00ed s\u00edt\u011b Galileo. Osoby v nouzi, kter\u00e9 aktivovaly maj\u00e1k a obdr\u017eely potvrzen\u00ed RLS v\u011bd\u00ed, \u017ee z\u00e1chran\u00e1\u0159i budou informov\u00e1ni o aktivaci a poloze EPIRB a \u017ee budou zah\u00e1jeny z\u00e1chrann\u00e9 operace.   <\/p>\n<p>&nbsp;<\/p>\n<p>ACR je celosv\u011btov\u011b uzn\u00e1van\u00fdm l\u00eddrem v oblasti elektronick\u00fdch z\u00e1chrann\u00fdch za\u0159\u00edzen\u00ed pro lod\u011b a dal\u0161\u00edch produkt\u016f pro z\u00e1chranu \u017eivota. Vyr\u00e1b\u00ed kvalitn\u00ed z\u00e1chrann\u00e1 \u0159e\u0161en\u00ed, jako je nov\u00fd ACR GlobalFix V6 EPIRB , kter\u00fd je vhodn\u00fd pro v\u0161echny typy a velikosti plavidel v rekrea\u010dn\u00edm i komer\u010dn\u00edm sektoru. Lithiov\u00e9 baterie s dlouhou \u017eivotnost\u00ed, glob\u00e1ln\u00ed satelitn\u00ed p\u0159enos 406 MHz, nav\u00e1d\u011bc\u00ed sign\u00e1l 121,5 MHz, vizu\u00e1ln\u00ed a infra\u010derven\u00e9 z\u00e1bleskov\u00e9 sv\u011btlo a Return Link Service , kter\u00e1 u\u017eivatel\u016fm sd\u011bluje, \u017ee byl p\u0159ijat jejich z\u00e1chrann\u00fd sign\u00e1l, to v\u0161e je zabaleno v odoln\u00e9m vodot\u011bsn\u00e9m maj\u00e1ku. Near Field Communication a bezplatn\u00e1 aplikace ACR umo\u017e\u0148uj\u00ed u\u017eivatel\u016fm kontrolovat stav EPIRB pro v\u011bt\u0161\u00ed spolehlivost. N\u00e1mo\u0159n\u00edci prov\u00e1d\u011bj\u00edc\u00ed pob\u0159e\u017en\u00ed plavby, pracuj\u00edc\u00ed na mo\u0159i nebo k\u0159i\u017euj\u00edc\u00ed oce\u00e1ny ocen\u00ed pokro\u010dil\u00e9 funkce GlobalFix V6 EPIRB .    <\/p>\n","protected":false},"excerpt":{"rendered":"<p>Nov\u00fd ACR GlobalFix V6 EPIRB je v\u0161estrann\u00fd nouzov\u00fd r\u00e1diomaj\u00e1k s indikac\u00ed polohy, vhodn\u00fd pro pou\u017eit\u00ed na rekrea\u010dn\u00edch i komer\u010dn\u00edch plavidlech. Vysoce technologick\u00e9 funkce, jako je Return Link Service ( RLS ), uji\u0161\u0165uj\u00ed u\u017eivatele potvrzen\u00edm, \u017ee maj\u00e1k \u00fasp\u011b\u0161n\u011b odeslal t\u00eds\u0148ovou zpr\u00e1vu a \u017ee tato zpr\u00e1va byla p\u0159ijata. Nov\u00e1 Near Field Communication ( NFC ) od ACR umo\u017e\u0148uje p\u0159ipojen\u00ed maj\u00e1ku k chytr\u00e9mu telefonu pro rychlou diagnostiku, kter\u00e1 prok\u00e1\u017ee, \u017ee je baterie nabit\u00e1 a EPIRB funguje spr\u00e1vn\u011b. GlobalFix V6 je ide\u00e1ln\u00edm bezpe\u010dnostn\u00edm \u0159e\u0161en\u00edm pro v\u0161echny typy plavidel a aktivit, v\u010detn\u011b pob\u0159e\u017en\u00edch plaveb, plaveb na mo\u0159i nebo pr\u00e1ce \u010di rybolovu v jak\u00e9mkoli oce\u00e1nu.   <\/p>\n<p>&nbsp;<\/p>\n<p><a href=\"https:\/\/www.dropbox.com\/s\/fk04stqsp2hgk5f\/Prop%2065%20-%20DEHP.pdf?dl=0\">VAROV\u00c1N\u00cd: PROP 65<\/a><\/p>\n","protected":false},"featured_media":165562,"template":"","meta":{"_acf_changed":false,"om_disable_all_campaigns":false},"product_brand":[],"product_cat":[5949,15813,5953,5719,5970,5951,5947],"product_tag":[15814,8250,15823,7078,5720,15817,15821,9301,15815,5747,9303,15819,15464,9305,15816],"class_list":{"0":"post-159823","1":"product","2":"type-product","3":"status-publish","4":"has-post-thumbnail","6":"product_cat-blizko-pobrezi","7":"product_cat-epirb-cs","8":"product_cat-komercni","9":"product_cat-namorni","10":"product_cat-namorni-sily","11":"product_cat-pobrezni","12":"product_cat-vnitrozemi","13":"product_tag-acr-epirb-cs","14":"product_tag-acr-globalfix-cs","15":"product_tag-aplikace-epirb","16":"product_tag-cospas-sarsat-cs","17":"product_tag-epirb-cs","18":"product_tag-epirb-majak","19":"product_tag-epirb-s-mobilni-aplikaci","20":"product_tag-epirbu","21":"product_tag-globalfix-v6-cs","22":"product_tag-gpirb-cs","23":"product_tag-gps-epirb-cs","24":"product_tag-majak-pro-lode","25":"product_tag-nouzovy-gps-majak","26":"product_tag-nouzovy-signal-indikujici-radiovy-majak","27":"product_tag-v6-cs","28":"pa_activity-rybolov","29":"pa_boat-size-0-20-cs","30":"pa_boat-size-21-40-cs","31":"pa_boat-size-40-80-cs","32":"pa_boat-type-charterova-jachta","33":"pa_boat-type-komercni-rybolov","34":"pa_boat-type-motorovy-clun","35":"pa_boat-type-plachetnice","36":"pa_boat-type-sportcraft-cs","38":"first","39":"instock","40":"taxable","41":"shipping-taxable","42":"purchasable","43":"product-type-variable","44":"has-default-attributes"},"acf":[],"_links":{"self":[{"href":"https:\/\/www.acrartex.com\/cs\/wp-json\/wp\/v2\/product\/159823","targetHints":{"allow":["GET"]}}],"collection":[{"href":"https:\/\/www.acrartex.com\/cs\/wp-json\/wp\/v2\/product"}],"about":[{"href":"https:\/\/www.acrartex.com\/cs\/wp-json\/wp\/v2\/types\/product"}],"wp:featuredmedia":[{"embeddable":true,"href":"https:\/\/www.acrartex.com\/cs\/wp-json\/wp\/v2\/media\/165562"}],"wp:attachment":[{"href":"https:\/\/www.acrartex.com\/cs\/wp-json\/wp\/v2\/media?parent=159823"}],"wp:term":[{"taxonomy":"product_brand","embeddable":true,"href":"https:\/\/www.acrartex.com\/cs\/wp-json\/wp\/v2\/product_brand?post=159823"},{"taxonomy":"product_cat","embeddable":true,"href":"https:\/\/www.acrartex.com\/cs\/wp-json\/wp\/v2\/product_cat?post=159823"},{"taxonomy":"product_tag","embeddable":true,"href":"https:\/\/www.acrartex.com\/cs\/wp-json\/wp\/v2\/product_tag?post=159823"}],"curies":[{"name":"wp","href":"https:\/\/api.w.org\/{rel}","templated":true}]}}