{"id":159818,"date":"2022-11-14T18:20:23","date_gmt":"2022-11-14T23:20:23","guid":{"rendered":"https:\/\/www.acrartex.com\/products\/personal-locator-beacon-resqlink-ais\/"},"modified":"2026-03-06T10:51:57","modified_gmt":"2026-03-06T15:51:57","slug":"personal-locator-beacon-resqlink-ais","status":"publish","type":"product","link":"https:\/\/www.acrartex.com\/cs\/products\/personal-locator-beacon-resqlink-ais\/","title":{"rendered":"Personal Locator Beacon ResQLink AIS"},"content":{"rendered":"<p class=\"ai-optimize-40 ai-optimize-introduction\"><b> <\/b>ACR sv\u011btov\u00fd l\u00eddr v oblasti z\u00e1chrann\u00fdch za\u0159\u00edzen\u00ed a dal\u0161\u00edch produkt\u016f zachra\u0148uj\u00edc\u00edch \u017eivoty, na kter\u00e9 se spol\u00e9haj\u00ed profesion\u00e1ln\u00ed i rekrea\u010dn\u00ed n\u00e1mo\u0159n\u00edci, s hrdost\u00ed nab\u00edz\u00ed nov\u00fd oce\u0148ovan\u00fd Personal Locator Beacon ResQLink AIS ( PLB ). Tento kompaktn\u00ed a high-tech nouzov\u00fd maj\u00e1k je prvn\u00edm PLB na sv\u011bt\u011b, kter\u00fd krom\u011b standardn\u00edho satelitn\u00edho ozn\u00e1men\u00ed prost\u0159ednictv\u00edm z\u00e1chrann\u00e9ho syst\u00e9mu <a href=\"https:\/\/www.cospas-sarsat.int\/en\/\">Cospas Sarsat<\/a> zahrnuje jak AIS ( Automatic Identification System ), tak NFC ( Near Field Communication ). AIS znamen\u00e1 okam\u017eit\u00e9 lok\u00e1ln\u00ed ozn\u00e1men\u00ed pro rychlej\u0161\u00ed z\u00e1chrann\u00e9 \u010dasy. NFC zaji\u0161\u0165uje, \u017ee maj\u00e1k v p\u0159\u00edpad\u011b pot\u0159eby funguje spr\u00e1vn\u011b, a poskytuje snadn\u00fd p\u0159\u00edstup ke v\u0161em funkc\u00edm a z\u00e1znam\u016fm prost\u0159ednictv\u00edm chytr\u00e9ho telefonu. P\u0159esn\u00e9 ur\u010dov\u00e1n\u00ed polohy pomoc\u00ed GNSS ( GPS , Galileo, Glonass) a satelitn\u00edho p\u0159ipojen\u00ed 406 MHz znamen\u00e1 spolehliv\u00fd servis po cel\u00e9m sv\u011bt\u011b. Nav\u00e1d\u011bc\u00ed p\u0159enosy 121,5 MHz v kombinaci s AIS Man Overboard ( AIS MOB ) a viditeln\u00fdm i infra\u010derven\u00fdm stroboskopem pom\u00e1haj\u00ed s lokalizac\u00ed maj\u00e1ku a zrychluj\u00ed dobu z\u00e1chrany. Inovativn\u00ed nov\u00fd ACR ResQLink AIS je PRVN\u00cdM, kter\u00fd kombinuje v\u0161echny tyto funkce v kompaktn\u00edm a snadno pou\u017eiteln\u00e9m PLB maj\u00e1ku, co\u017e z n\u011bj \u010din\u00ed PRVN\u00cd volbu pro seri\u00f3zn\u00ed n\u00e1mo\u0159n\u00edky hledaj\u00edc\u00ed nejlep\u0161\u00ed Personal Locator Beacon pro jachta\u0159e.      <\/p>\n<p>&nbsp;<\/p>\n<h2 class=\"ai-optimize-41\"><strong>Sp\u00e1rov\u00e1n\u00ed glob\u00e1ln\u00ed a lok\u00e1ln\u00ed z\u00e1chrann\u00e9 slu\u017eby s Personal Locator Beacon AIS<\/strong><\/h2>\n<p class=\"ai-optimize-42\">Celosv\u011btov\u00fd satelitn\u00ed syst\u00e9m Cospas Sarsat zahrnuje 3 r\u016fzn\u00e9 konstelace, kter\u00e9 zaji\u0161\u0165uj\u00ed, \u017ee v\u00e1\u0161 t\u00eds\u0148ov\u00fd sign\u00e1l o frekvenci 406 MHz okam\u017eit\u011b dos\u00e1hne glob\u00e1ln\u00ed s\u00edt\u011b p\u00e1trac\u00edch a z\u00e1chrann\u00fdch sil s p\u0159esnost\u00ed na 100 metr\u016f. D\u00edky n\u011bkolika \u00farovn\u00edm integrovan\u00e9 signaliza\u010dn\u00ed technologie, v\u010detn\u011b ur\u010dov\u00e1n\u00ed polohy na frekvenci 406 MHz a GNSS ( GPS , Galileo, Glonass), vys\u00edl\u00e1 PLB tak\u00e9 nav\u00e1d\u011bc\u00ed sign\u00e1l o frekvenci 121,5 MHz, kter\u00fd nav\u00e1d\u00ed p\u00e1trac\u00ed a z\u00e1chrann\u00e9 slo\u017eky k aktu\u00e1ln\u00ed poloze maj\u00e1ku po p\u0159\u00edjezdu na m\u00edsto, proto\u017ee se maj\u00e1k mohl odch\u00fdlit od p\u016fvodn\u011b vys\u00edlan\u00e9 polohy. P\u0159id\u00e1n\u00ed p\u0159enos\u016f maj\u00e1ku AIS \u201eMu\u017e p\u0159es palubu\u201c znamen\u00e1, \u017ee ResQLink AIS sou\u010dasn\u011b upozorn\u00ed v\u0161echna plavidla vybaven\u00e1 transpond\u00e9ry AIS v dosahu VHF r\u00e1diov\u00e9ho sign\u00e1lu t\u00eds\u0148ov\u00e9 polohy PLB . To v\u00fdrazn\u011b zvy\u0161uje pravd\u011bpodobnost i rychlost z\u00e1chrany, proto\u017ee bl\u00edzk\u00e1 plavidla p\u0159ij\u00edmaj\u00ed upozorn\u011bn\u00ed AIS MOB . Ihned po nasazen\u00ed maj\u00e1ku se na jak\u00e9koli obrazovce AIS v dosahu zobraz\u00ed bezpe\u010dnostn\u00ed zpr\u00e1va AIS nebo alarm AIS na MOB polohu s MMSI a polohou maj\u00e1ku. D\u00edky tomu se bl\u00edzk\u00e1 plavidla snadno zam\u011b\u0159\u00ed na maj\u00e1k, proto\u017ee se na jejich obrazovk\u00e1ch zobrazuje jako aktivn\u00ed c\u00edl AIS .     <\/p>\n<p class=\"ai-optimize-43\">Syst\u00e9m ResQLink AIS osv\u011btl\u00ed cestu z\u00e1chran\u00e1\u0159\u016fm p\u0159i jejich p\u0159\u00edjezdu na m\u00edsto pomoc\u00ed b\u00edl\u00e9ho viditeln\u00e9ho i infra\u010derven\u00e9ho stroboskopu, kter\u00fd jim poskytne vizu\u00e1ln\u00ed referenci pot\u0159ebnou b\u011bhem no\u010dn\u00edch operac\u00ed nebo p\u0159i jin\u00fdch z\u00e1chrann\u00fdch operac\u00edch za sn\u00ed\u017een\u00e9 viditelnosti.<\/p>\n<h2 class=\"ai-optimize-44\"><strong>P\u0159ipojen\u00ed chytr\u00fdch telefon\u016f pomoc\u00ed Near Field Communication ( NFC )<\/strong><\/h2>\n<p class=\"ai-optimize-45\"><a href=\"https:\/\/www.youtube.com\/watch?v=WqE0ag4yqG4\">Integrace technologie NFC<\/a> poskytuje u\u017eivatel\u016fm mo\u017enost pohodln\u00e9ho p\u0159\u00edstupu k dat\u016fm z maj\u00e1ku z jejich mobiln\u00edho telefonu. Jednoduch\u00fdm p\u0159ilo\u017een\u00edm telefonu k maj\u00e1ku se automaticky otev\u0159e aplikace ACR Product App a poskytne p\u0159\u00edstup k mno\u017estv\u00ed \u00fadaj\u016f o pou\u017e\u00edv\u00e1n\u00ed, v\u010detn\u011b aktu\u00e1ln\u00ed v\u00fddr\u017ee baterie, po\u010dtu dokon\u010den\u00fdch autotest\u016f, po\u010dtu dokon\u010den\u00fdch test\u016f GNSS a p\u0159\u00edpadn\u011b i doby, po kterou byl maj\u00e1k aktivov\u00e1n. Na po\u017e\u00e1d\u00e1n\u00ed jsou k dispozici tak\u00e9 podrobn\u00e9 informace o ka\u017ed\u00e9m autotestu a testu GNSS proveden\u00e9m maj\u00e1kem. U ka\u017ed\u00e9ho \u00fasp\u011b\u0161n\u00e9ho testu GNSS si u\u017eivatel\u00e9 mohou zobrazit mapu s p\u0159esn\u00fdm m\u00edstem proveden\u00ed testu, datem a \u010dasem proveden\u00ed, \u010dasem, kter\u00fd maj\u00e1ku trvalo z\u00edskat fix na sou\u0159adnic\u00edch GNSS, po\u010dtem satelit\u016f, kter\u00e9 maj\u00e1k pou\u017eil k z\u00edsk\u00e1n\u00ed fixu, a p\u0159esnost\u00ed ur\u010den\u00ed polohy.   <\/p>\n<h2 class=\"ai-optimize-46\"><strong>Return Link Service ( RLS )<\/strong><\/h2>\n<p class=\"ai-optimize-47\">Funkce RLS funguje tak, \u017ee ode\u0161le sign\u00e1l zp\u011bt prost\u0159ednictv\u00edm satelitn\u00ed s\u00edt\u011b Galileo, kter\u00fd potvrd\u00ed u\u017eivateli maj\u00e1ku, \u017ee jeho t\u00eds\u0148ov\u00e1 zpr\u00e1va byla p\u0159ijata a jeho poloha byla detekov\u00e1na pob\u0159e\u017en\u00ed str\u00e1\u017e\u00ed. Potvrzovac\u00ed zpr\u00e1va je z\u0159eteln\u011b indikov\u00e1na blikaj\u00edc\u00edm modr\u00fdm sv\u011btlem na PLB . Stejn\u011b jako ostatn\u00ed maj\u00e1ky ACR , kter\u00e9 obsahuj\u00ed d\u016fle\u017eitou funkci RLS , poskytuje ResQLink AIS pohodl\u00ed v\u011bdom\u00ed, \u017ee t\u00eds\u0148ov\u00e1 zpr\u00e1va byla \u00fasp\u011b\u0161n\u011b doru\u010dena.   Pochopen\u00ed toho, \u017ee z\u00e1chran\u00e1\u0159i znaj\u00ed vys\u00edl\u00e1n\u00ed a um\u00edst\u011bn\u00ed maj\u00e1ku, sni\u017euje stres \u010dasto spojen\u00fd s incidenty typu \u201emu\u017e p\u0159es palubu\u201c.<\/p>\n<h2 class=\"ai-optimize-48\"><strong>Kompatibilita a integrace PFD<\/strong><\/h2>\n<p class=\"ai-optimize-49\">ResQLink AIS je navr\u017een k instalaci do z\u00e1chrann\u00e9 vesty a aktivaci po jej\u00edm nafouknut\u00ed (poloautomatick\u00e9). Instalace je jednoduch\u00e1 pomoc\u00ed p\u0159ilo\u017een\u00e9 spony na nafukovac\u00ed trubici, kter\u00e1 p\u0159ipevn\u00ed PLB k z\u00e1chrann\u00e9 vest\u011b pomoc\u00ed stuhy upevn\u011bn\u00e9 kolem vaku z\u00e1chrann\u00e9 vesty. Po spr\u00e1vn\u00e9 instalaci se nafouknut\u00edm z\u00e1chrann\u00e9 vesty spust\u00ed rozvinut\u00ed ant\u00e9ny a aktivace maj\u00e1ku.  <\/p>\n<p class=\"ai-optimize-37\"><strong>P\u0159ed instalac\u00ed se doporu\u010duje konzultace s v\u00fdrobcem z\u00e1chrann\u00fdch vest, proto\u017ee konkr\u00e9tn\u00ed modely mohou m\u00edt sv\u016fj vlastn\u00ed preferovan\u00fd zp\u016fsob mont\u00e1\u017ee nebo doporu\u010den\u00ed pro integraci.<\/strong><\/p>\n<p><iframe loading=\"lazy\" title=\"ResQLink AIS: Life Jacket Installation | ACR ARTEX\" width=\"500\" height=\"281\" src=\"https:\/\/www.youtube.com\/embed\/Y7BpQoea-mQ?start=5&#038;feature=oembed\" frameborder=\"0\" allow=\"accelerometer; autoplay; clipboard-write; encrypted-media; gyroscope; picture-in-picture; web-share\" referrerpolicy=\"strict-origin-when-cross-origin\" allowfullscreen><\/iframe><\/p>\n<p class=\"ai-optimize-50\">U\u017eivatel\u00e9, kte\u0159\u00ed si nep\u0159ej\u00ed instalovat PLB do z\u00e1chrann\u00e9 vesty, maj\u00ed mo\u017enost pou\u017e\u00edt p\u0159ilo\u017een\u00fd popruhov\u00fd klip k p\u0159ipevn\u011bn\u00ed maj\u00e1ku k opasku vhodn\u00e9 velikosti nebo k popruhu inherentn\u011b vztlakov\u00e9 z\u00e1chrann\u00e9 vesty.<\/p>\n<p class=\"ai-optimize-51\">Kompletn\u00ed kombinace Personal Locator Beacon 406 MHz s maj\u00e1kem AIS pro mu\u017ee p\u0159es palubu d\u011bl\u00e1 z nov\u00e9ho ResQLink AIS nejlep\u0161\u00ed Personal Locator Beacon pro rychlou z\u00e1chranu jachta\u0159\u016f.<\/p>\n","protected":false},"excerpt":{"rendered":"<p>Zcela nov\u00fd Personal Locator Beacon ACR ResQLink AIS ( PLB ) je technologicky nejvysp\u011blej\u0161\u00edm maj\u00e1kem na sv\u011bt\u011b, proto\u017ee obsahuje satelitn\u00ed i lok\u00e1ln\u00ed transpond\u00e9ry. D\u00edky zaveden\u00ed funkc\u00ed Automatic Identification System ( AIS ), technologie Return Link Service ( RLS ) a schopnosti Near Field Communication ( NFC ) v jednom maj\u00e1ku o frekvenci 406 MHz p\u0159edstavuje ResQLink AIS z\u00e1sadn\u00ed pokrok ve v\u00fdvoji technologie PLB . <\/p>\n<p>Kombinace t\u00eds\u0148ov\u00fdch zpr\u00e1v 406 MHz a AIS , navr\u017een\u00e1 v\u00fdhradn\u011b pro n\u00e1mo\u0159n\u00ed pou\u017eit\u00ed, poprv\u00e9 spojuje glob\u00e1ln\u00ed i m\u00edstn\u00ed z\u00e1chrann\u00e9 slo\u017eky do jednoho maj\u00e1ku, \u010d\u00edm\u017e roz\u0161i\u0159uje p\u0159\u00edstup pob\u0159e\u017en\u00ed str\u00e1\u017ei a p\u00e1trac\u00edm a z\u00e1chrann\u00fdm slo\u017ek\u00e1m, stejn\u011b jako komer\u010dn\u00edm a rekrea\u010dn\u00edm lod\u00edm v oblasti. Upozorn\u011bn\u00ed m\u00edstn\u00edch lod\u00ed vybaven\u00fdch AIS ve va\u0161em okol\u00ed umo\u017e\u0148uje dal\u0161\u00edm plavidl\u016fm p\u0159\u00edmo reagovat na digit\u00e1ln\u00ed nouzov\u00e9 hl\u00e1\u0161en\u00ed s uveden\u00edm va\u0161\u00ed p\u0159esn\u00e9 polohy. <\/p>\n<p>Krom\u011b toho <a href=\"https:\/\/www.youtube.com\/watch?v=WqE0ag4yqG4\">funkce NFC<\/a> poskytuje u\u017eivatel\u016fm prvn\u00ed osobn\u00ed lokaliza\u010dn\u00ed maj\u00e1k na sv\u011bt\u011b p\u0159ipojen\u00fd k chytr\u00e9mu telefonu a nov\u00e1 funkce Return Link Service u\u017eivatel\u016fm poskytuje klid s v\u011bdom\u00edm, \u017ee pob\u0159e\u017en\u00ed str\u00e1\u017e p\u0159ijala jejich t\u00eds\u0148ovou zpr\u00e1vu a detekovala jejich polohu.<\/p>\n<p>&nbsp;<\/p>\n<p><a href=\"https:\/\/www.dropbox.com\/s\/8343nj28z0d7bxa\/Prop%2065%20-%20BPA.pdf?dl=0\" data-cke-saved-href=\"https:\/\/www.dropbox.com\/s\/8343nj28z0d7bxa\/Prop%2065%20-%20BPA.pdf?dl=0\">VAROV\u00c1N\u00cd: PROP 65<\/a><\/p>\n","protected":false},"featured_media":31791,"template":"","meta":{"_acf_changed":false,"om_disable_all_campaigns":false},"product_brand":[],"product_cat":[5949,5953,5719,5970,12194,5951,5947],"product_tag":[9618,15811,11648,5795,15465,5791],"class_list":{"0":"post-159818","1":"product","2":"type-product","3":"status-publish","4":"has-post-thumbnail","6":"product_cat-blizko-pobrezi","7":"product_cat-komercni","8":"product_cat-namorni","9":"product_cat-namorni-sily","10":"product_cat-personal-locator-beacon-cs","11":"product_cat-pobrezni","12":"product_cat-vnitrozemi","13":"product_tag-ais-cs","14":"product_tag-ais-plb-cs","15":"product_tag-osobni-lokacni-majak-acr","16":"product_tag-osobni-lokalizacni-majak","17":"product_tag-personal-locator-beacon-ais","18":"product_tag-plb-cs","19":"pa_activity-rybolov","20":"pa_boat-size-0-20-cs","21":"pa_boat-size-21-40-cs","22":"pa_boat-size-40-80-cs","23":"pa_boat-size-80-cs","24":"pa_boat-type-charterova-jachta","25":"pa_boat-type-jachta","26":"pa_boat-type-komercni-rybolov","27":"pa_boat-type-motorovy-clun","28":"pa_boat-type-nakladni-lod","29":"pa_boat-type-plachetnice","30":"pa_boat-type-remorker","31":"pa_boat-type-sportcraft-cs","32":"pa_product-rescue-beacons-cs","34":"first","35":"instock","36":"taxable","37":"shipping-taxable","38":"purchasable","39":"product-type-variable"},"acf":[],"_links":{"self":[{"href":"https:\/\/www.acrartex.com\/cs\/wp-json\/wp\/v2\/product\/159818","targetHints":{"allow":["GET"]}}],"collection":[{"href":"https:\/\/www.acrartex.com\/cs\/wp-json\/wp\/v2\/product"}],"about":[{"href":"https:\/\/www.acrartex.com\/cs\/wp-json\/wp\/v2\/types\/product"}],"wp:featuredmedia":[{"embeddable":true,"href":"https:\/\/www.acrartex.com\/cs\/wp-json\/wp\/v2\/media\/31791"}],"wp:attachment":[{"href":"https:\/\/www.acrartex.com\/cs\/wp-json\/wp\/v2\/media?parent=159818"}],"wp:term":[{"taxonomy":"product_brand","embeddable":true,"href":"https:\/\/www.acrartex.com\/cs\/wp-json\/wp\/v2\/product_brand?post=159818"},{"taxonomy":"product_cat","embeddable":true,"href":"https:\/\/www.acrartex.com\/cs\/wp-json\/wp\/v2\/product_cat?post=159818"},{"taxonomy":"product_tag","embeddable":true,"href":"https:\/\/www.acrartex.com\/cs\/wp-json\/wp\/v2\/product_tag?post=159818"}],"curies":[{"name":"wp","href":"https:\/\/api.w.org\/{rel}","templated":true}]}}