{"id":159756,"date":"2023-04-10T16:25:24","date_gmt":"2023-04-10T21:25:24","guid":{"rendered":"https:\/\/www.acrartex.com\/products\/elt-4000m-hm\/"},"modified":"2023-04-10T16:25:24","modified_gmt":"2023-04-10T21:25:24","slug":"elt-4000m-hm","status":"publish","type":"product","link":"https:\/\/www.acrartex.com\/cs\/products\/elt-4000m-hm\/","title":{"rendered":"ELT 4000M HM"},"content":{"rendered":"<p>Zcela nov\u00fd ARTEX ELT 4000M HM je t\u0159\u00edfrekven\u010dn\u00ed Emergency Locator Transmitter ( ELT ) transportn\u00ed t\u0159\u00eddy pro trh s rotorov\u00fdmi letadly, kter\u00fd vyu\u017e\u00edv\u00e1 alkalick\u00e9 baterie. Tento inovativn\u00ed zdroj energie znamen\u00e1, \u017ee ELT 4000M HM je zcela vy\u0148at ze zvl\u00e1\u0161tn\u00edch po\u017eadavk\u016f FAA. Mezi v\u00fdhody n\u00e1klad\u016f na vlastnictv\u00ed ARTEX ELT 4000M HM pat\u0159\u00ed ni\u017e\u0161\u00ed n\u00e1klady na baterii na cyklus, \u017e\u00e1dn\u00e1 p\u0159eprava nebezpe\u010dn\u00fdch l\u00e1tek a snadn\u00e1 likvidace. Integrovan\u00e9 naviga\u010dn\u00ed rozhran\u00ed (ARINC429) eliminuje po\u017eadavek a n\u00e1klady na instalaci samostatn\u00e9 naviga\u010dn\u00ed jednotky.   <\/p>\n<p>&nbsp;<\/p>\n<p><strong>Jak funguje ARTEX ELT 4000M HM<\/strong><\/p>\n<p>Radiomaj\u00e1k ARTEX ELT 4000M HM lze aktivovat ru\u010dn\u011b (pomoc\u00ed d\u00e1lkov\u00e9ho sp\u00edna\u010de v kokpitu) nebo automaticky (G-sp\u00edna\u010d detekuje n\u00e1raz o frekvenci 2,3 G nebo vy\u0161\u0161\u00ed) a upozorn\u00ed nejbli\u017e\u0161\u00ed p\u00e1trac\u00ed a z\u00e1chrannou slu\u017ebu na nouzovou situaci. Sign\u00e1l o frekvenci 406 MHz, kter\u00fd obsahuje GPS sou\u0159adnice letadla, je vys\u00edl\u00e1n na satelity Cospas-Sarsat a p\u0159ed\u00e1v\u00e1n do \u0159\u00eddic\u00edho st\u0159ediska mise, kde je okam\u017eit\u011b sm\u011brov\u00e1n k nejbli\u017e\u0161\u00ed p\u00e1trac\u00ed a z\u00e1chrann\u00e9 slu\u017eb\u011b. Maj\u00e1k poskytne z\u00e1chrann\u00fdm slo\u017ek\u00e1m p\u0159esnou polohu s p\u0159esnost\u00ed na 100 metr\u016f. Nav\u00e1d\u011bc\u00ed sign\u00e1ly o frekvenci 121,5 a 243,0 MHz pom\u00e1haj\u00ed pozemn\u00edm p\u00e1trac\u00edm a z\u00e1chrann\u00fdm sil\u00e1m naj\u00edt m\u00edsto nouze.   <\/p>\n<p>&nbsp;<\/p>\n<p><strong>Snadn\u00e1 instalace a dodate\u010dn\u00e1 mont\u00e1\u017e<\/strong><\/p>\n<p>Za\u0159\u00edzen\u00ed ARTEX ELT 4000M HM nab\u00edz\u00ed rychlou a snadnou mo\u017enost dodate\u010dn\u00e9 mont\u00e1\u017ee s flexibiln\u00edmi mo\u017enostmi instalace, jako je nap\u0159\u00edklad dvouvodi\u010dov\u00fd d\u00e1lkov\u00fd sp\u00edna\u010d, kter\u00fd nevy\u017eaduje \u017e\u00e1dn\u00e9 nap\u00e1jen\u00ed z letadla. ELT 4000M HM je schv\u00e1len TSO pro pou\u017eit\u00ed se syst\u00e9my star\u0161\u00edch p\u0159ep\u00edna\u010d\u016f a ant\u00e9n, co\u017e usnad\u0148uje dodate\u010dnou mont\u00e1\u017e. Proto\u017ee se jedn\u00e1 o ELT s jedn\u00edm v\u00fdstupem, vyu\u017e\u00edv\u00e1 ARTEX ELT 4000M HM stejn\u00fd RF v\u00fdstup a pouze jeden koaxi\u00e1ln\u00ed kabel pro p\u0159enos sign\u00e1l\u016f 406 MHz, 121,5 MHz a 243,0 MHz. Vestav\u011bn\u00e9 naviga\u010dn\u00ed rozhran\u00ed sni\u017euje pot\u0159ebu mont\u00e1\u017ee sekund\u00e1rn\u00edho extern\u00edho rozhran\u00ed, co\u017e v\u00fdrazn\u011b sni\u017euje n\u00e1klady na instalaci. Mont\u00e1\u017en\u00ed deska odpov\u00edd\u00e1 star\u0161\u00ed instalaci ELT \u0159ad ARTEX C a B, a t\u00edm d\u00e1le sni\u017euje n\u00e1klady na in\u017een\u00fdrsk\u00e9 pr\u00e1ce.    <\/p>\n<p>&nbsp;<\/p>\n<p><strong>Vlastnosti produktu<\/strong><\/p>\n<ul>\n<li>Automatick\u00fd pevn\u00fd Emergency Locator Transmitter<\/li>\n<li>3frekven\u010dn\u00ed nouzov\u00fd maj\u00e1k, digit\u00e1ln\u00ed 406 MHz a analogov\u00e9 nav\u00e1d\u011bc\u00ed sign\u00e1ly 121,5 MHz a 243,0 MHz<\/li>\n<li>Dvoup\u00e1smov\u00e1 ant\u00e9na s jedn\u00edm konektorem a kabelem k vys\u00edla\u010di<\/li>\n<li>Kompatibiln\u00ed se star\u0161\u00edmi ant\u00e9nami<\/li>\n<li>Snadn\u00e1 \u00fadr\u017eba a instalace<\/li>\n<li>K dispozici je mnoho mo\u017enost\u00ed d\u00e1lkov\u00e9ho ovl\u00e1d\u00e1n\u00ed v kokpitu<\/li>\n<li>Mo\u017enost p\u0159ipojen\u00ed k palubn\u00edmu GPS p\u0159es integrovan\u00e9 rozhran\u00ed ARINC429<\/li>\n<li>Data GPS jsou integrov\u00e1na do digit\u00e1ln\u00edho p\u0159enosu, \u010d\u00edm\u017e se dosah vyhled\u00e1v\u00e1n\u00ed sni\u017euje na 100 metr\u016f. Schv\u00e1leno pro typ Cospas-Sarsat.<\/li>\n<li>Kompatibiln\u00ed se syst\u00e9mem pro testov\u00e1n\u00ed satelit\u016f ARTEX 406Test.com<\/li>\n<li>\u017divotnost baterie 5 let (vym\u011bniteln\u00e1). Dod\u00e1v\u00e1no v bezpe\u010dn\u00e9m stavu. <\/li>\n<\/ul>\n<p><strong>Seznamy v\u011bc\u00ed k zabalen\u00ed<\/strong><\/p>\n<p><a href=\"https:\/\/www.dropbox.com\/scl\/fi\/66srmtbef84du2j1inktb\/8268A.pdf?rlkey=f3pwnc4za6m0728rq3sp4rwi4&amp;dl=1\">8268<\/a><br \/>\n<a href=\"https:\/\/www.dropbox.com\/scl\/fi\/7c8k7n0o89y7puw1u6yti\/8269A.pdf?rlkey=e0pa0un3tqsga4501s4tet0ao&amp;dl=1\">8269<\/a><\/p>\n","protected":false},"excerpt":{"rendered":"<p>Regula\u010dn\u00ed prost\u0159ed\u00ed pro lithiov\u00e9 baterie se zm\u011bnilo a ELT 4000M HM je tu pro v\u00e1s. ACR dod\u00e1v\u00e1 inovativn\u00ed n\u00e1vrhy bateriov\u00fdch syst\u00e9m\u016f, kter\u00e9 zaji\u0161\u0165uj\u00ed bezprobl\u00e9movou certifikaci. Artex ELT 4000M HM je t\u0159\u00edfrekven\u010dn\u00ed ELT , kter\u00fd je zcela osvobozen od jak\u00fdchkoli probl\u00e9m\u016f shody s p\u0159edpisy FAA pro lithiov\u00e9 baterie a je dod\u00e1v\u00e1n v bezrizikov\u00e9m stavu.  <\/p>\n<p>&nbsp;<\/p>\n<p><a href=\"https:\/\/www.acrartex.com\/products\/406test-elt-self-testing-service\/\"><img loading=\"lazy\" decoding=\"async\" class=\"alignnone\" style=\"width: 300px; height: 41px;\" src=\"\/\/dk2ztu5ooimmu.cloudfront.net\/ckeditor_assets\/pictures\/146\/406Test_with_desc_-_Tag.gif\" alt=\"\" width=\"641\" height=\"88\"><\/a><\/p>\n<p><a href=\"mailto:ArtexSales@acrartex.com?subject= ELT %204000% 20Prodej%20Dotaz\"><img decoding=\"async\" style=\"width: 200px; height: 168px;\" src=\"\/\/dk2ztu5ooimmu.cloudfront.net\/ckeditor_assets\/pictures\/147\/ARTEX_-_ELT_4000_Ad_Bubble.gif\" alt=\"\"><\/a><\/p>\n","protected":false},"featured_media":12375,"template":"","meta":{"_acf_changed":false,"om_disable_all_campaigns":false},"product_brand":[],"product_cat":[8584,5534,5632],"product_tag":[15761,15762,15774,15764,9010,15760,15766,15768,15767,12657,5546,12697,12676,12666,5537,9005,15771,15765,15769,15770,9019,12685,5542,5547,15763,9017,5548,12705,9023],"class_list":{"0":"post-159756","1":"product","2":"type-product","3":"status-publish","4":"has-post-thumbnail","6":"product_cat-komercni-letadla","7":"product_cat-letectvi","8":"product_cat-rotorcraft","9":"product_tag-243-mhz-cs","10":"product_tag-2430-mhz-cs","11":"product_tag-2430-mhz-elt-cs","12":"product_tag-3-frekvence","13":"product_tag-4000-cs","14":"product_tag-4000-m-cs","15":"product_tag-4000-m-hm-cs","16":"product_tag-4000-mhm-cs-2","17":"product_tag-4000-mhm-cs","18":"product_tag-4000-ohmu","19":"product_tag-406-mhz-elt-cs","20":"product_tag-alkalicke","21":"product_tag-bez-lithia-cs","22":"product_tag-bez-lithia","23":"product_tag-elt-cs","24":"product_tag-elt-4000-cs","25":"product_tag-elt-4000-mhm-cs","26":"product_tag-elt-4000m-cs","27":"product_tag-elt-4000m-hm-cs","28":"product_tag-elt-4000mhm-cs","29":"product_tag-elt4000-cs","30":"product_tag-nebezpecne","31":"product_tag-nouzovy-vysilac-lokalizace","32":"product_tag-nouzovy-vysilac-polohy","33":"product_tag-trifrekvencni","34":"product_tag-vylepseni-elt","35":"product_tag-vylepseni-elt-121-5","36":"product_tag-zvlastni-podminky","37":"product_tag-zvlastni-podminky-pro-lithium","38":"pa_aircraft-type-dopravni-letadla","39":"pa_product-reseni-elt","41":"first","42":"instock","43":"taxable","44":"shipping-taxable","45":"product-type-simple"},"acf":[],"_links":{"self":[{"href":"https:\/\/www.acrartex.com\/cs\/wp-json\/wp\/v2\/product\/159756","targetHints":{"allow":["GET"]}}],"collection":[{"href":"https:\/\/www.acrartex.com\/cs\/wp-json\/wp\/v2\/product"}],"about":[{"href":"https:\/\/www.acrartex.com\/cs\/wp-json\/wp\/v2\/types\/product"}],"wp:featuredmedia":[{"embeddable":true,"href":"https:\/\/www.acrartex.com\/cs\/wp-json\/wp\/v2\/media\/12375"}],"wp:attachment":[{"href":"https:\/\/www.acrartex.com\/cs\/wp-json\/wp\/v2\/media?parent=159756"}],"wp:term":[{"taxonomy":"product_brand","embeddable":true,"href":"https:\/\/www.acrartex.com\/cs\/wp-json\/wp\/v2\/product_brand?post=159756"},{"taxonomy":"product_cat","embeddable":true,"href":"https:\/\/www.acrartex.com\/cs\/wp-json\/wp\/v2\/product_cat?post=159756"},{"taxonomy":"product_tag","embeddable":true,"href":"https:\/\/www.acrartex.com\/cs\/wp-json\/wp\/v2\/product_tag?post=159756"}],"curies":[{"name":"wp","href":"https:\/\/api.w.org\/{rel}","templated":true}]}}