{"id":159722,"date":"2023-03-08T10:11:32","date_gmt":"2023-03-08T15:11:32","guid":{"rendered":"https:\/\/www.acrartex.com\/products\/plovaci-vak-pro-resqlink-ais\/"},"modified":"2023-03-08T10:11:32","modified_gmt":"2023-03-08T15:11:32","slug":"plovaci-vak-pro-resqlink-ais","status":"publish","type":"product","link":"https:\/\/www.acrartex.com\/cs\/products\/plovaci-vak-pro-resqlink-ais\/","title":{"rendered":"Plovac\u00ed vak pro ResQlink AIS"},"content":{"rendered":"<ul>\n<li>Lehk\u00e1<\/li>\n<li>Udr\u017euje ResQLink v bezpe\u010d\u00ed a zaji\u0161\u0165uje vztlak<\/li>\n<\/ul>\n","protected":false},"excerpt":{"rendered":"<p>Plovac\u00ed pouzdro p\u0159id\u00e1v\u00e1 druhou vrstvu ochrany va\u0161emu osobn\u00edmu lok\u00e1toru a umo\u017e\u0148uje mu plavat. M\u00e1 elegantn\u00ed tvar a snadno se p\u0159ipev\u0148uje k ResQLink AIS pomoc\u00ed vestav\u011bn\u00e9 \u0161\u0148\u016frky. <\/p>\n<p><strong>POZN\u00c1MKA: Toto pouzdro je ur\u010deno pouze pro model ResQLink PLB -450 (\u010d. d\u00edlu 2933). Toto pouzdro nebude kompatibiln\u00ed s ResQLink 400 (\u010d. d\u00edlu 2921), ResQLink View (\u010d. d\u00edlu 2922), ResQLink RLS 410 (\u010d. d\u00edlu 2931) ani ResQLink View RLS 435 (\u010d. d\u00edlu 2932).   <\/strong><\/p>\n<h2><span style=\"color: #ff0000;\"><strong>V PRODEJI POUZE PO OMEZENOU DOBU<\/strong><\/span><\/h2>\n<p><a href=\"https:\/\/www.dropbox.com\/s\/x4vzqxmcrtt8f32\/Prop%2065%20Warning_Chloroprene.JPG?dl=0\">VAROV\u00c1N\u00cd: PROP 65<\/a><\/p>\n","protected":false},"featured_media":159724,"template":"","meta":{"_acf_changed":false,"om_disable_all_campaigns":false},"product_brand":[],"product_cat":[6688,5953,5719,5951,5947],"product_tag":[],"class_list":{"0":"post-159722","1":"product","2":"type-product","3":"status-publish","4":"has-post-thumbnail","6":"product_cat-bezpecnostni-prislusenstvi","7":"product_cat-komercni","8":"product_cat-namorni","9":"product_cat-pobrezni","10":"product_cat-vnitrozemi","11":"pa_product-bezpecnostni-prislusenstvi","13":"first","14":"instock","15":"taxable","16":"shipping-taxable","17":"purchasable","18":"product-type-simple"},"acf":[],"_links":{"self":[{"href":"https:\/\/www.acrartex.com\/cs\/wp-json\/wp\/v2\/product\/159722","targetHints":{"allow":["GET"]}}],"collection":[{"href":"https:\/\/www.acrartex.com\/cs\/wp-json\/wp\/v2\/product"}],"about":[{"href":"https:\/\/www.acrartex.com\/cs\/wp-json\/wp\/v2\/types\/product"}],"wp:featuredmedia":[{"embeddable":true,"href":"https:\/\/www.acrartex.com\/cs\/wp-json\/wp\/v2\/media\/159724"}],"wp:attachment":[{"href":"https:\/\/www.acrartex.com\/cs\/wp-json\/wp\/v2\/media?parent=159722"}],"wp:term":[{"taxonomy":"product_brand","embeddable":true,"href":"https:\/\/www.acrartex.com\/cs\/wp-json\/wp\/v2\/product_brand?post=159722"},{"taxonomy":"product_cat","embeddable":true,"href":"https:\/\/www.acrartex.com\/cs\/wp-json\/wp\/v2\/product_cat?post=159722"},{"taxonomy":"product_tag","embeddable":true,"href":"https:\/\/www.acrartex.com\/cs\/wp-json\/wp\/v2\/product_tag?post=159722"}],"curies":[{"name":"wp","href":"https:\/\/api.w.org\/{rel}","templated":true}]}}