{"id":159704,"date":"2023-11-20T14:34:40","date_gmt":"2023-11-20T19:34:40","guid":{"rendered":"https:\/\/www.acrartex.com\/products\/drzak-epirb-s-manualnim-uvolnenim-globalfix-v5-v6-cat-ii\/"},"modified":"2025-07-29T14:53:23","modified_gmt":"2025-07-29T19:53:23","slug":"drzak-epirb-s-manualnim-uvolnenim-globalfix-v5-v6-cat-ii","status":"publish","type":"product","link":"https:\/\/www.acrartex.com\/cs\/products\/drzak-epirb-s-manualnim-uvolnenim-globalfix-v5-v6-cat-ii\/","title":{"rendered":"Dr\u017e\u00e1k EPIRB s manu\u00e1ln\u00edm uvoln\u011bn\u00edm GlobalFix V5\/V6 Cat II"},"content":{"rendered":"<ul>\n<li>Jednoduch\u00fd mechanismus manu\u00e1ln\u00edho uvoln\u011bn\u00ed s funkc\u00ed uchopen\u00ed a odta\u017een\u00ed<\/li>\n<li>Jednosm\u011brn\u00e1 mont\u00e1\u017e eliminuje mo\u017enost instalace EPIRB obr\u00e1cen\u011b<\/li>\n<li>Integrovan\u00fd deaktiva\u010dn\u00ed magnet zabra\u0148uje vys\u00edl\u00e1n\u00ed EPIRB , dokud nen\u00ed odstran\u011bn<\/li>\n<\/ul>\n","protected":false},"excerpt":{"rendered":"<p>Drsn\u00e9 podm\u00ednky nemaj\u00ed proti dr\u017e\u00e1ku EPIRB s ru\u010dn\u00edm uvoln\u011bn\u00edm kategorie II \u0161anci. Tento dr\u017e\u00e1k EPIRB je vyroben tak, aby vydr\u017eel i va\u0161e nejdivo\u010dej\u0161\u00ed dobrodru\u017estv\u00ed. Pokud se va\u0161e plavidlo za\u010dne napou\u0161t\u011bt, jednoduch\u00fd mechanismus uvoln\u011bn\u00ed dr\u017e\u00e1ku EPIRB s ru\u010dn\u00edm uvoln\u011bn\u00edm \u201euchop a jdi\u201c s jednosm\u011brnou mont\u00e1\u017e\u00ed usnad\u0148uje jeho odebr\u00e1n\u00ed a aktivaci. Tento dr\u017e\u00e1k je kompatibiln\u00ed pouze s EPIRB GlobalFix \u2122 V5 a GlobalFix \u2122 V6.   <\/p>\n","protected":false},"featured_media":159741,"template":"","meta":{"_acf_changed":false,"om_disable_all_campaigns":false},"product_brand":[],"product_cat":[5949,5953,5719,5970,5951,5947],"product_tag":[5544,15727,15730,15748,5720,15723,6705,15725,8254,6694,15751,8168,15742,8169,15733,15736,15745,8163,15739,8165],"class_list":{"0":"post-159704","1":"product","2":"type-product","3":"status-publish","4":"has-post-thumbnail","6":"product_cat-blizko-pobrezi","7":"product_cat-komercni","8":"product_cat-namorni","9":"product_cat-namorni-sily","10":"product_cat-pobrezni","11":"product_cat-vnitrozemi","12":"product_tag-akr","13":"product_tag-drzak-epirb-kategorie-2","14":"product_tag-drzak-epirb-kategorie-ii","15":"product_tag-drzak-rucniho-uvolneni","16":"product_tag-epirb-cs","17":"product_tag-kat-2-cs","18":"product_tag-kategorie-2-cs","19":"product_tag-kategorie-ii-cs","20":"product_tag-kategorie-ii","21":"product_tag-konzola","22":"product_tag-manualni-uvolneni","23":"product_tag-more","24":"product_tag-morsky-pristresek-4","25":"product_tag-morsky-ukryt","26":"product_tag-rlb-43-cs","27":"product_tag-rlb-44-cs","28":"product_tag-rucni-drzak","29":"product_tag-sea-shelter-cs","30":"product_tag-sea-shelter-4-cs","31":"product_tag-zavorka-epirb","32":"pa_boat-size-0-20-cs","33":"pa_boat-size-21-40-cs","34":"pa_boat-size-40-80-cs","35":"pa_boat-size-80-cs","36":"pa_boat-type-charterova-jachta","37":"pa_boat-type-jachta","38":"pa_boat-type-komercni-rybolov","39":"pa_boat-type-motorovy-clun","40":"pa_boat-type-nakladni-lod","41":"pa_boat-type-plachetnice","42":"pa_boat-type-remorker","43":"pa_boat-type-sportcraft-cs","44":"pa_product-bezpecnostni-prislusenstvi","45":"pa_product-rescue-beacons-cs","46":"pa_product-rescue-beacons-vhf-sart-cs","48":"first","49":"instock","50":"taxable","51":"shipping-taxable","52":"purchasable","53":"product-type-simple"},"acf":[],"_links":{"self":[{"href":"https:\/\/www.acrartex.com\/cs\/wp-json\/wp\/v2\/product\/159704","targetHints":{"allow":["GET"]}}],"collection":[{"href":"https:\/\/www.acrartex.com\/cs\/wp-json\/wp\/v2\/product"}],"about":[{"href":"https:\/\/www.acrartex.com\/cs\/wp-json\/wp\/v2\/types\/product"}],"wp:featuredmedia":[{"embeddable":true,"href":"https:\/\/www.acrartex.com\/cs\/wp-json\/wp\/v2\/media\/159741"}],"wp:attachment":[{"href":"https:\/\/www.acrartex.com\/cs\/wp-json\/wp\/v2\/media?parent=159704"}],"wp:term":[{"taxonomy":"product_brand","embeddable":true,"href":"https:\/\/www.acrartex.com\/cs\/wp-json\/wp\/v2\/product_brand?post=159704"},{"taxonomy":"product_cat","embeddable":true,"href":"https:\/\/www.acrartex.com\/cs\/wp-json\/wp\/v2\/product_cat?post=159704"},{"taxonomy":"product_tag","embeddable":true,"href":"https:\/\/www.acrartex.com\/cs\/wp-json\/wp\/v2\/product_tag?post=159704"}],"curies":[{"name":"wp","href":"https:\/\/api.w.org\/{rel}","templated":true}]}}