{"id":159632,"date":"2024-01-30T08:50:30","date_gmt":"2024-01-30T13:50:30","guid":{"rendered":"https:\/\/www.acrartex.com\/products\/bivy-tyc-mesh-satelitni-komunikator\/"},"modified":"2026-03-06T10:10:41","modified_gmt":"2026-03-06T15:10:41","slug":"bivy-tyc-mesh-satelitni-komunikator","status":"publish","type":"product","link":"https:\/\/www.acrartex.com\/cs\/products\/bivy-tyc-mesh-satelitni-komunikator\/","title":{"rendered":"Bivy ty\u010d MESH \u2013 Satelitn\u00ed komunik\u00e1tor"},"content":{"rendered":"<p><span style=\"font-weight: 400;\">Bivy<\/span> <b>Bivy MESH<\/b> <span style=\"font-weight: 400;\">nen\u00ed jen za\u0159\u00edzen\u00ed \u2013 je to revolu\u010dn\u00ed pokrok v<\/span> <b>podnikov\u00e9 komunikaci pro vzd\u00e1len\u00fd provoz.<\/b><span style=\"font-weight: 400;\">. Je navr\u017een tak, aby udr\u017eoval t\u00fdmy propojen\u00e9 i v t\u011bch nejn\u00e1ro\u010dn\u011bj\u0161\u00edch prost\u0159ed\u00edch, a poskytuje&#8230;  <\/span><b>Bezprobl\u00e9mov\u00e9 du\u00e1ln\u00ed p\u0159ipojen\u00ed<\/b> <span style=\"font-weight: 400;\">, inteligentn\u00ed p\u0159ep\u00edn\u00e1n\u00ed mezi <strong>glob\u00e1ln\u00ed<\/strong><\/span> <b>satelitn\u00ed s\u00edt\u00ed Iridium\u00ae<\/b> <span style=\"font-weight: 400;\">a<\/span> <b>s\u00edt\u00ed mesh s podporou LoRa\u00ae<\/b> <span style=\"font-weight: 400;\">pro bezkonkuren\u010dn\u00ed spolehlivost a pokryt\u00ed.<\/span><\/p>\n<p>&nbsp;<\/p>\n<p>Pos\u00edlen\u00ed va\u0161\u00ed vzd\u00e1len\u00e9 komunikace:<\/p>\n<ul>\n<li><strong>Glob\u00e1ln\u00ed pokryt\u00ed satelity Iridium:<\/strong> Pracujte s jistotou kdekoli na Zemi a vyu\u017eijte bezkonkuren\u010dn\u00ed satelitn\u00ed konstelaci Iridium pro neochv\u011bjnou komunikaci.<\/li>\n<li><strong>S\u00ed\u0165ov\u00e9 s\u00edt\u011b s podporou LoRa\u00ae:<\/strong> Samovytv\u00e1\u0159ej\u00edc\u00ed se s\u00ed\u0165ov\u00e9 s\u00edt\u011b umo\u017e\u0148uj\u00edc\u00ed zas\u00edl\u00e1n\u00ed zpr\u00e1v v re\u00e1ln\u00e9m \u010dase a aktualizace polohy GPS pro lep\u0161\u00ed koordinaci t\u00fdmu.<\/li>\n<\/ul>\n<p><strong> <\/strong><\/p>\n<p><span style=\"font-weight: 400;\">ACR Bivy je v tomto odv\u011btv\u00ed trvale l\u00eddrem a jako prvn\u00ed zavedla skupinovou komunikaci a sledov\u00e1n\u00ed a\u017e 12 Bivy ty\u010d\u00ed p\u0159es satelit. Nyn\u00ed s integrac\u00ed MESH s podporou LoRa\u00ae Bivy op\u011bt zvy\u0161uje la\u0165ku a upev\u0148uje svou pozici p\u0159edn\u00edho komunika\u010dn\u00edho \u0159e\u0161en\u00ed pro t\u00fdmy p\u016fsob\u00edc\u00ed v lokalit\u00e1ch bez p\u0159\u00edstupu k elektrick\u00e9 s\u00edti. <\/span><\/p>\n<h2>Vlastnosti s\u00ed\u0165oviny Bivy Stick:<\/h2>\n<ul>\n<li><strong>Du\u00e1ln\u00ed komunika\u010dn\u00ed re\u017eimy<\/strong> : Unik\u00e1tn\u00ed kombinace s\u00ed\u0165ov\u00fdch s\u00edt\u00ed s podporou LoRa\u00ae s robustn\u00ed glob\u00e1ln\u00ed satelitn\u00ed komunikac\u00ed nab\u00edz\u00ed bezkonkuren\u010dn\u00ed konektivitu v rozmanit\u00fdch prost\u0159ed\u00edch a nastavuje nov\u00fd standard v oblasti venkovn\u00ed komunika\u010dn\u00ed technologie.\n<ul>\n<li><strong>Glob\u00e1ln\u00ed satelitn\u00ed komunikace<\/strong> :<br \/>\n Spolehn\u011bte se na s\u00ed\u0165 Iridium pro konzistentn\u00ed glob\u00e1ln\u00ed p\u0159ipojen\u00ed i v t\u011bch nejizolovan\u011bj\u0161\u00edch lokalit\u00e1ch.<\/li>\n<li><strong>S\u00ed\u0165ov\u00e9 s\u00edt\u011b s podporou LoRa\u00ae:<br \/>\n<\/strong> Vylep\u0161ete koordinaci t\u00fdmu d\u00edky s\u00ed\u0165ov\u00fdm s\u00edt\u00edm pro p\u0159\u00edm\u00e9 p\u0159ipojen\u00ed mezi za\u0159\u00edzen\u00edmi a\u017e na vzd\u00e1lenost jedn\u00e9 m\u00edle s podporou a\u017e 12 za\u0159\u00edzen\u00ed.<\/li>\n<\/ul>\n<\/li>\n<li><strong>Zas\u00edl\u00e1n\u00ed zpr\u00e1v s podporou LoRa\u00ae:<\/strong> P\u0159enos zpr\u00e1v mezi za\u0159\u00edzen\u00edmi b\u011bhem n\u011bkolika sekund, co\u017e je v\u00fdrazn\u011b rychlej\u0161\u00ed ne\u017e tradi\u010dn\u00ed satelitn\u00ed komunikace, kter\u00e1 m\u016f\u017ee mezi za\u0159\u00edzen\u00edmi trvat i n\u011bkolik minut.<\/li>\n<\/ul>\n<ul>\n<li><strong>Adaptivn\u00ed na n\u00e1ro\u010dn\u00e9 prost\u0159ed\u00ed: <span style=\"font-weight: 400;\">Navr\u017eeno pro bezprobl\u00e9mov\u00fd provoz v extr\u00e9mn\u00edch podm\u00ednk\u00e1ch, od hust\u00fdch les\u016f s hust\u00fdmi korunami strom\u016f a\u017e po oblasti s betonov\u00fdmi konstrukcemi, a st\u00e1v\u00e1 se tak nezbytn\u00fdm n\u00e1strojem pro t\u00fdmy a z\u00e1chran\u00e1\u0159e v z\u00f3n\u00e1ch s omezen\u00fdm sign\u00e1lem.<\/span><\/strong><\/li>\n<li><strong>Skupinov\u00e9 zpr\u00e1vy:<\/strong> U\u017eivatel\u00e9 mohou snadno vytv\u00e1\u0159et a p\u0159ipojovat se k skupinov\u00fdm chat\u016fm v r\u00e1mci s\u00edt\u011b mesh, co\u017e umo\u017e\u0148uje efektivn\u00ed koordinaci a komunikaci mezi t\u00fdmy nebo skupinami lid\u00ed.<\/li>\n<li style=\"font-weight: 400;\" aria-level=\"1\"><b>Sd\u00edlen\u00ed polohy v re\u00e1ln\u00e9m \u010dase:<\/b> <span style=\"font-weight: 400;\">Za\u0159\u00edzen\u00ed umo\u017e\u0148uj\u00ed u\u017eivatel\u016fm sd\u00edlet svou polohu v re\u00e1ln\u00e9m \u010dase s ostatn\u00edmi v s\u00ed\u0165ov\u00e9 s\u00edti, co\u017e zvy\u0161uje bezpe\u010dnost a umo\u017e\u0148uje efektivn\u00ed koordinaci b\u011bhem venkovn\u00edch aktivit a nouzov\u00fdch situac\u00ed.<\/span><\/li>\n<li><strong>Inteligence s\u00edt\u011b MESH:<\/strong> Monitoruje s\u00edlu mobiln\u00edho a satelitn\u00edho sign\u00e1lu ka\u017ed\u00e9ho za\u0159\u00edzen\u00ed v s\u00edti a inteligentn\u011b sm\u011bruje zpr\u00e1vy p\u0159es za\u0159\u00edzen\u00ed s lep\u0161\u00edm p\u0159ipojen\u00edm pro optimalizaci efektivity komunikace.<\/li>\n<li><strong>Inteligentn\u00ed p\u0159enos zpr\u00e1v<\/strong> : Bivy Stick MESH m\u016f\u017ee fungovat jako komunika\u010dn\u00ed uzel pro bezprobl\u00e9mov\u00fd p\u0159enos zpr\u00e1v, a\u0165 u\u017e mezi za\u0159\u00edzen\u00edmi nebo prost\u0159ednictv\u00edm satelitu, a maximalizovat tak efektivitu komunikace.<\/li>\n<li><strong>Nouzov\u00e1 rezervn\u00ed baterie SOS:<\/strong> Vybaven vyhrazenou 24hodinovou rezervn\u00ed bateri\u00ed SOS, kter\u00e1 zaji\u0161\u0165uje udr\u017een\u00ed kritick\u00e9ho sign\u00e1lu SOS v nouzov\u00fdch situac\u00edch.<\/li>\n<li><strong>Robustn\u00ed a vodot\u011bsn\u00fd:<\/strong><\/li>\n<li style=\"font-weight: 400;\" aria-level=\"1\"><span style=\"font-weight: 400;\">Bivakovac\u00ed ty\u010d Bivy Stick MESH, vyroben\u00e1 pro n\u00e1ro\u010dn\u00e1 prost\u0159ed\u00ed, se vyzna\u010duje odolnou konstrukc\u00ed, kter\u00e1 spl\u0148uje standardy vodot\u011bsnosti IP67. Je navr\u017eena pro provoz za ka\u017ed\u00e9ho po\u010das\u00ed a zaji\u0161\u0165uje spolehliv\u00fd provoz, a\u0165 u\u017e v\u00e1s va\u0161e mise zavede kamkoli. <\/span><\/li>\n<li><strong>P\u0159ipraveno k integraci:<\/strong> Navr\u017eeno pro kompatibilitu se st\u00e1vaj\u00edc\u00edmi podnikov\u00fdmi pracovn\u00edmi postupy pro bezprobl\u00e9movou integraci.<\/li>\n<\/ul>\n<p>Nouzov\u00e9 vol\u00e1n\u00ed SOS Aktivuje se v aplikaci nebo tla\u010d\u00edtkem na za\u0159\u00edzen\u00ed. Poskytuje GlobalRescue\u2122 <\/p>\n","protected":false},"excerpt":{"rendered":"<p><span style=\"font-weight: 400;\">S Bivy Stick MESH si m\u016f\u017eete u\u017e\u00edvat spolehliv\u00e9ho<\/span> <b>obousm\u011brn\u00e9ho satelitn\u00edho komunik\u00e1toru<\/b> <span style=\"font-weight: 400;\">,<\/span> <b>skupinov\u00fdch zpr\u00e1v<\/b> <span style=\"font-weight: 400;\">,<\/span> <b>nep\u0159etr\u017eit\u00e9 podpory SOS<\/b> <span style=\"font-weight: 400;\">,<\/span> <b>GPS sledov\u00e1n\u00ed<\/b> <span style=\"font-weight: 400;\">a<\/span> <b>sd\u00edlen\u00ed polohy<\/b> <span style=\"font-weight: 400;\">\u2013 to v\u0161e v jednom<\/span> <b>kompaktn\u00edm<\/b> <span style=\"font-weight: 400;\">a<\/span> <b>lehk\u00e9m za\u0159\u00edzen\u00ed.<\/b><span style=\"font-weight: 400;\">  za\u0159\u00edzen\u00ed. Poskytuje v\u00e1m   <\/span><b>Svoboda komunikace mimo s\u00ed\u0165<\/b> <span style=\"font-weight: 400;\">za<\/span> <b>nejdostupn\u011bj\u0161\u00ed cenu na trhu<\/b> <span style=\"font-weight: 400;\">.<\/span> Z\u016fsta\u0148te ve spojen\u00ed i mimo pokryt\u00ed mobiln\u00edm sign\u00e1lem.<\/p>\n<h4><\/h4>\n<h4><span style=\"color: #ff0000;\"><strong>S hrdost\u00ed vyrobeno v USA!<\/strong><\/span><\/h4>\n<p><a href=\"https:\/\/bivystick.com\/bivy-go-plan\/\"><strong>Objevte pl\u00e1n Bivy Go<\/strong><\/a><\/p>\n<p><a href=\"https:\/\/www.dropbox.com\/s\/0ezw0kexbm120vv\/Prop%2065%20-%20Lead%20and%20Lead%20Compounds.pdf?dl=0\">VAROV\u00c1N\u00cd: PROP 65<\/a><\/p>\n<p>&nbsp;<\/p>\n<p>&nbsp;<\/p>\n","protected":false},"featured_media":164307,"template":"","meta":{"_acf_changed":false,"om_disable_all_campaigns":false},"product_brand":[],"product_cat":[16212,5719,5790],"product_tag":[12961,12951,12941,12949,12943,12944,12960,16203,11969,12953,12945,12955,12957,12947,12959,12946],"class_list":{"0":"post-159632","1":"product","2":"type-product","3":"status-publish","4":"has-post-thumbnail","6":"product_cat-bivy-mesh-popup","7":"product_cat-namorni","8":"product_cat-venkovni","9":"product_tag-4601-cs","10":"product_tag-aplikace-bivy","11":"product_tag-bivy-cs","12":"product_tag-bivy-acr","13":"product_tag-bivy-tyc","14":"product_tag-bivy-tyc-modra","15":"product_tag-bivy-vs-plb-cs","16":"product_tag-bivy-mesh-popup","17":"product_tag-bluetooth-cs","18":"product_tag-globalni-zachrana","19":"product_tag-iridium-cs","20":"product_tag-miniaturni","21":"product_tag-nejmensi-satelitni-komunikator","22":"product_tag-obousmerna-komunikace","23":"product_tag-satelitni-gps-sledovani","24":"product_tag-sledovani","25":"pa_activity-beh-na-lyzich","26":"pa_activity-kempovani","27":"pa_activity-kolo","28":"pa_activity-lezeni","29":"pa_activity-lyzovani-snowboarding","30":"pa_activity-padlovaci-sporty","31":"pa_activity-rybolov","32":"pa_activity-snezny-skutr","33":"pa_activity-terenni-4x4","34":"pa_activity-turistika","35":"pa_boat-type-charterova-jachta","36":"pa_boat-type-jachta","37":"pa_boat-type-komercni-rybolov","38":"pa_boat-type-motorovy-clun","39":"pa_boat-type-nakladni-lod","40":"pa_boat-type-plachetnice","41":"pa_boat-type-remorker","42":"pa_boat-type-sportcraft-cs","43":"pa_terrain-kopec-a-hora","44":"pa_terrain-les-a-dzungle","45":"pa_terrain-reky-mokrady-jezera-cs","46":"pa_terrain-tundra-cs-2","48":"first","49":"instock","50":"taxable","51":"shipping-taxable","52":"purchasable","53":"product-type-simple"},"acf":[],"_links":{"self":[{"href":"https:\/\/www.acrartex.com\/cs\/wp-json\/wp\/v2\/product\/159632","targetHints":{"allow":["GET"]}}],"collection":[{"href":"https:\/\/www.acrartex.com\/cs\/wp-json\/wp\/v2\/product"}],"about":[{"href":"https:\/\/www.acrartex.com\/cs\/wp-json\/wp\/v2\/types\/product"}],"wp:featuredmedia":[{"embeddable":true,"href":"https:\/\/www.acrartex.com\/cs\/wp-json\/wp\/v2\/media\/164307"}],"wp:attachment":[{"href":"https:\/\/www.acrartex.com\/cs\/wp-json\/wp\/v2\/media?parent=159632"}],"wp:term":[{"taxonomy":"product_brand","embeddable":true,"href":"https:\/\/www.acrartex.com\/cs\/wp-json\/wp\/v2\/product_brand?post=159632"},{"taxonomy":"product_cat","embeddable":true,"href":"https:\/\/www.acrartex.com\/cs\/wp-json\/wp\/v2\/product_cat?post=159632"},{"taxonomy":"product_tag","embeddable":true,"href":"https:\/\/www.acrartex.com\/cs\/wp-json\/wp\/v2\/product_tag?post=159632"}],"curies":[{"name":"wp","href":"https:\/\/api.w.org\/{rel}","templated":true}]}}