{"id":159536,"date":"2023-11-20T13:29:13","date_gmt":"2023-11-20T18:29:13","guid":{"rendered":"https:\/\/www.acrartex.com\/products\/programator-artex-elt-rady-fpt-8800\/"},"modified":"2026-03-06T10:12:50","modified_gmt":"2026-03-06T15:12:50","slug":"programator-artex-elt-rady-fpt-8800","status":"publish","type":"product","link":"https:\/\/www.acrartex.com\/cs\/products\/programator-artex-elt-rady-fpt-8800\/","title":{"rendered":"Program\u00e1tor ARTEX ELT \u0159ady FPT 8800"},"content":{"rendered":"<p>Program\u00e1tor ARTEX \u0159ady FPT 8800 poskytuje robustn\u00ed a snadno pou\u017eiteln\u00fd n\u00e1stroj pro podporu nouzov\u00fdch lok\u00e1tor\u016f ELT vhodn\u00fd pro laboratorn\u00ed i ter\u00e9nn\u00ed aplikace. Pokud spravujete vozov\u00fd park, prod\u00e1v\u00e1te nebo servisujete nouzov\u00e9 lok\u00e1tory ARTEX, je tento n\u00e1stroj nutnost\u00ed. ARTEX zavede dal\u0161\u00ed konfigurace pro programov\u00e1n\u00ed v\u0161ech sou\u010dasn\u00fdch produkt\u016f ELT. Pro podrobnosti o p\u0159id\u00e1n\u00ed dal\u0161\u00edch mo\u017enost\u00ed kontaktujte pros\u00edm spole\u010dnost ARTEX.   <\/p>\n<p><strong>Pozn\u00e1mka: <span data-teams=\"true\">Software C406 verze V134B nebo star\u0161\u00ed nen\u00ed podporov\u00e1n.<\/span><\/strong><\/p>\n<p>&nbsp;<\/p>\n<p><strong>Kl\u00ed\u010dov\u00e9 vlastnosti:<\/strong><\/p>\n<p>&nbsp;<\/p>\n<ul>\n<li><strong>Na b\u00e1zi tabletu Microsoft Surface:<\/strong> Rozlu\u010dte se s objemn\u00fdm a zastaral\u00fdm programovac\u00edm vybaven\u00edm. ARTEX FPT vyu\u017e\u00edv\u00e1 s\u00edlu tabletu Microsoft Surface a nab\u00edz\u00ed u\u017eivatelsky p\u0159\u00edv\u011btiv\u00e9 rozhran\u00ed a zn\u00e1m\u00fd, intuitivn\u00ed z\u00e1\u017eitek. To znamen\u00e1, \u017ee si m\u016f\u017eete vz\u00edt programov\u00e1n\u00ed pro v\u00fduku angli\u010dtiny na cesty, co\u017e zlep\u0161uje dostupnost a flexibilitu.  <\/li>\n<\/ul>\n<p>&nbsp;<\/p>\n<ul>\n<li><strong>Modernizujte sv\u00e9 st\u00e1vaj\u00edc\u00ed ELT:<\/strong> M\u00e1te obavy z p\u0159eprogramov\u00e1n\u00ed protokol\u016f pro nov\u00e9 dod\u00e1vky nebo modernizace? Nebojte se. ARTEX FPT je navr\u017een tak, aby se snadno doplnil o va\u0161e st\u00e1vaj\u00edc\u00ed ELT, \u010d\u00edm\u017e se eliminuje programov\u00e1n\u00ed t\u0159et\u00edmi stranami. Je to cenov\u011b v\u00fdhodn\u00e9 \u0159e\u0161en\u00ed, kter\u00e9 zefektiv\u0148uje proces \u00fadr\u017eby.   <\/li>\n<\/ul>\n<p>&nbsp;<\/p>\n<ul>\n<li><strong>Intuitivn\u00ed u\u017eivatelsk\u00e9 rozhran\u00ed:<\/strong> Naprogramujte sv\u00e9 ELT bez n\u00e1mahy d\u00edky na\u0161emu u\u017eivatelsky p\u0159\u00edv\u011btiv\u00e9mu rozhran\u00ed. U\u017e \u017e\u00e1dn\u00e9 lu\u0161t\u011bn\u00ed slo\u017eit\u00fdch nab\u00eddek nebo pot\u00fdk\u00e1n\u00ed se s neohraban\u00fdmi tla\u010d\u00edtky. ARTEX FPT usnad\u0148uje programov\u00e1n\u00ed ELT, \u0161et\u0159\u00ed v\u00e1m \u010das a sni\u017euje riziko chyb.  <\/li>\n<\/ul>\n<p>&nbsp;<\/p>\n<ul>\n<li><strong>Vylep\u0161en\u00fd v\u00fdkon:<\/strong> S ARTEX FPT m\u016f\u017eete p\u0159esn\u011b p\u0159istupovat k d\u016fle\u017eit\u00fdm nastaven\u00edm a upravovat je, co\u017e zaji\u0161\u0165uje optim\u00e1ln\u00ed provoz va\u0161ich nouzov\u00fdch vys\u00edla\u010d\u016f ELT. Je to z\u00e1sadn\u00ed prvek pro udr\u017een\u00ed souladu va\u0161ich nouzov\u00fdch vyhled\u00e1va\u010d\u016f s p\u0159edpisy. <\/li>\n<\/ul>\n<p>&nbsp;<\/p>\n<ul>\n<li><strong>Komplexn\u00ed spr\u00e1va dat:<\/strong> M\u011bjte p\u0159ehled o v\u0161ech sv\u00fdch ELT na jednom m\u00edst\u011b d\u00edky komplexn\u00edm funkc\u00edm spr\u00e1vy dat ARTEX FPT. Snadno ukl\u00e1dejte, na\u010d\u00edt\u00e1vejte a ov\u011b\u0159ujte programovac\u00ed data a historii, abyste zajistili shodu s p\u0159edpisy a p\u0159ipravenost. <\/li>\n<\/ul>\n<p>&nbsp;<\/p>\n<ul>\n<li><strong>Technologie p\u0159ipraven\u00e1 na budoucnost:<\/strong> ARTEX je d\u016fv\u011bryhodn\u00e9 jm\u00e9no v leteck\u00e9 technologii a FTP program\u00e1tor pou\u017e\u00edvaj\u00edc\u00ed Surface Tablets je navr\u017een tak, aby se vyv\u00edjel s va\u0161imi pot\u0159ebami. Z\u00edskejte pravideln\u00e9 aktualizace softwaru, abyste byli o krok nap\u0159ed p\u0159ed pr\u016fmyslov\u00fdmi standardy a p\u0159edpisy. <\/li>\n<\/ul>\n<p>&nbsp;<\/p>\n<ul>\n<li><strong>Programov\u00e1n\u00ed:<\/strong> ARTEX FPT je schopen naprogramovat po\u017eadovan\u00fd protokol, p\u0159enosovou rychlost naviga\u010dn\u00edch dat a po\u017eadovan\u00e9 informace dle pokyn\u016f spole\u010dnosti Cospas-Sarsat pomoc\u00ed p\u0159\u00edslu\u0161n\u00e9ho programovac\u00edho kabelu.<\/li>\n<\/ul>\n<p>&nbsp;<\/p>\n<ul>\n<li><strong>Mo\u017enost tisku:<\/strong> ARTEX FPT dok\u00e1\u017ee vytisknout protokol pro va\u0161e z\u00e1znamy o ov\u011b\u0159en\u00ed z\u00e1kazn\u00edkem<\/li>\n<\/ul>\n<p>&nbsp;<\/p>\n<p>&nbsp;<\/p>\n<p><strong>Pozn\u00e1mka:<\/strong> Tento program\u00e1tor nem\u011b\u0159\u00ed v\u00fdkon ani ne\u010dte sign\u00e1l maj\u00e1ku vys\u00edlan\u00fd r\u00e1diem. \u0158ada FPT 8800 \u010dte intern\u00ed pam\u011b\u0165 a p\u0159eprogramov\u00e1v\u00e1 ELT pouze na schv\u00e1len\u00e9 protokoly Cospas-Sarsat. Pro proveden\u00ed po\u017eadovan\u00e9ho ka\u017edoro\u010dn\u00edho testu v\u00fdkonu maj\u00e1ku je nutn\u00e9 pou\u017e\u00edt aftermarketov\u00e1 za\u0159\u00edzen\u00ed pro testov\u00e1n\u00ed v\u00fdkonu 406, jako nap\u0159\u00edklad Viavi 10K a WST BT-200. Informace o po\u017eadavc\u00edch na testov\u00e1n\u00ed ELT pro pl\u00e1novan\u00e9 kontroly v\u00e1m sd\u011bl\u00ed m\u00edstn\u00ed \u00fa\u0159ad.   <\/p>\n<p>&nbsp;<\/p>\n<p>Program\u00e1tor \u0159ady ARTEX 8805 bude k dispozici v n\u00e1sleduj\u00edc\u00edch konfigurac\u00edch:<\/p>\n<table width=\"714\">\n<tbody>\n<tr>\n<td colspan=\"2\" width=\"714\"><strong>Mo\u017enosti programov\u00e1n\u00ed P\/N<\/strong><\/td>\n<\/tr>\n<tr>\n<td width=\"62\">\u010c\u00edslo d\u00edlu 8805<\/td>\n<td width=\"652\">Pouze tablet a software<\/td>\n<\/tr>\n<tr>\n<td width=\"62\">\u010c\u00edslo d\u00edlu 8806<\/td>\n<td width=\"652\">ELT 345, 1000 a ME406<\/td>\n<\/tr>\n<tr>\n<td width=\"62\">\u010c\u00edslo d\u00edlu 8807<\/td>\n<td width=\"652\">ELT 345, 1000, ME406, C406-N, C406-N HM, C406-1, C406-1 HM, C406-2, C406-2 HM, B406-4 a G406-4<\/td>\n<\/tr>\n<tr>\n<td width=\"62\">\u010c\u00edslo d\u00edlu 8808<\/td>\n<td width=\"652\"><a href=\"https:\/\/www.acrartex.com\/cs\/products\/elt-345\/\">ELT 345<\/a> , <a href=\"https:\/\/www.acrartex.com\/cs\/products\/elt-1000\/\">1000<\/a> , <a href=\"https:\/\/www.acrartex.com\/cs\/products\/me406-elt\/\">ME406<\/a> , <a href=\"https:\/\/www.acrartex.com\/cs\/products\/elt-3000\/\">ELT 3000,<\/a> <a href=\"https:\/\/www.acrartex.com\/cs\/products\/elt-3000hm\/\">ELT 3000HM<\/a> , <a href=\"https:\/\/www.acrartex.com\/cs\/products\/elt-4000\/\">ELT 4000<\/a> , <a href=\"https:\/\/www.acrartex.com\/cs\/products\/elt-4000hm\/\">ELT 4000HM<\/a> , <a href=\"https:\/\/www.acrartex.com\/cs\/products\/c406-n\/\">C406-N<\/a> , <a href=\"https:\/\/www.acrartex.com\/cs\/products\/c406-n-hm\/\">C406-N HM<\/a> , <a href=\"https:\/\/www.acrartex.com\/cs\/products\/c406-1\/\">C406-1<\/a> , <a href=\"https:\/\/www.acrartex.com\/cs\/products\/c406-1-hm\/\">C406-1 HM<\/a> , <a href=\"https:\/\/www.acrartex.com\/cs\/products\/c406-2\/\">C406-2<\/a> , <a href=\"https:\/\/www.acrartex.com\/cs\/products\/c406-2-hm\/\">C406-2 HM<\/a> , <a href=\"https:\/\/www.acrartex.com\/cs\/products\/b406-4\/\">B406-4<\/a> a <a href=\"https:\/\/www.acrartex.com\/cs\/products\/g406-4-elt\/\">G406-4<\/a><\/td>\n<\/tr>\n<tr>\n<td width=\"62\">\u010c\u00edslo d\u00edlu 8809<\/td>\n<td width=\"652\"><a href=\"https:\/\/www.acrartex.com\/cs\/products\/elt-4000s\/\">ELT 4000S<\/a><\/td>\n<\/tr>\n<\/tbody>\n<\/table>\n<p>&nbsp;<\/p>\n<p>&nbsp;<\/p>\n","protected":false},"excerpt":{"rendered":"<p>Odemkn\u011bte s\u00edlu pokro\u010dil\u00fdch technologi\u00ed s program\u00e1torem ARTEX pro nouzov\u00e9 lok\u00e1tory, revolu\u010dn\u00edm \u0159e\u0161en\u00edm, kter\u00e9 m\u00e1 zm\u011bnit zp\u016fsob, jak\u00fdm spravujete a programujete sv\u00e9 nouzov\u00e9 lok\u00e1tory ARTEX. ARTEX FPT (Field Programming Tablet), postaven\u00fd na frameworku Microsoft Surface, je \u0161pi\u010dkov\u00e9 za\u0159\u00edzen\u00ed navr\u017een\u00e9 pro bezprobl\u00e9movou modernizaci va\u0161ich st\u00e1vaj\u00edc\u00edch nouzov\u00fdch lok\u00e1tor\u016f ELT v ter\u00e9nu a p\u0159in\u00e1\u0161\u00ed tak novou \u00e9ru efektivity a spolehlivosti do va\u0161eho provozu. <\/p>\n<p><span style=\"font-size: 11pt;\"><span style=\"font-family: Calibri,sans-serif;\"><a style=\"color: blue; text-decoration: underline;\" href=\"https:\/\/www.dropbox.com\/s\/fk04stqsp2hgk5f\/Prop%2065%20-%20DEHP.pdf?dl=0\"><span style=\"color: #000000;\">VAROV\u00c1N\u00cd: PROP 65<\/span><\/a><\/span><\/span><\/p>\n<p>&nbsp;<\/p>\n","protected":false},"featured_media":85834,"template":"","meta":{"_acf_changed":false,"om_disable_all_campaigns":false},"product_brand":[],"product_cat":[5964,8584,5534,5632,5535],"product_tag":[15546,15489,15550,15487,11043,15548,15490,15488,10890],"class_list":{"0":"post-159536","1":"product","2":"type-product","3":"status-publish","4":"has-post-thumbnail","6":"product_cat-business-jet-cs","7":"product_cat-komercni-letadla","8":"product_cat-letectvi","9":"product_cat-rotorcraft","10":"product_cat-vseobecne-letectvi","11":"product_tag-artex-fpt-cs","12":"product_tag-artex-tps-cs","13":"product_tag-polni-programator-artex","14":"product_tag-programator-artex","15":"product_tag-programator-elt","16":"product_tag-programovaci-tablet-artex-pro-pole","17":"product_tag-sada-testovacich-a-programovacich-nastroju-artex","18":"product_tag-tableta-artex-cs","19":"product_tag-tps-cs","21":"first","22":"instock","23":"taxable","24":"shipping-taxable","25":"purchasable","26":"product-type-variable"},"acf":[],"_links":{"self":[{"href":"https:\/\/www.acrartex.com\/cs\/wp-json\/wp\/v2\/product\/159536","targetHints":{"allow":["GET"]}}],"collection":[{"href":"https:\/\/www.acrartex.com\/cs\/wp-json\/wp\/v2\/product"}],"about":[{"href":"https:\/\/www.acrartex.com\/cs\/wp-json\/wp\/v2\/types\/product"}],"wp:featuredmedia":[{"embeddable":true,"href":"https:\/\/www.acrartex.com\/cs\/wp-json\/wp\/v2\/media\/85834"}],"wp:attachment":[{"href":"https:\/\/www.acrartex.com\/cs\/wp-json\/wp\/v2\/media?parent=159536"}],"wp:term":[{"taxonomy":"product_brand","embeddable":true,"href":"https:\/\/www.acrartex.com\/cs\/wp-json\/wp\/v2\/product_brand?post=159536"},{"taxonomy":"product_cat","embeddable":true,"href":"https:\/\/www.acrartex.com\/cs\/wp-json\/wp\/v2\/product_cat?post=159536"},{"taxonomy":"product_tag","embeddable":true,"href":"https:\/\/www.acrartex.com\/cs\/wp-json\/wp\/v2\/product_tag?post=159536"}],"curies":[{"name":"wp","href":"https:\/\/api.w.org\/{rel}","templated":true}]}}