{"id":159487,"date":"2024-12-05T11:37:40","date_gmt":"2024-12-05T16:37:40","guid":{"rendered":"https:\/\/www.acrartex.com\/products\/panel-vzdalenych-funkci\/"},"modified":"2026-03-06T09:22:01","modified_gmt":"2026-03-06T14:22:01","slug":"panel-vzdalenych-funkci","status":"publish","type":"product","link":"https:\/\/www.acrartex.com\/cs\/products\/panel-vzdalenych-funkci\/","title":{"rendered":"Panel vzd\u00e1len\u00fdch funkc\u00ed"},"content":{"rendered":"<p>ARTEX , exkluzivn\u00ed zna\u010dka spole\u010dnosti ACR Electronics a l\u00eddr v oboru leteck\u00fdch technologi\u00ed, si i nad\u00e1le udr\u017euje sv\u016fj odkaz inovac\u00ed a neochv\u011bjn\u00e9 spolehlivosti. P\u0159edstavujeme ARTEX RFP \u2013 \u0161pi\u010dkov\u00fd dopln\u011bk k na\u0161im \u0159e\u0161en\u00edm pro bezpe\u010dnost letectv\u00ed. <\/p>\n<p>Program\u00e1tor RFP je robustn\u00ed a u\u017eivatelsky p\u0159\u00edv\u011btiv\u00fd podp\u016frn\u00fd n\u00e1stroj pro <a href=\"https:\/\/www.acrartex.com\/cs\/products\/distress-tracking-elt-5000-dt-pro-shodu-s-gadss\/\">ARTEX ELT 5000<\/a> , ur\u010den\u00fd pro laboratorn\u00ed i ter\u00e9nn\u00ed aplikace. Pro spr\u00e1vce vozov\u00fdch park\u016f, leteck\u00e9 spole\u010dnosti a poskytovatele slu\u017eeb specializuj\u00edc\u00ed se na ARTEX ELT 5000 tento nepostradateln\u00fd n\u00e1stroj slou\u017e\u00ed nejen jako program\u00e1tor ELT 5000, ale tak\u00e9 pom\u00e1h\u00e1 zefektivnit provoz a zv\u00fd\u0161it efektivitu.<\/p>\n<p>Sada RFP obsahuje odoln\u00fd tablet, 25&#8242; propojovac\u00ed kabel a software pot\u0159ebn\u00fd pro va\u0161i konfiguraci.<\/p>\n<p>RFP umo\u017en\u00ed u\u017eivateli prov\u00e9st n\u00e1sleduj\u00edc\u00ed akce:<\/p>\n<ul>\n<li>Monitorujte \u0161t\u00edtky ARINC<\/li>\n<li>Monitor CCP sp\u00edna\u010de<\/li>\n<li>V\u00fddr\u017e baterie<\/li>\n<li>Prove\u010fte s\u00e9rii autotest\u016f<\/li>\n<li>Monitorov\u00e1n\u00ed protokol\u016f ud\u00e1lost\u00ed<\/li>\n<li>St\u00e1hnout data protokolu<\/li>\n<li>St\u00e1hnout protokol autotestu<\/li>\n<li>Zti\u0161it bzu\u010d\u00e1k<\/li>\n<\/ul>\n<p>&nbsp;<\/p>\n<p><strong>Kl\u00ed\u010dov\u00e9 vlastnosti ARTEX RFP:<\/strong><\/p>\n<p><a href=\"https:\/\/www.microsoft.com\/en-us\/surface\/business\/surface-go-4\"><strong>Zalo\u017eeno na tabletu Microsoft Surface<\/strong><\/a> : Vyu\u017e\u00edv\u00e1 s\u00edlu tabletu Microsoft Surface a poskytuje u\u017eivatelsky p\u0159\u00edv\u011btiv\u00e9 rozhran\u00ed a zn\u00e1m\u00fd, intuitivn\u00ed z\u00e1\u017eitek. Vezm\u011bte si programov\u00e1n\u00ed angli\u010dtiny jako druh\u00e9ho jazyka s sebou a zlep\u0161ete tak jeho dostupnost a flexibilitu.<\/p>\n<p><strong>Intuitivn\u00ed u\u017eivatelsk\u00e9 rozhran\u00ed:<\/strong> Naprogramujte sv\u00e9 ELT bez n\u00e1mahy d\u00edky na\u0161emu u\u017eivatelsky p\u0159\u00edv\u011btiv\u00e9mu rozhran\u00ed. U\u017e \u017e\u00e1dn\u00e9 lu\u0161t\u011bn\u00ed slo\u017eit\u00fdch nab\u00eddek nebo pot\u00fdk\u00e1n\u00ed se s neohraban\u00fdmi tla\u010d\u00edtky. ARTEX RFP usnad\u0148uje programov\u00e1n\u00ed ELT, \u0161et\u0159\u00ed v\u00e1m \u010das a sni\u017euje riziko chyb.  <\/p>\n<p><strong>Vylep\u0161en\u00fd v\u00fdkon:<\/strong> S ARTEX RFP m\u016f\u017eete p\u0159esn\u011b p\u0159istupovat k d\u016fle\u017eit\u00fdm nastaven\u00edm a upravovat je, co\u017e zaji\u0161\u0165uje optim\u00e1ln\u00ed provoz va\u0161ich ELT.<\/p>\n<p><strong>Komplexn\u00ed spr\u00e1va dat:<\/strong> M\u011bjte p\u0159ehled o v\u0161ech sv\u00fdch ELT na jednom m\u00edst\u011b d\u00edky komplexn\u00edm funkc\u00edm spr\u00e1vy dat ARTEX RFP. Snadno ukl\u00e1dejte, na\u010d\u00edt\u00e1vejte a ov\u011b\u0159ujte programovac\u00ed data a historii, abyste zajistili shodu s p\u0159edpisy a p\u0159ipravenost. <\/p>\n<p><strong>Technologie p\u0159ipraven\u00e1 na budoucnost:<\/strong> ARTEX je d\u016fv\u011bryhodn\u00fdm jm\u00e9nem v leteck\u00e9 technologii a program\u00e1tor RFP pou\u017e\u00edvaj\u00edc\u00ed Surface Tablets je navr\u017een tak, aby se vyv\u00edjel s va\u0161imi pot\u0159ebami. Z\u00edskejte pravideln\u00e9 aktualizace softwaru, abyste byli o krok nap\u0159ed p\u0159ed pr\u016fmyslov\u00fdmi standardy a p\u0159edpisy. <\/p>\n<p><strong>Programov\u00e1n\u00ed:<\/strong> ARTEX RFP je schopen naprogramovat po\u017eadovan\u00fd protokol a informace po\u017eadovan\u00e9 GADSS, jak je pops\u00e1no spole\u010dnost\u00ed Cospas-Sarsat , a to prost\u0159ednictv\u00edm dodan\u00e9ho rozhran\u00ed.<\/p>\n<p><strong>Mo\u017enost tisku:<\/strong> ARTEX RFP dok\u00e1\u017ee vytisknout zpr\u00e1vu pro zaji\u0161t\u011bn\u00ed souladu z\u00e1znam\u016f s p\u0159edpisy.<\/p>\n","protected":false},"excerpt":{"rendered":"<p>RFP je n\u00e1stroj pro \u00fadr\u017ebu vytvo\u0159en\u00fd spole\u010dnost\u00ed ARTEX , kter\u00fd poskytuje podporu pro \u00fadr\u017ebu vys\u00edla\u010de ACR Electronics ARTEX ELT 5000 ( ELT -DT). ARTEX RFP poskytuje d\u016fle\u017eit\u00e9 funkce pro konfiguraci, \u00fadr\u017ebu a \u0159e\u0161en\u00ed probl\u00e9m\u016f. Za\u0159\u00edzen\u00ed vyu\u017e\u00edv\u00e1 jedin\u00fd kabel pro p\u0159ipojen\u00ed bu\u010f k panelu vzd\u00e1len\u00e9ho rozhran\u00ed, nebo p\u0159\u00edmo k ELT -DT. RFP je vy\u017eadov\u00e1n pro prov\u00e1d\u011bn\u00ed ka\u017edoro\u010dn\u00edch test\u016f ELT dle po\u017eadavk\u016f FAA a EASA pro letadla certifikovan\u00e1 FAA a EASA.   <\/p>\n<p><span style=\"font-size: 11pt;\"><span style=\"font-family: Calibri,sans-serif;\"><a style=\"color: blue; text-decoration: underline;\" href=\"https:\/\/www.dropbox.com\/s\/fk04stqsp2hgk5f\/Prop%2065%20-%20DEHP.pdf?dl=0\"><span style=\"color: #000000;\">VAROV\u00c1N\u00cd: PROP 65<\/span><\/a><\/span><\/span><\/p>\n","protected":false},"featured_media":159490,"template":"","meta":{"_acf_changed":false,"om_disable_all_campaigns":false},"product_brand":[],"product_cat":[5964,8584,5534,5632,5535],"product_tag":[15489,15492,15487,11043,15495,15494,15490,15493,15488,10890,15491],"class_list":{"0":"post-159487","1":"product","2":"type-product","3":"status-publish","4":"has-post-thumbnail","6":"product_cat-business-jet-cs","7":"product_cat-komercni-letadla","8":"product_cat-letectvi","9":"product_cat-rotorcraft","10":"product_cat-vseobecne-letectvi","11":"product_tag-artex-tps-cs","12":"product_tag-dalkovy-funkcni-panel-artex","13":"product_tag-programator-artex","14":"product_tag-programator-elt","15":"product_tag-programator-elt-dt","16":"product_tag-programator-elt-5000","17":"product_tag-sada-testovacich-a-programovacich-nastroju-artex","18":"product_tag-tablet-rfp-artex-cs","19":"product_tag-tableta-artex-cs","20":"product_tag-tps-cs","21":"product_tag-vyzva-k-nabidkam-artex","23":"first","24":"instock","25":"taxable","26":"shipping-taxable","27":"purchasable","28":"product-type-variable"},"acf":[],"_links":{"self":[{"href":"https:\/\/www.acrartex.com\/cs\/wp-json\/wp\/v2\/product\/159487","targetHints":{"allow":["GET"]}}],"collection":[{"href":"https:\/\/www.acrartex.com\/cs\/wp-json\/wp\/v2\/product"}],"about":[{"href":"https:\/\/www.acrartex.com\/cs\/wp-json\/wp\/v2\/types\/product"}],"wp:featuredmedia":[{"embeddable":true,"href":"https:\/\/www.acrartex.com\/cs\/wp-json\/wp\/v2\/media\/159490"}],"wp:attachment":[{"href":"https:\/\/www.acrartex.com\/cs\/wp-json\/wp\/v2\/media?parent=159487"}],"wp:term":[{"taxonomy":"product_brand","embeddable":true,"href":"https:\/\/www.acrartex.com\/cs\/wp-json\/wp\/v2\/product_brand?post=159487"},{"taxonomy":"product_cat","embeddable":true,"href":"https:\/\/www.acrartex.com\/cs\/wp-json\/wp\/v2\/product_cat?post=159487"},{"taxonomy":"product_tag","embeddable":true,"href":"https:\/\/www.acrartex.com\/cs\/wp-json\/wp\/v2\/product_tag?post=159487"}],"curies":[{"name":"wp","href":"https:\/\/api.w.org\/{rel}","templated":true}]}}