{"id":159456,"date":"2024-04-15T10:49:36","date_gmt":"2024-04-15T15:49:36","guid":{"rendered":"https:\/\/www.acrartex.com\/products\/bezpecnostni-sady-pro-plavbu-na-lodi-globalfix-v6\/"},"modified":"2024-04-15T10:49:36","modified_gmt":"2024-04-15T15:49:36","slug":"bezpecnostni-sady-pro-plavbu-na-lodi-globalfix-v6","status":"publish","type":"product","link":"https:\/\/www.acrartex.com\/cs\/products\/bezpecnostni-sady-pro-plavbu-na-lodi-globalfix-v6\/","title":{"rendered":"Bezpe\u010dnostn\u00ed sady pro plavbu na lodi GlobalFix V6"},"content":{"rendered":"<p>A\u0165 u\u017e se jedn\u00e1 o rekrea\u010dn\u00ed plavbu, rybolov na mo\u0159i, placht\u011bn\u00ed nebo jakoukoli vzru\u0161uj\u00edc\u00ed n\u00e1mo\u0159n\u00ed expedici, nov\u00e9 bezpe\u010dnostn\u00ed sady GlobalFix V6 Boating Safety Kits jsou tu pro ochranu va\u0161ich cest v\u0161ech velikost\u00ed. S t\u011bmito komplexn\u00edmi sadami po boku se m\u016f\u017eete vydat na ka\u017ed\u00e9 n\u00e1mo\u0159n\u00ed dobrodru\u017estv\u00ed s jistotou a v\u011bd\u011bt, \u017ee bezpe\u010dnost nikdy nebude ohro\u017eena. Od nep\u0159edv\u00eddan\u00fdch v\u00fdzev a\u017e po neo\u010dek\u00e1van\u00e9 situace, bezpe\u010dnostn\u00ed sada GlobalFix V6 Boating v\u00e1m poskytne v\u0161e pot\u0159ebn\u00e9 pro bezpe\u010dn\u00fd n\u00e1vrat a zajist\u00ed v\u00e1m klid i v t\u011bch nejn\u00e1ro\u010dn\u011bj\u0161\u00edch situac\u00edch.  <\/p>\n<p>Pro sady GlobalFix V6 je k dispozici 4 (\u010dty\u0159i) mo\u017enosti. Tyto sady obsahuj\u00ed n\u00e1sleduj\u00edc\u00ed z\u00e1kladn\u00ed produkty pro p\u0159e\u017eit\u00ed: <\/p>\n<p><span style=\"color: #ff0000;\"><strong>SKU 2339.1 Pr\u00e9miov\u00e1 sada pro plavbu lod\u00ed GlobalFix V6<\/strong><\/span><\/p>\n<ul>\n<li>GlobalFIX V6 RLS kat. 2 EPIRB se Return Link Service a mobiln\u00ed aplikac\u00ed NFC <a href=\"https:\/\/www.acrartex.com\/cs\/products\/acr-globalfix-v6-epirb-se-return-link-service-a-mobilni-aplikaci\/\">Zjist\u011bte v\u00edce<\/a> <\/li>\n<li>ResQlink RLS PLB 410 <a href=\"https:\/\/www.acrartex.com\/cs\/products\/personal-locator-beacon-resqlink-410-rls\/\">Zjist\u011bte v\u00edce<\/a><\/li>\n<li>FireFly PRO Waterbug \u2013 Stroboskopick\u00e9 sv\u011btlo s certifikac\u00ed SOLAS a vestav\u011bnou aktivac\u00ed vodou <a href=\"https:\/\/www.acrartex.com\/products\/firefly-pro-waterbug\/\">Zjist\u011bte v\u00edce<\/a><\/li>\n<li>Ta\u0161ka RapidDitch Express <a href=\"https:\/\/www.acrartex.com\/cs\/products\/taska-rapidditch-express\/\">Zjist\u011bte v\u00edce<\/a><\/li>\n<li>HemiLight \u21223 <a href=\"https:\/\/www.acrartex.com\/cs\/products\/svetlo-pro-zachranne-vesty-hemilight-3-med-a-solas\/\">Zjist\u011bte v\u00edce<\/a><\/li>\n<li>Sign\u00e1ln\u00ed zrcadlo<\/li>\n<li>P\u00ed\u0161\u0165alka WW-3 Res-Q\u2122 <a href=\"https:\/\/www.acrartex.com\/cs\/products\/pistalka-ww-3-resq\/\">Zjist\u011bte v\u00edce<\/a><\/li>\n<\/ul>\n<p><span style=\"color: #ff0000;\"><strong>SKU 2342.1: Bezpe\u010dnostn\u00ed sada pro plavbu na lodi GlobalFix V6 a ResQflare<\/strong><\/span><\/p>\n<ul>\n<li>GlobalFIX V6 RLS kat. 2 EPIRB se Return Link Service a mobiln\u00ed aplikac\u00ed NFC <a href=\"https:\/\/www.acrartex.com\/cs\/products\/acr-globalfix-v6-epirb-se-return-link-service-a-mobilni-aplikaci\/\">Zjist\u011bte v\u00edce<\/a> <\/li>\n<li>ResQflare (Vysoce intenzivn\u00ed LED elektronick\u00e1 nouzov\u00e1 sv\u011btlice pro plavbu lod\u00ed) <a href=\"https:\/\/www.acrartex.com\/cs\/products\/resqflare-elektronicka-led-nouzova-svetlice-pro-lode\/\">Zjist\u011bte v\u00edce<\/a><\/li>\n<li>Ta\u0161ka RapidDitch Express <a href=\"https:\/\/www.acrartex.com\/cs\/products\/taska-rapidditch-express\/\">Zjist\u011bte v\u00edce<\/a><\/li>\n<li>HemiLight \u21223 <a href=\"https:\/\/www.acrartex.com\/cs\/products\/svetlo-pro-zachranne-vesty-hemilight-3-med-a-solas\/\">Zjist\u011bte v\u00edce<\/a><\/li>\n<li>Stroboskopick\u00e9 sv\u011btlo C-Strobe H2O SOLAS <a href=\"https:\/\/www.acrartex.com\/products\/c-strobe-h20\/\">Zjist\u011bte v\u00edce<\/a><\/li>\n<li>Sign\u00e1ln\u00ed zrcadlo<\/li>\n<li>P\u00ed\u0161\u0165alka WW-3 Res-Q\u2122 <a href=\"https:\/\/www.acrartex.com\/cs\/products\/pistalka-ww-3-resq\/\">Zjist\u011bte v\u00edce<\/a><\/li>\n<\/ul>\n<p><strong><span style=\"color: #ff0000;\">SKU 2343.1: Bezpe\u010dnostn\u00ed sada pro plavbu na lodi GlobalFix V6 Base<\/span><\/strong><\/p>\n<ul>\n<li>GlobalFIX V6 RLS kat. 2 EPIRB se Return Link Service a mobiln\u00ed aplikac\u00ed NFC <a href=\"https:\/\/www.acrartex.com\/cs\/products\/acr-globalfix-v6-epirb-se-return-link-service-a-mobilni-aplikaci\/\">Zjist\u011bte v\u00edce<\/a> <\/li>\n<li>Ta\u0161ka RapidDitch Express <a href=\"https:\/\/www.acrartex.com\/cs\/products\/taska-rapidditch-express\/\">Zjist\u011bte v\u00edce<\/a><\/li>\n<\/ul>\n<p><span style=\"color: #ff0000;\"><strong>SKU 2344.1: Bezpe\u010dnostn\u00ed sada pro plavbu na lodi GlobalFix V6 Plus<\/strong><\/span><\/p>\n<ul>\n<li>GlobalFIX V6 RLS kat. 2 EPIRB se Return Link Service a mobiln\u00ed aplikac\u00ed NFC <a href=\"https:\/\/www.acrartex.com\/cs\/products\/acr-globalfix-v6-epirb-se-return-link-service-a-mobilni-aplikaci\/\">Zjist\u011bte v\u00edce<\/a> <\/li>\n<li>Ta\u0161ka RapidDitch Express <a href=\"https:\/\/www.acrartex.com\/cs\/products\/taska-rapidditch-express\/\">Zjist\u011bte v\u00edce<\/a><\/li>\n<li>HemiLight \u21223 <a href=\"https:\/\/www.acrartex.com\/cs\/products\/svetlo-pro-zachranne-vesty-hemilight-3-med-a-solas\/\">Zjist\u011bte v\u00edce<\/a><\/li>\n<li>Stroboskopick\u00e9 sv\u011btlo C-Strobe H2O SOLAS <a href=\"https:\/\/www.acrartex.com\/products\/c-strobe-h20\/\">Zjist\u011bte v\u00edce<\/a><\/li>\n<li>Sign\u00e1ln\u00ed zrcadlo<\/li>\n<li>P\u00ed\u0161\u0165alka WW-3 Res-Q\u2122 <a href=\"https:\/\/www.acrartex.com\/cs\/products\/pistalka-ww-3-resq\/\">Zjist\u011bte v\u00edce<\/a><\/li>\n<\/ul>\n<p>&nbsp;<\/p>\n","protected":false},"excerpt":{"rendered":"<h2><\/h2>\n<h4><span style=\"color: #ff0000;\">S hrdost\u00ed vyrobeno v USA!<\/span><\/h4>\n<p><a href=\"https:\/\/www.dropbox.com\/s\/fk04stqsp2hgk5f\/Prop%2065%20-%20DEHP.pdf?dl=0\">VAROV\u00c1N\u00cd: PROP 65<\/a><\/p>\n","protected":false},"featured_media":88814,"template":"","meta":{"_acf_changed":false,"om_disable_all_campaigns":false},"product_brand":[],"product_cat":[14679,5949,5953,5719,5951,5947],"product_tag":[9618,15403,15462,8587,5720,15463,5724,9303,7918,15467,15464,5541,5795,15465,5791,12457,12996,15466,15468,7647,12801],"class_list":{"0":"post-159456","1":"product","2":"type-product","3":"status-publish","4":"has-post-thumbnail","6":"product_cat-bezpecnostni-sady-pro-namorni-dopravu","7":"product_cat-blizko-pobrezi","8":"product_cat-komercni","9":"product_cat-namorni","10":"product_cat-pobrezni","11":"product_cat-vnitrozemi","12":"product_tag-ais-cs","13":"product_tag-ais-epirb-cs","14":"product_tag-c-stroboskop","15":"product_tag-emergency-locator-transmitter-406-mhz-cs","16":"product_tag-epirb-cs","17":"product_tag-epirb-rls","18":"product_tag-globalni-oprava","19":"product_tag-gps-epirb-cs","20":"product_tag-nouzove-led-svetlo","21":"product_tag-nouzove-svetlo-sos","22":"product_tag-nouzovy-gps-majak","23":"product_tag-nouzovy-majak","24":"product_tag-osobni-lokalizacni-majak","25":"product_tag-personal-locator-beacon-ais","26":"product_tag-plb-cs","27":"product_tag-resq-whistle-cs","28":"product_tag-rls-cs","29":"product_tag-sada-epirb","30":"product_tag-sada-pro-lod","31":"product_tag-sos-cs","32":"product_tag-stav-nouze","34":"first","35":"instock","36":"taxable","37":"shipping-taxable","38":"purchasable","39":"product-type-variable"},"acf":[],"_links":{"self":[{"href":"https:\/\/www.acrartex.com\/cs\/wp-json\/wp\/v2\/product\/159456","targetHints":{"allow":["GET"]}}],"collection":[{"href":"https:\/\/www.acrartex.com\/cs\/wp-json\/wp\/v2\/product"}],"about":[{"href":"https:\/\/www.acrartex.com\/cs\/wp-json\/wp\/v2\/types\/product"}],"wp:featuredmedia":[{"embeddable":true,"href":"https:\/\/www.acrartex.com\/cs\/wp-json\/wp\/v2\/media\/88814"}],"wp:attachment":[{"href":"https:\/\/www.acrartex.com\/cs\/wp-json\/wp\/v2\/media?parent=159456"}],"wp:term":[{"taxonomy":"product_brand","embeddable":true,"href":"https:\/\/www.acrartex.com\/cs\/wp-json\/wp\/v2\/product_brand?post=159456"},{"taxonomy":"product_cat","embeddable":true,"href":"https:\/\/www.acrartex.com\/cs\/wp-json\/wp\/v2\/product_cat?post=159456"},{"taxonomy":"product_tag","embeddable":true,"href":"https:\/\/www.acrartex.com\/cs\/wp-json\/wp\/v2\/product_tag?post=159456"}],"curies":[{"name":"wp","href":"https:\/\/api.w.org\/{rel}","templated":true}]}}