{"id":159366,"date":"2024-04-16T10:16:43","date_gmt":"2024-04-16T15:16:43","guid":{"rendered":"https:\/\/www.acrartex.com\/products\/bezpecnostni-sady-pro-plavbu-na-lodi-globalfix-v5\/"},"modified":"2025-07-08T07:16:06","modified_gmt":"2025-07-08T12:16:06","slug":"bezpecnostni-sady-pro-plavbu-na-lodi-globalfix-v5","status":"publish","type":"product","link":"https:\/\/www.acrartex.com\/cs\/products\/bezpecnostni-sady-pro-plavbu-na-lodi-globalfix-v5\/","title":{"rendered":"Bezpe\u010dnostn\u00ed sady pro plavbu na lodi GlobalFix V5"},"content":{"rendered":"<p>P\u0159edstavujeme NOV\u00c9 sady pro p\u0159e\u017eit\u00ed ACR GlobalFix V5 AIS RLS EPIRB pro lod\u011b \u2013 komplexn\u00ed a spolehlivou sadu \u017eivotn\u011b d\u016fle\u017eit\u00fdch zdroj\u016f, kter\u00e9 zajist\u00ed va\u0161i bezpe\u010dnost a p\u0159e\u017eit\u00ed v nouzov\u00fdch situac\u00edch na vod\u011b. Tyto sady, ur\u010den\u00e9 pro zku\u0161en\u00e9 jachta\u0159e, v\u00e1\u0161niv\u00e9 ryb\u00e1\u0159e i odv\u00e1\u017en\u00e9 jachta\u0159e, p\u0159edstavuj\u00ed nepostradateln\u00fd dopln\u011bk va\u0161\u00ed palubn\u00ed v\u00fdbavy. <\/p>\n<p><strong>Z\u00e1kladn\u00ed<\/strong> sada obsahuje n\u00e1sleduj\u00edc\u00ed nezbytn\u00e9 produkty pro p\u0159e\u017eit\u00ed ( <strong>2337.1<\/strong> ):<\/p>\n<ul>\n<li>GlobalFIX V5 AIS KAT. 2 EPIRB <a href=\"https:\/\/www.acrartex.com\/el\/products\/globalfix-v5-ais-epirb-%ce%bc%ce%b5-return-link-service-%ce%ba%ce%b1%ce%b9-%ce%b5%cf%86%ce%b1%cf%81%ce%bc%ce%bf%ce%b3%ce%ae-%ce%b3%ce%b9%ce%b1-%ce%ba%ce%b9%ce%bd%ce%b7%cf%84%ce%ac\/\">Zjist\u011bte v\u00edce<\/a> <\/li>\n<li>Ta\u0161ka RapidDitch Express <a href=\"https:\/\/www.acrartex.com\/cs\/products\/taska-rapidditch-express\/\">Zjist\u011bte v\u00edce<\/a><\/li>\n<\/ul>\n<p>Sada <strong>Plus<\/strong> obsahuje n\u00e1sleduj\u00edc\u00ed z\u00e1kladn\u00ed produkty pro p\u0159e\u017eit\u00ed ( <strong>2338.1<\/strong> ):<\/p>\n<ul>\n<li>GlobalFIX V5 AIS KAT. 2 EPIRB <a href=\"https:\/\/www.acrartex.com\/el\/products\/globalfix-v5-ais-epirb-%ce%bc%ce%b5-return-link-service-%ce%ba%ce%b1%ce%b9-%ce%b5%cf%86%ce%b1%cf%81%ce%bc%ce%bf%ce%b3%ce%ae-%ce%b3%ce%b9%ce%b1-%ce%ba%ce%b9%ce%bd%ce%b7%cf%84%ce%ac\/\">Zjist\u011bte v\u00edce<\/a> <\/li>\n<li>Ta\u0161ka RapidDitch Express <a href=\"https:\/\/www.acrartex.com\/cs\/products\/taska-rapidditch-express\/\">Zjist\u011bte v\u00edce<\/a><\/li>\n<li>HemiLight \u21223 <a href=\"https:\/\/www.acrartex.com\/cs\/products\/svetlo-pro-zachranne-vesty-hemilight-3-med-a-solas\/\">Zjist\u011bte v\u00edce<\/a><\/li>\n<li>Stroboskopick\u00e9 sv\u011btlo C-Strobe H2O SOLAS <a href=\"https:\/\/www.acrartex.com\/products\/c-strobe-h20\/\">Zjist\u011bte v\u00edce<\/a><\/li>\n<li>Sign\u00e1ln\u00ed zrcadlo<\/li>\n<li>P\u00ed\u0161\u0165alka WW-3 Res-Q\u2122 <a href=\"https:\/\/www.acrartex.com\/cs\/products\/pistalka-ww-3-resq\/\">Zjist\u011bte v\u00edce<\/a><\/li>\n<\/ul>\n<p><strong>Pr\u00e9miov\u00e1<\/strong> sada obsahuje n\u00e1sleduj\u00edc\u00ed z\u00e1kladn\u00ed produkty pro p\u0159e\u017eit\u00ed ( <strong>2341.1<\/strong> ):<\/p>\n<ul>\n<li>GlobalFIX V5 AIS kat. 2 EPIRB se Return Link Service a mobiln\u00ed aplikac\u00ed NFC <a href=\"https:\/\/www.acrartex.com\/el\/products\/globalfix-v5-ais-epirb-%ce%bc%ce%b5-return-link-service-%ce%ba%ce%b1%ce%b9-%ce%b5%cf%86%ce%b1%cf%81%ce%bc%ce%bf%ce%b3%ce%ae-%ce%b3%ce%b9%ce%b1-%ce%ba%ce%b9%ce%bd%ce%b7%cf%84%ce%ac\/\">Zjist\u011bte v\u00edce<\/a> <\/li>\n<li>ResQlink View RLS PLB 435 <a href=\"https:\/\/www.acrartex.com\/el\/products\/resqlink-view-personal-locator-beacon-rls\/\">Dal\u0161\u00ed informace<\/a><\/li>\n<li>Elektronick\u00e1 nouzov\u00e1 sv\u011btlice ResQflare (certifikovan\u00e1 pob\u0159e\u017en\u00ed str\u00e1\u017e\u00ed USA) <a href=\"https:\/\/www.acrartex.com\/cs\/products\/resqflare-elektronicka-led-nouzova-svetlice-pro-lode\/\">Zjist\u011bte v\u00edce<\/a><\/li>\n<li>FireFly PRO Waterbug \u2013 Stroboskopick\u00e9 sv\u011btlo s certifikac\u00ed SOLAS a vestav\u011bnou aktivac\u00ed vodou <a href=\"https:\/\/www.acrartex.com\/products\/firefly-pro-waterbug\/\">Zjist\u011bte v\u00edce<\/a><\/li>\n<li>Ta\u0161ka RapidDitch Express <a href=\"https:\/\/www.acrartex.com\/cs\/products\/taska-rapidditch-express\/\">Zjist\u011bte v\u00edce<\/a><\/li>\n<li>HemiLight \u21223 <a href=\"https:\/\/www.acrartex.com\/cs\/products\/svetlo-pro-zachranne-vesty-hemilight-3-med-a-solas\/\">Zjist\u011bte v\u00edce<\/a><\/li>\n<li>Sign\u00e1ln\u00ed zrcadlo<\/li>\n<li>P\u00ed\u0161\u0165alka WW-3 Res-Q\u2122 <a href=\"https:\/\/www.acrartex.com\/cs\/products\/pistalka-ww-3-resq\/\">Zjist\u011bte v\u00edce<\/a><\/li>\n<\/ul>\n<p>P\u0159edstavujeme nejpokro\u010dilej\u0161\u00ed dostupn\u00fd EPIRB ( <a href=\"https:\/\/www.acrartex.com\/cs\/news\/co-je-epirb-neboli-nouzovy-radiomajak-s-indikaci-polohy\/\">nouzov\u00fd r\u00e1diomaj\u00e1k s indikac\u00ed polohy<\/a> ). Nov\u00fd ACR GlobalFix V5 EPIRB kombinuje satelitn\u00ed p\u0159ipojen\u00ed k s\u00edti 406 MHz s funkc\u00ed Automatic Identification System ( AIS ). To znamen\u00e1, \u017ee kdy\u017e je EPIRB aktivov\u00e1n, nejen\u017ee vys\u00edl\u00e1 v\u00e1\u0161 nouzov\u00fd sign\u00e1l do glob\u00e1ln\u00edho z\u00e1chrann\u00e9ho satelitn\u00edho syst\u00e9mu <a href=\"https:\/\/www.cospas-sarsat.int\/en\/\">Cospas Sarsat<\/a> , ale tak\u00e9 vys\u00edl\u00e1 bezpe\u010dnostn\u00ed zpr\u00e1vu AIS na frekvenc\u00edch VHF, kterou m\u016f\u017ee okam\u017eit\u011b vid\u011bt jak\u00e9koli plavidlo vybaven\u00e9 AIS v okol\u00ed. Mezi dal\u0161\u00ed skv\u011bl\u00e9 funkce pat\u0159\u00ed technologie Return Link Service ( RLS ), kter\u00e1 u\u017eivateli poskytuje vizu\u00e1ln\u00ed potvrzen\u00ed o p\u0159ijet\u00ed jeho nouzov\u00e9 zpr\u00e1vy, nav\u00e1d\u011bc\u00ed sign\u00e1l 121,5 MHz a viditeln\u00e1 a infra\u010derven\u00e1 z\u00e1bleskov\u00e1 sv\u011btla pro snadnou identifikaci c\u00edle v noci nebo za \u0161patn\u00e9 viditelnosti. Dal\u0161\u00ed novou funkc\u00ed je Near Field Communication ( NFC ), kter\u00e1 u\u017eivatel\u016fm umo\u017e\u0148uje sledovat sv\u016fj EPIRB pomoc\u00ed aplikace pro chytr\u00e9 telefony. ACR je sv\u011btov\u00fdm l\u00eddrem v oblasti technologi\u00ed pro n\u00e1mo\u0159n\u00ed bezpe\u010dnost a z\u00e1chranu a nov\u00fd GlobalFix V5 GPS EPIRB s AIS kombinuje odolnost a spolehlivost, kter\u00fdmi je zn\u00e1m\u00fd, s pokro\u010dilou technologi\u00ed navr\u017eenou pro urychlen\u00ed doby odezvy z\u00e1chrann\u00fdch akc\u00ed.     <\/p>\n<h3><strong>Rychlej\u0161\u00ed z\u00e1chrann\u00e9 akce s vyu\u017eit\u00edm AIS EPIRB d\u00edky sp\u00e1rov\u00e1n\u00ed glob\u00e1ln\u00ed a lok\u00e1ln\u00ed z\u00e1chrany<\/strong><\/h3>\n<p>EPIRB ACR GlobalFix V5 p\u0159esn\u011b ur\u010duje svou polohu kdekoli na sv\u011bt\u011b pomoc\u00ed polohovac\u00edch s\u00edt\u00ed GNSS ( GPS , Galileo, Glonass). Po aktivaci p\u0159en\u00e1\u0161ej\u00ed t\u00eds\u0148ov\u00e9 vys\u00edl\u00e1n\u00ed na frekvenci 406 MHz polohu GPS EPIRB (GPIRB) s p\u0159esnost\u00ed na 100 metr\u016f do celosv\u011btov\u00e9 p\u00e1trac\u00ed a z\u00e1chrann\u00e9 satelitn\u00ed s\u00edt\u011b Cospas Sarsat. Identifik\u00e1tory EPIRB a informace o poloze jsou prost\u0159ednictv\u00edm satelitn\u00edho syst\u00e9mu p\u0159en\u00e1\u0161eny na pozemn\u00ed stanice, \u010d\u00edm\u017e se zahajuj\u00ed z\u00e1chrann\u00e9 operace. D\u00edky pokro\u010dil\u00e9 technologii AIS , kter\u00e1 je nyn\u00ed sou\u010d\u00e1st\u00ed EPIRB , je po aktivaci vysl\u00e1n sign\u00e1l AIS , tak\u017ee plavidla v bl\u00edzkosti vybaven\u00e1 transpond\u00e9rem AIS jsou okam\u017eit\u011b informov\u00e1na o poloze maj\u00e1ku. Plavidla vybaven\u00e1 AIS v dosahu VHF maj\u00e1ku uvid\u00ed na sv\u00fdch obrazovk\u00e1ch bezpe\u010dnostn\u00ed zpr\u00e1vu v\u010detn\u011b identifikace plavidla MMSI. Plavidla v oblasti, kde byl EPIRB aktivov\u00e1n, pak mohou okam\u017eit\u011b zah\u00e1jit z\u00e1chrann\u00e9 a obnovovac\u00ed operace, ani\u017e by musela \u010dekat na nouzovou reakci od p\u0159\u00edslu\u0161n\u00e9ho p\u00e1trac\u00edho a z\u00e1chrann\u00e9ho org\u00e1nu. AIS tak\u00e9 umo\u017e\u0148uje m\u00edstn\u00edm z\u00e1chran\u00e1\u0159\u016fm snadno ur\u010dit polohu EPIRB , kter\u00e1 se na jejich palubn\u00edm displeji zobrazuje jako c\u00edl AIS . Plavidla v bl\u00edzkosti s palubn\u00edm AIS se mohou p\u0159\u00edmo orientovat v EPIRB v\u00fdb\u011brem c\u00edle AIS .        Tento neuv\u011b\u0159iteln\u00fd technologick\u00fd pokrok urychl\u00ed dobu zotaven\u00ed, co\u017e jist\u011b zachr\u00e1n\u00ed \u017eivoty.<\/p>\n<h3><strong>P\u0159ipojen\u00ed chytr\u00fdch telefon\u016f pomoc\u00ed Near Field Communication ( NFC )<\/strong><\/h3>\n<p><a href=\"https:\/\/www.youtube.com\/watch?v=WqE0ag4yqG4\">Technologie NFC ( Near Field Communication )<\/a> umo\u017e\u0148uje u\u017eivatel\u016fm p\u0159\u00edstup k diagnostice EPIRB pomoc\u00ed jejich chytr\u00fdch telefon\u016f. Kdy\u017e je chytr\u00fd telefon um\u00edst\u011bn vedle nouzov\u00e9ho polohovac\u00edho r\u00e1diomaj\u00e1ku GlobalFix V5, automaticky se otev\u0159e aplikace ACR Product App, kter\u00e1 poskytuje p\u0159\u00edstup k dat\u016fm z maj\u00e1k\u016f. Informace o stavu maj\u00e1ku v aplikaci zahrnuj\u00ed aktu\u00e1ln\u00ed v\u00fddr\u017e baterie, po\u010det dokon\u010den\u00fdch autotest\u016f, po\u010det dokon\u010den\u00fdch test\u016f GNSS a dobu, po kterou byl EPIRB aktivov\u00e1n. K dispozici jsou tak\u00e9 podrobn\u00e9 informace o ka\u017ed\u00e9m autotestu a testu GNSS proveden\u00e9m za\u0159\u00edzen\u00edm. Testy GNSS zobrazuj\u00ed mapu s p\u0159esn\u00fdm ur\u010den\u00edm m\u00edsta proveden\u00ed p\u0159edchoz\u00edho testu, data a \u010dasu testu, doby, po kterou EPIRB z\u00edskal fix na sou\u0159adnic\u00edch GNSS, po\u010dtu satelit\u016f pou\u017eit\u00fdch k z\u00edsk\u00e1n\u00ed fixu a p\u0159esnosti fixu. Snadn\u00e9 p\u0159ipojen\u00ed k aplikaci pomoc\u00ed NFC umo\u017e\u0148uje u\u017eivatel\u016fm snadno zkontrolovat stav v\u0161ech funkc\u00ed EPIRB a ujistit se, \u017ee funguj\u00ed spr\u00e1vn\u011b.     <\/p>\n<h3><strong>Return Link Service ( RLS )<\/strong><\/h3>\n<p>Return Link Service informuje osobu, kter\u00e1 spust\u00ed EPIRB , \u017ee t\u00eds\u0148ov\u00e1 zpr\u00e1va byla doru\u010dena. Sign\u00e1l RLS odeslan\u00fd zp\u011bt prost\u0159ednictv\u00edm satelitn\u00ed s\u00edt\u011b Galileo potvrzuje, \u017ee t\u00eds\u0148ov\u00e1 zpr\u00e1va spolu s p\u0159esnou polohou maj\u00e1ku a identifik\u00e1tory byla detekov\u00e1na. Snadno viditeln\u00e9 blikaj\u00edc\u00ed modr\u00e9 sv\u011btlo indikuje \u00fasp\u011b\u0161n\u00fd p\u0159\u00edjem zpr\u00e1vy zp\u011btn\u00e9ho spojen\u00ed ze satelitn\u00ed s\u00edt\u011b Galileo EPIRB . Pohodl\u00ed z\u00e1chran\u00e1\u0159\u016f zji\u0161t\u011bn\u00e9 v situaci, kdy EPIRB byl aktivov\u00e1n a znaj\u00ed jeho polohu, pom\u00e1h\u00e1 sni\u017eovat stres spojen\u00fd s nouzov\u00fdmi situacemi.   <\/p>\n<p>ACR se specializuje na elektronick\u00e1 z\u00e1chrann\u00e1 za\u0159\u00edzen\u00ed a dal\u0161\u00ed produkty pro z\u00e1chranu \u017eivota ur\u010den\u00e9 pro profesion\u00e1ln\u00ed i rekrea\u010dn\u00ed n\u00e1mo\u0159n\u00edky. D\u00edky p\u0159id\u00e1n\u00ed AIS poskytuje inovativn\u00ed nov\u00fd EPIRB ACR GlobalFix V5 nejjednodu\u0161\u0161\u00ed a nejrychlej\u0161\u00ed cestu k z\u00e1chran\u011b. Return Link Service poskytuje v\u00edtan\u00fd pocit bezpe\u010d\u00ed s v\u011bdom\u00edm, \u017ee va\u0161e t\u00eds\u0148ov\u00e1 zpr\u00e1va byla p\u0159ijata, a Near Field Communication poskytuje p\u0159\u00edstup k dat\u016fm a funkc\u00edm produktu, kter\u00e9 dosud \u017e\u00e1dn\u00e9mu z\u00e1kazn\u00edkovi EPIRB nebyly k dispozici. Nov\u00e1 a pokro\u010dil\u00e1 sada funkc\u00ed GlobalFix V5 EPIRB z n\u011bj \u010din\u00ed ide\u00e1ln\u00ed volbu pro n\u00e1mo\u0159n\u00edky, a\u0165 u\u017e se jedn\u00e1 o pob\u0159e\u017en\u00ed plavbu, pr\u00e1ci na mo\u0159i nebo k\u0159i\u017eov\u00e1n\u00ed oce\u00e1n\u016f.   <\/p>\n","protected":false},"excerpt":{"rendered":"<h4><span style=\"color: #000000;\"><strong>S hrdost\u00ed vyrobeno v USA!<\/strong><\/span><\/h4>\n<p><a href=\"https:\/\/www.dropbox.com\/s\/fk04stqsp2hgk5f\/Prop%2065%20-%20DEHP.pdf?dl=0\">VAROV\u00c1N\u00cd: PROP 65<\/a><\/p>\n","protected":false},"featured_media":88813,"template":"","meta":{"_acf_changed":false,"om_disable_all_campaigns":false},"product_brand":[],"product_cat":[14679,5949,5953,5719,6135,5951,5947],"product_tag":[8249,15397,8250,15403,7080,15400,15402,9135,12953,12860,15401,11648,15399,8065,15398,11794,15404],"class_list":{"0":"post-159366","1":"product","2":"type-product","3":"status-publish","4":"has-post-thumbnail","6":"product_cat-bezpecnostni-sady-pro-namorni-dopravu","7":"product_cat-blizko-pobrezi","8":"product_cat-komercni","9":"product_cat-namorni","10":"product_cat-nezarazene","11":"product_cat-pobrezni","12":"product_cat-vnitrozemi","13":"product_tag-406-epirb-cs","14":"product_tag-acr-406-epirb-cs","15":"product_tag-acr-globalfix-cs","16":"product_tag-ais-epirb-cs","17":"product_tag-bezpecnost-plavby-cs","18":"product_tag-bezpecnostni-sada-ais","19":"product_tag-bezpecnostni-sada-pro-plavbu-na-lodi","20":"product_tag-bezpecnostni-taska-pro-plavbu-na-lodi","21":"product_tag-globalni-zachrana","22":"product_tag-majak-406-mhz","23":"product_tag-majak-ais","24":"product_tag-osobni-lokacni-majak-acr","25":"product_tag-plavba-lodi","26":"product_tag-polosvetlo","27":"product_tag-sada-pro-preziti-na-lodi","28":"product_tag-signalni-svetlice","29":"product_tag-stobe-cs","31":"first","32":"instock","33":"taxable","34":"shipping-taxable","35":"purchasable","36":"product-type-variable"},"acf":[],"_links":{"self":[{"href":"https:\/\/www.acrartex.com\/cs\/wp-json\/wp\/v2\/product\/159366","targetHints":{"allow":["GET"]}}],"collection":[{"href":"https:\/\/www.acrartex.com\/cs\/wp-json\/wp\/v2\/product"}],"about":[{"href":"https:\/\/www.acrartex.com\/cs\/wp-json\/wp\/v2\/types\/product"}],"wp:featuredmedia":[{"embeddable":true,"href":"https:\/\/www.acrartex.com\/cs\/wp-json\/wp\/v2\/media\/88813"}],"wp:attachment":[{"href":"https:\/\/www.acrartex.com\/cs\/wp-json\/wp\/v2\/media?parent=159366"}],"wp:term":[{"taxonomy":"product_brand","embeddable":true,"href":"https:\/\/www.acrartex.com\/cs\/wp-json\/wp\/v2\/product_brand?post=159366"},{"taxonomy":"product_cat","embeddable":true,"href":"https:\/\/www.acrartex.com\/cs\/wp-json\/wp\/v2\/product_cat?post=159366"},{"taxonomy":"product_tag","embeddable":true,"href":"https:\/\/www.acrartex.com\/cs\/wp-json\/wp\/v2\/product_tag?post=159366"}],"curies":[{"name":"wp","href":"https:\/\/api.w.org\/{rel}","templated":true}]}}