{"id":159304,"date":"2024-06-11T10:06:29","date_gmt":"2024-06-11T15:06:29","guid":{"rendered":"https:\/\/www.acrartex.com\/products\/exposure-olas-man-overboard-float-on-light-vodeodolne-rucni-svetlo-a-vysilac-mob\/"},"modified":"2025-07-29T14:02:32","modified_gmt":"2025-07-29T19:02:32","slug":"exposure-olas-man-overboard-float-on-light-vodeodolne-rucni-svetlo-a-vysilac-mob","status":"publish","type":"product","link":"https:\/\/www.acrartex.com\/cs\/products\/exposure-olas-man-overboard-float-on-light-vodeodolne-rucni-svetlo-a-vysilac-mob\/","title":{"rendered":"EXPOSURE OLAS Man Overboard Float On Light \u2013 Vod\u011bodoln\u00e9, ru\u010dn\u00ed sv\u011btlo a vys\u00edla\u010d MOB"},"content":{"rendered":"<div class=\"panel-block-row col-md-12 title-v7\">\n<div class=\"content-heading\">\n<h3 class=\"title\"><strong style=\"font-size: 16px;\">Sledujte vys\u00edla\u010de OLAS p\u0159\u00edmo pomoc\u00ed telefonu \u2013 nen\u00ed pot\u0159eba \u017e\u00e1dn\u00fd dal\u0161\u00ed hardware<\/strong><\/h3>\n<\/div>\n<\/div>\n<p>Aplikace OLAS je k dispozici zdarma pro za\u0159\u00edzen\u00ed se syst\u00e9my iOS i Android a umo\u017e\u0148uje v\u00e1m bez n\u00e1mahy monitorovat a\u017e 6 vys\u00edla\u010d\u016f OLAS . Je ide\u00e1ln\u00ed pro plavidla o d\u00e9lce a\u017e 9 metr\u016f a p\u0159edstavuje cenov\u011b dostupn\u00e9 \u0159e\u0161en\u00ed pro rychlou vlastn\u00ed z\u00e1chranu, ide\u00e1ln\u00ed pro s\u00f3lov\u00e9 plavby nebo plavby s malou pos\u00e1dkou. <\/p>\n<p><strong>Voln\u00fd pohyb a z\u00e1rove\u0148 bezpe\u010dnost<\/strong><\/p>\n<p>Sp\u00e1rujte vys\u00edla\u010de OLAS se syst\u00e9my zastaven\u00ed motoru Guardian nebo N2K a fungujte jako bezdr\u00e1tov\u00e9 zhas\u00ednac\u00ed kabely. To zaji\u0161\u0165uje, \u017ee \u0159idi\u010di motorov\u00fdch \u010dlun\u016f a RIB mohou okam\u017eit\u011b zastavit sv\u00e9 plavidlo, pokud se kapit\u00e1n nebo pos\u00e1dka odd\u011bl\u00ed, \u010d\u00edm\u017e se zabr\u00e1n\u00ed nehod\u00e1m zp\u016fsoben\u00fdm nekontrolovan\u00fdmi a bezpilotn\u00edmi plavidly. Jedn\u00e1 se o nezbytn\u00e9 bezpe\u010dnostn\u00ed \u0159e\u0161en\u00ed pro motorov\u00e1 plavidla s jednou kormidlem a ryb\u00e1\u0159sk\u00e9 lod\u011b, kter\u00e9 poskytuje volnost pohybu po plavidle b\u011bhem provozu.  <\/p>\n<h3 class=\"subheading mt sm-mt size--default sm-size--default\">P\u0159enosn\u00fd alarm p\u0159es palubu<\/h3>\n<p>Sp\u00e1rujte vys\u00edla\u010de OLAS s OLAS Core, p\u0159enosn\u00fdm 5V palubn\u00edm alarmem, kter\u00fd dok\u00e1\u017ee sledovat a\u017e 25 vys\u00edla\u010d\u016f na plavidlech o d\u00e9lce a\u017e 15 metr\u016f. Tento syst\u00e9m je nepostradateln\u00fd pro u\u017eivatele nastupuj\u00edc\u00ed na palubu plavidel bez instalovan\u00fdch palubn\u00edch alarm\u016f, jako jsou charterov\u00e9 plavby nebo p\u0159eprava na lod\u00edch s nedostatkem pos\u00e1dky. <\/p>\n<p style=\"margin: 0in 0in 0.0001pt;\"><span style=\"font-size: 16px;\"><span style=\"line-height: 150%;\">  <\/span><\/span><\/p>\n<p style=\"text-align: justify; margin: 0in 0in 0.0001pt;\"><span style=\"font-size: 16px;\"><span style=\"line-height: 150%;\"><b>Kl\u00ed\u010dov\u00e9 vlastnosti:<\/b><\/span><\/span><\/p>\n<ul>\n<li style=\"text-align: justify; margin: 0in 0in 0.0001pt;\"><span style=\"font-size: 16px;\"><span style=\"line-height: 150%;\"><a name=\"_Hlk8669295\"><\/a>  Integrace bezplatn\u00e9 mobiln\u00ed aplikace OLAS<\/span><\/span><\/li>\n<li style=\"margin: 0in 0in 0.0001pt;\"><span style=\"font-size: 16px;\"><span style=\"line-height: 150%;\">LED sv\u00edtilna (n\u00edzk\u00e1\/st\u0159edn\u00ed\/vysok\u00e1)<\/span><\/span><\/li>\n<li style=\"margin: 0in 0in 0.0001pt;\"><span style=\"font-size: 16px;\"><span style=\"line-height: 150%;\">Vodou aktivovan\u00fd stroboskop<\/span><\/span><\/li>\n<li style=\"margin: 0in 0in 0.0001pt;\"><span style=\"font-size: 16px;\"><span style=\"line-height: 150%;\">Vod\u011bodolnost (IP67)<\/span><\/span><\/li>\n<li style=\"margin: 0in 0in 0.0001pt;\"><span style=\"font-size: 16px;\"><span style=\"line-height: 150%;\">Vztlak<\/span><\/span><\/li>\n<li style=\"margin: 0in 0in 0.0001pt;\"><span style=\"font-size: 16px;\"><span style=\"line-height: 150%;\"><a name=\"_Hlk8669342\"><\/a>Kompatibiln\u00ed s Bluetooth\u00ae 4.1<\/span><\/span><\/li>\n<li style=\"margin: 0in 0in 0.0001pt;\"><span style=\"font-size: 16px;\"><span style=\"line-height: 150%;\">Indik\u00e1tor \u017eivotnosti baterie<\/span><\/span><\/li>\n<li style=\"margin: 0in 0in 0.0001pt;\"><span style=\"font-size: 16px;\"><span style=\"line-height: 150%;\">Rychl\u00e9 nab\u00edjen\u00ed (3 hodiny)<\/span><\/span><\/li>\n<li style=\"margin: 0in 0in 0.0001pt;\"><span style=\"font-size: 16px;\"><span style=\"line-height: 150%;\">Dob\u00edjec\u00ed USB<\/span><\/span><\/li>\n<\/ul>\n","protected":false},"excerpt":{"rendered":"<p>OLAS Float-On je vodot\u011bsn\u00e1 plovouc\u00ed kapesn\u00ed sv\u00edtilna a vys\u00edla\u010d OLAS . Unik\u00e1tn\u00ed integrace technologie MOB (vodou aktivovan\u00fd stroboskop) od Exposure a konektivity OLAS v jednom produktu vytv\u00e1\u0159\u00ed multifunk\u010dn\u00ed bezpe\u010dnostn\u00ed pom\u016fcku pro za\u010d\u00ednaj\u00edc\u00ed i zku\u0161en\u00e9 jachta\u0159e. Kombinace alarmu a vysoce v\u00fdkonn\u00e9ho stroboskopu pom\u00e1h\u00e1 zajistit, aby byl MOB viditeln\u00fd po celou dobu z\u00e1chrann\u00e9 akce.  <\/p>\n<p>Plovouc\u00ed za\u0159\u00edzen\u00ed OLAS jsou sledov\u00e1na aplikac\u00ed OLAS na palub\u011b z mobiln\u00edho za\u0159\u00edzen\u00ed nebo prost\u0159ednictv\u00edm za\u0159\u00edzen\u00ed Core, Guardian a Extender.<\/p>\n<p><strong>V\u00fdhody plovouc\u00edho syst\u00e9mu OLAS<\/strong> Dob\u00edjec\u00ed vys\u00edla\u010d OLAS Vod\u011bodoln\u00fd Plovouc\u00ed vodou aktivovan\u00fd stroboskop (MOBT) Zp\u011btn\u00e1 vazba baterie Dob\u00edjec\u00ed p\u0159es USB Aplikace OLAS vy\u017eaduje pro fungov\u00e1n\u00ed minim\u00e1ln\u011b iOS11 nebo Android 5.1.<\/p>\n<p><strong>Obsah balen\u00ed:<\/strong> OLAS Float-On, nab\u00edjec\u00ed kabel Micro USB, u\u017eivatelsk\u00e1 p\u0159\u00edru\u010dka<\/p>\n<p style=\"margin-top: 0in; margin-right: 0in; margin-left: 0in;\"><span style=\"font-size: 16px;\"><span style=\"background: white;\"><span style=\"line-height: 150%;\"> <\/span><\/span><\/span><\/p>\n<p style=\"margin-top: 0in; margin-right: 0in; margin-left: 0in;\"><a href=\"https:\/\/www.dropbox.com\/s\/fk04stqsp2hgk5f\/Prop%2065%20-%20DEHP.pdf?dl=0\">VAROV\u00c1N\u00cd: PROP 65<\/a><\/p>\n<p>&nbsp;<\/p>\n<p>&nbsp;<\/p>\n","protected":false},"featured_media":159308,"template":"","meta":{"_acf_changed":false,"om_disable_all_campaigns":false},"product_brand":[],"product_cat":[5949,5953,5719,5951,5947],"product_tag":[11978,11969,11999,11299,11319,11953,11961,11987,11184,12011,11943,11931],"class_list":{"0":"post-159304","1":"product","2":"type-product","3":"status-publish","4":"has-post-thumbnail","6":"product_cat-blizko-pobrezi","7":"product_cat-komercni","8":"product_cat-namorni","9":"product_cat-pobrezni","10":"product_cat-vnitrozemi","11":"product_tag-2982-cs","12":"product_tag-bluetooth-cs","13":"product_tag-cob-cs","14":"product_tag-mob-cs","15":"product_tag-muz-pres-palubu","16":"product_tag-olas-cs","17":"product_tag-plovouci","18":"product_tag-posadka-pres-palubu","19":"product_tag-stroboskopicke-svetlo","20":"product_tag-svitilna","21":"product_tag-system-davu","22":"product_tag-system-pro-muze-pres-palubu","23":"pa_boat-size-0-20-cs","24":"pa_boat-size-21-40-cs","25":"pa_boat-size-40-80-cs","26":"pa_boat-size-80-cs","27":"pa_boat-type-charterova-jachta","28":"pa_boat-type-jachta","29":"pa_boat-type-komercni-rybolov","30":"pa_boat-type-motorovy-clun","31":"pa_boat-type-nakladni-lod","32":"pa_boat-type-plachetnice","33":"pa_boat-type-remorker","34":"pa_boat-type-sportcraft-cs","35":"pa_product-signalizacni-produkty","37":"first","38":"instock","39":"taxable","40":"shipping-taxable","41":"purchasable","42":"product-type-simple"},"acf":[],"_links":{"self":[{"href":"https:\/\/www.acrartex.com\/cs\/wp-json\/wp\/v2\/product\/159304","targetHints":{"allow":["GET"]}}],"collection":[{"href":"https:\/\/www.acrartex.com\/cs\/wp-json\/wp\/v2\/product"}],"about":[{"href":"https:\/\/www.acrartex.com\/cs\/wp-json\/wp\/v2\/types\/product"}],"wp:featuredmedia":[{"embeddable":true,"href":"https:\/\/www.acrartex.com\/cs\/wp-json\/wp\/v2\/media\/159308"}],"wp:attachment":[{"href":"https:\/\/www.acrartex.com\/cs\/wp-json\/wp\/v2\/media?parent=159304"}],"wp:term":[{"taxonomy":"product_brand","embeddable":true,"href":"https:\/\/www.acrartex.com\/cs\/wp-json\/wp\/v2\/product_brand?post=159304"},{"taxonomy":"product_cat","embeddable":true,"href":"https:\/\/www.acrartex.com\/cs\/wp-json\/wp\/v2\/product_cat?post=159304"},{"taxonomy":"product_tag","embeddable":true,"href":"https:\/\/www.acrartex.com\/cs\/wp-json\/wp\/v2\/product_tag?post=159304"}],"curies":[{"name":"wp","href":"https:\/\/api.w.org\/{rel}","templated":true}]}}