{"id":159282,"date":"2024-06-11T10:23:22","date_gmt":"2024-06-11T15:23:22","guid":{"rendered":"https:\/\/www.acrartex.com\/products\/konektor-pro-vicenasobny-motor-exposure-olas\/"},"modified":"2024-06-11T10:23:22","modified_gmt":"2024-06-11T15:23:22","slug":"konektor-pro-vicenasobny-motor-exposure-olas","status":"publish","type":"product","link":"https:\/\/www.acrartex.com\/cs\/products\/konektor-pro-vicenasobny-motor-exposure-olas\/","title":{"rendered":"Konektor pro v\u00edcen\u00e1sobn\u00fd motor EXPOSURE OLAS"},"content":{"rendered":"","protected":false},"excerpt":{"rendered":"<p>V\u00edcemotorov\u00fd konektor OLAS je navr\u017een pro provoz s v\u00edce z\u00e1v\u011bsn\u00fdmi motory, celkem a\u017e se 3. Byl navr\u017een pro provoz s bezdr\u00e1tov\u00fdm vyp\u00edna\u010dem motoru a alarmem \u010dlov\u011bka p\u0159es palubu OLAS N2K NMEA 2000 nebo s bezdr\u00e1tov\u00fdm vyp\u00edna\u010dem motoru a alarmem \u010dlov\u011bka p\u0159es palubu OLAS Guardian. Toto p\u0159\u00edslu\u0161enstv\u00ed, kter\u00e9 je nej\u010dast\u011bji vy\u017eadov\u00e1no u dvoumotorov\u00fdch a t\u0159\u00edmotorov\u00fdch lod\u00ed Yamaha, propojuje v\u00edce motor\u016f do jednoho syst\u00e9mu vyp\u00edna\u010de.  <\/p>\n<p>Pokyny k zapojen\u00ed naleznete ve sch\u00e9matu zapojen\u00ed v\u00edcemotorov\u00e9ho konektoru, kter\u00e9 je sou\u010d\u00e1st\u00ed jednoho z obr\u00e1zk\u016f produktu na t\u00e9to str\u00e1nce produktu.<\/p>\n<p class=\"x\" style=\"margin: 0in; text-align: start; margin-right: 0in; margin-left: 0in;\"><span style=\"font-size: 12pt;\"><span style=\"background: white;\"> <\/span><\/span><\/p>\n<p class=\"x\" style=\"margin: 0in; text-align: start; margin-right: 0in; margin-left: 0in;\"><a href=\"https:\/\/www.dropbox.com\/s\/fk04stqsp2hgk5f\/Prop%2065%20-%20DEHP.pdf?dl=0\">VAROV\u00c1N\u00cd: PROP 65<\/a><\/p>\n","protected":false},"featured_media":159288,"template":"","meta":{"_acf_changed":false,"om_disable_all_campaigns":false},"product_brand":[],"product_cat":[5949,5953,5719,5951,5947],"product_tag":[15271,15280,15274,15277,15287,15283,15285,15289],"class_list":{"0":"post-159282","1":"product","2":"type-product","3":"status-publish","4":"has-post-thumbnail","6":"product_cat-blizko-pobrezi","7":"product_cat-komercni","8":"product_cat-namorni","9":"product_cat-pobrezni","10":"product_cat-vnitrozemi","11":"product_tag-konektor-pro-vice-motoru","12":"product_tag-olas-mec-cs","13":"product_tag-vicekabelovy-kabelovy-svazek-motoru","14":"product_tag-vicemotorovy-konektor-olas","15":"product_tag-vicemotorovy-konektor-olas-guardian","16":"product_tag-viceucelovy-kabelovy-svazek-motoru-olas-guardian","17":"product_tag-viceucelovy-kabelovy-svazek-motoru-olas-n2k","18":"product_tag-viceucelovy-konektor-olas-n2k","20":"first","21":"instock","22":"taxable","23":"shipping-taxable","24":"purchasable","25":"product-type-simple"},"acf":[],"_links":{"self":[{"href":"https:\/\/www.acrartex.com\/cs\/wp-json\/wp\/v2\/product\/159282","targetHints":{"allow":["GET"]}}],"collection":[{"href":"https:\/\/www.acrartex.com\/cs\/wp-json\/wp\/v2\/product"}],"about":[{"href":"https:\/\/www.acrartex.com\/cs\/wp-json\/wp\/v2\/types\/product"}],"wp:featuredmedia":[{"embeddable":true,"href":"https:\/\/www.acrartex.com\/cs\/wp-json\/wp\/v2\/media\/159288"}],"wp:attachment":[{"href":"https:\/\/www.acrartex.com\/cs\/wp-json\/wp\/v2\/media?parent=159282"}],"wp:term":[{"taxonomy":"product_brand","embeddable":true,"href":"https:\/\/www.acrartex.com\/cs\/wp-json\/wp\/v2\/product_brand?post=159282"},{"taxonomy":"product_cat","embeddable":true,"href":"https:\/\/www.acrartex.com\/cs\/wp-json\/wp\/v2\/product_cat?post=159282"},{"taxonomy":"product_tag","embeddable":true,"href":"https:\/\/www.acrartex.com\/cs\/wp-json\/wp\/v2\/product_tag?post=159282"}],"curies":[{"name":"wp","href":"https:\/\/api.w.org\/{rel}","templated":true}]}}