{"id":159216,"date":"2024-08-16T14:02:09","date_gmt":"2024-08-16T19:02:09","guid":{"rendered":"https:\/\/www.acrartex.com\/products\/exposure-olas-n2k-nouzovy-alarm-muz-pres-palubu-bezdratovy-vypinac-motoru\/"},"modified":"2026-03-06T08:45:52","modified_gmt":"2026-03-06T13:45:52","slug":"exposure-olas-n2k-nouzovy-alarm-muz-pres-palubu-bezdratovy-vypinac-motoru","status":"publish","type":"product","link":"https:\/\/www.acrartex.com\/cs\/products\/exposure-olas-n2k-nouzovy-alarm-muz-pres-palubu-bezdratovy-vypinac-motoru\/","title":{"rendered":"EXPOSURE OLAS N2K \u2013 Nouzov\u00fd alarm Mu\u017e p\u0159es palubu, bezdr\u00e1tov\u00fd vyp\u00edna\u010d motoru"},"content":{"rendered":"<h3>Snadn\u00e9 sledov\u00e1n\u00ed v\u00edce vys\u00edla\u010d\u016f nebo jednotliv\u00fdch tag\u016f<\/h3>\n<p>OLAS N2K pracuje ve velk\u00e9m m\u011b\u0159\u00edtku a je schopen sledovat a\u017e 25 vys\u00edla\u010d\u016f OLAS v okol\u00ed plavidel o d\u00e9lce a\u017e 30 metr\u016f. A\u0165 u\u017e m\u00e1te velkou motorovou lo\u010f nebo plachetnici, toto za\u0159\u00edzen\u00ed v\u00e1m pom\u016f\u017ee. Alternativn\u011b jej lze pou\u017e\u00edt ke sledov\u00e1n\u00ed jedin\u00e9 zna\u010dky na motorov\u00e9m \u010dlunu, co\u017e zajist\u00ed okam\u017eit\u00e9 zastaven\u00ed motoru, pokud kormidlo spadne p\u0159es palubu.  <\/p>\n<h3><\/h3>\n<h3>Dod\u00e1v\u00e1no s dob\u00edjec\u00edm vys\u00edla\u010dem OLAS T2.<\/h3>\n<p>OLAS T2 je vodot\u011bsn\u00fd, kompaktn\u00ed a dob\u00edjec\u00ed vys\u00edla\u010d OLAS . Integrovan\u00e1 vibra\u010dn\u00ed a sv\u011bteln\u00e1 indikace zaji\u0161\u0165uje u\u017eivatelsky p\u0159\u00edv\u011btiv\u00e9 sledov\u00e1n\u00ed stavu tagu. <\/p>\n<ul>\n<li>Dod\u00e1v\u00e1no s poutkem na z\u00e1p\u011bst\u00ed a \u0161\u0148\u016frkou na krk<\/li>\n<li>Vibra\u010dn\u00ed upozorn\u011bn\u00ed na n\u00edzkou baterii.<\/li>\n<li>V\u00edce ne\u017e 7 dn\u00ed provozu na jedno nabit\u00ed.<\/li>\n<li>Doba nab\u00edjen\u00ed 2 hodiny.<\/li>\n<li>Ovl\u00e1d\u00e1n\u00ed inteligentn\u00edho z\u00e1mku motoru.<\/li>\n<\/ul>\n<h3><\/h3>\n<h3>Nenechte si uj\u00edt ud\u00e1lost Mu\u017e p\u0159es palubu<\/h3>\n<p>S OLAS N2K m\u016f\u017eete rychle reagovat na situaci s mu\u017eem p\u0159es palubu, proto\u017ee automaticky ukl\u00e1d\u00e1 polohu m\u00edsta ztr\u00e1ty MOB p\u0159es palubu do plotru. U\u017e \u017e\u00e1dn\u00e9 spol\u00e9h\u00e1n\u00ed se na lidskou pam\u011b\u0165 ani riziko zapomn\u011bn\u00ed. Kdy\u017e se OLAS tag \u201eztrat\u00ed\u201c a p\u0159edpokl\u00e1d\u00e1 se, \u017ee je p\u0159es palubu, spust\u00ed se sou\u010dasn\u011b n\u011bkolik upozorn\u011bn\u00ed, co\u017e v\u00e1m poskytuje maxim\u00e1ln\u00ed bezpe\u010dnost a pov\u011bdom\u00ed.  <\/p>\n<p>&nbsp;<\/p>\n<p>MOB pgn \u2013 do s\u00edt\u011b NMEA 2000 je vysl\u00e1n sign\u00e1l Mu\u017e p\u0159es palubu (PGN 127233). Spust\u00ed se jak\u00e9koli p\u0159ipojen\u00e9 za\u0159\u00edzen\u00ed MOB naprogramovan\u00e9 k reakci na sign\u00e1l MOB pgn. <\/p>\n<p>&nbsp;<\/p>\n<p>Bezpe\u010dnostn\u00ed vys\u00edl\u00e1n\u00ed AIS (PGN 129802) \u2013 toto upozorn\u011bn\u00ed emuluje zpr\u00e1vu, kter\u00e1 by byla p\u0159ijata ze za\u0159\u00edzen\u00ed EPIRB nebo SART s podporou AIS VHF. Zpr\u00e1va je pouze intern\u00ed a nebude vys\u00edl\u00e1na z plavidla. Zpr\u00e1va obsahuje GPS polohu plavidla v dob\u011b spu\u0161t\u011bn\u00ed upozorn\u011bn\u00ed. Mapov\u00fd plotter pak m\u016f\u017ee nastavit zna\u010dku MOB .   <\/p>\n<p>&nbsp;<\/p>\n<h3>Bezdr\u00e1tov\u00fd vyp\u00edna\u010d Kill Switch pro bezkonkuren\u010dn\u00ed bezpe\u010dnost<\/h3>\n<p>Bezdr\u00e1tov\u00fd vyp\u00edna\u010d je z\u00e1sadn\u00edm bezpe\u010dnostn\u00edm prvkem ka\u017ed\u00e9ho motorov\u00e9ho \u010dlunu a OLAS N2K v tomto ohledu nab\u00edz\u00ed v\u00fdjime\u010dnou funk\u010dnost. Zde je d\u016fvod, pro\u010d je bezdr\u00e1tov\u00fd vyp\u00edna\u010d tak v\u00fdhodn\u00fd: <\/p>\n<ul>\n<li>Bezpe\u010dnost obsluhy: Pokud obsluha spadne p\u0159es palubu nebo je ne\u010dekan\u011b vymr\u0161t\u011bna z lodi, OLAS N2K automaticky vypne motor, \u010d\u00edm\u017e p\u0159edejde nehod\u00e1m a usnadn\u00ed z\u00e1chrann\u00e9 operace.<\/li>\n<li>Nouzov\u00e9 zastaven\u00ed: V nebezpe\u010dn\u00fdch situac\u00edch, jako jsou kolize, umo\u017e\u0148uje bezdr\u00e1tov\u00fd vyp\u00edna\u010d okam\u017eit\u00e9 vypnut\u00ed motoru a zabra\u0148uje tak dal\u0161\u00edmu po\u0161kozen\u00ed nebo \u00fajm\u011b.<\/li>\n<li>Ochrana pos\u00e1dky: Roz\u0161i\u0159te bezpe\u010dnostn\u00ed v\u00fdhody pro cestuj\u00edc\u00ed a \u010dleny pos\u00e1dky t\u00edm, \u017ee je vybav\u00edte samostatn\u00fdmi \u0161t\u00edtky, kter\u00e9 v p\u0159\u00edpad\u011b pot\u0159eby mohou tak\u00e9 zastavit motor.<\/li>\n<li>Dodr\u017eov\u00e1n\u00ed p\u0159edpis\u016f: Mnoho lodn\u00edch \u00fa\u0159ad\u016f vy\u017eaduje v ur\u010dit\u00fdch situac\u00edch pou\u017eit\u00ed vyp\u00edna\u010d\u016f. OLAS N2K zaji\u0161\u0165uje dodr\u017eov\u00e1n\u00ed t\u011bchto p\u0159edpis\u016f a zabra\u0148uje pokut\u00e1m nebo sankc\u00edm. <\/li>\n<\/ul>\n<p>&nbsp;<\/p>\n<h3>Snadn\u00e1 instalace a integrace pro upozorn\u011bn\u00ed MOB<\/h3>\n<p>Instalace OLAS N2K je d\u00edky p\u0159ipojen\u00ed NMEA 2000 hra\u010dka. Bezprobl\u00e9mov\u011b se integruje do st\u00e1vaj\u00edc\u00ed s\u00edt\u011b NMEA 2000 va\u0161eho plavidla a zaji\u0161\u0165uje bezprobl\u00e9mov\u00fd proces nastaven\u00ed. OLAS N2K je kompatibiln\u00ed s \u0161irokou \u0161k\u00e1lou mapov\u00fdch plotr\u016f a multifunk\u010dn\u00edch displej\u016f a zaji\u0161\u0165uje, \u017ee si m\u016f\u017eete snadno prohl\u00ed\u017eet a reagovat na upozorn\u011bn\u00ed.  <\/p>\n<p>&nbsp;<\/p>\n<h3>P\u0159izp\u016fsobiteln\u00e9 re\u017eimy \u0161t\u00edtk\u016f pro flexibilitu<\/h3>\n<p>OLAS N2K nab\u00edz\u00ed t\u0159i u\u017eivatelsky voliteln\u00e9 re\u017eimy ozna\u010dov\u00e1n\u00ed, kter\u00e9 v\u00e1m umo\u017e\u0148uj\u00ed p\u0159izp\u016fsobit za\u0159\u00edzen\u00ed va\u0161im specifick\u00fdm pot\u0159eb\u00e1m. Mezi re\u017eimy m\u016f\u017eete snadno p\u0159ep\u00ednat pomoc\u00ed mobiln\u00ed aplikace OLAS . Zde je rozpis re\u017eim\u016f ozna\u010dov\u00e1n\u00ed:  <\/p>\n<ul>\n<li>V\u00fdchoz\u00ed re\u017eim: Ide\u00e1ln\u00ed pro v\u011bt\u0161\u00ed motorov\u00e9 lod\u011b a plachetnice. Tento re\u017eim spou\u0161t\u00ed upozorn\u011bn\u00ed pro zb\u00fdvaj\u00edc\u00ed pos\u00e1dku a z\u00e1rove\u0148 vyp\u00edn\u00e1 motor. Zaji\u0161\u0165uje, aby byli v\u0161ichni informov\u00e1ni a aby bylo plavidlo pod kontrolou. <\/li>\n<li>Re\u017eim Crew Tag: Tento re\u017eim je doporu\u010den pro pos\u00e1dku a cestuj\u00edc\u00ed na motorov\u00fdch i plachetn\u00edch plavidlech. Umo\u017e\u0148uje upozorn\u011bn\u00ed zb\u00fdvaj\u00edc\u00ed pos\u00e1dky bez vypnut\u00ed motoru. Umo\u017e\u0148uje okam\u017eit\u00e9 z\u00e1chrann\u00e9 operace. <\/li>\n<li>Re\u017eim kormideln\u00edho \u0161t\u00edtku: Tento re\u017eim, speci\u00e1ln\u011b navr\u017een\u00fd pro motorov\u00e9 lod\u011b krat\u0161\u00ed ne\u017e 35 stop (10,6 m), funguje jako zar\u00e1\u017eka a zastav\u00ed plavidlo, kdy\u017e \u0161t\u00edtek p\u0159ekro\u010d\u00ed nastavitelnou vzd\u00e1lenost od n\u00e1boje. Tento re\u017eim umo\u017e\u0148uje u\u017eivateli opustit plavidlo a vr\u00e1tit se na n\u011bj bez spu\u0161t\u011bn\u00ed alarmu. Nespust\u00ed upozorn\u011bn\u00ed na MOB a nem\u011bl by b\u00fdt pou\u017e\u00edv\u00e1n jako alarm MOB .  <\/li>\n<\/ul>\n<h3><\/h3>\n<h3>V\u00fdkonn\u00e9 funkce aplikace OLAS pro v\u011bt\u0161\u00ed bezpe\u010dnost<\/h3>\n<p>Mobiln\u00ed aplikace OLAS nab\u00edz\u00ed dal\u0161\u00ed funkce, kter\u00e9 d\u00e1le zvy\u0161uj\u00ed va\u0161i bezpe\u010dnost na vod\u011b:<\/p>\n<ul>\n<li>Re\u017eim Solo: Pro jachta\u0159e operuj\u00edc\u00ed u pob\u0159e\u017e\u00ed nebo na plavidlech s p\u0159ipojen\u00edm k mo\u0159i umo\u017e\u0148uje re\u017eim Solo automatick\u00e9 zas\u00edl\u00e1n\u00ed nouzov\u00fdch zpr\u00e1v. V p\u0159\u00edpad\u011b ud\u00e1losti MOB je na v\u00e1mi zadan\u00e9 t\u00eds\u0148ov\u00e9 \u010d\u00edslo odesl\u00e1na nouzov\u00e1 SMS zpr\u00e1va obsahuj\u00edc\u00ed z\u00e1kladn\u00ed informace o va\u0161em plavidle. <\/li>\n<li>Zp\u011btn\u00e9 sledov\u00e1n\u00ed a poloha posledn\u00edho spat\u0159en\u00e9ho: Aplikace OLAS generuje snadno sledovatelnou sm\u011brovou \u0161ipku a z\u00e1znam vzd\u00e1lenosti, kter\u00e9 z\u00e1chran\u00e1\u0159\u016fm pomohou vr\u00e1tit se na m\u00edsto, kde se nach\u00e1zela osoba MOB . Zobrazuje se tak\u00e9 zem\u011bpisn\u00e1 \u0161\u00ed\u0159ka a d\u00e9lka upozorn\u011bn\u00ed MOB , co\u017e umo\u017e\u0148uje efektivn\u00ed koordinaci se z\u00e1chrann\u00fdmi slo\u017ekami nebo bl\u00edzk\u00fdmi plavidly. <\/li>\n<li>Automatick\u00e9 VHF informace o pohotovosti: Aplikace automaticky generuje VHF skript, kter\u00fd obsahuje informace o va\u0161\u00ed lodi a \u00fadaje o poloze, na kterou byla naposledy vid\u011bna. To zaji\u0161\u0165uje, \u017ee p\u0159es VHF lze vydat p\u0159esn\u00e9 vol\u00e1n\u00ed o pohotovost, co\u017e maximalizuje va\u0161e \u0161ance na rychlou z\u00e1chranu. <\/li>\n<\/ul>\n<p>&nbsp;<\/p>\n<p><strong>Obsah balen\u00ed:<\/strong> OLAS N2K, propojovac\u00ed kabel NMEA 2000 (1 m), ovl\u00e1dac\u00ed sp\u00edna\u010d z nerezov\u00e9 oceli (0,5 m), p\u0159ipojovac\u00ed kabel k motoru (0,5 m) + 3x lodn\u00ed konektory, \u0161t\u00edtek OLAS T2 + USB nab\u00edje\u010dka + silikonov\u00fd popruh + \u0161\u0148\u016frka na krk, u\u017eivatelsk\u00e1 p\u0159\u00edru\u010dka.<\/p>\n","protected":false},"excerpt":{"rendered":"<p>Vylep\u0161ete si z\u00e1\u017eitek z plavby a zajist\u011bte si bezpe\u010dnost sebe i sv\u00e9 pos\u00e1dky s OLAS N2K. Toto pozoruhodn\u00e9 za\u0159\u00edzen\u00ed slou\u017e\u00ed jako alarm MOB , bezdr\u00e1tov\u00fd vyp\u00edna\u010d motoru nebo oboj\u00ed a integruje se do s\u00edt\u011b NMEA 2000, \u010d\u00edm\u017e poskytuje komplexn\u00ed bezpe\u010dnostn\u00ed \u0159e\u0161en\u00ed, kter\u00e9 zaji\u0161\u0165uje rychlou a efektivn\u00ed komunikaci upozorn\u011bn\u00ed MOB nap\u0159\u00ed\u010d syst\u00e9my plavidla, \u010d\u00edm\u017e se zvy\u0161uje celkov\u00e1 bezpe\u010dnost a reak\u010dn\u00ed schopnosti pos\u00e1dky. <\/p>\n<p>&nbsp;<\/p>\n<h4 class=\"Title\">Kompatibilita produkt\u016f:<\/h4>\n<div class=\"Content\" data-height-match-group=\"\"><span class=\"FeatureName\">OLAS T2,<\/span> <span class=\"FeatureName\">OLAS Tag, OLAS FloatOn OLAS Extender<\/span><\/div>\n<div data-height-match-group=\"\"><\/div>\n<div data-height-match-group=\"\"><a href=\"https:\/\/www.dropbox.com\/s\/fk04stqsp2hgk5f\/Prop%2065%20-%20DEHP.pdf?dl=0\">VAROV\u00c1N\u00cd: PROP 65<\/a><\/div>\n<p>&nbsp;<\/p>\n","protected":false},"featured_media":163616,"template":"","meta":{"_acf_changed":false,"om_disable_all_campaigns":false},"product_brand":[],"product_cat":[5949,5953,5719,5951,5947],"product_tag":[15029,15025,15032,15036,11969,15002,15047,15053,15056,11299,11732,15007,15050,15013,15017,15044,11953,15010,15003,15021,15040,12209,12224],"class_list":{"0":"post-159216","1":"product","2":"type-product","3":"status-publish","4":"has-post-thumbnail","6":"product_cat-blizko-pobrezi","7":"product_cat-komercni","8":"product_cat-namorni","9":"product_cat-pobrezni","10":"product_cat-vnitrozemi","11":"product_tag-alarm-muze-pres-palubu-cs","12":"product_tag-alarm-muze-pres-palubu","13":"product_tag-alarm-proti-davu-nmea","14":"product_tag-bezdratovy-motor-se-vypnul","15":"product_tag-bluetooth-cs","16":"product_tag-exposure-cs","17":"product_tag-graficky-plotr","18":"product_tag-lodni-mapovy-plotr","19":"product_tag-mapovy-plotr-jachet","20":"product_tag-mob-cs","21":"product_tag-muz-pres-palubu-cs","22":"product_tag-n2k-cs","23":"product_tag-namorni-mapovy-plotr","24":"product_tag-nmea-2000-cs","25":"product_tag-nmea2000-cs","26":"product_tag-nouzovy-alarm-pro-lode","27":"product_tag-olas-cs","28":"product_tag-olas-bluetooth-cs-2","29":"product_tag-pobrezni-straz-usa","30":"product_tag-vypinac","31":"product_tag-vypinac-motoru-cs","32":"product_tag-vypinac-motoru","33":"product_tag-vypnuti-motoru","35":"first","36":"instock","37":"taxable","38":"shipping-taxable","39":"purchasable","40":"product-type-simple"},"acf":[],"_links":{"self":[{"href":"https:\/\/www.acrartex.com\/cs\/wp-json\/wp\/v2\/product\/159216","targetHints":{"allow":["GET"]}}],"collection":[{"href":"https:\/\/www.acrartex.com\/cs\/wp-json\/wp\/v2\/product"}],"about":[{"href":"https:\/\/www.acrartex.com\/cs\/wp-json\/wp\/v2\/types\/product"}],"wp:featuredmedia":[{"embeddable":true,"href":"https:\/\/www.acrartex.com\/cs\/wp-json\/wp\/v2\/media\/163616"}],"wp:attachment":[{"href":"https:\/\/www.acrartex.com\/cs\/wp-json\/wp\/v2\/media?parent=159216"}],"wp:term":[{"taxonomy":"product_brand","embeddable":true,"href":"https:\/\/www.acrartex.com\/cs\/wp-json\/wp\/v2\/product_brand?post=159216"},{"taxonomy":"product_cat","embeddable":true,"href":"https:\/\/www.acrartex.com\/cs\/wp-json\/wp\/v2\/product_cat?post=159216"},{"taxonomy":"product_tag","embeddable":true,"href":"https:\/\/www.acrartex.com\/cs\/wp-json\/wp\/v2\/product_tag?post=159216"}],"curies":[{"name":"wp","href":"https:\/\/api.w.org\/{rel}","templated":true}]}}