{"id":159214,"date":"2024-08-16T14:07:16","date_gmt":"2024-08-16T19:07:16","guid":{"rendered":"https:\/\/www.acrartex.com\/products\/exposure-olas-t2-nositelna-a-vodotesna-dobijeci-znacka-vysilac-alarmu-muz-pres-palubu\/"},"modified":"2025-07-24T13:09:26","modified_gmt":"2025-07-24T18:09:26","slug":"exposure-olas-t2-nositelna-a-vodotesna-dobijeci-znacka-vysilac-alarmu-muz-pres-palubu","status":"publish","type":"product","link":"https:\/\/www.acrartex.com\/cs\/products\/exposure-olas-t2-nositelna-a-vodotesna-dobijeci-znacka-vysilac-alarmu-muz-pres-palubu\/","title":{"rendered":"EXPOSURE OLAS T2 Nositeln\u00e1 a vodot\u011bsn\u00e1 dob\u00edjec\u00ed zna\u010dka \u2013 Vys\u00edla\u010d alarmu Mu\u017e p\u0159es palubu"},"content":{"rendered":"<p>V kombinaci s OLAS Guardian nebo OLAS N2K lze T2 pou\u017e\u00edt tak\u00e9 k zastaven\u00ed a zablokov\u00e1n\u00ed motor\u016f, pokud se pou\u017e\u00edv\u00e1 s OLAS Smart Lock.<\/p>\n<p>Tagy OLAS T2 jsou kompatibiln\u00ed se v\u0161emi p\u0159ij\u00edma\u010di OLAS . Po n\u011bkolika sekund\u00e1ch, kdy se tag \u201ep\u0159eru\u0161\u00ed\u201c spojen\u00ed s p\u0159ij\u00edma\u010dem OLAS , je pos\u00e1dka upozorn\u011bna a pokud je p\u0159ipojen\u00ed \u00fasp\u011b\u0161n\u00e9, aktivuje se v aplikaci OLAS obrazovka z\u00e1chrany MOB . <\/p>\n<p>Sledujte v\u00edce zna\u010dek, upravujte n\u00e1zvy a sledujte v\u00fddr\u017e baterie v aplikaci OLAS . Pomoc\u00ed mobiln\u00ed aplikace OLAS lze p\u0159\u00edmo sledovat a\u017e 6 OLAS T2. P\u0159ij\u00edma\u010de OLAS , Guardian nebo Core mohou sledovat a\u017e 25 OLAS T2.  <\/p>\n<p><strong>Sledujte vys\u00edla\u010de OLAS p\u0159\u00edmo pomoc\u00ed telefonu \u2013 nen\u00ed pot\u0159eba \u017e\u00e1dn\u00fd dal\u0161\u00ed hardware:<\/strong><\/p>\n<p>Aplikace OLAS je k dispozici zdarma pro za\u0159\u00edzen\u00ed se syst\u00e9my iOS i Android a umo\u017e\u0148uje v\u00e1m bez n\u00e1mahy monitorovat a\u017e 6 vys\u00edla\u010d\u016f OLAS . Je ide\u00e1ln\u00ed pro plavidla o d\u00e9lce a\u017e 9 metr\u016f a p\u0159edstavuje cenov\u011b dostupn\u00e9 \u0159e\u0161en\u00ed pro rychlou vlastn\u00ed z\u00e1chranu, ide\u00e1ln\u00ed pro s\u00f3lov\u00e9 plavby nebo plavby s malou pos\u00e1dkou. <\/p>\n<p><strong>Voln\u00fd pohyb a z\u00e1rove\u0148 bezpe\u010d\u00ed:<\/strong><\/p>\n<p>Sp\u00e1rujte vys\u00edla\u010de OLAS se syst\u00e9my zastaven\u00ed motoru Guardian nebo N2K a fungujte jako bezdr\u00e1tov\u00e9 zhas\u00ednac\u00ed kabely. To zaji\u0161\u0165uje, \u017ee \u0159idi\u010di motorov\u00fdch \u010dlun\u016f a RIB mohou okam\u017eit\u011b zastavit sv\u00e9 plavidlo, pokud se kapit\u00e1n nebo pos\u00e1dka odd\u011bl\u00ed, \u010d\u00edm\u017e se zabr\u00e1n\u00ed nehod\u00e1m zp\u016fsoben\u00fdm nekontrolovan\u00fdmi a bezpilotn\u00edmi plavidly. Jedn\u00e1 se o nezbytn\u00e9 bezpe\u010dnostn\u00ed \u0159e\u0161en\u00ed pro motorov\u00e1 plavidla s jednou kormidlem a ryb\u00e1\u0159sk\u00e9 lod\u011b, kter\u00e9 poskytuje volnost pohybu po plavidle b\u011bhem provozu.  <\/p>\n","protected":false},"excerpt":{"rendered":"<p>OLAS T2 je vodot\u011bsn\u00fd, kompaktn\u00ed, dob\u00edjec\u00ed vys\u00edla\u010d, kter\u00fd lze sledovat jak\u00fdmkoli p\u0159ij\u00edma\u010dem OLAS . Integrovan\u00e1 vibra\u010dn\u00ed a sv\u011bteln\u00e1 indikace zaji\u0161\u0165uje p\u0159ehled o stavu tagu po celou dobu jeho provozu. <\/p>\n<p>Pokud pos\u00e1dka opust\u00ed plavidlo nebo spadne p\u0159es palubu, spust\u00ed se alarm. OLAS pot\u00e9 nab\u00edz\u00ed jasn\u00e9 pokyny zb\u00fdvaj\u00edc\u00ed pos\u00e1dce, co\u017e napom\u00e1h\u00e1 \u00fasp\u011b\u0161n\u00e9mu vypro\u0161t\u011bn\u00ed osoby po p\u00e1du MOB a komunikaci se z\u00e1chrann\u00fdmi slo\u017ekami. Pro v\u011bt\u0161\u00ed v\u0161estrannost je model T2 dod\u00e1v\u00e1n se silikonov\u00fdm poutkem na z\u00e1p\u011bst\u00ed a bezpe\u010dnostn\u00ed \u0161\u0148\u016frkou na krk se silikonov\u00fdm dr\u017e\u00e1kem.  <\/p>\n<p><a href=\"https:\/\/www.dropbox.com\/s\/fk04stqsp2hgk5f\/Prop%2065%20-%20DEHP.pdf?dl=0\">VAROV\u00c1N\u00cd: PROP 65<\/a><\/p>\n","protected":false},"featured_media":159219,"template":"","meta":{"_acf_changed":false,"om_disable_all_campaigns":false},"product_brand":[],"product_cat":[5949,5953,5719,5951,5947],"product_tag":[15034,14922,15026,15018,15022,15002,15006,15030,15042,15038,11953,15010,15004,15001,15014],"class_list":{"0":"post-159214","1":"product","2":"type-product","3":"status-publish","4":"has-post-thumbnail","6":"product_cat-blizko-pobrezi","7":"product_cat-komercni","8":"product_cat-namorni","9":"product_cat-pobrezni","10":"product_cat-vnitrozemi","11":"product_tag-bezdratovy-vysilac","12":"product_tag-bluetooth-alarm-pro-muze-pres-palubu","13":"product_tag-dobijeci","14":"product_tag-dobijeci-stitek","15":"product_tag-dobijeci-vysilac-pro-muze-pres-palubu","16":"product_tag-exposure-cs","17":"product_tag-hodinky-olas","18":"product_tag-muz-pres-palubu-s-bluetooth","19":"product_tag-nositelny-signal-muze-pres-palubu","20":"product_tag-nositelny-vysilac-pro-boj-s-davem","21":"product_tag-olas-cs","22":"product_tag-olas-bluetooth-cs-2","23":"product_tag-olas-t2-cs","24":"product_tag-stitek-olas","25":"product_tag-vysilac-olas","27":"first","28":"instock","29":"taxable","30":"shipping-taxable","31":"purchasable","32":"product-type-simple"},"acf":[],"_links":{"self":[{"href":"https:\/\/www.acrartex.com\/cs\/wp-json\/wp\/v2\/product\/159214","targetHints":{"allow":["GET"]}}],"collection":[{"href":"https:\/\/www.acrartex.com\/cs\/wp-json\/wp\/v2\/product"}],"about":[{"href":"https:\/\/www.acrartex.com\/cs\/wp-json\/wp\/v2\/types\/product"}],"wp:featuredmedia":[{"embeddable":true,"href":"https:\/\/www.acrartex.com\/cs\/wp-json\/wp\/v2\/media\/159219"}],"wp:attachment":[{"href":"https:\/\/www.acrartex.com\/cs\/wp-json\/wp\/v2\/media?parent=159214"}],"wp:term":[{"taxonomy":"product_brand","embeddable":true,"href":"https:\/\/www.acrartex.com\/cs\/wp-json\/wp\/v2\/product_brand?post=159214"},{"taxonomy":"product_cat","embeddable":true,"href":"https:\/\/www.acrartex.com\/cs\/wp-json\/wp\/v2\/product_cat?post=159214"},{"taxonomy":"product_tag","embeddable":true,"href":"https:\/\/www.acrartex.com\/cs\/wp-json\/wp\/v2\/product_tag?post=159214"}],"curies":[{"name":"wp","href":"https:\/\/api.w.org\/{rel}","templated":true}]}}