{"id":159178,"date":"2024-06-11T14:16:22","date_gmt":"2024-06-11T19:16:22","guid":{"rendered":"https:\/\/www.acrartex.com\/products\/exposure-olas-core-kompaktni-prenosny-system-alarmu-a-nouzoveho-osvetleni-pro-pripad-ze-by-clovek-musel-prijit-pres-palubu\/"},"modified":"2025-11-26T07:06:04","modified_gmt":"2025-11-26T12:06:04","slug":"exposure-olas-core-kompaktni-prenosny-system-alarmu-a-nouzoveho-osvetleni-pro-pripad-ze-by-clovek-musel-prijit-pres-palubu","status":"publish","type":"product","link":"https:\/\/www.acrartex.com\/cs\/products\/exposure-olas-core-kompaktni-prenosny-system-alarmu-a-nouzoveho-osvetleni-pro-pripad-ze-by-clovek-musel-prijit-pres-palubu\/","title":{"rendered":"EXPOSURE OLAS CORE \u2013 Kompaktn\u00ed p\u0159enosn\u00fd syst\u00e9m alarmu a nouzov\u00e9ho osv\u011btlen\u00ed pro p\u0159\u00edpad, \u017ee by \u010dlov\u011bk musel p\u0159ij\u00edt p\u0159es palubu"},"content":{"rendered":"<h3 class=\"title\">Co to d\u011bl\u00e1<\/h3>\n<p>Core bezdr\u00e1tov\u011b sleduje vys\u00edla\u010de OLAS po cel\u00e9m plavidle. Kdy\u017e osoba s vys\u00edla\u010dem spadne p\u0159es palubu, spust\u00ed se vestav\u011bn\u00fd alarm a do 4 sekund se rozsv\u00edt\u00ed v\u00fdkonn\u00e9 nouzov\u00e9 \u010derven\u00e9 sv\u011btlo, kter\u00e9 poskytne vizu\u00e1ln\u00ed indikaci a osv\u011btl\u00ed okoln\u00ed oblast. <\/p>\n<p>Krom\u011b spu\u0161t\u011bn\u00ed alarmu se Core propojuje s bezplatnou mobiln\u00ed aplikac\u00ed OLAS a poskytuje snadno \u010ditelnou \u0161ipku zp\u011bt na pozici pohotovosti, z\u00e1kladn\u00ed informace o posledn\u00ed zn\u00e1m\u00e9 poloze lodi v bl\u00edzkosti MOB a automaticky vypl\u0148ovan\u00e9 obrazovky VHF s pokyny, kter\u00e9 podporuj\u00ed pos\u00e1dku b\u011bhem stresuj\u00edc\u00ed vypro\u0161\u0165ovac\u00ed operace.<\/p>\n<p>&nbsp;<\/p>\n<h3>Pro\u010d pou\u017e\u00edvat OLAS CORE<\/h3>\n<p>Core d\u00e1v\u00e1 kapit\u00e1n\u016fm naprostou jistotu, \u017ee v p\u0159\u00edpad\u011b incidentu MOB je cel\u00e1 pos\u00e1dka okam\u017eit\u011b upozorn\u011bna a m\u016f\u017ee okam\u017eit\u011b podniknout kroky k n\u00e1prav\u011b.<\/p>\n<p>Ztr\u00e1ta \u010dlena pos\u00e1dky p\u0159es palubu je no\u010dn\u00ed m\u016frou ka\u017ed\u00e9ho jachta\u0159e. \u010c\u00edm v\u011bt\u0161\u00ed je lo\u010f, t\u00edm obt\u00ed\u017en\u011bj\u0161\u00ed je okam\u017eit\u011b poznat, \u017ee do\u0161lo k incidentu MOB , zejm\u00e9na ve tm\u011b, kdy\u017e jsou \u010dlenov\u00e9 pos\u00e1dky p\u0159ed st\u011b\u017en\u011bm. <\/p>\n<p>M\u016f\u017ee se to st\u00e1t a\u017e p\u0159\u00edli\u0161 snadno, a to i za ne\u0161kodn\u00fdch podm\u00ednek. No\u0161en\u00ed fyzick\u00e9ho lana, i kdy\u017e je vhodn\u00e9, nen\u00ed v\u017edy praktick\u00e9 a p\u00e1d p\u0159es palubu na lanu se skute\u010dn\u011b uk\u00e1zal jako nezaru\u010den\u00fd p\u0159e\u017eit\u00ed, pokud lo\u010f pluje plnou rychlost\u00ed a kapit\u00e1n si ud\u00e1losti okam\u017eit\u011b neuv\u011bdomuje. <\/p>\n<p>&nbsp;<\/p>\n<h3>Pro koho je to<\/h3>\n<p>Core se p\u0159ipojuje k 25 \u010dlen\u016fm pos\u00e1dky pomoc\u00ed nositeln\u00fdch vys\u00edla\u010d\u016f OLAS tag\u016f a vytv\u00e1\u0159\u00ed tak virtu\u00e1ln\u00ed z\u00e1chrann\u00e9 lano. V\u011bt\u0161\u00ed plavidla lze vybavit prodlu\u017eova\u010dem OLAS , kter\u00fd zvy\u0161uje dosah z 15 metr\u016f na 30 metr\u016f. Vhodn\u00e9 pro ka\u017ed\u00e9ho, kdo se vyd\u00e1v\u00e1 na vodu a hled\u00e1 v\u011bt\u0161\u00ed bezpe\u010dnost a klid. Tagy OLAS jsou kompaktn\u00ed, lehk\u00e9 a maj\u00ed u\u017eivatelem vym\u011bniteln\u00e9 baterie, vhodn\u00e9 pro dosp\u011bl\u00e9, d\u011bti, dom\u00e1c\u00ed mazl\u00ed\u010dky nebo d\u016fle\u017eit\u00e9 p\u0159edm\u011bty, kter\u00e9 by mohly spadnout p\u0159es palubu.   <\/p>\n<p>&nbsp;<\/p>\n<h3>Hlavn\u00ed v\u00fdhody<\/h3>\n<div class=\"col-sm-6 col-xs-12\">\n<p><strong>Integrace OLAS  <\/strong><\/p>\n<p>Ve\u0161ker\u00e1 vys\u00edlac\u00ed za\u0159\u00edzen\u00ed OLAS , OLAS tagy a OLAS plovouc\u00ed LED sv\u011btla, kter\u00e1 jsou v dosahu, mohou b\u00fdt syst\u00e9mem CORE sledov\u00e1na, co\u017e pos\u00e1dce umo\u017e\u0148uje voln\u00fd pohyb po palub\u011b s naprostou jistotou, \u017ee syst\u00e9m v\u010dasn\u00e9ho varov\u00e1n\u00ed je okam\u017eit\u011b upozorn\u00ed na incident MOB , tak\u017ee je mo\u017en\u00e9 prov\u00e9st rychlou z\u00e1chrannou akci.<\/p>\n<p><strong>P\u0159ipojuje se k 25 vys\u00edla\u010d\u016fm OLAS (tagy OLAS nebo plovouc\u00ed syst\u00e9my OLAS )<\/strong><\/p>\n<p>P\u0159ipojen\u00ed a\u017e 25 vys\u00edla\u010d\u016f OLAS umo\u017e\u0148uje pou\u017eit\u00ed CORE na palub\u00e1ch v\u011bt\u0161\u00edch plavidel. Vys\u00edla\u010de OLAS nejsou ur\u010deny pouze pro pos\u00e1dku, pouh\u00fdm p\u0159ipevn\u011bn\u00edm vys\u00edla\u010de k \u200b\u200bp\u0159edm\u011bt\u016fm, jako jsou plovac\u00ed prost\u0159edky pro MOB lod\u011b, pes nebo pomocn\u00fd \u010dlun jachty, m\u016f\u017eete b\u00fdt v\u017edy informov\u00e1ni o tom, zda se n\u011bco ztratilo. <\/p>\n<p><strong>Kompatibiln\u00ed s prodlu\u017eova\u010dem<\/strong><\/p>\n<p>Pro pokryt\u00ed oblast\u00ed, kde m\u016f\u017ee b\u00fdt sign\u00e1l vys\u00edla\u010de blokov\u00e1n, lze pou\u017e\u00edt prodlu\u017eova\u010d sign\u00e1lu OLAS Extender, kter\u00fd je tak\u00e9 nap\u00e1jen 5V p\u0159es USB a m\u00e1 intern\u00ed dob\u00edjec\u00ed baterii. To umo\u017e\u0148uje \u00faplnou \u0161k\u00e1lovatelnost a p\u0159enositelnost na plavidla do d\u00e9lky 80 stop (24 metr\u016f). <\/p>\n<p><strong>P\u0159enosn\u00fd s n\u00edzkou spot\u0159ebou energie \u2013 5V USB<\/strong><\/p>\n<p>P\u0159enosn\u00fd modul je nap\u00e1jen 5V USB nap\u00e1jec\u00edm zdrojem, co\u017e umo\u017e\u0148uje jeho pou\u017eit\u00ed na r\u016fzn\u00fdch plavidlech bez nutnosti pevn\u00e9ho zapojen\u00ed.<\/p>\n<\/div>\n<div class=\"col-sm-6 col-xs-12\">\n<p><strong>Vestav\u011bn\u00fd alarm<\/strong><\/p>\n<p>Ozve se alarm o s\u00edle 85 dB, kter\u00fd signalizuje, \u017ee se vys\u00edla\u010d OLAS dostal mimo dosah. CORE lze propojit s aplikac\u00ed OLAS , tak\u017ee alarmy lze um\u00edstit na 2 m\u00edsta na plavidle. <\/p>\n<p><strong>Vestav\u011bn\u00e9 nouzov\u00e9 sv\u011btlo<\/strong><\/p>\n<p>Rozsv\u00edt\u00ed se v\u00fdkonn\u00e9 nouzov\u00e9 \u010derven\u00e9 sv\u011btlo, kter\u00e9 poskytuje jasnou vizu\u00e1ln\u00ed indikaci poplachu a z\u00e1rove\u0148 slou\u017e\u00ed jako sv\u011btlo pro osv\u011btlen\u00ed oblasti a usnad\u0148uje z\u00e1chranu v noci.<\/p>\n<p><strong>Zp\u011btn\u00e1 vazba syst\u00e9mu<\/strong><\/p>\n<p>CORE b\u011bhem procesu nastaven\u00ed jasn\u011b ukazuje, kolik vys\u00edla\u010d\u016f OLAS je p\u0159ipojeno. Vys\u00edla\u010de lze p\u0159id\u00e1vat\/odeb\u00edrat ze syst\u00e9mu bu\u010f pomoc\u00ed mobiln\u00ed aplikace, nebo jednoduch\u00fdm vestav\u011bn\u00fdm p\u0159ep\u00ednac\u00edm procesem. <\/p>\n<\/div>\n<h3>Funkce mobiln\u00ed aplikace<\/h3>\n<p>Za\u0159\u00edzen\u00ed Core se snadno ovl\u00e1d\u00e1 pomoc\u00ed aplikace OLAS , kterou si m\u016f\u017eete zdarma st\u00e1hnout z App Storu pro iOS a z Obchodu Google Play pro Android. Aplikace OLAS vy\u017eaduje pro fungov\u00e1n\u00ed za\u0159\u00edzen\u00ed s opera\u010dn\u00edm syst\u00e9mem alespo\u0148 iOS 11 nebo Android 5.1. Aplikace OLAS je v\u00fdkonn\u00fd n\u00e1stroj pro ovl\u00e1d\u00e1n\u00ed funkc\u00ed za\u0159\u00edzen\u00ed Core a pro rychlou z\u00e1chranu. Aplikace nab\u00edz\u00ed n\u00e1sleduj\u00edc\u00ed funkce:   <\/p>\n<ul>\n<li>Monitorujte v\u0161echny vys\u00edla\u010de OLAS , kter\u00e9 jsou sledov\u00e1ny.<\/li>\n<li>P\u0159izp\u016fsobte si n\u00e1zvy vys\u00edla\u010d\u016f OLAS , aby se snadno p\u0159i\u0159azovaly.<\/li>\n<li>Kontrola stavu bateri\u00ed u vys\u00edla\u010d\u016f OLAS<\/li>\n<li>P\u0159id\u00e1n\u00ed nov\u00fdch vys\u00edla\u010d\u016f OLAS do syst\u00e9mu<\/li>\n<li>Upravte dobu, ne\u017e Core zareaguje na vys\u00edla\u010d p\u0159es palubu, v rozmez\u00ed 2 a\u017e 15 sekund, co\u017e umo\u017e\u0148uje v\u011bt\u0161\u00ed volnost u v\u011bt\u0161\u00edch plavidel.<\/li>\n<li>Re\u017eim extern\u00edho alarmu aktivuje vestav\u011bn\u00fd sp\u00edna\u010d, dokud nen\u00ed ru\u010dn\u011b zru\u0161en. To umo\u017e\u0148uje s\u00e9riov\u00e9 zapojen\u00ed extern\u00edch alarm\u016f s vysok\u00fdm v\u00fdkonem. <\/li>\n<li>Pozastaven\u00ed stavu alarmu<\/li>\n<li>spu\u0161t\u011bn\u00ed extern\u00edho alarmu, pokud je nositel \u0161t\u00edtku mimo dosah za\u0159\u00edzen\u00ed Core i va\u0161eho mobiln\u00edho za\u0159\u00edzen\u00ed.<\/li>\n<li>Nastaven\u00ed \u010dasu p\u0159ed spu\u0161t\u011bn\u00edm vyp\u00edna\u010de nebo alarmu \u2013 v\u011bt\u0161\u00ed volnost<\/li>\n<li>Alarm s maxim\u00e1ln\u00ed hlasitost\u00ed a vibrace na va\u0161em mobiln\u00edm telefonu, synchronizovan\u00e9 s Core.<\/li>\n<li>Indikace, kter\u00fd vys\u00edla\u010d spustil alarm.<\/li>\n<li>Zaznamenejte GPS polohu spu\u0161t\u011bn\u00ed alarmu \u2022 Jasn\u00e9 nav\u00e1d\u011bn\u00ed zp\u011bt k GPS poloze, kde byl alarm spu\u0161t\u011bn.<\/li>\n<li>Jasn\u00e9 zobrazen\u00ed \u010dasu a GPS polohy spu\u0161t\u011bn\u00ed alarmu a aktu\u00e1ln\u00ed polohy u\u017eivatele.<\/li>\n<li>Nouzov\u00fd skript VHF s automatick\u00fdm zad\u00e1v\u00e1n\u00edm GPS sou\u0159adnic a vlastn\u00edch informac\u00ed o plavidle v re\u017eimu Solo.<\/li>\n<li>Ur\u010deno pro plavbu na vlastn\u00ed lodi v dosahu mobiln\u00edho sign\u00e1lu 2G nebo Wi-Fi na mo\u0159i. V re\u017eimu Solo se na zvolen\u00e9 \u010d\u00edslo ode\u0161le automatick\u00e1 textov\u00e1 zpr\u00e1va s va\u0161\u00ed polohou a \u010dasem incidentu. Pokud se poda\u0159\u00ed prov\u00e9st sv\u00e9pomocnou z\u00e1chranu, bude odesl\u00e1na automatick\u00e1 textov\u00e1 zpr\u00e1va o zru\u0161en\u00ed v\u00fdstrahy.  <\/li>\n<\/ul>\n<h3 class=\"title\">Nastaven\u00ed a mont\u00e1\u017e<\/h3>\n<ul>\n<li>USB p\u0159ipojen\u00ed \u2013 jednodu\u0161e zapojte do libovoln\u00e9ho 5V USB zdroje a za\u010dn\u011bte sledovat (pozn\u00e1mka: kv\u016fli n\u00edzk\u00e9 spot\u0159eb\u011b energie nen\u00ed kompatibiln\u00ed se v\u0161emi p\u0159enosn\u00fdmi powerbankami)<\/li>\n<li>Automatick\u00e9 zapnut\u00ed.<\/li>\n<li>Upozorn\u011bn\u00ed na \u017e\u00e1dn\u00e9 p\u0159ipojen\u00ed \u2013 automatick\u00e9 upozorn\u011bn\u00ed, pokud nejsou v dosahu \u017e\u00e1dn\u00e9 vys\u00edla\u010de OLAS , s v\u00fdzvou k nastaven\u00ed.<\/li>\n<li>Mont\u00e1\u017en\u00ed otvory pro trval\u00e9 upevn\u011bn\u00ed \u2022 Dr\u00e1\u017eka pro p\u00e1sku pro polotrval\u00e9 uchycen\u00ed.<\/li>\n<\/ul>\n","protected":false},"excerpt":{"rendered":"<p>Core je kompaktn\u00ed, p\u0159enosn\u00fd syst\u00e9m alarmu a nouzov\u00e9ho osv\u011btlen\u00ed pro osoby p\u00e1duj\u00edc\u00ed p\u0159es palubu. Reaguje do 2 sekund na p\u00e1d osoby p\u0159es palubu a lze jej snadno p\u0159ep\u00ednat mezi plavidly bez nutnosti \u010dasov\u011b a finan\u010dn\u011b n\u00e1ro\u010dn\u00e9 instalace kabelem. Core se m\u016f\u017ee p\u0159ipojit a\u017e k 25 vys\u00edla\u010d\u016fm OLAS a pokr\u00fdt plavidlo do d\u00e9lky 15 metr\u016f.  <\/p>\n<p><a href=\"https:\/\/www.dropbox.com\/s\/fk04stqsp2hgk5f\/Prop%2065%20-%20DEHP.pdf?dl=0\">VAROV\u00c1N\u00cd: PROP 65<\/a><\/p>\n","protected":false},"featured_media":164611,"template":"","meta":{"_acf_changed":false,"om_disable_all_campaigns":false},"product_brand":[],"product_cat":[5949,5953,5719,5951,5947],"product_tag":[11969,14922,12181,11299,11319,11931],"class_list":{"0":"post-159178","1":"product","2":"type-product","3":"status-publish","4":"has-post-thumbnail","6":"product_cat-blizko-pobrezi","7":"product_cat-komercni","8":"product_cat-namorni","9":"product_cat-pobrezni","10":"product_cat-vnitrozemi","11":"product_tag-bluetooth-cs","12":"product_tag-bluetooth-alarm-pro-muze-pres-palubu","13":"product_tag-gps-sledovani","14":"product_tag-mob-cs","15":"product_tag-muz-pres-palubu","16":"product_tag-system-pro-muze-pres-palubu","17":"pa_product-signalizacni-produkty","18":"pa_terrain-reky-mokrady-jezera-cs","20":"first","21":"instock","22":"taxable","23":"shipping-taxable","24":"purchasable","25":"product-type-simple"},"acf":[],"_links":{"self":[{"href":"https:\/\/www.acrartex.com\/cs\/wp-json\/wp\/v2\/product\/159178","targetHints":{"allow":["GET"]}}],"collection":[{"href":"https:\/\/www.acrartex.com\/cs\/wp-json\/wp\/v2\/product"}],"about":[{"href":"https:\/\/www.acrartex.com\/cs\/wp-json\/wp\/v2\/types\/product"}],"wp:featuredmedia":[{"embeddable":true,"href":"https:\/\/www.acrartex.com\/cs\/wp-json\/wp\/v2\/media\/164611"}],"wp:attachment":[{"href":"https:\/\/www.acrartex.com\/cs\/wp-json\/wp\/v2\/media?parent=159178"}],"wp:term":[{"taxonomy":"product_brand","embeddable":true,"href":"https:\/\/www.acrartex.com\/cs\/wp-json\/wp\/v2\/product_brand?post=159178"},{"taxonomy":"product_cat","embeddable":true,"href":"https:\/\/www.acrartex.com\/cs\/wp-json\/wp\/v2\/product_cat?post=159178"},{"taxonomy":"product_tag","embeddable":true,"href":"https:\/\/www.acrartex.com\/cs\/wp-json\/wp\/v2\/product_tag?post=159178"}],"curies":[{"name":"wp","href":"https:\/\/api.w.org\/{rel}","templated":true}]}}