{"id":159046,"date":"2024-10-30T08:21:41","date_gmt":"2024-10-30T13:21:41","guid":{"rendered":"https:\/\/www.acrartex.com\/products\/resqflare-pro-vysoce-intenzivni-elektronicka-led-nouzova-svetlice-pro-lode\/"},"modified":"2026-03-06T10:50:17","modified_gmt":"2026-03-06T15:50:17","slug":"resqflare-pro-vysoce-intenzivni-elektronicka-led-nouzova-svetlice-pro-lode","status":"publish","type":"product","link":"https:\/\/www.acrartex.com\/cs\/products\/resqflare-pro-vysoce-intenzivni-elektronicka-led-nouzova-svetlice-pro-lode\/","title":{"rendered":"ResQFlare PRO \u2013 Vysoce intenzivn\u00ed elektronick\u00e1 LED nouzov\u00e1 sv\u011btlice pro lod\u011b"},"content":{"rendered":"<p>V souladu s po\u017eadavky normy RTCM 13200.0 je plovouc\u00ed elektronick\u00e1 lodn\u00ed sv\u011btlice ResQFlare PRO klasifikov\u00e1na jako elektronick\u00e9 vizu\u00e1ln\u00ed nouzov\u00e9 sign\u00e1ln\u00ed za\u0159\u00edzen\u00ed (eVDSD) a vyu\u017e\u00edv\u00e1 v\u00edcebarevnou nouzovou signalizaci SOS pro dosa\u017een\u00ed v\u011bt\u0161\u00ed sv\u00edtivosti s podstatn\u011b lep\u0161\u00edm rozlo\u017een\u00edm sv\u011btla. Pou\u017eit\u00ed \u010dervenooran\u017eov\u00fdch a azurov\u00fdch LED diod umo\u017e\u0148uje lep\u0161\u00ed viditelnost na vod\u011b, zat\u00edmco p\u0159id\u00e1n\u00ed infra\u010derven\u00e9 (IR) slo\u017eky vede k je\u0161t\u011b v\u011bt\u0161\u00ed viditelnosti p\u0159i pou\u017eit\u00ed za\u0159\u00edzen\u00ed pro no\u010dn\u00ed vid\u011bn\u00ed z\u00e1chrann\u00fdmi slo\u017ekami. <\/p>\n<p>Elektronick\u00e1 lodn\u00ed sv\u011btlice ResQFlare PRO usnad\u0148uje z\u00e1chranu vyd\u00e1v\u00e1n\u00edm z\u00e1blesk\u016f charakteristick\u00fdch pro mezin\u00e1rodn\u00ed morseovku pro SOS, kde prvn\u00ed \u201eS\u201c je reprezentov\u00e1no t\u0159emi \u010dervenooran\u017eov\u00fdmi LED z\u00e1blesky, n\u00e1sledovan\u00fdm \u201eO\u201c, kter\u00e9 je reprezentov\u00e1no t\u0159emi azurov\u00fdmi LED z\u00e1blesky, a posledn\u00edm \u201eS\u201c, kter\u00e9 je reprezentov\u00e1no dal\u0161\u00edmi t\u0159emi \u010dervenooran\u017eov\u00fdmi LED z\u00e1blesky. Sou\u010dasn\u011b s viditeln\u00fdmi \u010dervenooran\u017eov\u00fdmi a azurov\u00fdmi LED blikaj\u00edc\u00edmi diodami blik\u00e1 infra\u010derven\u00e1 slo\u017eka stejn\u00fdm vzorem SOS, kter\u00fd je optimalizov\u00e1n pro viditelnost pomoc\u00ed br\u00fdl\u00ed pro no\u010dn\u00ed vid\u011bn\u00ed (NVG). Snad nejp\u016fsobiv\u011bj\u0161\u00ed je, \u017ee i p\u0159es velk\u00fd po\u010det viditeln\u00fdch a infra\u010derven\u00fdch z\u00e1blesk\u016f, vysokou \u00farove\u0148 produkovan\u00e9 intenzity sv\u011btla a zna\u010dn\u00fd dosah rozlo\u017een\u00ed sv\u011btla (sv\u011bteln\u00fd \u00fahel \u2265 180\u00b0) dosahuje ResQFlare PRO impozantn\u00ed provozn\u00ed \u017eivotnosti nejm\u00e9n\u011b t\u0159\u00ed hodin (co\u017e o 50 %) p\u0159ekra\u010duje po\u017eadavky RTCM.  <\/p>\n<p><strong>POZN\u00c1MKA: P\u0159ed instalac\u00ed bateri\u00ed p\u0159ipevn\u011bte horn\u00ed \u010d\u00e1st t\u011bla k upev\u0148ovac\u00edmu bodu ve spodn\u00ed \u010d\u00e1sti prostoru pro baterie pomoc\u00ed p\u0159ilo\u017een\u00e9 \u0161\u0148\u016frky (nach\u00e1z\u00ed se pod such\u00fdm zipem).<\/strong><\/p>\n<h4>Co je zahrnuto<\/h4>\n<p>Sv\u011btlice ResQFlare PRO, kter\u00e1 spl\u0148uje po\u017eadavky normy <a href=\"https:\/\/www.ecfr.gov\/current\/title-46\/chapter-I\/subchapter-Q\/part-161\/subpart-161.013?toc=1\">46 CFR 161.013<\/a> , je klasifikov\u00e1na jako schv\u00e1len\u00fd no\u010dn\u00ed vizu\u00e1ln\u00ed nouzov\u00fd sign\u00e1l. Vzhledem k tomu, \u017ee sou\u010d\u00e1st\u00ed balen\u00ed ka\u017ed\u00e9ho p\u0159\u00edstroje ResQFlare PRO je nouzov\u00e1 vlajka spl\u0148uj\u00edc\u00ed po\u017eadavky normy <a href=\"https:\/\/www.ecfr.gov\/current\/title-46\/chapter-I\/subchapter-Q\/part-160\/subpart-160.072\">46 CFR 160.072<\/a> , jsou u\u017eivatel\u00e9 tak\u00e9 vybaveni schv\u00e1len\u00fdm denn\u00edm vizu\u00e1ln\u00edm nouzov\u00fdm sign\u00e1lem (po\u017eadavek na p\u0159epravu schv\u00e1len\u00fdch denn\u00edch a no\u010dn\u00edch vizu\u00e1ln\u00edch nouzov\u00fdch sign\u00e1l\u016f lze nal\u00e9zt v norm\u011b 33 CFR \u010d\u00e1st 175).<\/p>\n<p>Dod\u00e1van\u00e1 nouzov\u00e1 vlajka nab\u00edz\u00ed \u0159adu mo\u017enost\u00ed signalizace za denn\u00edho sv\u011btla. Vlajku lze vyv\u011bsit p\u0159ipevn\u011bn\u00edm ke sto\u017e\u00e1ru nebo jednodu\u0161e vyv\u011bsit na nejvy\u0161\u0161\u00ed mo\u017en\u00fd bod. Lze ji tak\u00e9 vyv\u011bsit ru\u010dn\u011b, p\u0159iv\u00e1zat k p\u0159edm\u011bt\u016fm, jako je lodn\u00ed h\u00e1k, p\u00e1dlo nebo ryb\u00e1\u0159sk\u00fd prut, a pot\u00e9 s n\u00ed m\u00e1vat, nebo ji lze polo\u017eit naplocho na palubu k p\u0159il\u00e1k\u00e1n\u00ed letadel. Vlajka by se m\u011bla pou\u017e\u00edvat pouze jako denn\u00ed sign\u00e1l a p\u0159i spr\u00e1vn\u00e9m vyv\u011b\u0161en\u00ed by m\u011bl b\u00fdt \u010dern\u00fd \u010dtverec nad \u010dern\u00fdm kruhem.   <\/p>\n<p>Krom\u011b nouzov\u00e9 vlajky je sou\u010d\u00e1st\u00ed balen\u00ed tak\u00e9 dr\u017e\u00e1k a odpov\u00eddaj\u00edc\u00ed mont\u00e1\u017en\u00ed materi\u00e1l, kter\u00fd u\u017eivatel\u016fm umo\u017e\u0148uje pohodln\u011b p\u0159ipevnit produkt k plavidlu, aby byl ResQFlare PRO v\u017edy p\u0159\u00edstupn\u00fd, kdy\u017e je pot\u0159eba. Pod \u010dern\u00fdm such\u00fdm zipem kolem st\u0159edn\u00ed \u010d\u00e1sti t\u011bla produktu je tak\u00e9 skryta 1metrov\u00e1 smy\u010dka. Tato smy\u010dka m\u016f\u017ee b\u00fdt pou\u017eita k p\u0159ipevn\u011bn\u00ed ResQFlare PRO k osob\u011b nebo z\u00e1chrann\u00e9mu \u010dlunu v nouzov\u00e9 situaci.  <\/p>\n<h4>Po\u017eadavky na p\u0159epravu<\/h4>\n<p>V USA* umo\u017e\u0148uje spole\u010dn\u00e9 no\u0161en\u00ed lodn\u00ed sv\u011btlice ResQFlare PRO a nouzov\u00e9 vlajky upustit od po\u017eadavku na tradi\u010dn\u00ed pyrotechnick\u00e9 sv\u011btlice na rekrea\u010dn\u00edch plavidlech o d\u00e9lce do 65 stop, p\u0159i plavb\u011b po Velk\u00fdch jezerech, do 12 mil od americk\u00fdch vod nebo na jak\u00e9koli vodn\u00ed plo\u0161e s pr\u016fchodem do mo\u0159e \u0161irok\u00fdm alespo\u0148 dv\u011b m\u00edle. Plavidla krat\u0161\u00ed ne\u017e 16 stop (4,8 m) nemus\u00ed n\u00e9st denn\u00ed vizu\u00e1ln\u00ed nouzov\u00fd sign\u00e1l, ale mus\u00ed n\u00e9st no\u010dn\u00ed vizu\u00e1ln\u00ed nouzov\u00fd sign\u00e1l, co\u017e \u010din\u00ed ResQFlare PRO v\u00edce ne\u017e sch\u016fdnou alternativou k pyrotechnick\u00fdm sv\u011btlic\u00edm i pro plavidla t\u00e9to velikosti. <\/p>\n<p>Pozn\u00e1mka: V Kanad\u011b lze ResQFlare PRO p\u0159epravovat na rekrea\u010dn\u00edch plavidlech m\u00edsto pyrotechnick\u00fdch sv\u011btlic (z\u00e1sady TP 13585 E), pokud je p\u0159epravov\u00e1n se schv\u00e1len\u00fdm kou\u0159ov\u00fdm sign\u00e1lem (pro denn\u00ed poplach).<\/p>\n<p>D\u00edky konzistentn\u00edmu rozlo\u017een\u00ed sv\u011btla v \u0161irok\u00e9m dosahu** a dob\u011b ho\u0159en\u00ed 15kr\u00e1t del\u0161\u00ed ne\u017e u pr\u016fm\u011brn\u00fdch pyrotechnick\u00fdch sv\u011btlic*** je elektronick\u00e1 sv\u011btlice ResQFlare PRO jednozna\u010dn\u011b tou \u201enejz\u00e1\u0159iv\u011bj\u0161\u00ed\u201c volbou, jakou si m\u016f\u017eete vybrat.<\/p>\n<p>&nbsp;<\/p>\n<p>*Schv\u00e1len\u00ed v jin\u00fdch zem\u00edch naleznete v po\u017eadavc\u00edch p\u0159\u00edslu\u0161n\u00e9ho n\u00e1rodn\u00edho org\u00e1nu, kde se odkazuje na jejich specifick\u00e9 schv\u00e1len\u00ed eVDSD spl\u0148uj\u00edc\u00edho normu RTCM 13200.00.<\/p>\n<p>**Sv\u011bteln\u00fd \u00fahel \u2265 180\u00b0<\/p>\n<p>***Na z\u00e1klad\u011b p\u0159epravy 4 pyrotechnick\u00fdch sv\u011btlic s pr\u016fm\u011brnou dobou ho\u0159en\u00ed 3 minuty ka\u017ed\u00e9 z nich<\/p>\n<p>&nbsp;<\/p>\n<p>Chcete-li se dozv\u011bd\u011bt v\u00edce o elektronick\u00fdch lodn\u00edch sv\u011btlic\u00edch (e-flares), p\u0159e\u010dt\u011bte si n\u00e1\u0161 blogov\u00fd \u010dl\u00e1nek o <a href=\"https:\/\/www.acrartex.com\/cs\/news\/pravni-pozadavky-na-elektronicke-lodni-svetlice\/\">pr\u00e1vn\u00edch po\u017eadavc\u00edch na elektronick\u00e9 lodn\u00ed sv\u011btlice.<\/a><\/p>\n<p>&nbsp;<\/p>\n<h4><strong>Vlastnosti a v\u00fdhody:<\/strong><\/h4>\n<p>&nbsp;<\/p>\n<ul>\n<li>Spl\u0148uje standard RTCM 13200.0 pro eVDSD<\/li>\n<li>Elektronick\u00e1 lodn\u00ed sv\u011btlice ResQFlare PRO a p\u0159ilo\u017een\u00e1 nouzov\u00e1 vlajka, pokud jsou p\u0159epravov\u00e1ny spole\u010dn\u011b, nahrazuj\u00ed p\u0159epravu pyrotechnick\u00fdch sv\u011btlic pob\u0159e\u017en\u00ed str\u00e1\u017ee USA (pouze v USA).<\/li>\n<li>Jasn\u00e9 sv\u011btlo ve v\u0161ech sm\u011brech (viditelnost 360\u00b0 a \u00fahel z\u00e1b\u011bru \u2265 180\u00b0)<\/li>\n<li>Automaticky se vzp\u0159\u00edm\u00ed a vzn\u00e1\u0161\u00ed se ve vod\u011b (nen\u00ed nutn\u00fd vztlakov\u00fd\/plovouc\u00ed kruh)<\/li>\n<li>Viditeln\u00e9 p\u0159es 8 mil<\/li>\n<li>U\u017eivatelsky vym\u011bniteln\u00e9 lithiov\u00e9 baterie 123 (x8 \u2013 nejsou sou\u010d\u00e1st\u00ed balen\u00ed)<\/li>\n<li>Maxim\u00e1ln\u00ed intenzita sv\u011btla&gt; 170 cd<\/li>\n<li>Pr\u016fm\u011brn\u00e1 efektivn\u00ed intenzita sv\u011btla 50 cd<\/li>\n<li>Provozn\u00ed \u017eivotnost 3 hodiny (p\u0159i minim\u00e1ln\u00ed pr\u016fm\u011brn\u00e9 efektivn\u00ed intenzit\u011b sv\u011btla 50 cd) p\u0159ekra\u010duje po\u017eadavky RTCM o 50 %.<\/li>\n<li>Odoln\u00e1 konstrukce: Testov\u00e1no podle platn\u00fdch norem pro environment\u00e1ln\u00ed v\u00fdkonnost t\u00fdkaj\u00edc\u00edch se such\u00e9ho tepla, vlhk\u00e9ho tepla, n\u00edzk\u00fdch teplot, tepeln\u00fdch \u0161ok\u016f, p\u00e1d\u016f, vibrac\u00ed, slune\u010dn\u00edho z\u00e1\u0159en\u00ed, de\u0161t\u011b a st\u0159\u00edkaj\u00edc\u00ed vody, koroze a EMC (dle normy IEC 60945)<\/li>\n<li>Vod\u011bodolnost (IP67)<\/li>\n<li>Certifikov\u00e1no podle USCG 161.013 jako no\u010dn\u00ed vizu\u00e1ln\u00ed nouzov\u00fd sign\u00e1l<\/li>\n<li>Sou\u010d\u00e1st\u00ed balen\u00ed je nouzov\u00e1 vlajka (certifikovan\u00e1 dle USCG 160.072 jako denn\u00ed vizu\u00e1ln\u00ed nouzov\u00fd sign\u00e1l), mont\u00e1\u017en\u00ed dr\u017e\u00e1k a 1m \u0161\u0148\u016frka (skryt\u00e1 pod such\u00fdm zipem)<\/li>\n<\/ul>\n<p>&nbsp;<\/p>\n<h4><strong> <\/strong><strong>V\u00fdhody elektronick\u00e9 lodn\u00ed sv\u011btlice ResQFlare PRO oproti tradi\u010dn\u00edm pyrotechnick\u00fdm sv\u011btlic\u00edm:<\/strong><\/h4>\n<p>&nbsp;<\/p>\n<ul>\n<li>Bez data expirace<\/li>\n<li>Vhodn\u00e9 pro rodiny (bez ho\u0159\u00edc\u00edho plamene)<\/li>\n<li>Snadn\u00e1 ovladatelnost (tak\u017ee v p\u0159\u00edpad\u011b nouze jej zvl\u00e1dnou i va\u0161e d\u011bti a za\u010d\u00ednaj\u00edc\u00ed jachta\u0159i)<\/li>\n<li>\u017d\u00e1dn\u00e9 probl\u00e9my se st\u00e1vaj\u00edc\u00edmi p\u0159\u00edsn\u00fdmi povinn\u00fdmi po\u017eadavky na likvidaci pyrotechnick\u00fdch sv\u011btlic (z pr\u00e1vn\u00edho hlediska pova\u017eov\u00e1ny za nebezpe\u010dn\u00e9 materi\u00e1ly)<\/li>\n<li>Vod\u011bodoln\u00fd a vztlakov\u00fd<\/li>\n<li>Jednor\u00e1zov\u00fd n\u00e1kup (ni\u017e\u0161\u00ed n\u00e1klady po celou dobu \u017eivotnosti produktu)<\/li>\n<li>2 odli\u0161n\u00e9 metody nouzov\u00e9 signalizace v jednom produktu \u2013 v\u00edcebarevn\u00fd LED stroboskop a infra\u010derven\u00fd LED stroboskop<\/li>\n<li>Mo\u017enost prodlou\u017eit \u017eivotnost produktu v nouzov\u00fdch situac\u00edch v\u00fdm\u011bnou bateri\u00ed<\/li>\n<\/ul>\n","protected":false},"excerpt":{"rendered":"<p>Jako dal\u0161\u00ed pokrok v oblasti elektronick\u00fdch sv\u011btlic od ACR Electronics p\u0159edstavuje elektronick\u00e1 lodn\u00ed sv\u011btlice ResQFlare PRO \u0161pi\u010dkovou technologii nouzov\u00e9 signalizace SOS. D\u00edky vyu\u017eit\u00ed \u010dervenooran\u017eov\u00fdch a azurov\u00fdch LED diod v kombinaci s infra\u010dervenou (IR) slo\u017ekou nab\u00edz\u00ed ResQFlare PRO zna\u010dnou provozn\u00ed \u017eivotnost a z\u00e1rove\u0148 v\u00fdrazn\u011b zlep\u0161uje \u00farove\u0148 viditelnosti. <\/p>\n<p>ResQFlare PRO a doprovodn\u00e1 vlajka se prod\u00e1vaj\u00ed s p\u0159ilo\u017eenou denn\u00ed nouzovou vlajkou a jsou certifikov\u00e1ny tak, aby spl\u0148ovaly platn\u00e9 po\u017eadavky americk\u00e9 pob\u0159e\u017en\u00ed str\u00e1\u017ee, co\u017e umo\u017e\u0148uje jejich no\u0161en\u00ed v USA m\u00edsto tradi\u010dn\u00edch pyrotechnick\u00fdch sv\u011btlic.<\/p>\n<p><a href=\"https:\/\/www.dropbox.com\/s\/0ezw0kexbm120vv\/Prop%2065%20-%20Lead%20and%20Lead%20Compounds.pdf?dl=0\">VAROV\u00c1N\u00cd: PROP 65<\/a><\/p>\n","protected":false},"featured_media":165551,"template":"","meta":{"_acf_changed":false,"om_disable_all_campaigns":false},"product_brand":[],"product_cat":[6688,14679,5949,5719,5951,7907,5945,5790,5947],"product_tag":[11827,11711,11698,11838,11750,11811,11784,11804,13699,11741,11817,11794,11733,11848,11723,11772,13705],"class_list":{"0":"post-159046","1":"product","2":"type-product","3":"status-publish","4":"has-post-thumbnail","6":"product_cat-bezpecnostni-prislusenstvi","7":"product_cat-bezpecnostni-sady-pro-namorni-dopravu","8":"product_cat-blizko-pobrezi","9":"product_cat-namorni","10":"product_cat-pobrezni","11":"product_cat-signalizacni-produkty","12":"product_cat-valecny","13":"product_cat-venkovni","14":"product_cat-vnitrozemi","15":"product_tag-cervena-svetlice","16":"product_tag-e-vzplanuti","17":"product_tag-elektronicka-svetlice","18":"product_tag-kourova-svetlice","19":"product_tag-led-nouzova-svetlice","20":"product_tag-led-svetlice","21":"product_tag-lodni-svetlice","22":"product_tag-namorni-svetlice","23":"product_tag-nouzove-svetlice","24":"product_tag-nouzovy-svetlice","25":"product_tag-rucni-svetlice","26":"product_tag-signalni-svetlice","27":"product_tag-svetlice-cs","28":"product_tag-svetlice-cs-2","29":"product_tag-svetlice","30":"product_tag-svetlice-na-lodi","31":"product_tag-vzplanuti-v-oriu","33":"first","34":"instock","35":"taxable","36":"shipping-taxable","37":"purchasable","38":"product-type-simple"},"acf":[],"_links":{"self":[{"href":"https:\/\/www.acrartex.com\/cs\/wp-json\/wp\/v2\/product\/159046","targetHints":{"allow":["GET"]}}],"collection":[{"href":"https:\/\/www.acrartex.com\/cs\/wp-json\/wp\/v2\/product"}],"about":[{"href":"https:\/\/www.acrartex.com\/cs\/wp-json\/wp\/v2\/types\/product"}],"wp:featuredmedia":[{"embeddable":true,"href":"https:\/\/www.acrartex.com\/cs\/wp-json\/wp\/v2\/media\/165551"}],"wp:attachment":[{"href":"https:\/\/www.acrartex.com\/cs\/wp-json\/wp\/v2\/media?parent=159046"}],"wp:term":[{"taxonomy":"product_brand","embeddable":true,"href":"https:\/\/www.acrartex.com\/cs\/wp-json\/wp\/v2\/product_brand?post=159046"},{"taxonomy":"product_cat","embeddable":true,"href":"https:\/\/www.acrartex.com\/cs\/wp-json\/wp\/v2\/product_cat?post=159046"},{"taxonomy":"product_tag","embeddable":true,"href":"https:\/\/www.acrartex.com\/cs\/wp-json\/wp\/v2\/product_tag?post=159046"}],"curies":[{"name":"wp","href":"https:\/\/api.w.org\/{rel}","templated":true}]}}